{"id":1486,"date":"2015-10-14T10:43:21","date_gmt":"2015-10-14T09:43:21","guid":{"rendered":"http:\/\/www.penichette.com\/?page_id=1486"},"modified":"2024-06-18T10:27:14","modified_gmt":"2024-06-18T09:27:14","slug":"cahors","status":"publish","type":"page","link":"https:\/\/www.penichette.com\/de\/abfahrtshafen\/frankreich\/cahors\/","title":{"rendered":"Cahors"},"content":{"rendered":"<div class=\"wpb-content-wrapper\">[vc_row][vc_column][vc_column_text css=&#8220;.vc_custom_1616430258127{margin-bottom: 0px !important;}&#8220;]\n<h3><strong>Abfahrtshafen<\/strong><\/h3>\n<p><em>Entdecken Sie alle Informationen und hilfreiche Tipps zu Ihrer Abfahrtsbasis<\/em>[\/vc_column_text][\/vc_column][\/vc_row][vc_row fullwidth=&#8220;true&#8220; fullwidth_content=&#8220;false&#8220;][vc_column][pen_departure_filter][\/vc_column][\/vc_row][vc_section el_id=&#8220;direction-formalities&#8220; css=&#8220;.vc_custom_1601285129565{border-radius: 2px !important;}&#8220;][vc_row css=&#8220;.vc_custom_1601283567019{border-radius: 2px !important;}&#8220;][vc_column][mk_fancy_title font_family=&#8220;none&#8220; el_class=&#8220;base_content_title&#8220;]Anschrift[\/mk_fancy_title][\/vc_column][\/vc_row][vc_row][vc_column][vc_row_inner][vc_column_inner width=&#8220;1\/2&#8243;][vc_column_text css=&#8220;.vc_custom_1718702829746{margin-bottom: 0px !important;}&#8220;]<iframe loading=\"lazy\" style=\"border: 0;\" src=\"https:\/\/www.google.com\/maps\/embed?pb=!1m18!1m12!1m3!1d2847.949763604767!2d1.4256562897911278!3d44.45470132565529!2m3!1f0!2f0!3f0!3m2!1i1024!2i768!4f13.1!3m3!1m2!1s0x12ac89f8d99da365%3A0x94657c77c827791a!2sLocation%20bateau%20Lot%20-%20Locaboat%20Holidays%20Cahors!5e0!3m2!1sfr!2sfr!4v1718702756339!5m2!1sfr!2sfr\" width=\"100%\" height=\"350\" frameborder=\"0\" allowfullscreen=\"allowfullscreen\"><\/iframe>[\/vc_column_text][\/vc_column_inner][vc_column_inner width=&#8220;1\/2&#8243;][vc_column_text css=&#8220;.vc_custom_1601222878086{margin-bottom: 0px !important;}&#8220;]<strong>Locaboat Holidays<\/strong><br \/>\nBabou Marine<br \/>\nChemin de Saint-Mary, FR 46000 Cahors<\/p>\n<p><abbr title=\"Email\"><span class=\"base-msg-icon\">\u2709<\/span>:<\/abbr>\u00a0\u00a0babou.marine@wanadoo.fr<br \/>\n<abbr title=\"Tel\">T:<\/abbr> + 33 (0) 5 65 30 08 99<br \/>\n<abbr title=\"Fax\">F:<\/abbr> + 33 (0) 5 65 23 92 59<br \/>\n<abbr title=\"GPS\">G:<\/abbr> N 44\u00b0 27&#8242; 11.7864&#8243; E 1\u00b0 26&#8242; 12.5484&#8243;\u00a0[\/vc_column_text][\/vc_column_inner][\/vc_row_inner][vc_row_inner][vc_column_inner][vc_column_text css=&#8220;.vc_custom_1667924540561{margin-bottom: 0px !important;}&#8220;]\n<table style=\"border: 0pt solid #0e84f0;\" border=\"0\" frame=\"vsides\" cellspacing=\"0\" cellpadding=\"5\" align=\"left\">\n<tbody>\n<tr>\n<td style=\"margin-bottom: 20px;\" align=\"left\" valign=\"top\" width=\"450\"><strong>Empfang &amp; Formalit\u00e4ten:<\/strong><\/p>\n<p>Am Abfahrtstag zwischen 14 und 18 Uhr.<\/td>\n<td style=\"margin-bottom: 20px;\" align=\"left\" valign=\"top\" width=\"450\"><strong>\u00dcbernahme:<\/strong><\/p>\n<p>Ab 14 Uhr<\/td>\n<\/tr>\n<tr>\n<td style=\"margin-bottom: 20px;\" align=\"left\" valign=\"top\" width=\"450\"><strong>Vor Ort:<\/strong><\/p>\n<p>WCs und Duschen vorhanden.<\/td>\n<td style=\"margin-bottom: 20px;\" align=\"left\" valign=\"top\" width=\"450\"><\/td>\n<\/tr>\n<\/tbody>\n<\/table>\n[\/vc_column_text][\/vc_column_inner][\/vc_row_inner][\/vc_column][\/vc_row][\/vc_section][vc_section el_id=&#8220;how-to-get-base&#8220;][vc_row][vc_column][mk_fancy_title font_family=&#8220;none&#8220; el_class=&#8220;base_content_title&#8220;]So kommen Sie zum Liegehafen[\/mk_fancy_title][\/vc_column][\/vc_row][vc_row][vc_column][vc_column_text css=&#8220;.vc_custom_1672657688645{margin-bottom: 0px !important;}&#8220;]\n<table style=\"border: 0pt solid #0e84f0;\" border=\"0\" frame=\"vsides\" cellspacing=\"0\" cellpadding=\"5\" align=\"left\">\n<tbody>\n<tr>\n<td align=\"left\" valign=\"top\" width=\"450\"><strong><a class=\"anchor\" name=\"topic02\"><\/a>Anreise:<\/strong><\/p>\n<ul>\n<li>Mit dem Auto:Von Norden: A20- D829 Richtung Saint-Mary \u00e0 Cahors<br \/>\nVon Osten: A62-E72 Richtung Saint-Loup, D653 und D27 Richtung Saint-Mary \u00e0 Cahors<br \/>\nVon S\u00fcden: A62- der A62\/E72\/E9 folgen und A20\/L\u2019Occitane Richtung D800 in Fontanes Ausfahrt 58 \u2013 Weiter \u00fcber D800E Die D820, D620 nehmen und Richtung Chartreuse, Br\u00fccke &#8222;St\u00e9phane Hessel&#8220; in Cahors<\/li>\n<li>Mit dem Zug: Bahnhof Montauban (65km), Bahnhof Cahors (1km)<\/li>\n<li>Mit dem Flugzeug: Toulouse Blagnac (112km), Brive Vall\u00e9e de la Dordogne (87km)<\/li>\n<\/ul>\n<\/td>\n<td align=\"left\" valign=\"top\" width=\"450\"><strong>Parkplatz:<\/strong><\/p>\n<ul>\n<li>Abgeschlossen, unbewacht: kostenlos<\/li>\n<li>\u00dcberdacht, nachts unbewacht: 42\u20ac\/Woche.<\/li>\n<\/ul>\n<\/td>\n<\/tr>\n<tr>\n<td align=\"left\" valign=\"top\" width=\"450\"><strong>Autovermietung:<\/strong><\/p>\n<ul>\n<li><a href=\"http:\/\/www.europcar.fr\/DotcarClient\/step1.action?checkoutStation=ZAOC01&amp;checkinStation=ZAOC01&amp;checkoutCountry=FR&amp;checkinCountry=FR&amp;utm_source=google&amp;utm_medium=maps&amp;utm_campaign=ZAOC01\" target=\"_blank\" rel=\"noopener nofollow noreferrer\">Europcar<\/a> (512 Avenue Jean Jaur\u00e8s, 46000 Cahors)<br \/>\nTel. : +33 (0)5 65 22 35 55<\/li>\n<li><a href=\"http:\/\/www.avis.fr\/Locationvoiture\/Europe\/France\/Cahors\/Cahors-Gare\" target=\"_blank\" rel=\"noopener nofollow noreferrer\">Avis<\/a> (Gare Cahors, 46000 Cahors)<br \/>\nTel. : +33 (0)5 65 30 13 10<\/li>\n<\/ul>\n<\/td>\n<td align=\"left\" valign=\"top\" width=\"450\"><strong>Taxi:<\/strong><\/p>\n<ul>\n<li>Alex taxi +33 (0)6 03 02 19 78<\/li>\n<li>Taxi Baptiste +33 (0)6 74 88 62 08<\/li>\n<\/ul>\n<\/td>\n<\/tr>\n<tr>\n<td align=\"left\" valign=\"top\" width=\"450\"><\/td>\n<td align=\"left\" valign=\"top\" width=\"450\"><\/td>\n<\/tr>\n<\/tbody>\n<\/table>\n[\/vc_column_text][\/vc_column][\/vc_row][\/vc_section][vc_section el_id=&#8220;base-tourist&#8220;][vc_row][vc_column][mk_fancy_title font_family=&#8220;none&#8220; el_class=&#8220;base_content_title&#8220;]Unterk\u00fcnfte, Gastst\u00e4tten und Einkaufsm\u00f6glichkeiten vor Ort[\/mk_fancy_title][\/vc_column][\/vc_row][vc_row][vc_column][vc_column_text css=&#8220;.vc_custom_1667924749368{margin-bottom: 0px !important;}&#8220;]\n<table style=\"border: 0pt solid #0e84f0;\" border=\"0\" frame=\"vsides\" cellspacing=\"0\" cellpadding=\"5\" align=\"left\">\n<tbody>\n<tr>\n<td align=\"left\" valign=\"top\" width=\"450\"><strong><a class=\"anchor\" name=\"topic03\"><\/a>Hotels:<\/strong><\/p>\n<ul>\n<li><a href=\"http:\/\/www.balandre.com\/hotel_fr.html\" target=\"_blank\" rel=\"noopener nofollow noreferrer\">H\u00f4tel Terminus<\/a> t\u00e9l. : +33 (0)5 65 53 32 00<\/li>\n<li><a href=\"http:\/\/www.inter-hotel.com\/hotel\/midi-pyrenees\/cahors\/de-france-46000\" target=\"_blank\" rel=\"noopener nofollow noreferrer\">Inter-H\u00f4tel de France<\/a> t\u00e9l. : +33 (0)5 65 35 16 76<\/li>\n<li>La Chartreuse t\u00e9l. : +33 (0)5 65 35 17 37<\/li>\n<\/ul>\n<\/td>\n<td align=\"left\" valign=\"top\" width=\"450\"><strong>Restaurants:<\/strong><\/p>\n<ul>\n<li>Au fil des douceurs avenue Henri Breton (Am Fu\u00dfe der Br\u00fccke valentr\u00e9)<br \/>\n+33 (0)5 65 22 13 04<\/li>\n<li>Auberge du vieux Cahors in der Altstadt<br \/>\n+33 (0)5 65 35 06 05<\/li>\n<li>La Chartreuse t\u00e9l. : +33 (0)5 65 35 17 37<\/li>\n<\/ul>\n<\/td>\n<\/tr>\n<tr>\n<td align=\"left\" valign=\"top\" width=\"450\"><\/td>\n<td align=\"left\" valign=\"top\" width=\"450\"><\/td>\n<\/tr>\n<tr>\n<td align=\"left\" valign=\"top\" width=\"450\"><strong>Gesch\u00e4fte:<\/strong><\/p>\n<ul>\n<li>3 Superm\u00e4rkte (1km), B\u00e4cker (500m), Apotheke (300m)<\/li>\n<\/ul>\n<\/td>\n<\/tr>\n<\/tbody>\n<\/table>\n[\/vc_column_text][\/vc_column][\/vc_row][\/vc_section][vc_section el_id=&#8220;base-tourist&#8220;][vc_row][vc_column][mk_fancy_title font_family=&#8220;none&#8220; el_class=&#8220;base_content_title&#8220;]Touristische Informationen[\/mk_fancy_title][\/vc_column][\/vc_row][vc_row][vc_column][vc_column_text css=&#8220;.vc_custom_1617884290590{margin-bottom: 0px !important;}&#8220;]\n<table style=\"border: 0pt solid #0e84f0;\" border=\"0\" frame=\"vsides\" cellspacing=\"0\" cellpadding=\"5\" align=\"left\">\n<tbody>\n<tr>\n<td align=\"left\" valign=\"top\" width=\"450\"><strong><a class=\"anchor\" name=\"topic04\"><\/a>Gastronomische Spezialit\u00e4ten:<\/strong><\/p>\n<ul>\n<li>Stopfleber, Entenbrust, Confit, schwarze Tr\u00fcffel<\/li>\n<\/ul>\n<\/td>\n<td align=\"left\" valign=\"top\" width=\"450\"><strong>Getr\u00e4nke aus der Region:<\/strong><\/p>\n<ul>\n<li>Der Wein von Cahors<\/li>\n<\/ul>\n<\/td>\n<\/tr>\n<tr>\n<td align=\"left\" valign=\"top\" width=\"450\"><strong><strong>Sehensw\u00fcrdigkeiten:<\/strong><\/strong><\/p>\n<ul>\n<li>Valentr\u00e9 Br\u00fccke, Die Altstadt, geheimen G\u00e4rten<\/li>\n<\/ul>\n<\/td>\n<td align=\"left\" valign=\"top\" width=\"450\"><strong>Angeln:<\/strong><\/p>\n<ul>\n<li>Alle Fische der S\u00fc\u00dfwasser Gew\u00e4sser sind vertreten: Karpfen, Hecht, Zander, Forelle, Barsch, etc\u2026<\/li>\n<li>Erforderliche Angelkarten m\u00fcssen im Internet vorab bestellt werden: <a class=\"txt-vert\" href=\"http:\/\/de.cartedepeche.fr\/\" rel=\"noopener nofollow noreferrer\">cartedepeche.fr<\/a><span class=\"txt-vert\">\u00a0<\/span>(auch auf Deutsch)<\/li>\n<\/ul>\n<\/td>\n<\/tr>\n<tr>\n<td align=\"left\" valign=\"top\" width=\"450\"><strong>Tourismusb\u00fcro:<\/strong><\/p>\n<ul>\n<li>Place Fran\u00e7ois- Mitterand, Villa Cahors<br \/>\nTel. : + 33 (0) 65 53 20 65<\/li>\n<\/ul>\n<\/td>\n<td align=\"left\" valign=\"top\" width=\"450\"><strong>\u00a0<\/strong><\/td>\n<\/tr>\n<\/tbody>\n<\/table>\n[\/vc_column_text][\/vc_column][\/vc_row][\/vc_section][vc_section el_id=&#8220;base-waterways&#8220;][vc_row][vc_column][mk_fancy_title font_family=&#8220;none&#8220; el_class=&#8220;base_content_title&#8220;]Informationen zu den Wasserstra\u00dfen[\/mk_fancy_title][\/vc_column][\/vc_row][vc_row][vc_column][vc_column_text css=&#8220;.vc_custom_1601263733200{margin-bottom: 0px !important;}&#8220;]\n<table style=\"border: 0pt solid #0e84f0;\" border=\"0\" frame=\"vsides\" cellspacing=\"0\" cellpadding=\"5\" align=\"left\">\n<tbody>\n<tr>\n<td align=\"left\" valign=\"top\" width=\"800\"><strong><a class=\"anchor\" name=\"topic05\"><\/a>Wasserstra\u00dfen:<\/strong><\/td>\n<\/tr>\n<tr>\n<td align=\"left\" valign=\"top\" width=\"800\">Alle Schleusen auf dem Fluss sind manuell au\u00dfer eine elektrische ( Coty in Cahors). Die Fahrt ist von Sonnenaufgang bis Sonnenuntergang m\u00f6glich, die Schleusen sind immer ge\u00f6ffnet, selbst an Feiertagen.<\/td>\n<\/tr>\n<\/tbody>\n<\/table>\n[\/vc_column_text][\/vc_column][\/vc_row][\/vc_section]\n<\/div>","protected":false},"excerpt":{"rendered":"<p>[vc_row][vc_column][vc_column_text css=&#8220;.vc_custom_1616430258127{margin-bottom: 0px !important;}&#8220;] Abfahrtshafen Entdecken Sie alle Informationen und hilfreiche Tipps zu Ihrer Abfahrtsbasis[\/vc_column_text][\/vc_column][\/vc_row][vc_row fullwidth=&#8220;true&#8220; fullwidth_content=&#8220;false&#8220;][vc_column][pen_departure_filter][\/vc_column][\/vc_row][vc_section el_id=&#8220;direction-formalities&#8220; css=&#8220;.vc_custom_1601285129565{border-radius: 2px !important;}&#8220;][vc_row css=&#8220;.vc_custom_1601283567019{border-radius: 2px !important;}&#8220;][vc_column][mk_fancy_title font_family=&#8220;none&#8220; el_class=&#8220;base_content_title&#8220;]Anschrift[\/mk_fancy_title][\/vc_column][\/vc_row][vc_row][vc_column][vc_row_inner][vc_column_inner width=&#8220;1\/2&#8243;][vc_column_text css=&#8220;.vc_custom_1718702829746{margin-bottom: 0px !important;}&#8220;][\/vc_column_text][\/vc_column_inner][vc_column_inner width=&#8220;1\/2&#8243;][vc_column_text css=&#8220;.vc_custom_1601222878086{margin-bottom: 0px !important;}&#8220;]Locaboat Holidays Babou Marine Chemin de Saint-Mary, FR 46000 Cahors \u2709:\u00a0\u00a0babou.marine@wanadoo.fr T: + 33 (0) 5 65 30 08 99 F: + [&hellip;]<\/p>\n","protected":false},"author":4,"featured_media":178,"parent":348,"menu_order":0,"comment_status":"open","ping_status":"open","template":"template-departure-base.php","meta":{"footnotes":""},"class_list":["post-1486","page","type-page","status-publish","has-post-thumbnail","hentry"],"yoast_head":"<!-- This site is optimized with the Yoast SEO plugin v25.5 - https:\/\/yoast.com\/wordpress\/plugins\/seo\/ -->\n<title>Cahors -<\/title>\n<meta name=\"robots\" content=\"index, follow, max-snippet:-1, max-image-preview:large, max-video-preview:-1\" \/>\n<link rel=\"canonical\" href=\"https:\/\/www.penichette.com\/de\/abfahrtshafen\/frankreich\/cahors\/\" \/>\n<meta property=\"og:locale\" content=\"de_DE\" \/>\n<meta property=\"og:type\" content=\"article\" \/>\n<meta property=\"og:title\" content=\"Cahors -\" \/>\n<meta property=\"og:description\" content=\"[vc_row][vc_column][vc_column_text css=&#8220;.vc_custom_1616430258127{margin-bottom: 0px !important;}&#8220;] Abfahrtshafen Entdecken Sie alle Informationen und hilfreiche Tipps zu Ihrer Abfahrtsbasis[\/vc_column_text][\/vc_column][\/vc_row][vc_row fullwidth=&#8220;true&#8220; fullwidth_content=&#8220;false&#8220;][vc_column][pen_departure_filter][\/vc_column][\/vc_row][vc_section el_id=&#8220;direction-formalities&#8220; css=&#8220;.vc_custom_1601285129565{border-radius: 2px !important;}&#8220;][vc_row css=&#8220;.vc_custom_1601283567019{border-radius: 2px !important;}&#8220;][vc_column][mk_fancy_title font_family=&#8220;none&#8220; el_class=&#8220;base_content_title&#8220;]Anschrift[\/mk_fancy_title][\/vc_column][\/vc_row][vc_row][vc_column][vc_row_inner][vc_column_inner width=&#8220;1\/2&#8243;][vc_column_text css=&#8220;.vc_custom_1718702829746{margin-bottom: 0px !important;}&#8220;][\/vc_column_text][\/vc_column_inner][vc_column_inner width=&#8220;1\/2&#8243;][vc_column_text css=&#8220;.vc_custom_1601222878086{margin-bottom: 0px !important;}&#8220;]Locaboat Holidays Babou Marine Chemin de Saint-Mary, FR 46000 Cahors \u2709:\u00a0\u00a0babou.marine@wanadoo.fr T: + 33 (0) 5 65 30 08 99 F: + [&hellip;]\" \/>\n<meta property=\"og:url\" content=\"https:\/\/www.penichette.com\/de\/abfahrtshafen\/frankreich\/cahors\/\" \/>\n<meta property=\"og:site_name\" content=\"Penichette.com\" \/>\n<meta property=\"article:modified_time\" content=\"2024-06-18T09:27:14+00:00\" \/>\n<meta property=\"og:image\" content=\"https:\/\/www.penichette.com\/wp-content\/uploads\/2014\/12\/photo-base-de-depart1.jpg\" \/>\n\t<meta property=\"og:image:width\" content=\"980\" \/>\n\t<meta property=\"og:image:height\" content=\"500\" \/>\n\t<meta property=\"og:image:type\" content=\"image\/jpeg\" \/>\n<meta name=\"twitter:card\" content=\"summary_large_image\" \/>\n<meta name=\"twitter:label1\" content=\"Gesch\u00e4tzte Lesezeit\" \/>\n\t<meta name=\"twitter:data1\" content=\"3\u00a0Minuten\" \/>\n<script type=\"application\/ld+json\" class=\"yoast-schema-graph\">{\"@context\":\"https:\/\/schema.org\",\"@graph\":[{\"@type\":\"WebPage\",\"@id\":\"https:\/\/www.penichette.com\/de\/abfahrtshafen\/frankreich\/cahors\/\",\"url\":\"https:\/\/www.penichette.com\/de\/abfahrtshafen\/frankreich\/cahors\/\",\"name\":\"Cahors -\",\"isPartOf\":{\"@id\":\"https:\/\/www.penichette.com\/#website\"},\"primaryImageOfPage\":{\"@id\":\"https:\/\/www.penichette.com\/de\/abfahrtshafen\/frankreich\/cahors\/#primaryimage\"},\"image\":{\"@id\":\"https:\/\/www.penichette.com\/de\/abfahrtshafen\/frankreich\/cahors\/#primaryimage\"},\"thumbnailUrl\":\"https:\/\/www.penichette.com\/wp-content\/uploads\/2014\/12\/photo-base-de-depart1.jpg\",\"datePublished\":\"2015-10-14T09:43:21+00:00\",\"dateModified\":\"2024-06-18T09:27:14+00:00\",\"breadcrumb\":{\"@id\":\"https:\/\/www.penichette.com\/de\/abfahrtshafen\/frankreich\/cahors\/#breadcrumb\"},\"inLanguage\":\"de\",\"potentialAction\":[{\"@type\":\"ReadAction\",\"target\":[\"https:\/\/www.penichette.com\/de\/abfahrtshafen\/frankreich\/cahors\/\"]}]},{\"@type\":\"ImageObject\",\"inLanguage\":\"de\",\"@id\":\"https:\/\/www.penichette.com\/de\/abfahrtshafen\/frankreich\/cahors\/#primaryimage\",\"url\":\"https:\/\/www.penichette.com\/wp-content\/uploads\/2014\/12\/photo-base-de-depart1.jpg\",\"contentUrl\":\"https:\/\/www.penichette.com\/wp-content\/uploads\/2014\/12\/photo-base-de-depart1.jpg\",\"width\":980,\"height\":500},{\"@type\":\"BreadcrumbList\",\"@id\":\"https:\/\/www.penichette.com\/de\/abfahrtshafen\/frankreich\/cahors\/#breadcrumb\",\"itemListElement\":[{\"@type\":\"ListItem\",\"position\":1,\"name\":\"Zuhause\",\"item\":\"https:\/\/www.penichette.com\/de\/\"},{\"@type\":\"ListItem\",\"position\":2,\"name\":\"Abfahrtshafen\",\"item\":\"https:\/\/www.penichette.com\/de\/abfahrtshafen\/\"},{\"@type\":\"ListItem\",\"position\":3,\"name\":\"Frankreich\",\"item\":\"https:\/\/www.penichette.com\/de\/abfahrtshafen\/frankreich\/\"},{\"@type\":\"ListItem\",\"position\":4,\"name\":\"Cahors\"}]},{\"@type\":\"WebSite\",\"@id\":\"https:\/\/www.penichette.com\/#website\",\"url\":\"https:\/\/www.penichette.com\/\",\"name\":\"Penichette.com\",\"description\":\"\",\"potentialAction\":[{\"@type\":\"SearchAction\",\"target\":{\"@type\":\"EntryPoint\",\"urlTemplate\":\"https:\/\/www.penichette.com\/?s={search_term_string}\"},\"query-input\":{\"@type\":\"PropertyValueSpecification\",\"valueRequired\":true,\"valueName\":\"search_term_string\"}}],\"inLanguage\":\"de\"}]}<\/script>\n<!-- \/ Yoast SEO plugin. -->","yoast_head_json":{"title":"Cahors -","robots":{"index":"index","follow":"follow","max-snippet":"max-snippet:-1","max-image-preview":"max-image-preview:large","max-video-preview":"max-video-preview:-1"},"canonical":"https:\/\/www.penichette.com\/de\/abfahrtshafen\/frankreich\/cahors\/","og_locale":"de_DE","og_type":"article","og_title":"Cahors -","og_description":"[vc_row][vc_column][vc_column_text css=&#8220;.vc_custom_1616430258127{margin-bottom: 0px !important;}&#8220;] Abfahrtshafen Entdecken Sie alle Informationen und hilfreiche Tipps zu Ihrer Abfahrtsbasis[\/vc_column_text][\/vc_column][\/vc_row][vc_row fullwidth=&#8220;true&#8220; fullwidth_content=&#8220;false&#8220;][vc_column][pen_departure_filter][\/vc_column][\/vc_row][vc_section el_id=&#8220;direction-formalities&#8220; css=&#8220;.vc_custom_1601285129565{border-radius: 2px !important;}&#8220;][vc_row css=&#8220;.vc_custom_1601283567019{border-radius: 2px !important;}&#8220;][vc_column][mk_fancy_title font_family=&#8220;none&#8220; el_class=&#8220;base_content_title&#8220;]Anschrift[\/mk_fancy_title][\/vc_column][\/vc_row][vc_row][vc_column][vc_row_inner][vc_column_inner width=&#8220;1\/2&#8243;][vc_column_text css=&#8220;.vc_custom_1718702829746{margin-bottom: 0px !important;}&#8220;][\/vc_column_text][\/vc_column_inner][vc_column_inner width=&#8220;1\/2&#8243;][vc_column_text css=&#8220;.vc_custom_1601222878086{margin-bottom: 0px !important;}&#8220;]Locaboat Holidays Babou Marine Chemin de Saint-Mary, FR 46000 Cahors \u2709:\u00a0\u00a0babou.marine@wanadoo.fr T: + 33 (0) 5 65 30 08 99 F: + [&hellip;]","og_url":"https:\/\/www.penichette.com\/de\/abfahrtshafen\/frankreich\/cahors\/","og_site_name":"Penichette.com","article_modified_time":"2024-06-18T09:27:14+00:00","og_image":[{"width":980,"height":500,"url":"https:\/\/www.penichette.com\/wp-content\/uploads\/2014\/12\/photo-base-de-depart1.jpg","type":"image\/jpeg"}],"twitter_card":"summary_large_image","twitter_misc":{"Gesch\u00e4tzte Lesezeit":"3\u00a0Minuten"},"schema":{"@context":"https:\/\/schema.org","@graph":[{"@type":"WebPage","@id":"https:\/\/www.penichette.com\/de\/abfahrtshafen\/frankreich\/cahors\/","url":"https:\/\/www.penichette.com\/de\/abfahrtshafen\/frankreich\/cahors\/","name":"Cahors -","isPartOf":{"@id":"https:\/\/www.penichette.com\/#website"},"primaryImageOfPage":{"@id":"https:\/\/www.penichette.com\/de\/abfahrtshafen\/frankreich\/cahors\/#primaryimage"},"image":{"@id":"https:\/\/www.penichette.com\/de\/abfahrtshafen\/frankreich\/cahors\/#primaryimage"},"thumbnailUrl":"https:\/\/www.penichette.com\/wp-content\/uploads\/2014\/12\/photo-base-de-depart1.jpg","datePublished":"2015-10-14T09:43:21+00:00","dateModified":"2024-06-18T09:27:14+00:00","breadcrumb":{"@id":"https:\/\/www.penichette.com\/de\/abfahrtshafen\/frankreich\/cahors\/#breadcrumb"},"inLanguage":"de","potentialAction":[{"@type":"ReadAction","target":["https:\/\/www.penichette.com\/de\/abfahrtshafen\/frankreich\/cahors\/"]}]},{"@type":"ImageObject","inLanguage":"de","@id":"https:\/\/www.penichette.com\/de\/abfahrtshafen\/frankreich\/cahors\/#primaryimage","url":"https:\/\/www.penichette.com\/wp-content\/uploads\/2014\/12\/photo-base-de-depart1.jpg","contentUrl":"https:\/\/www.penichette.com\/wp-content\/uploads\/2014\/12\/photo-base-de-depart1.jpg","width":980,"height":500},{"@type":"BreadcrumbList","@id":"https:\/\/www.penichette.com\/de\/abfahrtshafen\/frankreich\/cahors\/#breadcrumb","itemListElement":[{"@type":"ListItem","position":1,"name":"Zuhause","item":"https:\/\/www.penichette.com\/de\/"},{"@type":"ListItem","position":2,"name":"Abfahrtshafen","item":"https:\/\/www.penichette.com\/de\/abfahrtshafen\/"},{"@type":"ListItem","position":3,"name":"Frankreich","item":"https:\/\/www.penichette.com\/de\/abfahrtshafen\/frankreich\/"},{"@type":"ListItem","position":4,"name":"Cahors"}]},{"@type":"WebSite","@id":"https:\/\/www.penichette.com\/#website","url":"https:\/\/www.penichette.com\/","name":"Penichette.com","description":"","potentialAction":[{"@type":"SearchAction","target":{"@type":"EntryPoint","urlTemplate":"https:\/\/www.penichette.com\/?s={search_term_string}"},"query-input":{"@type":"PropertyValueSpecification","valueRequired":true,"valueName":"search_term_string"}}],"inLanguage":"de"}]}},"_links":{"self":[{"href":"https:\/\/www.penichette.com\/de\/wp-json\/wp\/v2\/pages\/1486","targetHints":{"allow":["GET"]}}],"collection":[{"href":"https:\/\/www.penichette.com\/de\/wp-json\/wp\/v2\/pages"}],"about":[{"href":"https:\/\/www.penichette.com\/de\/wp-json\/wp\/v2\/types\/page"}],"author":[{"embeddable":true,"href":"https:\/\/www.penichette.com\/de\/wp-json\/wp\/v2\/users\/4"}],"replies":[{"embeddable":true,"href":"https:\/\/www.penichette.com\/de\/wp-json\/wp\/v2\/comments?post=1486"}],"version-history":[{"count":19,"href":"https:\/\/www.penichette.com\/de\/wp-json\/wp\/v2\/pages\/1486\/revisions"}],"predecessor-version":[{"id":6447,"href":"https:\/\/www.penichette.com\/de\/wp-json\/wp\/v2\/pages\/1486\/revisions\/6447"}],"up":[{"embeddable":true,"href":"https:\/\/www.penichette.com\/de\/wp-json\/wp\/v2\/pages\/348"}],"wp:featuredmedia":[{"embeddable":true,"href":"https:\/\/www.penichette.com\/de\/wp-json\/wp\/v2\/media\/178"}],"wp:attachment":[{"href":"https:\/\/www.penichette.com\/de\/wp-json\/wp\/v2\/media?parent=1486"}],"curies":[{"name":"wp","href":"https:\/\/api.w.org\/{rel}","templated":true}]}}