{"id":2446,"date":"2018-08-10T14:11:50","date_gmt":"2018-08-10T13:11:50","guid":{"rendered":"http:\/\/www.penichette.com\/?page_id=2446"},"modified":"2023-01-02T12:51:44","modified_gmt":"2023-01-02T11:51:44","slug":"carrick-on-shannon","status":"publish","type":"page","link":"https:\/\/www.penichette.com\/de\/abfahrtshafen\/irland\/carrick-on-shannon\/","title":{"rendered":"Carrick-on-Shannon"},"content":{"rendered":"<div class=\"wpb-content-wrapper\">[vc_row][vc_column][vc_column_text css=&#8220;.vc_custom_1616430471621{margin-bottom: 0px !important;}&#8220;]\n<h3><strong>Abfahrtshafen<\/strong><\/h3>\n<p><em>Entdecken Sie alle Informationen und hilfreiche Tipps zu Ihrer Abfahrtsbasis<\/em>[\/vc_column_text][\/vc_column][\/vc_row][vc_row fullwidth=&#8220;true&#8220; fullwidth_content=&#8220;false&#8220;][vc_column][pen_departure_filter][\/vc_column][\/vc_row][vc_section el_id=&#8220;direction-formalities&#8220; css=&#8220;.vc_custom_1601285129565{border-radius: 2px !important;}&#8220;][vc_row css=&#8220;.vc_custom_1601283567019{border-radius: 2px !important;}&#8220;][vc_column][mk_fancy_title font_family=&#8220;none&#8220; el_class=&#8220;base_content_title&#8220;]Anschrift[\/mk_fancy_title][\/vc_column][\/vc_row][vc_row][vc_column][vc_row_inner][vc_column_inner width=&#8220;1\/2&#8243;][vc_column_text css=&#8220;.vc_custom_1601282488530{margin-bottom: 0px !important;}&#8220;]<iframe loading=\"lazy\" style=\"border: 0;\" src=\"https:\/\/www.google.com\/maps\/embed?pb=!1m18!1m12!1m3!1d2348.314822481063!2d-8.101012648497809!3d53.94391573738563!2m3!1f0!2f0!3f0!3m2!1i1024!2i768!4f13.1!3m3!1m2!1s0x485c49e6588d0405%3A0xc0726661f7b7610d!2sCarrickcraft!5e0!3m2!1sfr!2sfr!4v1533905803319\" width=\"100%\" height=\"350\" frameborder=\"0\" allowfullscreen=\"allowfullscreen\"><\/iframe>[\/vc_column_text][\/vc_column_inner][vc_column_inner width=&#8220;1\/2&#8243;][vc_column_text css=&#8220;.vc_custom_1613474937817{margin-bottom: 0px !important;}&#8220;]<strong>Locaboat Holidays<\/strong><br \/>\nThe Marina St George\u2019s Terrace,<br \/>\nCarrick-On-Shannon, Co. Leitrim, N41 XA00,<br \/>\nIrland\u00a0<i class=\"icon-info-sign\"><\/i><\/p>\n<p><abbr title=\"Email\"><span class=\"base-msg-icon\">\u2709<\/span>:<\/abbr>\u00a0\u00a0carrick@carrickcraft.com<br \/>\n<abbr title=\"Tel\">T:<\/abbr>\u00a0+353 (0) 7196 20236<br \/>\n<abbr title=\"GPS\">G:<\/abbr>\u00a0N 53\u00b0 56\u2032 38.085\u2033 ; W 8\u00b0 5\u2032 55.762\u2033[\/vc_column_text][\/vc_column_inner][\/vc_row_inner][vc_row_inner][vc_column_inner][vc_column_text css=&#8220;.vc_custom_1613474946096{margin-bottom: 0px !important;}&#8220;]\n<table style=\"border: 0pt solid #0e84f0;\" border=\"0\" frame=\"vsides\" cellspacing=\"0\" cellpadding=\"5\" align=\"left\">\n<tbody>\n<tr>\n<td style=\"margin-bottom: 20px;\" align=\"left\" valign=\"top\" width=\"450\"><strong>Empfang &amp; Formalit\u00e4ten:<\/strong><\/p>\n<p>An den Abfahrtstagen zwischen 14 und 18 Uhr.<\/td>\n<td style=\"margin-bottom: 20px;\" align=\"left\" valign=\"top\" width=\"450\"><strong>\u00dcbernahme:<\/strong><\/p>\n<p>Das Boot wird \u00fcbergeben, sobald es fertig ist.<\/td>\n<\/tr>\n<\/tbody>\n<\/table>\n[\/vc_column_text][\/vc_column_inner][\/vc_row_inner][\/vc_column][\/vc_row][\/vc_section][vc_section el_id=&#8220;how-to-get-base&#8220;][vc_row][vc_column][mk_fancy_title font_family=&#8220;none&#8220; el_class=&#8220;base_content_title&#8220;]So kommen Sie zum Liegehafen[\/mk_fancy_title][\/vc_column][\/vc_row][vc_row][vc_column][vc_column_text css=&#8220;.vc_custom_1672660301335{margin-bottom: 0px !important;}&#8220;]\n<table style=\"border: 0pt solid #0e84f0;\" border=\"0\" frame=\"vsides\" cellspacing=\"0\" cellpadding=\"5\" align=\"left\">\n<tbody>\n<tr>\n<td align=\"left\" valign=\"top\" width=\"450\"><strong><a class=\"anchor\" name=\"topic02\"><\/a>Anreise:<\/strong><\/p>\n<ul>\n<li>Flughafen Dublin (160 km)<\/li>\n<li>Flughafen Shannon (180 km)<\/li>\n<li>Bus <a href=\"http:\/\/www.buseireann.ie\" target=\"_blank\" rel=\"noopener nofollow noreferrer\">buseireann.ie<\/a>. Auf der Website k\u00f6nnen Sie die Preise und Abfahrtszeiten einsehen<\/li>\n<\/ul>\n<\/td>\n<td align=\"left\" valign=\"top\" width=\"450\"><strong>Parkplatz:\u00a0<\/strong><\/p>\n<ul>\n<li>Nicht umz\u00e4unt, unbewacht : kostenlos.<\/li>\n<\/ul>\n<\/td>\n<\/tr>\n<tr>\n<td align=\"left\" valign=\"top\" width=\"450\"><strong>Autovermietung:<\/strong><\/p>\n<ul>\n<li>Europcar (Flughafen Dublin, 150 km) \u2013 Tel. : +353 (0)1 812 2800<\/li>\n<li>Sixt (Flughafen Dublin 150 km) \u2013 Tel. : +353 (0)1 812 0410<\/li>\n<\/ul>\n<\/td>\n<td align=\"left\" valign=\"top\" width=\"450\"><strong>Taxi:<\/strong><\/p>\n<ul>\n<li>Sean Robbins (Taxi \/ Minibus) &#8211; Tel.: +353 (0)87 2610561<\/li>\n<\/ul>\n<\/td>\n<\/tr>\n<tr>\n<td align=\"left\" valign=\"top\" width=\"450\"><\/td>\n<td align=\"left\" valign=\"top\" width=\"450\"><\/td>\n<\/tr>\n<\/tbody>\n<\/table>\n[\/vc_column_text][\/vc_column][\/vc_row][\/vc_section][vc_section el_id=&#8220;base-tourist&#8220;][vc_row][vc_column][mk_fancy_title font_family=&#8220;none&#8220; el_class=&#8220;base_content_title&#8220;]Unterk\u00fcnfte, Gastst\u00e4tten und Einkaufsm\u00f6glichkeiten vor Ort[\/mk_fancy_title][\/vc_column][\/vc_row][vc_row][vc_column][vc_column_text css=&#8220;.vc_custom_1613475050285{margin-bottom: 0px !important;}&#8220;]\n<table style=\"border: 0pt solid #0e84f0;\" border=\"0\" frame=\"vsides\" cellspacing=\"0\" cellpadding=\"5\" align=\"left\">\n<tbody>\n<tr>\n<td align=\"left\" valign=\"top\" width=\"450\"><strong><a class=\"anchor\" name=\"topic03\"><\/a>Gesch\u00e4fte:<\/strong><\/p>\n<ul>\n<li>Supermarkt SuperValu &#8211; Glancy&#8217;s t\u00e4glich ge\u00f6ffnet von 8 Uhr \u2013 21 Uhr (1,5 km)<\/li>\n<li>Supermarkt Lidl ge\u00f6ffnet von Montag bis Samstag von 8 Uhr \u2013 22 Uhr, bis 21 Uhr am Sonntag(1,5km)<\/li>\n<\/ul>\n<\/td>\n<td align=\"left\" valign=\"top\" width=\"450\"><strong>Restaurants:<\/strong><\/p>\n<ul>\n<li>The Oarsman Restaurant and Bar Tel +353 (0)71 962 1733<\/li>\n<li>Vitto&#8217;s Restaurant Tel +353 (0)71 962 7000<\/li>\n<li>Glancy&#8217;s Pub 7\/7\u00a0 Tel +353 (0)71 962 0110 (mit musikalischer Begleitung am Wochenende) Shamrat\u00a0\u00a0 Tel +353 (0)71 965 0934.<\/li>\n<li>Anderson\u2019s Thatch Pub (mittwochs, freitags und samstags mit musikalischer Begleitung) + 353 (0)87 2283288<\/li>\n<\/ul>\n<\/td>\n<\/tr>\n<tr>\n<td align=\"left\" valign=\"top\" width=\"450\"><strong>Hotels:<\/strong><\/p>\n<ul>\n<li>The Landmark Hotel**** &#8211; Tel +353 (0)71 962 2222 &#8211; www.thelandmarkhotel.com<\/li>\n<li>The Bush Hotel*** \u00a0\u00a0\u00a0\u00a0Tel +353 (0)71 962 0014\u00a0\u00a0\u00a0\u00a0\u00a0 bushhotel.com<\/li>\n<li>Cryan&#8217;s Hotel &#8211; Tel +353 (0)71 967 2066 cryanshotel.ie<\/li>\n<\/ul>\n<\/td>\n<\/tr>\n<\/tbody>\n<\/table>\n[\/vc_column_text][\/vc_column][\/vc_row][\/vc_section][vc_section el_id=&#8220;base-tourist&#8220;][vc_row][vc_column][mk_fancy_title font_family=&#8220;none&#8220; el_class=&#8220;base_content_title&#8220;]Touristische Informationen[\/mk_fancy_title][\/vc_column][\/vc_row][vc_row][vc_column][vc_column_text css=&#8220;.vc_custom_1613475059773{margin-bottom: 0px !important;}&#8220;]\n<table style=\"border: 0pt solid #0e84f0;\" border=\"0\" frame=\"vsides\" cellspacing=\"0\" cellpadding=\"5\" align=\"left\">\n<tbody>\n<tr>\n<td align=\"left\" valign=\"top\" width=\"450\"><strong><a class=\"anchor\" name=\"topic04\"><\/a>Gastronomische Spezialit\u00e4ten:\u00a0<\/strong><\/p>\n<p>Rindfleisch, Fisch und Schaf<\/td>\n<td align=\"left\" valign=\"top\" width=\"450\"><strong>Getr\u00e4nke aus der Region:\u00a0<\/strong><\/p>\n<p>Bier, Murphys , Guinness , Smithwicks , Rebel Red<\/td>\n<\/tr>\n<tr>\n<td align=\"left\" valign=\"top\" width=\"450\"><strong><strong>Tourismusb\u00fcro:<\/strong><\/strong><\/p>\n<p>Leitrim Tourism \u2013 Tel: \u00a0+353 71 962 0170<\/td>\n<td align=\"left\" valign=\"top\" width=\"450\"><strong>Angeln:<\/strong><\/p>\n<p>Auf dem Shannon wird keine Angelerlaubnis verlangt.<\/td>\n<\/tr>\n<\/tbody>\n<\/table>\n[\/vc_column_text][\/vc_column][\/vc_row][\/vc_section][vc_section el_id=&#8220;base-waterways&#8220;][vc_row][vc_column][mk_fancy_title font_family=&#8220;none&#8220; el_class=&#8220;base_content_title&#8220;]Informationen zu den Wasserstra\u00dfen[\/mk_fancy_title][\/vc_column][\/vc_row][vc_row][vc_column][vc_column_text css=&#8220;.vc_custom_1613475100726{margin-bottom: 0px !important;}&#8220;]\n<table style=\"border: 0pt solid #0e84f0;\" border=\"0\" frame=\"vsides\" cellspacing=\"0\" cellpadding=\"5\" align=\"left\">\n<tbody>\n<tr>\n<td align=\"left\" valign=\"top\" width=\"800\"><strong><a class=\"anchor\" name=\"topic05\"><\/a>Wasserstra\u00dfen:<\/strong><\/td>\n<\/tr>\n<tr>\n<td align=\"left\" valign=\"top\" width=\"800\">Die Schleusen sind t\u00e4glich ge\u00f6ffnet. Automatische Schleusen ohne Schleusenw\u00e4rter (9-20 Uhr w\u00e4hrend der Sommermonate, Zeiten au\u00dferhalb der Hochsaison stehen in der Gew\u00e4sserkarte) werden per Magnetkarte bedient (6,50\u20ac f\u00fcr 10 Einheiten, erh\u00e4ltlich am Liegehafen). Damit haben Sie Zugang zu Toiletten, Duschen, Trockner, Waschmaschine und Abwasserentsorgung in den \u00f6ffentlichen Marinas. Das Anlegen ist dort gratis, in privaten Marinas kostenpflichtig, ca. 15 \u20ac\/Nacht.Ab Leitrim in s\u00fcdlicher Richtung sind die Schleusen automatisiert mit Schleusenw\u00e4rter (1,50 E pro Schleuse). Auf dem Royal Canal gibt es manuelle Schleusen mit Schleusenw\u00e4rter (0,60 E pro Schleuse). Das Befahren des Royal Canal ist nur mit den Booten P.935W, P.1107W und P.1020FB m\u00f6glich.<\/p>\n<p>Das Befahren der Seen ist ab Windst\u00e4rke 3 Beaufort untersagt. Kinder bis 17 Jahre m\u00fcssen eine Rettungsweste tragen. Es ist verboten, \u00fcber Nacht zu ankern. Bleiben Sie auf den Seen in der Mitte der Fahrrinne. Sie riskieren sonst, auf Grund zu laufen. Die Kosten f\u00fcr das Freischleppen sind weder \u00fcber die Haftpflichtversicherung noch \u00fcber den R\u00fcckkauf der Kaution abgedeckt und gehen zu Ihren Lasten. Auf Seen ist es verboten, nachts zu ankern.<\/td>\n<\/tr>\n<\/tbody>\n<\/table>\n[\/vc_column_text][\/vc_column][\/vc_row][\/vc_section]\n<\/div>","protected":false},"excerpt":{"rendered":"<p>[vc_row][vc_column][vc_column_text css=&#8220;.vc_custom_1616430471621{margin-bottom: 0px !important;}&#8220;] Abfahrtshafen Entdecken Sie alle Informationen und hilfreiche Tipps zu Ihrer Abfahrtsbasis[\/vc_column_text][\/vc_column][\/vc_row][vc_row fullwidth=&#8220;true&#8220; fullwidth_content=&#8220;false&#8220;][vc_column][pen_departure_filter][\/vc_column][\/vc_row][vc_section el_id=&#8220;direction-formalities&#8220; css=&#8220;.vc_custom_1601285129565{border-radius: 2px !important;}&#8220;][vc_row css=&#8220;.vc_custom_1601283567019{border-radius: 2px !important;}&#8220;][vc_column][mk_fancy_title font_family=&#8220;none&#8220; el_class=&#8220;base_content_title&#8220;]Anschrift[\/mk_fancy_title][\/vc_column][\/vc_row][vc_row][vc_column][vc_row_inner][vc_column_inner width=&#8220;1\/2&#8243;][vc_column_text css=&#8220;.vc_custom_1601282488530{margin-bottom: 0px !important;}&#8220;][\/vc_column_text][\/vc_column_inner][vc_column_inner width=&#8220;1\/2&#8243;][vc_column_text css=&#8220;.vc_custom_1613474937817{margin-bottom: 0px !important;}&#8220;]Locaboat Holidays The Marina St George\u2019s Terrace, Carrick-On-Shannon, Co. Leitrim, N41 XA00, Irland\u00a0 \u2709:\u00a0\u00a0carrick@carrickcraft.com T:\u00a0+353 (0) 7196 20236 G:\u00a0N 53\u00b0 56\u2032 38.085\u2033 [&hellip;]<\/p>\n","protected":false},"author":4,"featured_media":2550,"parent":558,"menu_order":0,"comment_status":"closed","ping_status":"closed","template":"template-departure-base.php","meta":{"footnotes":""},"class_list":["post-2446","page","type-page","status-publish","has-post-thumbnail","hentry"],"yoast_head":"<!-- This site is optimized with the Yoast SEO plugin v25.5 - https:\/\/yoast.com\/wordpress\/plugins\/seo\/ -->\n<title>Carrick-on-Shannon -<\/title>\n<meta name=\"robots\" content=\"index, follow, max-snippet:-1, max-image-preview:large, max-video-preview:-1\" \/>\n<link rel=\"canonical\" href=\"https:\/\/www.penichette.com\/de\/abfahrtshafen\/irland\/carrick-on-shannon\/\" \/>\n<meta property=\"og:locale\" content=\"de_DE\" \/>\n<meta property=\"og:type\" content=\"article\" \/>\n<meta property=\"og:title\" content=\"Carrick-on-Shannon -\" \/>\n<meta property=\"og:description\" content=\"[vc_row][vc_column][vc_column_text css=&#8220;.vc_custom_1616430471621{margin-bottom: 0px !important;}&#8220;] Abfahrtshafen Entdecken Sie alle Informationen und hilfreiche Tipps zu Ihrer Abfahrtsbasis[\/vc_column_text][\/vc_column][\/vc_row][vc_row fullwidth=&#8220;true&#8220; fullwidth_content=&#8220;false&#8220;][vc_column][pen_departure_filter][\/vc_column][\/vc_row][vc_section el_id=&#8220;direction-formalities&#8220; css=&#8220;.vc_custom_1601285129565{border-radius: 2px !important;}&#8220;][vc_row css=&#8220;.vc_custom_1601283567019{border-radius: 2px !important;}&#8220;][vc_column][mk_fancy_title font_family=&#8220;none&#8220; el_class=&#8220;base_content_title&#8220;]Anschrift[\/mk_fancy_title][\/vc_column][\/vc_row][vc_row][vc_column][vc_row_inner][vc_column_inner width=&#8220;1\/2&#8243;][vc_column_text css=&#8220;.vc_custom_1601282488530{margin-bottom: 0px !important;}&#8220;][\/vc_column_text][\/vc_column_inner][vc_column_inner width=&#8220;1\/2&#8243;][vc_column_text css=&#8220;.vc_custom_1613474937817{margin-bottom: 0px !important;}&#8220;]Locaboat Holidays The Marina St George\u2019s Terrace, Carrick-On-Shannon, Co. Leitrim, N41 XA00, Irland\u00a0 \u2709:\u00a0\u00a0carrick@carrickcraft.com T:\u00a0+353 (0) 7196 20236 G:\u00a0N 53\u00b0 56\u2032 38.085\u2033 [&hellip;]\" \/>\n<meta property=\"og:url\" content=\"https:\/\/www.penichette.com\/de\/abfahrtshafen\/irland\/carrick-on-shannon\/\" \/>\n<meta property=\"og:site_name\" content=\"Penichette.com\" \/>\n<meta property=\"article:modified_time\" content=\"2023-01-02T11:51:44+00:00\" \/>\n<meta property=\"og:image\" content=\"https:\/\/www.penichette.com\/wp-content\/uploads\/2018\/09\/photo-base-de-depart1.jpg\" \/>\n\t<meta property=\"og:image:width\" content=\"980\" \/>\n\t<meta property=\"og:image:height\" content=\"500\" \/>\n\t<meta property=\"og:image:type\" content=\"image\/jpeg\" \/>\n<meta name=\"twitter:card\" content=\"summary_large_image\" \/>\n<meta name=\"twitter:label1\" content=\"Gesch\u00e4tzte Lesezeit\" \/>\n\t<meta name=\"twitter:data1\" content=\"4\u00a0Minuten\" \/>\n<script type=\"application\/ld+json\" class=\"yoast-schema-graph\">{\"@context\":\"https:\/\/schema.org\",\"@graph\":[{\"@type\":\"WebPage\",\"@id\":\"https:\/\/www.penichette.com\/de\/abfahrtshafen\/irland\/carrick-on-shannon\/\",\"url\":\"https:\/\/www.penichette.com\/de\/abfahrtshafen\/irland\/carrick-on-shannon\/\",\"name\":\"Carrick-on-Shannon -\",\"isPartOf\":{\"@id\":\"https:\/\/www.penichette.com\/#website\"},\"primaryImageOfPage\":{\"@id\":\"https:\/\/www.penichette.com\/de\/abfahrtshafen\/irland\/carrick-on-shannon\/#primaryimage\"},\"image\":{\"@id\":\"https:\/\/www.penichette.com\/de\/abfahrtshafen\/irland\/carrick-on-shannon\/#primaryimage\"},\"thumbnailUrl\":\"https:\/\/www.penichette.com\/wp-content\/uploads\/2018\/09\/photo-base-de-depart1.jpg\",\"datePublished\":\"2018-08-10T13:11:50+00:00\",\"dateModified\":\"2023-01-02T11:51:44+00:00\",\"breadcrumb\":{\"@id\":\"https:\/\/www.penichette.com\/de\/abfahrtshafen\/irland\/carrick-on-shannon\/#breadcrumb\"},\"inLanguage\":\"de\",\"potentialAction\":[{\"@type\":\"ReadAction\",\"target\":[\"https:\/\/www.penichette.com\/de\/abfahrtshafen\/irland\/carrick-on-shannon\/\"]}]},{\"@type\":\"ImageObject\",\"inLanguage\":\"de\",\"@id\":\"https:\/\/www.penichette.com\/de\/abfahrtshafen\/irland\/carrick-on-shannon\/#primaryimage\",\"url\":\"https:\/\/www.penichette.com\/wp-content\/uploads\/2018\/09\/photo-base-de-depart1.jpg\",\"contentUrl\":\"https:\/\/www.penichette.com\/wp-content\/uploads\/2018\/09\/photo-base-de-depart1.jpg\",\"width\":980,\"height\":500},{\"@type\":\"BreadcrumbList\",\"@id\":\"https:\/\/www.penichette.com\/de\/abfahrtshafen\/irland\/carrick-on-shannon\/#breadcrumb\",\"itemListElement\":[{\"@type\":\"ListItem\",\"position\":1,\"name\":\"Zuhause\",\"item\":\"https:\/\/www.penichette.com\/de\/\"},{\"@type\":\"ListItem\",\"position\":2,\"name\":\"Abfahrtshafen\",\"item\":\"https:\/\/www.penichette.com\/de\/abfahrtshafen\/\"},{\"@type\":\"ListItem\",\"position\":3,\"name\":\"Irland\",\"item\":\"https:\/\/www.penichette.com\/de\/abfahrtshafen\/irland\/\"},{\"@type\":\"ListItem\",\"position\":4,\"name\":\"Carrick-on-Shannon\"}]},{\"@type\":\"WebSite\",\"@id\":\"https:\/\/www.penichette.com\/#website\",\"url\":\"https:\/\/www.penichette.com\/\",\"name\":\"Penichette.com\",\"description\":\"\",\"potentialAction\":[{\"@type\":\"SearchAction\",\"target\":{\"@type\":\"EntryPoint\",\"urlTemplate\":\"https:\/\/www.penichette.com\/?s={search_term_string}\"},\"query-input\":{\"@type\":\"PropertyValueSpecification\",\"valueRequired\":true,\"valueName\":\"search_term_string\"}}],\"inLanguage\":\"de\"}]}<\/script>\n<!-- \/ Yoast SEO plugin. -->","yoast_head_json":{"title":"Carrick-on-Shannon -","robots":{"index":"index","follow":"follow","max-snippet":"max-snippet:-1","max-image-preview":"max-image-preview:large","max-video-preview":"max-video-preview:-1"},"canonical":"https:\/\/www.penichette.com\/de\/abfahrtshafen\/irland\/carrick-on-shannon\/","og_locale":"de_DE","og_type":"article","og_title":"Carrick-on-Shannon -","og_description":"[vc_row][vc_column][vc_column_text css=&#8220;.vc_custom_1616430471621{margin-bottom: 0px !important;}&#8220;] Abfahrtshafen Entdecken Sie alle Informationen und hilfreiche Tipps zu Ihrer Abfahrtsbasis[\/vc_column_text][\/vc_column][\/vc_row][vc_row fullwidth=&#8220;true&#8220; fullwidth_content=&#8220;false&#8220;][vc_column][pen_departure_filter][\/vc_column][\/vc_row][vc_section el_id=&#8220;direction-formalities&#8220; css=&#8220;.vc_custom_1601285129565{border-radius: 2px !important;}&#8220;][vc_row css=&#8220;.vc_custom_1601283567019{border-radius: 2px !important;}&#8220;][vc_column][mk_fancy_title font_family=&#8220;none&#8220; el_class=&#8220;base_content_title&#8220;]Anschrift[\/mk_fancy_title][\/vc_column][\/vc_row][vc_row][vc_column][vc_row_inner][vc_column_inner width=&#8220;1\/2&#8243;][vc_column_text css=&#8220;.vc_custom_1601282488530{margin-bottom: 0px !important;}&#8220;][\/vc_column_text][\/vc_column_inner][vc_column_inner width=&#8220;1\/2&#8243;][vc_column_text css=&#8220;.vc_custom_1613474937817{margin-bottom: 0px !important;}&#8220;]Locaboat Holidays The Marina St George\u2019s Terrace, Carrick-On-Shannon, Co. Leitrim, N41 XA00, Irland\u00a0 \u2709:\u00a0\u00a0carrick@carrickcraft.com T:\u00a0+353 (0) 7196 20236 G:\u00a0N 53\u00b0 56\u2032 38.085\u2033 [&hellip;]","og_url":"https:\/\/www.penichette.com\/de\/abfahrtshafen\/irland\/carrick-on-shannon\/","og_site_name":"Penichette.com","article_modified_time":"2023-01-02T11:51:44+00:00","og_image":[{"width":980,"height":500,"url":"https:\/\/www.penichette.com\/wp-content\/uploads\/2018\/09\/photo-base-de-depart1.jpg","type":"image\/jpeg"}],"twitter_card":"summary_large_image","twitter_misc":{"Gesch\u00e4tzte Lesezeit":"4\u00a0Minuten"},"schema":{"@context":"https:\/\/schema.org","@graph":[{"@type":"WebPage","@id":"https:\/\/www.penichette.com\/de\/abfahrtshafen\/irland\/carrick-on-shannon\/","url":"https:\/\/www.penichette.com\/de\/abfahrtshafen\/irland\/carrick-on-shannon\/","name":"Carrick-on-Shannon -","isPartOf":{"@id":"https:\/\/www.penichette.com\/#website"},"primaryImageOfPage":{"@id":"https:\/\/www.penichette.com\/de\/abfahrtshafen\/irland\/carrick-on-shannon\/#primaryimage"},"image":{"@id":"https:\/\/www.penichette.com\/de\/abfahrtshafen\/irland\/carrick-on-shannon\/#primaryimage"},"thumbnailUrl":"https:\/\/www.penichette.com\/wp-content\/uploads\/2018\/09\/photo-base-de-depart1.jpg","datePublished":"2018-08-10T13:11:50+00:00","dateModified":"2023-01-02T11:51:44+00:00","breadcrumb":{"@id":"https:\/\/www.penichette.com\/de\/abfahrtshafen\/irland\/carrick-on-shannon\/#breadcrumb"},"inLanguage":"de","potentialAction":[{"@type":"ReadAction","target":["https:\/\/www.penichette.com\/de\/abfahrtshafen\/irland\/carrick-on-shannon\/"]}]},{"@type":"ImageObject","inLanguage":"de","@id":"https:\/\/www.penichette.com\/de\/abfahrtshafen\/irland\/carrick-on-shannon\/#primaryimage","url":"https:\/\/www.penichette.com\/wp-content\/uploads\/2018\/09\/photo-base-de-depart1.jpg","contentUrl":"https:\/\/www.penichette.com\/wp-content\/uploads\/2018\/09\/photo-base-de-depart1.jpg","width":980,"height":500},{"@type":"BreadcrumbList","@id":"https:\/\/www.penichette.com\/de\/abfahrtshafen\/irland\/carrick-on-shannon\/#breadcrumb","itemListElement":[{"@type":"ListItem","position":1,"name":"Zuhause","item":"https:\/\/www.penichette.com\/de\/"},{"@type":"ListItem","position":2,"name":"Abfahrtshafen","item":"https:\/\/www.penichette.com\/de\/abfahrtshafen\/"},{"@type":"ListItem","position":3,"name":"Irland","item":"https:\/\/www.penichette.com\/de\/abfahrtshafen\/irland\/"},{"@type":"ListItem","position":4,"name":"Carrick-on-Shannon"}]},{"@type":"WebSite","@id":"https:\/\/www.penichette.com\/#website","url":"https:\/\/www.penichette.com\/","name":"Penichette.com","description":"","potentialAction":[{"@type":"SearchAction","target":{"@type":"EntryPoint","urlTemplate":"https:\/\/www.penichette.com\/?s={search_term_string}"},"query-input":{"@type":"PropertyValueSpecification","valueRequired":true,"valueName":"search_term_string"}}],"inLanguage":"de"}]}},"_links":{"self":[{"href":"https:\/\/www.penichette.com\/de\/wp-json\/wp\/v2\/pages\/2446","targetHints":{"allow":["GET"]}}],"collection":[{"href":"https:\/\/www.penichette.com\/de\/wp-json\/wp\/v2\/pages"}],"about":[{"href":"https:\/\/www.penichette.com\/de\/wp-json\/wp\/v2\/types\/page"}],"author":[{"embeddable":true,"href":"https:\/\/www.penichette.com\/de\/wp-json\/wp\/v2\/users\/4"}],"replies":[{"embeddable":true,"href":"https:\/\/www.penichette.com\/de\/wp-json\/wp\/v2\/comments?post=2446"}],"version-history":[{"count":19,"href":"https:\/\/www.penichette.com\/de\/wp-json\/wp\/v2\/pages\/2446\/revisions"}],"predecessor-version":[{"id":5803,"href":"https:\/\/www.penichette.com\/de\/wp-json\/wp\/v2\/pages\/2446\/revisions\/5803"}],"up":[{"embeddable":true,"href":"https:\/\/www.penichette.com\/de\/wp-json\/wp\/v2\/pages\/558"}],"wp:featuredmedia":[{"embeddable":true,"href":"https:\/\/www.penichette.com\/de\/wp-json\/wp\/v2\/media\/2550"}],"wp:attachment":[{"href":"https:\/\/www.penichette.com\/de\/wp-json\/wp\/v2\/media?parent=2446"}],"curies":[{"name":"wp","href":"https:\/\/api.w.org\/{rel}","templated":true}]}}