{"id":3455,"date":"2020-10-12T14:10:24","date_gmt":"2020-10-12T13:10:24","guid":{"rendered":"http:\/\/preprod.websolutis.com\/mentions-legales\/"},"modified":"2021-03-10T17:07:00","modified_gmt":"2021-03-10T16:07:00","slug":"impressum","status":"publish","type":"page","link":"https:\/\/www.penichette.com\/de\/impressum\/","title":{"rendered":"Impressum"},"content":{"rendered":"<div class=\"wpb-content-wrapper\">[vc_row][vc_column][vc_column_text css=&#8220;.vc_custom_1615376233887{margin-bottom: 0px !important;}&#8220;]\n<h3>LOCABOAT PLAISANCE S.A.S.<\/h3>\n<p><strong>Firmensitz:<\/strong> Tour de l&#8217;Horloge &#8211; 4 place Louis Armand \u2013 75603 PARIS cedex 12 (France)<br \/>\n<strong>Handelsregister:<\/strong> 310 096 664 RCS PARIS<br \/>\n<strong>Gesch\u00e4ftssitz:<\/strong> Quai du Port au Bois \u2013 BP 150 \u2013 89303 JOIGNY cedex \u2013 France<br \/>\n<strong>UST-ID-Nr:<\/strong> FR58310096664<br \/>\n<strong>Gesetzlicher Vertreter:<\/strong> Serge Na\u00efm \u2013 Pr\u00e4sident<br \/>\n<strong>Verantwortlich f\u00fcr den Inhalt:<\/strong> Serge Na\u00efm<br \/>\n<strong>Tel.:<\/strong> +33 (0)3 86 91 72 72<br \/>\n<strong>Fax:<\/strong> +33 (0)3 86 62 42 41[\/vc_column_text][\/vc_column][\/vc_row][vc_row][vc_column][vc_empty_space][\/vc_column][\/vc_row][vc_row][vc_column][vc_column_text css=&#8220;.vc_custom_1615376308680{margin-bottom: 0px !important;}&#8220;]\n<h3>WEITERE LOCABOAT GESELLSCHAFTEN<\/h3>\n<p><strong>LOCABOAT PLAISANCE GmbH<\/strong><br \/>\nGmbH nach deutschem Recht. Grundkapital 250.000 \u20ac<br \/>\nHandelskammer: FREIBURG HRB 3044<br \/>\nUST-ID-Nr.: DE 14 21 09 981<br \/>\nGesetzlicher Vertreter: Serge Na\u00efm<br \/>\n<strong>Locaboat Holidays<\/strong><br \/>\nRehlingstr. 17, DE-79100 FREIBURG<br \/>\nTel.: +49 (0)761 207 37 0<br \/>\nFax: +49 (0)761 207 37 73<br \/>\n<a href=\"mailto:info@locaboat.de\">info@locaboat.de<\/a><\/p>\n<p><strong>LOCABOAT NEDERLAND B.V<\/strong><br \/>\nBV nach niederl\u00e4ndischem Recht. Grundkapital 90.760 \u20ac<br \/>\nHandelskammer: UTRECHT 30101038<br \/>\nUST-ID-Nr. NL800043510B01<br \/>\nGesetzlicher Vertreter: LOCABOAT PLAISANCE GmbH<br \/>\n<strong>Locaboat Holidays<\/strong><br \/>\nBloklaan 22a<br \/>\nRekreatiecentrum Mijnden<br \/>\nNederland &#8211; 1231 AZ Loosdrecht<br \/>\nTel.: +31 (0)294 23 77 42<br \/>\nFax: +31 (0)294 23 70 81<br \/>\n<a href=\"mailto:info@locaboat.nl\">info@locaboat.nl<\/a><\/p>\n<p><strong>LOCABOAT IRELAND Ltd.<\/strong><br \/>\nLTD Cy nach irischem Recht. Grundkapital 400.000 \u20ac<br \/>\nHandelskammer: 308209<br \/>\nUST-ID-Nr. E6328209I<br \/>\nGesetzlicher Vertreter: Serge Na\u00efm<br \/>\n<strong>Locaboat Holidays<\/strong><br \/>\nBerkeley House &#8211; Ballybin Road<br \/>\nAshbourne &#8211; Co. Meath &#8211; Ireland<br \/>\nt\u00e9l. : + 353 (0) 906 48 58 66<br \/>\nfax : + 353 (0) 906 48 57 16<br \/>\n<a href=\"mailto:info@locaboat.com\">info@locaboat.com<\/a><\/p>\n<p><strong>LOCABOAT PLAISANCE SAS, LOCABOAT PLAISANCE GmbH und LOCABAOT NEDERLAND B.V. sind Gesellschaften von LOCABOAT DEVELOPMENT SAS <\/strong>[\/vc_column_text][\/vc_column][\/vc_row][vc_row][vc_column][vc_empty_space][\/vc_column][\/vc_row][vc_row][vc_column][vc_column_text css=&#8220;.vc_custom_1615376397358{margin-bottom: 0px !important;}&#8220;]\n<h3>DATENSCHUTZ<\/h3>\n<p>&nbsp;<\/p>\n<p>Diese Website benutzt Google\u2122 Analytics, einen Webanalysedienst der Google Inc. (&#8222;Google&#8220;). Google Analytics verwendet sog. &#8222;Cookies&#8220;, Textdateien, die auf Ihrem Computer gespeichert werden und die eine Analyse der Benutzung der Website durch Sie erm\u00f6glichen. Die durch den Cookie erzeugten Informationen \u00fcber Ihre Benutzung dieser Website (einschlie\u00dflich Ihrer IP-Adresse) wird an einen Server von Google in den USA \u00fcbertragen und dort gespeichert. Google wird diese Informationen benutzen, um Ihre Nutzung der Website auszuwerten, um Reports \u00fcber die Websiteaktivit\u00e4ten f\u00fcr die Websitebetreiber zusammenzustellen und um weitere mit der Websitenutzung und der Internetnutzung verbundene Dienstleistungen zu erbringen. Auch wird Google diese Informationen gegebenenfalls an Dritte \u00fcbertragen, sofern dies gesetzlich vorgeschrieben oder soweit Dritte diese Daten im Auftrag von Google verarbeiten.<\/p>\n<p>Google wird in keinem Fall Ihre IP-Adresse mit anderen Daten von Google in Verbindung bringen. Sie k\u00f6nnen die Installation der Cookies durch eine entsprechende Einstellung Ihrer Browser Software verhindern; wir weisen Sie jedoch darauf hin, dass Sie in diesem Fall gegebenenfalls nicht s\u00e4mtliche Funktionen dieser Website vollumf\u00e4nglich nutzen k\u00f6nnen. Durch die Nutzung dieser Website erkl\u00e4ren Sie sich mit der Bearbeitung der \u00fcber Sie erhobenen Daten durch Google in der zuvor beschriebenen Art und Weise und zu dem zuvor benannten Zweck einverstanden. Das Deaktivierungs-Add-on f\u00fcr Browser von Google Analytics gibt dem Website-Besucher mehr Kontrolle dar\u00fcber, welche Daten zu aufgerufenen Websites von Google Analytics erfasst werden. Sollten Sie keine Speicherung Ihrer Daten w\u00fcnschen, installieren Sie sich bitte das von Google bereitgestellte De-Aktivierungswerkzeug unter http:\/\/tools.google.com\/dlpage\/gaoptout?hl=de.[\/vc_column_text][\/vc_column][\/vc_row][vc_row][vc_column][vc_empty_space][\/vc_column][\/vc_row][vc_row][vc_column][mk_button dimension=&#8220;flat&#8220; corner_style=&#8220;full_rounded&#8220; size=&#8220;medium&#8220; url=&#8220;https:\/\/www.penichette.com\/de\/datenschutzerklaerung&#8220; target=&#8220;_blank&#8220; align=&#8220;center&#8220; bg_color=&#8220;#00314a&#8220;]DATENSCHUTZERKL\u00c4RUNG[\/mk_button][\/vc_column][\/vc_row][vc_row][vc_column][vc_empty_space][\/vc_column][\/vc_row][vc_row][vc_column][vc_column_text css=&#8220;.vc_custom_1615376612634{margin-bottom: 0px !important;}&#8220;]\n<h3>URHEBERRECHT<\/h3>\n<p>&nbsp;<\/p>\n<p>Gem\u00e4\u00df dem franz\u00f6sischen Gesetz zum Schutz des geistigen Eigentums und im Allgemeinen den internationalen Vertr\u00e4gen und Abkommen, die Bestimmungen zum Schutz der Urheberrechte umfassen, ist es dem Benutzer untersagt, die Inhalte dieser Seite f\u00fcr eine kommerzielle Verwendung zu kopieren, in jeglicher Form zum Teil zu verkaufen, zu verteilen, zu verbreiten, anzupassen, zu \u00e4ndern oder zu ver\u00f6ffentlichen, sofern keine vorherige schriftliche Genehmigung von Locaboat eingeholt wurde.<\/p>\n<p>Jeder Versto\u00df gegen das oben Genannte w\u00fcrde eine F\u00e4lschung darstellen (Artikel L335-2 nach dem Gesetz zum Schutz geistigen Eigentums); die Reproduktion des LOCABOAT-Logos ist ebenfalls verboten (Artikel L.719-2 des besagten Codes). Die folgenden Namen sind auf Locaboat eingetragene Markennamen:<\/p>\n<p><strong>LOCABOAT\u00ae \u2013 LOCABOAT PLAISANCE\u00ae &#8211; LOCABOAT HOLIDAYS\u00ae &#8211; PENICHETTE\u00ae<\/strong>[\/vc_column_text][\/vc_column][\/vc_row][vc_row][vc_column][vc_empty_space][\/vc_column][\/vc_row][vc_row][vc_column][vc_column_text css=&#8220;.vc_custom_1615376641282{margin-bottom: 0px !important;}&#8220;]\n<h3>VERANTWORTUNG<\/h3>\n<p>&nbsp;<\/p>\n<p>Die Gesamtheit der zug\u00e4nglichen Informationen auf dieser Website ist zum aktuellen Stand bereitgestellt. LOCABOAT gibt keine Garantie, explizit oder impliziert, und \u00fcbernimmt keine Verantwortung betreffend der Benutzung dieser Informationen; LOCABOAT beh\u00e4lt sich das Recht vor, diese Informationen zu jeder Zeit zu \u00e4ndern, insbesondere bei einer \u00dcberarbeitung der Website.<\/p>\n<p>Der Benutzer verpflichtet sich, auf dieser Seite keine Information zu \u00fcbermitteln, die eine zivile oder strafrechtliche Haftung bewirken kann, und verpflichtet sich in diesem Zusammenhang, via dieser Seite keine verleumderischen und illegale Informationen, die im Widerspruch zur \u00f6ffentlichen Ordnung stehen, zu verbreiten.<\/p>\n<p>LOCABOAT lehnt jede Verantwortung f\u00fcr die Verwendung und die Inhalte externer Websites, die auf dieser Seite verlinkt sind, ab.<\/p>\n[\/vc_column_text][\/vc_column][\/vc_row]\n<\/div>","protected":false},"excerpt":{"rendered":"<p>[vc_row][vc_column][vc_column_text css=&#8220;.vc_custom_1615376233887{margin-bottom: 0px !important;}&#8220;] LOCABOAT PLAISANCE S.A.S. Firmensitz: Tour de l&#8217;Horloge &#8211; 4 place Louis Armand \u2013 75603 PARIS cedex 12 (France) Handelsregister: 310 096 664 RCS PARIS Gesch\u00e4ftssitz: Quai du Port au Bois \u2013 BP 150 \u2013 89303 JOIGNY cedex \u2013 France UST-ID-Nr: FR58310096664 Gesetzlicher Vertreter: Serge Na\u00efm \u2013 Pr\u00e4sident Verantwortlich f\u00fcr den Inhalt: [&hellip;]<\/p>\n","protected":false},"author":7,"featured_media":3020,"parent":0,"menu_order":0,"comment_status":"open","ping_status":"open","template":"","meta":{"footnotes":""},"class_list":["post-3455","page","type-page","status-publish","has-post-thumbnail","hentry"],"yoast_head":"<!-- This site is optimized with the Yoast SEO plugin v25.5 - https:\/\/yoast.com\/wordpress\/plugins\/seo\/ -->\n<title>Impressum -<\/title>\n<meta name=\"robots\" content=\"noindex, nofollow\" \/>\n<meta property=\"og:locale\" content=\"de_DE\" \/>\n<meta property=\"og:type\" content=\"article\" \/>\n<meta property=\"og:title\" content=\"Impressum -\" \/>\n<meta property=\"og:description\" content=\"[vc_row][vc_column][vc_column_text css=&#8220;.vc_custom_1615376233887{margin-bottom: 0px !important;}&#8220;] LOCABOAT PLAISANCE S.A.S. Firmensitz: Tour de l&#8217;Horloge &#8211; 4 place Louis Armand \u2013 75603 PARIS cedex 12 (France) Handelsregister: 310 096 664 RCS PARIS Gesch\u00e4ftssitz: Quai du Port au Bois \u2013 BP 150 \u2013 89303 JOIGNY cedex \u2013 France UST-ID-Nr: FR58310096664 Gesetzlicher Vertreter: Serge Na\u00efm \u2013 Pr\u00e4sident Verantwortlich f\u00fcr den Inhalt: [&hellip;]\" \/>\n<meta property=\"og:url\" content=\"https:\/\/www.penichette.com\/de\/impressum\/\" \/>\n<meta property=\"og:site_name\" content=\"Penichette.com\" \/>\n<meta property=\"article:modified_time\" content=\"2021-03-10T16:07:00+00:00\" \/>\n<meta property=\"og:image\" content=\"https:\/\/www.penichette.com\/wp-content\/uploads\/2014\/12\/photo-base-de-depart1.jpg\" \/>\n\t<meta property=\"og:image:width\" content=\"980\" \/>\n\t<meta property=\"og:image:height\" content=\"500\" \/>\n\t<meta property=\"og:image:type\" content=\"image\/jpeg\" \/>\n<meta name=\"twitter:card\" content=\"summary_large_image\" \/>\n<meta name=\"twitter:label1\" content=\"Gesch\u00e4tzte Lesezeit\" \/>\n\t<meta name=\"twitter:data1\" content=\"4\u00a0Minuten\" \/>\n<script type=\"application\/ld+json\" class=\"yoast-schema-graph\">{\"@context\":\"https:\/\/schema.org\",\"@graph\":[{\"@type\":\"WebPage\",\"@id\":\"https:\/\/www.penichette.com\/de\/impressum\/\",\"url\":\"https:\/\/www.penichette.com\/de\/impressum\/\",\"name\":\"Impressum -\",\"isPartOf\":{\"@id\":\"https:\/\/www.penichette.com\/#website\"},\"primaryImageOfPage\":{\"@id\":\"https:\/\/www.penichette.com\/de\/impressum\/#primaryimage\"},\"image\":{\"@id\":\"https:\/\/www.penichette.com\/de\/impressum\/#primaryimage\"},\"thumbnailUrl\":\"https:\/\/www.penichette.com\/wp-content\/uploads\/2014\/12\/photo-base-de-depart1.jpg\",\"datePublished\":\"2020-10-12T13:10:24+00:00\",\"dateModified\":\"2021-03-10T16:07:00+00:00\",\"breadcrumb\":{\"@id\":\"https:\/\/www.penichette.com\/de\/impressum\/#breadcrumb\"},\"inLanguage\":\"de\",\"potentialAction\":[{\"@type\":\"ReadAction\",\"target\":[\"https:\/\/www.penichette.com\/de\/impressum\/\"]}]},{\"@type\":\"ImageObject\",\"inLanguage\":\"de\",\"@id\":\"https:\/\/www.penichette.com\/de\/impressum\/#primaryimage\",\"url\":\"https:\/\/www.penichette.com\/wp-content\/uploads\/2014\/12\/photo-base-de-depart1.jpg\",\"contentUrl\":\"https:\/\/www.penichette.com\/wp-content\/uploads\/2014\/12\/photo-base-de-depart1.jpg\",\"width\":980,\"height\":500},{\"@type\":\"BreadcrumbList\",\"@id\":\"https:\/\/www.penichette.com\/de\/impressum\/#breadcrumb\",\"itemListElement\":[{\"@type\":\"ListItem\",\"position\":1,\"name\":\"Zuhause\",\"item\":\"https:\/\/www.penichette.com\/de\/\"},{\"@type\":\"ListItem\",\"position\":2,\"name\":\"Impressum\"}]},{\"@type\":\"WebSite\",\"@id\":\"https:\/\/www.penichette.com\/#website\",\"url\":\"https:\/\/www.penichette.com\/\",\"name\":\"Penichette.com\",\"description\":\"\",\"potentialAction\":[{\"@type\":\"SearchAction\",\"target\":{\"@type\":\"EntryPoint\",\"urlTemplate\":\"https:\/\/www.penichette.com\/?s={search_term_string}\"},\"query-input\":{\"@type\":\"PropertyValueSpecification\",\"valueRequired\":true,\"valueName\":\"search_term_string\"}}],\"inLanguage\":\"de\"}]}<\/script>\n<!-- \/ Yoast SEO plugin. -->","yoast_head_json":{"title":"Impressum -","robots":{"index":"noindex","follow":"nofollow"},"og_locale":"de_DE","og_type":"article","og_title":"Impressum -","og_description":"[vc_row][vc_column][vc_column_text css=&#8220;.vc_custom_1615376233887{margin-bottom: 0px !important;}&#8220;] LOCABOAT PLAISANCE S.A.S. Firmensitz: Tour de l&#8217;Horloge &#8211; 4 place Louis Armand \u2013 75603 PARIS cedex 12 (France) Handelsregister: 310 096 664 RCS PARIS Gesch\u00e4ftssitz: Quai du Port au Bois \u2013 BP 150 \u2013 89303 JOIGNY cedex \u2013 France UST-ID-Nr: FR58310096664 Gesetzlicher Vertreter: Serge Na\u00efm \u2013 Pr\u00e4sident Verantwortlich f\u00fcr den Inhalt: [&hellip;]","og_url":"https:\/\/www.penichette.com\/de\/impressum\/","og_site_name":"Penichette.com","article_modified_time":"2021-03-10T16:07:00+00:00","og_image":[{"width":980,"height":500,"url":"https:\/\/www.penichette.com\/wp-content\/uploads\/2014\/12\/photo-base-de-depart1.jpg","type":"image\/jpeg"}],"twitter_card":"summary_large_image","twitter_misc":{"Gesch\u00e4tzte Lesezeit":"4\u00a0Minuten"},"schema":{"@context":"https:\/\/schema.org","@graph":[{"@type":"WebPage","@id":"https:\/\/www.penichette.com\/de\/impressum\/","url":"https:\/\/www.penichette.com\/de\/impressum\/","name":"Impressum -","isPartOf":{"@id":"https:\/\/www.penichette.com\/#website"},"primaryImageOfPage":{"@id":"https:\/\/www.penichette.com\/de\/impressum\/#primaryimage"},"image":{"@id":"https:\/\/www.penichette.com\/de\/impressum\/#primaryimage"},"thumbnailUrl":"https:\/\/www.penichette.com\/wp-content\/uploads\/2014\/12\/photo-base-de-depart1.jpg","datePublished":"2020-10-12T13:10:24+00:00","dateModified":"2021-03-10T16:07:00+00:00","breadcrumb":{"@id":"https:\/\/www.penichette.com\/de\/impressum\/#breadcrumb"},"inLanguage":"de","potentialAction":[{"@type":"ReadAction","target":["https:\/\/www.penichette.com\/de\/impressum\/"]}]},{"@type":"ImageObject","inLanguage":"de","@id":"https:\/\/www.penichette.com\/de\/impressum\/#primaryimage","url":"https:\/\/www.penichette.com\/wp-content\/uploads\/2014\/12\/photo-base-de-depart1.jpg","contentUrl":"https:\/\/www.penichette.com\/wp-content\/uploads\/2014\/12\/photo-base-de-depart1.jpg","width":980,"height":500},{"@type":"BreadcrumbList","@id":"https:\/\/www.penichette.com\/de\/impressum\/#breadcrumb","itemListElement":[{"@type":"ListItem","position":1,"name":"Zuhause","item":"https:\/\/www.penichette.com\/de\/"},{"@type":"ListItem","position":2,"name":"Impressum"}]},{"@type":"WebSite","@id":"https:\/\/www.penichette.com\/#website","url":"https:\/\/www.penichette.com\/","name":"Penichette.com","description":"","potentialAction":[{"@type":"SearchAction","target":{"@type":"EntryPoint","urlTemplate":"https:\/\/www.penichette.com\/?s={search_term_string}"},"query-input":{"@type":"PropertyValueSpecification","valueRequired":true,"valueName":"search_term_string"}}],"inLanguage":"de"}]}},"_links":{"self":[{"href":"https:\/\/www.penichette.com\/de\/wp-json\/wp\/v2\/pages\/3455","targetHints":{"allow":["GET"]}}],"collection":[{"href":"https:\/\/www.penichette.com\/de\/wp-json\/wp\/v2\/pages"}],"about":[{"href":"https:\/\/www.penichette.com\/de\/wp-json\/wp\/v2\/types\/page"}],"author":[{"embeddable":true,"href":"https:\/\/www.penichette.com\/de\/wp-json\/wp\/v2\/users\/7"}],"replies":[{"embeddable":true,"href":"https:\/\/www.penichette.com\/de\/wp-json\/wp\/v2\/comments?post=3455"}],"version-history":[{"count":3,"href":"https:\/\/www.penichette.com\/de\/wp-json\/wp\/v2\/pages\/3455\/revisions"}],"predecessor-version":[{"id":4706,"href":"https:\/\/www.penichette.com\/de\/wp-json\/wp\/v2\/pages\/3455\/revisions\/4706"}],"wp:featuredmedia":[{"embeddable":true,"href":"https:\/\/www.penichette.com\/de\/wp-json\/wp\/v2\/media\/3020"}],"wp:attachment":[{"href":"https:\/\/www.penichette.com\/de\/wp-json\/wp\/v2\/media?parent=3455"}],"curies":[{"name":"wp","href":"https:\/\/api.w.org\/{rel}","templated":true}]}}