{"id":538,"date":"2015-01-11T20:39:04","date_gmt":"2015-01-11T19:39:04","guid":{"rendered":"http:\/\/hosting-penichette.bertrandlepage.fr\/?page_id=538"},"modified":"2023-01-02T12:54:44","modified_gmt":"2023-01-02T11:54:44","slug":"chioggia","status":"publish","type":"page","link":"https:\/\/www.penichette.com\/de\/abfahrtshafen\/italien\/chioggia\/","title":{"rendered":"Chioggia"},"content":{"rendered":"<div class=\"wpb-content-wrapper\">[vc_row][vc_column][vc_column_text css=&#8220;.vc_custom_1616430479587{margin-bottom: 0px !important;}&#8220;]\n<h3><strong>Abfahrtshafen<\/strong><\/h3>\n<p><em>Entdecken Sie alle Informationen und hilfreiche Tipps zu Ihrer Abfahrtsbasis<\/em>[\/vc_column_text][\/vc_column][\/vc_row][vc_row fullwidth=&#8220;true&#8220; fullwidth_content=&#8220;false&#8220;][vc_column][pen_departure_filter][\/vc_column][\/vc_row][vc_section el_id=&#8220;direction-formalities&#8220; css=&#8220;.vc_custom_1601285129565{border-radius: 2px !important;}&#8220;][vc_row css=&#8220;.vc_custom_1601283567019{border-radius: 2px !important;}&#8220;][vc_column][mk_fancy_title font_family=&#8220;none&#8220; el_class=&#8220;base_content_title&#8220;]Anschrift[\/mk_fancy_title][\/vc_column][\/vc_row][vc_row][vc_column][vc_row_inner][vc_column_inner width=&#8220;1\/2&#8243;][vc_column_text css=&#8220;.vc_custom_1601282488530{margin-bottom: 0px !important;}&#8220;]<iframe loading=\"lazy\" style=\"border: 0;\" src=\"https:\/\/www.google.com\/maps\/embed?pb=!1m18!1m12!1m3!1d2810.5113434512227!2d12.283156315549178!3d45.21722297909869!2m3!1f0!2f0!3f0!3m2!1i1024!2i768!4f13.1!3m3!1m2!1s0x0%3A0x958a35a6702b1bd0!2sLocaboat%20Holidays%20Chioggia%20-%20Boat%20rental%20Venice%20%26%20Italy!5e0!3m2!1sfr!2sfr!4v1596112833272!5m2!1sfr!2sfr\" width=\"100%\" height=\"350\" frameborder=\"0\" allowfullscreen=\"allowfullscreen\"><\/iframe>[\/vc_column_text][\/vc_column_inner][vc_column_inner width=&#8220;1\/2&#8243;][vc_column_text css=&#8220;.vc_custom_1613475203296{margin-bottom: 0px !important;}&#8220;]\n<div>\n<div><strong>Rendez-vous Fantasia<\/strong><br \/>\nIsola dell&#8217;Unione<br \/>\nIT, CHIOGGIA (VE) 30015<\/div>\n<\/div>\n<div><\/div>\n<div>_<\/div>\n<div><\/div>\n<div>\n<div><abbr title=\"Email\"><span class=\"base-msg-icon\">\u2709<\/span>:<\/abbr>\u00a0\u00a0info@charterboat.it<\/div>\n<div><abbr title=\"Tel\">T:<\/abbr> +39 041 55 10 400<br \/>\n<abbr title=\"Fax\">F:<\/abbr> +39 041 55 00 957<br \/>\n<abbr title=\"GPS\">G:<\/abbr> N 45\u00b013&#8217;03.12 E 12\u00b017&#8217;07.04<\/div>\n<\/div>\n[\/vc_column_text][\/vc_column_inner][\/vc_row_inner][vc_row_inner][vc_column_inner][vc_column_text css=&#8220;.vc_custom_1613475217316{margin-bottom: 0px !important;}&#8220;]\n<table style=\"border: 0pt solid #0e84f0;\" border=\"0\" frame=\"vsides\" cellspacing=\"0\" cellpadding=\"5\" align=\"left\">\n<tbody>\n<tr>\n<td style=\"margin-bottom: 20px;\" align=\"left\" valign=\"top\" width=\"450\"><strong>Empfang &amp; Formalit\u00e4ten:<\/strong><\/p>\n<p>An den Abfahrtstagen zwischen 15 und 18 Uhr. Falls Sie planen, bereits morgens anzukommen, k\u00f6nnen Sie Ihr Gep\u00e4ck im B\u00fcro deponieren.<\/td>\n<td style=\"margin-bottom: 20px;\" align=\"left\" valign=\"top\" width=\"450\"><strong>\u00dcbernahme:<\/strong><\/p>\n<p>Das Boot wird \u00fcbergeben, sobald es fertig ist.<\/td>\n<\/tr>\n<tr>\n<td style=\"margin-bottom: 20px;\" align=\"left\" valign=\"top\" width=\"450\"><strong>Vor Ort:<\/strong><\/p>\n<p>WC \/ Dusche benutzbar w\u00e4hrend der \u00d6ffnungszeiten des Liegehafens, Waschmaschine, Minimarkt, Picknickplatz, Restaurant.<\/td>\n<td style=\"margin-bottom: 20px;\" align=\"left\" valign=\"top\" width=\"450\"><\/td>\n<\/tr>\n<\/tbody>\n<\/table>\n[\/vc_column_text][\/vc_column_inner][\/vc_row_inner][\/vc_column][\/vc_row][\/vc_section][vc_section el_id=&#8220;how-to-get-base&#8220;][vc_row][vc_column][mk_fancy_title font_family=&#8220;none&#8220; el_class=&#8220;base_content_title&#8220;]So kommen Sie zum Liegehafen[\/mk_fancy_title][\/vc_column][\/vc_row][vc_row][vc_column][vc_column_text css=&#8220;.vc_custom_1672660481270{margin-bottom: 0px !important;}&#8220;]\n<table style=\"border: 0pt solid #0e84f0;\" border=\"0\" frame=\"vsides\" cellspacing=\"0\" cellpadding=\"5\" align=\"left\">\n<tbody>\n<tr>\n<td align=\"left\" valign=\"top\" width=\"450\"><strong><a class=\"anchor\" name=\"topic02\"><\/a>Anreise:<\/strong><\/p>\n<ul>\n<li>A4-E64, Ausfahrt Padova Interporto, anschlie\u00dfend SS 16 und SS 309 Richtung Chioggia Ravenna (ca. 45 km)<\/li>\n<li><a href=\"http:\/\/www.fsitaliane.it\/homepage_en.html\" target=\"_blank\" rel=\"noopener nofollow noreferrer\">Bahnhof Chioggia <\/a> (2 km)<br \/>\n<a href=\"http:\/\/www.fsitaliane.it\/homepage_en.html\" target=\"_blank\" rel=\"noopener nofollow noreferrer\">Bahnhof Padua<\/a> (49 km)<\/li>\n<li><a href=\"http:\/\/www.veniceairport.it\/\" target=\"_blank\" rel=\"noopener nofollow noreferrer\">Flughafen Venedig Marco Polo<\/a> (58 km)<br \/>\n<a href=\"http:\/\/www.trevisoairport.it\/\" target=\"_blank\" rel=\"noopener nofollow noreferrer\">Flughafen Treviso<\/a> (74 km)<\/li>\n<\/ul>\n<\/td>\n<td align=\"left\" valign=\"top\" width=\"450\"><strong>Parkplatz:<\/strong><\/p>\n<ul>\n<li>\u00dcberdacht, nicht bewacht: 84 \u20ac\/Woche.<br \/>\nDer Parkplatz ist ca. 800 m von der Basis entfernt.<br \/>\nBei Ankunft parken Sie kurzzeitig auf dem Parkplatz<br \/>\nauf der anderen Stra\u00dfenseite, bringen Ihre Koffer ins<br \/>\nBoot, folgen dem Techniker bis zum Parkplatz und<br \/>\nkommen mit ihm zur\u00fcck zur Basis.<\/li>\n<\/ul>\n<\/td>\n<\/tr>\n<tr>\n<td align=\"left\" valign=\"top\" width=\"450\"><strong>Autovermietung:<\/strong><\/p>\n<ul>\n<li><a href=\"http:\/\/www.avis.com\" target=\"_blank\" rel=\"noopener nofollow noreferrer\">Avis<\/a> (Flughafen Venedig, 58 km) Tel.: 041 541 5030<\/li>\n<\/ul>\n<\/td>\n<td align=\"left\" valign=\"top\" width=\"450\"><strong>Taxi:<\/strong><\/p>\n<ul>\n<li>Tel.: 041 554 0480 oder 041 405 000<\/li>\n<\/ul>\n<\/td>\n<\/tr>\n<tr>\n<td align=\"left\" valign=\"top\" width=\"450\"><\/td>\n<td align=\"left\" valign=\"top\" width=\"450\"><\/td>\n<\/tr>\n<\/tbody>\n<\/table>\n[\/vc_column_text][\/vc_column][\/vc_row][\/vc_section][vc_section el_id=&#8220;base-tourist&#8220;][vc_row][vc_column][mk_fancy_title font_family=&#8220;none&#8220; el_class=&#8220;base_content_title&#8220;]Unterk\u00fcnfte, Gastst\u00e4tten und Einkaufsm\u00f6glichkeiten vor Ort[\/mk_fancy_title][\/vc_column][\/vc_row][vc_row][vc_column][vc_column_text css=&#8220;.vc_custom_1618223482430{margin-bottom: 0px !important;}&#8220;]\n<table style=\"border: 0pt solid #0e84f0;\" border=\"0\" frame=\"vsides\" cellspacing=\"0\" cellpadding=\"5\" align=\"left\">\n<tbody>\n<tr>\n<td align=\"left\" valign=\"top\" width=\"450\"><strong><a class=\"anchor\" name=\"topic03\"><\/a>Hotels:<\/strong><\/p>\n<ul>\n<li><a href=\"http:\/\/www.hotelbristol.net\/\" target=\"_blank\" rel=\"noopener nofollow noreferrer\">Hotel Bristol ****<\/a> Tel.: 0039 041 554 0389<\/li>\n<li><a href=\"http:\/\/www.ambasciatorivenezia.com\/\" target=\"_blank\" rel=\"noopener nofollow noreferrer\">Hotel Ambasciatori ***<\/a> Tel.: 0039 041 554 0660<\/li>\n<li><a href=\"http:\/\/www.hotelgrandeitalia.com\/\" target=\"_blank\" rel=\"noopener nofollow noreferrer\">Hotel Grande Italia ****<\/a> Tel.: 0039 041 400 515<\/li>\n<\/ul>\n<\/td>\n<td align=\"left\" valign=\"top\" width=\"450\"><strong>Restaurants:<\/strong><\/p>\n<ul>\n<li>Kambusa tel.0039 041400930<\/li>\n<li><a href=\"http:\/\/www.ristorantegaribaldi.com\/\" target=\"_blank\" rel=\"noopener nofollow noreferrer\">Garibaldi<\/a>, Tel.: 0039 041 554 0042<\/li>\n<li><a href=\"http:\/\/www.elgato.it\/\" target=\"_blank\" rel=\"noopener nofollow noreferrer\">El Gato<\/a>,\u00a0t\u00e9l. : 0039 041400265<\/li>\n<\/ul>\n<\/td>\n<\/tr>\n<tr>\n<td align=\"left\" valign=\"top\" width=\"450\"><\/td>\n<td align=\"left\" valign=\"top\" width=\"450\"><\/td>\n<\/tr>\n<tr>\n<td align=\"left\" valign=\"top\" width=\"450\"><strong>Gesch\u00e4fte:<\/strong><\/p>\n<ul>\n<li>In Chioggia ge\u00f6ffnet von Montag bis Samstag von 9.00 &#8211; 12.30 und 16.00 &#8211; 19.30 Uhr<\/li>\n<\/ul>\n<\/td>\n<td align=\"left\" valign=\"top\" width=\"450\"><strong>Markt:<\/strong><\/p>\n<ul>\n<li>In Chioggia Donnerstag vormittag, Fischmarkt jeden Morgen<\/li>\n<\/ul>\n<\/td>\n<\/tr>\n<\/tbody>\n<\/table>\n[\/vc_column_text][\/vc_column][\/vc_row][\/vc_section][vc_section el_id=&#8220;base-tourist&#8220;][vc_row][vc_column][mk_fancy_title font_family=&#8220;none&#8220; el_class=&#8220;base_content_title&#8220;]Touristische Informationen[\/mk_fancy_title][\/vc_column][\/vc_row][vc_row][vc_column][vc_column_text css=&#8220;.vc_custom_1613475262619{margin-bottom: 0px !important;}&#8220;]\n<table style=\"border: 0pt solid #0e84f0;\" border=\"0\" frame=\"vsides\" cellspacing=\"0\" cellpadding=\"5\" align=\"left\">\n<tbody>\n<tr>\n<td align=\"left\" valign=\"top\" width=\"450\"><strong><a class=\"anchor\" name=\"topic04\"><\/a>Gastronomische Spezialit\u00e4ten:\u00a0<\/strong><\/p>\n<ul>\n<li>Baccal\u00e0 (getrockneter Stockfisch), Bisato (Aal in Sauce), Golosessi (Obstspie\u00df in Karamel).<\/li>\n<\/ul>\n<\/td>\n<td align=\"left\" valign=\"top\" width=\"450\"><strong>Getr\u00e4nke aus der Region:<\/strong><\/p>\n<ul>\n<li>Recioto di Soave, Bardolino Superiore, Soave Superiore<\/li>\n<\/ul>\n<\/td>\n<\/tr>\n<tr>\n<td align=\"left\" valign=\"top\" width=\"450\"><strong><strong>Sehensw\u00fcrdigkeiten:<\/strong><\/strong><\/p>\n<ul>\n<li>Kathedrale Santa Maria Assunta (11. Jh.), Kirchen San Domenico (13. Jh.) und San Martino (14. Jh.), Vigo-Br\u00fccke, Stadttore, die Porta di Santa Maria Assunta, Corso del Popolo, Badestrand in Sottomarina<\/li>\n<\/ul>\n<\/td>\n<td align=\"left\" valign=\"top\" width=\"450\"><strong>Angeln:\u00a0<\/strong><\/p>\n<ul>\n<li>Auf allen Fl\u00fcssen ist eine Angelgenehmigung erforderlich. Eine Angelgenehmigung zu bestellen ist kompliziert, bitte wenden Sie sich hierf\u00fcr direkt an den Liegehafen in Chioggia, die Ihnen gerne weiterhelfen.<\/li>\n<\/ul>\n<\/td>\n<\/tr>\n<tr>\n<td align=\"left\" valign=\"top\" width=\"450\"><strong>Tourismusb\u00fcro:<\/strong><\/p>\n<ul>\n<li>CONSORZIO CON CHIOGGIA SI\u2019<br \/>\nVia Cassiopea 3330015 Chioggia<br \/>\n+39 041 401 846<\/li>\n<\/ul>\n<\/td>\n<td align=\"left\" valign=\"top\" width=\"450\"><strong>\u00a0<\/strong><\/td>\n<\/tr>\n<\/tbody>\n<\/table>\n[\/vc_column_text][\/vc_column][\/vc_row][\/vc_section][vc_section el_id=&#8220;base-waterways&#8220;][vc_row][vc_column][mk_fancy_title font_family=&#8220;none&#8220; el_class=&#8220;base_content_title&#8220;]Informationen zu den Wasserstra\u00dfen[\/mk_fancy_title][\/vc_column][\/vc_row][vc_row][vc_column][vc_column_text css=&#8220;.vc_custom_1613475277599{margin-bottom: 0px !important;}&#8220;]\n<table style=\"border: 0pt solid #0e84f0;\" border=\"0\" frame=\"vsides\" cellspacing=\"0\" cellpadding=\"5\" align=\"left\">\n<tbody>\n<tr>\n<td align=\"left\" valign=\"top\" width=\"800\"><strong><a class=\"anchor\" name=\"topic05\"><\/a>Wasserstra\u00dfen:<\/strong><\/td>\n<\/tr>\n<tr>\n<td align=\"left\" valign=\"top\" width=\"800\">Aufgrund der Gezeiten und Wassertiefe verlangt die Lagune besondere Aufmerksamkeit. Es ist erforderlich, in der Mitte der Fahrrinne zu fahren. Sonst besteht das Risiko, auf Sand aufzulaufen. Die Bergung bringt hohe Folgekosten mit sich, die nicht durch Bootsversicherung oder R\u00fcckkauf der Kaution gedeckt werden.Auf der Lagune kann man sich nur mit dem Boot fortbewegen.<\/p>\n<p>Dies bedeutet, dass mitunter 4 bis 6 Stunden Wartezeit auf den mobilen Pannendienst entstehen k\u00f6nnen. Die Fahrt auf der Lagune ist einfacher als die Fahrt auf dem Brenta-Kanal, dessen enge Schleusen mit Str\u00f6mungen besonderes Geschick erfordern und mindestens zwei gut bewegliche Personen an Bord sein m\u00fcssen. Auf dem Kanal von Brenta und auf dem Sile haben manche Schleusen und Hebebr\u00fccken besondere \u00d6ffnungszeiten.<\/td>\n<\/tr>\n<\/tbody>\n<\/table>\n[\/vc_column_text][\/vc_column][\/vc_row][\/vc_section]\n<\/div>","protected":false},"excerpt":{"rendered":"<p>[vc_row][vc_column][vc_column_text css=&#8220;.vc_custom_1616430479587{margin-bottom: 0px !important;}&#8220;] Abfahrtshafen Entdecken Sie alle Informationen und hilfreiche Tipps zu Ihrer Abfahrtsbasis[\/vc_column_text][\/vc_column][\/vc_row][vc_row fullwidth=&#8220;true&#8220; fullwidth_content=&#8220;false&#8220;][vc_column][pen_departure_filter][\/vc_column][\/vc_row][vc_section el_id=&#8220;direction-formalities&#8220; css=&#8220;.vc_custom_1601285129565{border-radius: 2px !important;}&#8220;][vc_row css=&#8220;.vc_custom_1601283567019{border-radius: 2px !important;}&#8220;][vc_column][mk_fancy_title font_family=&#8220;none&#8220; el_class=&#8220;base_content_title&#8220;]Anschrift[\/mk_fancy_title][\/vc_column][\/vc_row][vc_row][vc_column][vc_row_inner][vc_column_inner width=&#8220;1\/2&#8243;][vc_column_text css=&#8220;.vc_custom_1601282488530{margin-bottom: 0px !important;}&#8220;][\/vc_column_text][\/vc_column_inner][vc_column_inner width=&#8220;1\/2&#8243;][vc_column_text css=&#8220;.vc_custom_1613475203296{margin-bottom: 0px !important;}&#8220;] Rendez-vous Fantasia Isola dell&#8217;Unione IT, CHIOGGIA (VE) 30015 _ \u2709:\u00a0\u00a0info@charterboat.it T: +39 041 55 10 400 F: +39 041 55 00 [&hellip;]<\/p>\n","protected":false},"author":4,"featured_media":178,"parent":527,"menu_order":0,"comment_status":"closed","ping_status":"closed","template":"template-departure-base.php","meta":{"footnotes":""},"class_list":["post-538","page","type-page","status-publish","has-post-thumbnail","hentry"],"yoast_head":"<!-- This site is optimized with the Yoast SEO plugin v25.5 - https:\/\/yoast.com\/wordpress\/plugins\/seo\/ -->\n<title>Chioggia -<\/title>\n<meta name=\"robots\" content=\"index, follow, max-snippet:-1, max-image-preview:large, max-video-preview:-1\" \/>\n<link rel=\"canonical\" href=\"https:\/\/www.penichette.com\/de\/abfahrtshafen\/italien\/chioggia\/\" \/>\n<meta property=\"og:locale\" content=\"de_DE\" \/>\n<meta property=\"og:type\" content=\"article\" \/>\n<meta property=\"og:title\" content=\"Chioggia -\" \/>\n<meta property=\"og:description\" content=\"[vc_row][vc_column][vc_column_text css=&#8220;.vc_custom_1616430479587{margin-bottom: 0px !important;}&#8220;] Abfahrtshafen Entdecken Sie alle Informationen und hilfreiche Tipps zu Ihrer Abfahrtsbasis[\/vc_column_text][\/vc_column][\/vc_row][vc_row fullwidth=&#8220;true&#8220; fullwidth_content=&#8220;false&#8220;][vc_column][pen_departure_filter][\/vc_column][\/vc_row][vc_section el_id=&#8220;direction-formalities&#8220; css=&#8220;.vc_custom_1601285129565{border-radius: 2px !important;}&#8220;][vc_row css=&#8220;.vc_custom_1601283567019{border-radius: 2px !important;}&#8220;][vc_column][mk_fancy_title font_family=&#8220;none&#8220; el_class=&#8220;base_content_title&#8220;]Anschrift[\/mk_fancy_title][\/vc_column][\/vc_row][vc_row][vc_column][vc_row_inner][vc_column_inner width=&#8220;1\/2&#8243;][vc_column_text css=&#8220;.vc_custom_1601282488530{margin-bottom: 0px !important;}&#8220;][\/vc_column_text][\/vc_column_inner][vc_column_inner width=&#8220;1\/2&#8243;][vc_column_text css=&#8220;.vc_custom_1613475203296{margin-bottom: 0px !important;}&#8220;] Rendez-vous Fantasia Isola dell&#8217;Unione IT, CHIOGGIA (VE) 30015 _ \u2709:\u00a0\u00a0info@charterboat.it T: +39 041 55 10 400 F: +39 041 55 00 [&hellip;]\" \/>\n<meta property=\"og:url\" content=\"https:\/\/www.penichette.com\/de\/abfahrtshafen\/italien\/chioggia\/\" \/>\n<meta property=\"og:site_name\" content=\"Penichette.com\" \/>\n<meta property=\"article:modified_time\" content=\"2023-01-02T11:54:44+00:00\" \/>\n<meta property=\"og:image\" content=\"https:\/\/www.penichette.com\/wp-content\/uploads\/2014\/12\/photo-base-de-depart1.jpg\" \/>\n\t<meta property=\"og:image:width\" content=\"980\" \/>\n\t<meta property=\"og:image:height\" content=\"500\" \/>\n\t<meta property=\"og:image:type\" content=\"image\/jpeg\" \/>\n<meta name=\"twitter:card\" content=\"summary_large_image\" \/>\n<meta name=\"twitter:label1\" content=\"Gesch\u00e4tzte Lesezeit\" \/>\n\t<meta name=\"twitter:data1\" content=\"4\u00a0Minuten\" \/>\n<script type=\"application\/ld+json\" class=\"yoast-schema-graph\">{\"@context\":\"https:\/\/schema.org\",\"@graph\":[{\"@type\":\"WebPage\",\"@id\":\"https:\/\/www.penichette.com\/de\/abfahrtshafen\/italien\/chioggia\/\",\"url\":\"https:\/\/www.penichette.com\/de\/abfahrtshafen\/italien\/chioggia\/\",\"name\":\"Chioggia -\",\"isPartOf\":{\"@id\":\"https:\/\/www.penichette.com\/#website\"},\"primaryImageOfPage\":{\"@id\":\"https:\/\/www.penichette.com\/de\/abfahrtshafen\/italien\/chioggia\/#primaryimage\"},\"image\":{\"@id\":\"https:\/\/www.penichette.com\/de\/abfahrtshafen\/italien\/chioggia\/#primaryimage\"},\"thumbnailUrl\":\"https:\/\/www.penichette.com\/wp-content\/uploads\/2014\/12\/photo-base-de-depart1.jpg\",\"datePublished\":\"2015-01-11T19:39:04+00:00\",\"dateModified\":\"2023-01-02T11:54:44+00:00\",\"breadcrumb\":{\"@id\":\"https:\/\/www.penichette.com\/de\/abfahrtshafen\/italien\/chioggia\/#breadcrumb\"},\"inLanguage\":\"de\",\"potentialAction\":[{\"@type\":\"ReadAction\",\"target\":[\"https:\/\/www.penichette.com\/de\/abfahrtshafen\/italien\/chioggia\/\"]}]},{\"@type\":\"ImageObject\",\"inLanguage\":\"de\",\"@id\":\"https:\/\/www.penichette.com\/de\/abfahrtshafen\/italien\/chioggia\/#primaryimage\",\"url\":\"https:\/\/www.penichette.com\/wp-content\/uploads\/2014\/12\/photo-base-de-depart1.jpg\",\"contentUrl\":\"https:\/\/www.penichette.com\/wp-content\/uploads\/2014\/12\/photo-base-de-depart1.jpg\",\"width\":980,\"height\":500},{\"@type\":\"BreadcrumbList\",\"@id\":\"https:\/\/www.penichette.com\/de\/abfahrtshafen\/italien\/chioggia\/#breadcrumb\",\"itemListElement\":[{\"@type\":\"ListItem\",\"position\":1,\"name\":\"Zuhause\",\"item\":\"https:\/\/www.penichette.com\/de\/\"},{\"@type\":\"ListItem\",\"position\":2,\"name\":\"Abfahrtshafen\",\"item\":\"https:\/\/www.penichette.com\/de\/abfahrtshafen\/\"},{\"@type\":\"ListItem\",\"position\":3,\"name\":\"Italien\",\"item\":\"https:\/\/www.penichette.com\/de\/abfahrtshafen\/italien\/\"},{\"@type\":\"ListItem\",\"position\":4,\"name\":\"Chioggia\"}]},{\"@type\":\"WebSite\",\"@id\":\"https:\/\/www.penichette.com\/#website\",\"url\":\"https:\/\/www.penichette.com\/\",\"name\":\"Penichette.com\",\"description\":\"\",\"potentialAction\":[{\"@type\":\"SearchAction\",\"target\":{\"@type\":\"EntryPoint\",\"urlTemplate\":\"https:\/\/www.penichette.com\/?s={search_term_string}\"},\"query-input\":{\"@type\":\"PropertyValueSpecification\",\"valueRequired\":true,\"valueName\":\"search_term_string\"}}],\"inLanguage\":\"de\"}]}<\/script>\n<!-- \/ Yoast SEO plugin. -->","yoast_head_json":{"title":"Chioggia -","robots":{"index":"index","follow":"follow","max-snippet":"max-snippet:-1","max-image-preview":"max-image-preview:large","max-video-preview":"max-video-preview:-1"},"canonical":"https:\/\/www.penichette.com\/de\/abfahrtshafen\/italien\/chioggia\/","og_locale":"de_DE","og_type":"article","og_title":"Chioggia -","og_description":"[vc_row][vc_column][vc_column_text css=&#8220;.vc_custom_1616430479587{margin-bottom: 0px !important;}&#8220;] Abfahrtshafen Entdecken Sie alle Informationen und hilfreiche Tipps zu Ihrer Abfahrtsbasis[\/vc_column_text][\/vc_column][\/vc_row][vc_row fullwidth=&#8220;true&#8220; fullwidth_content=&#8220;false&#8220;][vc_column][pen_departure_filter][\/vc_column][\/vc_row][vc_section el_id=&#8220;direction-formalities&#8220; css=&#8220;.vc_custom_1601285129565{border-radius: 2px !important;}&#8220;][vc_row css=&#8220;.vc_custom_1601283567019{border-radius: 2px !important;}&#8220;][vc_column][mk_fancy_title font_family=&#8220;none&#8220; el_class=&#8220;base_content_title&#8220;]Anschrift[\/mk_fancy_title][\/vc_column][\/vc_row][vc_row][vc_column][vc_row_inner][vc_column_inner width=&#8220;1\/2&#8243;][vc_column_text css=&#8220;.vc_custom_1601282488530{margin-bottom: 0px !important;}&#8220;][\/vc_column_text][\/vc_column_inner][vc_column_inner width=&#8220;1\/2&#8243;][vc_column_text css=&#8220;.vc_custom_1613475203296{margin-bottom: 0px !important;}&#8220;] Rendez-vous Fantasia Isola dell&#8217;Unione IT, CHIOGGIA (VE) 30015 _ \u2709:\u00a0\u00a0info@charterboat.it T: +39 041 55 10 400 F: +39 041 55 00 [&hellip;]","og_url":"https:\/\/www.penichette.com\/de\/abfahrtshafen\/italien\/chioggia\/","og_site_name":"Penichette.com","article_modified_time":"2023-01-02T11:54:44+00:00","og_image":[{"width":980,"height":500,"url":"https:\/\/www.penichette.com\/wp-content\/uploads\/2014\/12\/photo-base-de-depart1.jpg","type":"image\/jpeg"}],"twitter_card":"summary_large_image","twitter_misc":{"Gesch\u00e4tzte Lesezeit":"4\u00a0Minuten"},"schema":{"@context":"https:\/\/schema.org","@graph":[{"@type":"WebPage","@id":"https:\/\/www.penichette.com\/de\/abfahrtshafen\/italien\/chioggia\/","url":"https:\/\/www.penichette.com\/de\/abfahrtshafen\/italien\/chioggia\/","name":"Chioggia -","isPartOf":{"@id":"https:\/\/www.penichette.com\/#website"},"primaryImageOfPage":{"@id":"https:\/\/www.penichette.com\/de\/abfahrtshafen\/italien\/chioggia\/#primaryimage"},"image":{"@id":"https:\/\/www.penichette.com\/de\/abfahrtshafen\/italien\/chioggia\/#primaryimage"},"thumbnailUrl":"https:\/\/www.penichette.com\/wp-content\/uploads\/2014\/12\/photo-base-de-depart1.jpg","datePublished":"2015-01-11T19:39:04+00:00","dateModified":"2023-01-02T11:54:44+00:00","breadcrumb":{"@id":"https:\/\/www.penichette.com\/de\/abfahrtshafen\/italien\/chioggia\/#breadcrumb"},"inLanguage":"de","potentialAction":[{"@type":"ReadAction","target":["https:\/\/www.penichette.com\/de\/abfahrtshafen\/italien\/chioggia\/"]}]},{"@type":"ImageObject","inLanguage":"de","@id":"https:\/\/www.penichette.com\/de\/abfahrtshafen\/italien\/chioggia\/#primaryimage","url":"https:\/\/www.penichette.com\/wp-content\/uploads\/2014\/12\/photo-base-de-depart1.jpg","contentUrl":"https:\/\/www.penichette.com\/wp-content\/uploads\/2014\/12\/photo-base-de-depart1.jpg","width":980,"height":500},{"@type":"BreadcrumbList","@id":"https:\/\/www.penichette.com\/de\/abfahrtshafen\/italien\/chioggia\/#breadcrumb","itemListElement":[{"@type":"ListItem","position":1,"name":"Zuhause","item":"https:\/\/www.penichette.com\/de\/"},{"@type":"ListItem","position":2,"name":"Abfahrtshafen","item":"https:\/\/www.penichette.com\/de\/abfahrtshafen\/"},{"@type":"ListItem","position":3,"name":"Italien","item":"https:\/\/www.penichette.com\/de\/abfahrtshafen\/italien\/"},{"@type":"ListItem","position":4,"name":"Chioggia"}]},{"@type":"WebSite","@id":"https:\/\/www.penichette.com\/#website","url":"https:\/\/www.penichette.com\/","name":"Penichette.com","description":"","potentialAction":[{"@type":"SearchAction","target":{"@type":"EntryPoint","urlTemplate":"https:\/\/www.penichette.com\/?s={search_term_string}"},"query-input":{"@type":"PropertyValueSpecification","valueRequired":true,"valueName":"search_term_string"}}],"inLanguage":"de"}]}},"_links":{"self":[{"href":"https:\/\/www.penichette.com\/de\/wp-json\/wp\/v2\/pages\/538","targetHints":{"allow":["GET"]}}],"collection":[{"href":"https:\/\/www.penichette.com\/de\/wp-json\/wp\/v2\/pages"}],"about":[{"href":"https:\/\/www.penichette.com\/de\/wp-json\/wp\/v2\/types\/page"}],"author":[{"embeddable":true,"href":"https:\/\/www.penichette.com\/de\/wp-json\/wp\/v2\/users\/4"}],"replies":[{"embeddable":true,"href":"https:\/\/www.penichette.com\/de\/wp-json\/wp\/v2\/comments?post=538"}],"version-history":[{"count":19,"href":"https:\/\/www.penichette.com\/de\/wp-json\/wp\/v2\/pages\/538\/revisions"}],"predecessor-version":[{"id":5805,"href":"https:\/\/www.penichette.com\/de\/wp-json\/wp\/v2\/pages\/538\/revisions\/5805"}],"up":[{"embeddable":true,"href":"https:\/\/www.penichette.com\/de\/wp-json\/wp\/v2\/pages\/527"}],"wp:featuredmedia":[{"embeddable":true,"href":"https:\/\/www.penichette.com\/de\/wp-json\/wp\/v2\/media\/178"}],"wp:attachment":[{"href":"https:\/\/www.penichette.com\/de\/wp-json\/wp\/v2\/media?parent=538"}],"curies":[{"name":"wp","href":"https:\/\/api.w.org\/{rel}","templated":true}]}}