{"id":542,"date":"2015-01-11T20:39:56","date_gmt":"2015-01-11T19:39:56","guid":{"rendered":"http:\/\/hosting-penichette.bertrandlepage.fr\/?page_id=542"},"modified":"2025-04-10T13:25:41","modified_gmt":"2025-04-10T12:25:41","slug":"loosdrecht","status":"publish","type":"page","link":"https:\/\/www.penichette.com\/de\/abfahrtshafen\/holland\/loosdrecht\/","title":{"rendered":"Loosdrecht"},"content":{"rendered":"<div class=\"wpb-content-wrapper\">[vc_row][vc_column][vc_column_text css=&#8220;.vc_custom_1616430455120{margin-bottom: 0px !important;}&#8220;]\n<h3><strong>Abfahrtshafen<\/strong><\/h3>\n<p><em>Entdecken Sie alle Informationen und hilfreiche Tipps zu Ihrer Abfahrtsbasis<\/em>[\/vc_column_text][\/vc_column][\/vc_row][vc_row fullwidth=&#8220;true&#8220; fullwidth_content=&#8220;false&#8220;][vc_column][pen_departure_filter][\/vc_column][\/vc_row][vc_section el_id=&#8220;direction-formalities&#8220; css=&#8220;.vc_custom_1601285129565{border-radius: 2px !important;}&#8220;][vc_row css=&#8220;.vc_custom_1601283567019{border-radius: 2px !important;}&#8220;][vc_column][mk_fancy_title font_family=&#8220;none&#8220; el_class=&#8220;base_content_title&#8220;]Anschrift[\/mk_fancy_title][\/vc_column][\/vc_row][vc_row][vc_column][vc_row_inner][vc_column_inner width=&#8220;1\/2&#8243;][vc_column_text css=&#8220;.vc_custom_1601282488530{margin-bottom: 0px !important;}&#8220;]<iframe loading=\"lazy\" style=\"border: 0;\" src=\"https:\/\/www.google.com\/maps\/embed?pb=!1m18!1m12!1m3!1d2445.433455621862!2d5.03173281579553!3d52.199170079754644!2m3!1f0!2f0!3f0!3m2!1i1024!2i768!4f13.1!3m3!1m2!1s0x0%3A0x349852296f6bc54f!2sLocaboat%20Holidays%20Loosdrecht%20-%20Hausboot%20mieten%20Holland%20%26%20Amsterdam!5e0!3m2!1sfr!2sfr!4v1596112388529!5m2!1sfr!2sfr\" width=\"100%\" height=\"350\" frameborder=\"0\" allowfullscreen=\"allowfullscreen\"><\/iframe>[\/vc_column_text][\/vc_column_inner][vc_column_inner width=&#8220;1\/2&#8243;][vc_column_text css=&#8220;.vc_custom_1617716288731{margin-bottom: 0px !important;}&#8220;]\n<div>\n<div><strong>Locaboat Holidays<\/strong><br \/>\nOud-Loosdrechtsedijk 249 A-D<br \/>\nLoosdrecht, NL 1231 LX<\/div>\n<\/div>\n<div>_<\/div>\n<div><\/div>\n<div>\n<div><abbr title=\"Email\"><span class=\"base-msg-icon\">\u2709<\/span>:<\/abbr>\u00a0 loosdrecht@locaboat.com<\/div>\n<div>\n<p><abbr title=\"Tel\">T:<\/abbr> + 31 (0) 294 237 742<\/p>\n<p><abbr title=\"GPS\">G:<\/abbr> N 52\u00b012&#8242; 24.8 E 05\u00b004&#8217;27.2<\/p>\n<\/div>\n<\/div>\n[\/vc_column_text][\/vc_column_inner][\/vc_row_inner][vc_row_inner][vc_column_inner][vc_column_text css=&#8220;.vc_custom_1676304596237{margin-bottom: 0px !important;}&#8220;]\n<table style=\"border: 0pt solid #0e84f0;\" border=\"0\" frame=\"vsides\" cellspacing=\"0\" cellpadding=\"5\" align=\"left\">\n<tbody>\n<tr>\n<td style=\"margin-bottom: 20px;\" align=\"left\" valign=\"top\" width=\"450\"><strong>Empfang &amp; Formalit\u00e4ten:<\/strong><\/p>\n<p>An den Abfahrtstagen zwischen 14 und 18 Uhr.<\/td>\n<td style=\"margin-bottom: 20px;\" align=\"left\" valign=\"top\" width=\"450\"><strong>\u00dcbernahme:<\/strong><\/p>\n<p>Das Boot wird \u00fcbergeben, sobald es fertig ist.<\/td>\n<\/tr>\n<tr>\n<td style=\"margin-bottom: 20px;\" align=\"left\" valign=\"top\" width=\"450\"><strong>Vor Ort:<\/strong><\/p>\n<p>WC \/ Dusche benutzbar w\u00e4hrend der \u00d6ffnungszeiten des Liegehafens, Restaurant, WIFI<\/td>\n<td style=\"margin-bottom: 20px;\" align=\"left\" valign=\"top\" width=\"450\"><\/td>\n<\/tr>\n<\/tbody>\n<\/table>\n[\/vc_column_text][\/vc_column_inner][\/vc_row_inner][\/vc_column][\/vc_row][\/vc_section][vc_section el_id=&#8220;how-to-get-base&#8220;][vc_row][vc_column][mk_fancy_title font_family=&#8220;none&#8220; el_class=&#8220;base_content_title&#8220;]So kommen Sie zum Liegehafen[\/mk_fancy_title][\/vc_column][\/vc_row][vc_row][vc_column][vc_column_text css=&#8220;.vc_custom_1744185174123{margin-bottom: 0px !important;}&#8220;]\n<table style=\"border: 0pt solid #0e84f0;\" border=\"0\" frame=\"vsides\" cellspacing=\"0\" cellpadding=\"5\" align=\"left\">\n<tbody>\n<tr>\n<td align=\"left\" valign=\"top\" width=\"450\"><strong><a class=\"anchor\" name=\"topic02\"><\/a>Anreise:<\/strong><\/p>\n<ul>\n<li>Bahnhof Hilversum,<\/li>\n<li><a href=\"http:\/\/ns.nl\/en\" target=\"_blank\" rel=\"noopener nofollow noreferrer\">Bahnhof Amsterdam Centraal<\/a> (28 km, ICE-Verbindung)<\/li>\n<li><a href=\"http:\/\/www.ns.nl\/en\" target=\"_blank\" rel=\"noopener nofollow noreferrer\">Bahnhof Utrecht<\/a> (22 km, ICE-Verbindung)<\/li>\n<li><a href=\"http:\/\/www.schiphol.nl\/\" target=\"_blank\" rel=\"noopener nofollow noreferrer\">Flughafen Amsterdam Schiphol<\/a> (35 km)<\/li>\n<\/ul>\n<\/td>\n<td align=\"left\" valign=\"top\" width=\"450\"><strong>Parkplatz:<\/strong><\/p>\n<ul>\n<li>Umz\u00e4umt : 42\u20ac\/Woche (max.1PKW-Parkplatz pro Boot garantiert).<\/li>\n<li>Reservierung im Voraus am Liegehafen erforderlich.<\/li>\n<\/ul>\n<\/td>\n<\/tr>\n<tr>\n<td align=\"left\" valign=\"top\" width=\"450\"><strong>Busverbindungen:<\/strong><\/p>\n<ul>\n<li>Utrecht via Breukelen-&gt; Loenen Bus 120<\/li>\n<li>Loenen -&gt; Loosdrecht (stop \u2018Hotel\u2019) Bus 121<\/li>\n<li>Hilversum Bahnhof -&gt; Loosdrecht (stop \u2018Hotel\u2019) \u00a0Bus 121<\/li>\n<\/ul>\n<\/td>\n<td align=\"left\" valign=\"top\" width=\"450\"><strong>Dies sind die Preise f\u00fcr Wohnmobil-Stellpl\u00e4tze:<\/strong><\/p>\n<ul>\n<li>3,00\u202f\u20ac pro Meter und Tag<\/li>\n<li>Mindestpreis: 18,00\u202f\u20ac pro Tag<\/li>\n<li>Bei einer Breite \u00fcber 2,5 Metern betr\u00e4gt der Preis 4,00\u202f\u20ac pro Meter und Tag<\/li>\n<\/ul>\n<\/td>\n<\/tr>\n<tr>\n<td align=\"left\" valign=\"top\" width=\"450\"><strong>Autovermietung:<\/strong><\/p>\n<ul>\n<li><a href=\"http:\/\/www.avis.com\" target=\"_blank\" rel=\"noopener nofollow noreferrer\">Avis<\/a> (Utrecht, 20 km) Tel.: 0302 939433<\/li>\n<li><a href=\"http:\/\/www.europcar.com\" target=\"_blank\" rel=\"noopener nofollow noreferrer\">Europcar<\/a> (Utrecht, 20 km) Tel.: 0302 964181<\/li>\n<li><a href=\"http:\/\/www.sixt.com\" target=\"_blank\" rel=\"noopener nofollow noreferrer\">Sixt<\/a> (Hilversum, 12 km) Tel.: 0235 698656<\/li>\n<\/ul>\n<\/td>\n<td align=\"left\" valign=\"top\" width=\"450\"><strong>Taxi:<\/strong><\/p>\n<ul>\n<li>Limo4u Tel.: 06 2606 8999<\/li>\n<\/ul>\n<\/td>\n<\/tr>\n<\/tbody>\n<\/table>\n[\/vc_column_text][\/vc_column][\/vc_row][\/vc_section][vc_section el_id=&#8220;base-tourist&#8220;][vc_row][vc_column][mk_fancy_title font_family=&#8220;none&#8220; el_class=&#8220;base_content_title&#8220;]Unterk\u00fcnfte, Gastst\u00e4tten und Einkaufsm\u00f6glichkeiten vor Ort[\/mk_fancy_title][\/vc_column][\/vc_row][vc_row][vc_column][vc_column_text css=&#8220;.vc_custom_1744010661429{margin-bottom: 0px !important;}&#8220;]\n<table style=\"border: 0pt solid #0e84f0;\" border=\"0\" frame=\"vsides\" cellspacing=\"0\" cellpadding=\"5\" align=\"left\">\n<tbody>\n<tr>\n<td align=\"left\" valign=\"top\" width=\"450\"><strong><a class=\"anchor\" name=\"topic03\"><\/a>Hotels:<\/strong><\/p>\n<ul>\n<li><a href=\"https:\/\/www.fletcherhotelloosdrecht.nl\/de\/\">Fletcher Hotel\/Restaurant<\/a>\u00a0\u2013 Oud Loosdrechtsedijk 253 \u2013 Tel: +31 355824904<\/li>\n<li>Heineke \u2013 Oud Loosdrechtsedijk 166 \u2013 Tel: +31 255823408<\/li>\n<\/ul>\n<\/td>\n<td align=\"left\" valign=\"top\" width=\"450\"><strong>Restaurants:<\/strong><\/p>\n<ul>\n<li><a href=\"http:\/\/www.restaurantamsterdammertje.nl\/\" target=\"_blank\" rel=\"noopener nofollow noreferrer\">&#8218;t Amsterdammertje<\/a> (Loenen, 4 km) Tel.: 0294 234848<\/li>\n<li><a href=\"https:\/\/restaurant-robberse-eiland.nl\/\">Robberse Eiland<\/a> \u2013 Oud Loosdrechtsedijk 234 \u2013 Tel +31 620302208 (montags und dienstags geschlossen)<\/li>\n<li><a href=\"https:\/\/dehavenclub.com\/\">De Haven Club<\/a>, (400m) Boegspriet 25 &#8211; Oud-Loosdrecht \u2013 T<span style=\"font-family: inherit; font-size: inherit;\">el +31619766732\u00a0<\/span><\/li>\n<li><a href=\"https:\/\/www.fletcherhotelloosdrecht.nl\/de\/\">Fletcher Hotel\/Restaurant<\/a> \u2013 Oud Loosdrechtsedijk 253 \u2013 Tel: +31 355824904<\/li>\n<\/ul>\n<\/td>\n<\/tr>\n<tr>\n<td align=\"left\" valign=\"top\" width=\"450\"><\/td>\n<td align=\"left\" valign=\"top\" width=\"450\"><\/td>\n<\/tr>\n<tr>\n<td align=\"left\" valign=\"top\" width=\"450\"><strong>Gesch\u00e4fte:<\/strong><\/p>\n<ul>\n<li>In Loenen (4 km) JUMBO Supermarkt. Mo-Sa 8-21 Uhr, So 12-17 Uhr<\/li>\n<li><span lang=\"nl\"><b data-olk-copy-source=\"MessageBody\">Albert Heijn<\/b>\u00a0(600<\/span><span lang=\"nl\">\u202f<\/span><span lang=\"nl\">m entfernt), Oud Loosdrechtsedijk 182 in Oud-Loosdrecht.\u00a0<\/span>Ge\u00f6ffnet: Montag bis Samstag von 8:00 bis 20:00 Uhr, Sonntag von 9:00 bis 18:00 Uhr<\/li>\n<\/ul>\n<\/td>\n<td align=\"left\" valign=\"top\" width=\"450\"><strong>Markt:<\/strong><\/p>\n<ul>\n<li><span data-olk-copy-source=\"MessageBody\"><b>Wochenmarkt in Nieuw-Loosdrecht<\/b>, Lindelaan (5<\/span>\u202fkm entfernt), jeden Donnerstag von 8:00 bis 17:00 Uhr<\/li>\n<li><b>Wochenmarkt in Breukelen<\/b>, Kerkbrink (9\u202fkm entfernt), jeden Freitag von 9:00 bis 17:00 Uhr<\/li>\n<li><b>Wochenmarkt in Loenen aan de Vecht<\/b>, an der \u201eSpinnerie\u201c (5\u202fkm entfernt), jeden Dienstag von 9:00 bis 13:00 Uhr<\/li>\n<\/ul>\n<\/td>\n<\/tr>\n<\/tbody>\n<\/table>\n[\/vc_column_text][\/vc_column][\/vc_row][\/vc_section][vc_section el_id=&#8220;base-tourist&#8220;][vc_row][vc_column][mk_fancy_title font_family=&#8220;none&#8220; el_class=&#8220;base_content_title&#8220;]Touristische Informationen[\/mk_fancy_title][\/vc_column][\/vc_row][vc_row][vc_column][vc_column_text css=&#8220;.vc_custom_1743415406169{margin-bottom: 0px !important;}&#8220;]\n<table style=\"border: 0pt solid #0e84f0;\" border=\"0\" frame=\"vsides\" cellspacing=\"0\" cellpadding=\"5\" align=\"left\">\n<tbody>\n<tr>\n<td align=\"left\" valign=\"top\" width=\"450\"><strong><a class=\"anchor\" name=\"topic04\"><\/a>Gastronomische Spezialit\u00e4ten: <\/strong><\/p>\n<ul>\n<li>Frischer Hering, frittierte Snacks, ger\u00e4ucherter Aal<\/li>\n<\/ul>\n<\/td>\n<td align=\"left\" valign=\"top\" width=\"450\"><strong>Getr\u00e4nke aus der Region:\u00a0<\/strong><\/p>\n<ul>\n<li>Amstel Tapbier und Ros\u00e9<\/li>\n<\/ul>\n<\/td>\n<\/tr>\n<tr>\n<td align=\"left\" valign=\"top\" width=\"450\"><strong><strong>Sehensw\u00fcrdigkeiten:<\/strong><\/strong><\/p>\n<ul>\n<li>Schloss Sypenstein, Nieuw-Loosdrecht<\/li>\n<li>Tourismus-Website von Gooi &amp; Vecht |<a title=\"https:\/\/www.visitgooivecht.nl\" href=\"https:\/\/www.visitgooivecht.nl\/\" data-auth=\"NotApplicable\" data-linkindex=\"0\">\u00a0Gooi &amp; Vecht<\/a>\u00a0besuchen<\/li>\n<\/ul>\n<\/td>\n<td align=\"left\" valign=\"top\" width=\"450\"><strong>Angeln: <\/strong><\/p>\n<ul>\n<li>Nur in bestimmten Bereichen erlaubt.<strong>\u00a0<\/strong>Angelkarte ben\u00f6tigt.\u00a0Preis 15-45\u20ac. Mehr Informationen unter www.sportvisserijnederland.nlKarpfen, Wei\u00dffische, Aale, Zander, Hecht<\/li>\n<\/ul>\n<\/td>\n<\/tr>\n<tr>\n<td align=\"left\" valign=\"top\" width=\"450\"><strong>Tourismusb\u00fcro:<\/strong><\/p>\n<ul>\n<li>VVV Loosdrecht, (600m) Oud Loosdrechtsedijk 186b &#8211; Oud-Loosdrecht &#8211; Tel. : +31 35 888 4665<\/li>\n<\/ul>\n<\/td>\n<td align=\"left\" valign=\"top\" width=\"450\"><strong>\u00a0<\/strong><\/td>\n<\/tr>\n<\/tbody>\n<\/table>\n[\/vc_column_text][\/vc_column][\/vc_row][\/vc_section][vc_section el_id=&#8220;base-waterways&#8220;][vc_row][vc_column][mk_fancy_title font_family=&#8220;none&#8220; el_class=&#8220;base_content_title&#8220;]Informationen zu den Wasserstra\u00dfen[\/mk_fancy_title][\/vc_column][\/vc_row][vc_row][vc_column][vc_column_text css=&#8220;.vc_custom_1744287939178{margin-bottom: 0px !important;}&#8220;]\n<table style=\"border: 0pt solid #0e84f0;\" border=\"0\" frame=\"vsides\" cellspacing=\"0\" cellpadding=\"5\" align=\"left\">\n<tbody>\n<tr>\n<td align=\"left\" valign=\"top\" width=\"800\"><strong><a class=\"anchor\" name=\"topic05\"><\/a>Wasserstra\u00dfen:<\/strong><\/td>\n<\/tr>\n<tr>\n<td align=\"left\" valign=\"top\" width=\"800\">Schleusen und Hebebr\u00fccken werden in Holland gepflegt. Oft wird um die Entrichtung einer kleinen Geb\u00fchr gebeten (6 &#8211; 9 \u20ac). Die Yachth\u00e4fen erheben eine Liegegeb\u00fchr. F\u00fcr das Parken und\/oder Durchfahren mancher St\u00e4dte kann auch eine Geb\u00fchr verlangt werden.<\/p>\n<p>Vor dem 15.4. und nach dem 15.10. sind manche Kan\u00e4le ganz und andere sonntags geschlossen. Die Vecht bleibt jedoch ge\u00f6ffnet. Bitte informieren Sie sich vor Reiseantritt.<\/td>\n<\/tr>\n<\/tbody>\n<\/table>\n[\/vc_column_text][\/vc_column][\/vc_row][\/vc_section]\n<\/div>","protected":false},"excerpt":{"rendered":"<p>[vc_row][vc_column][vc_column_text css=&#8220;.vc_custom_1616430455120{margin-bottom: 0px !important;}&#8220;] Abfahrtshafen Entdecken Sie alle Informationen und hilfreiche Tipps zu Ihrer Abfahrtsbasis[\/vc_column_text][\/vc_column][\/vc_row][vc_row fullwidth=&#8220;true&#8220; fullwidth_content=&#8220;false&#8220;][vc_column][pen_departure_filter][\/vc_column][\/vc_row][vc_section el_id=&#8220;direction-formalities&#8220; css=&#8220;.vc_custom_1601285129565{border-radius: 2px !important;}&#8220;][vc_row css=&#8220;.vc_custom_1601283567019{border-radius: 2px !important;}&#8220;][vc_column][mk_fancy_title font_family=&#8220;none&#8220; el_class=&#8220;base_content_title&#8220;]Anschrift[\/mk_fancy_title][\/vc_column][\/vc_row][vc_row][vc_column][vc_row_inner][vc_column_inner width=&#8220;1\/2&#8243;][vc_column_text css=&#8220;.vc_custom_1601282488530{margin-bottom: 0px !important;}&#8220;][\/vc_column_text][\/vc_column_inner][vc_column_inner width=&#8220;1\/2&#8243;][vc_column_text css=&#8220;.vc_custom_1617716288731{margin-bottom: 0px !important;}&#8220;] Locaboat Holidays Oud-Loosdrechtsedijk 249 A-D Loosdrecht, NL 1231 LX _ \u2709:\u00a0 loosdrecht@locaboat.com T: + 31 (0) 294 237 742 G: N [&hellip;]<\/p>\n","protected":false},"author":4,"featured_media":178,"parent":519,"menu_order":0,"comment_status":"closed","ping_status":"closed","template":"template-departure-base.php","meta":{"footnotes":""},"class_list":["post-542","page","type-page","status-publish","has-post-thumbnail","hentry"],"yoast_head":"<!-- This site is optimized with the Yoast SEO plugin v25.5 - https:\/\/yoast.com\/wordpress\/plugins\/seo\/ -->\n<title>Loosdrecht -<\/title>\n<meta name=\"robots\" content=\"index, follow, max-snippet:-1, max-image-preview:large, max-video-preview:-1\" \/>\n<link rel=\"canonical\" href=\"https:\/\/www.penichette.com\/de\/abfahrtshafen\/holland\/loosdrecht\/\" \/>\n<meta property=\"og:locale\" content=\"de_DE\" \/>\n<meta property=\"og:type\" content=\"article\" \/>\n<meta property=\"og:title\" content=\"Loosdrecht -\" \/>\n<meta property=\"og:description\" content=\"[vc_row][vc_column][vc_column_text css=&#8220;.vc_custom_1616430455120{margin-bottom: 0px !important;}&#8220;] Abfahrtshafen Entdecken Sie alle Informationen und hilfreiche Tipps zu Ihrer Abfahrtsbasis[\/vc_column_text][\/vc_column][\/vc_row][vc_row fullwidth=&#8220;true&#8220; fullwidth_content=&#8220;false&#8220;][vc_column][pen_departure_filter][\/vc_column][\/vc_row][vc_section el_id=&#8220;direction-formalities&#8220; css=&#8220;.vc_custom_1601285129565{border-radius: 2px !important;}&#8220;][vc_row css=&#8220;.vc_custom_1601283567019{border-radius: 2px !important;}&#8220;][vc_column][mk_fancy_title font_family=&#8220;none&#8220; el_class=&#8220;base_content_title&#8220;]Anschrift[\/mk_fancy_title][\/vc_column][\/vc_row][vc_row][vc_column][vc_row_inner][vc_column_inner width=&#8220;1\/2&#8243;][vc_column_text css=&#8220;.vc_custom_1601282488530{margin-bottom: 0px !important;}&#8220;][\/vc_column_text][\/vc_column_inner][vc_column_inner width=&#8220;1\/2&#8243;][vc_column_text css=&#8220;.vc_custom_1617716288731{margin-bottom: 0px !important;}&#8220;] Locaboat Holidays Oud-Loosdrechtsedijk 249 A-D Loosdrecht, NL 1231 LX _ \u2709:\u00a0 loosdrecht@locaboat.com T: + 31 (0) 294 237 742 G: N [&hellip;]\" \/>\n<meta property=\"og:url\" content=\"https:\/\/www.penichette.com\/de\/abfahrtshafen\/holland\/loosdrecht\/\" \/>\n<meta property=\"og:site_name\" content=\"Penichette.com\" \/>\n<meta property=\"article:modified_time\" content=\"2025-04-10T12:25:41+00:00\" \/>\n<meta property=\"og:image\" content=\"https:\/\/www.penichette.com\/wp-content\/uploads\/2014\/12\/photo-base-de-depart1.jpg\" \/>\n\t<meta property=\"og:image:width\" content=\"980\" \/>\n\t<meta property=\"og:image:height\" content=\"500\" \/>\n\t<meta property=\"og:image:type\" content=\"image\/jpeg\" \/>\n<meta name=\"twitter:card\" content=\"summary_large_image\" \/>\n<meta name=\"twitter:label1\" content=\"Gesch\u00e4tzte Lesezeit\" \/>\n\t<meta name=\"twitter:data1\" content=\"3\u00a0Minuten\" \/>\n<script type=\"application\/ld+json\" class=\"yoast-schema-graph\">{\"@context\":\"https:\/\/schema.org\",\"@graph\":[{\"@type\":\"WebPage\",\"@id\":\"https:\/\/www.penichette.com\/de\/abfahrtshafen\/holland\/loosdrecht\/\",\"url\":\"https:\/\/www.penichette.com\/de\/abfahrtshafen\/holland\/loosdrecht\/\",\"name\":\"Loosdrecht -\",\"isPartOf\":{\"@id\":\"https:\/\/www.penichette.com\/#website\"},\"primaryImageOfPage\":{\"@id\":\"https:\/\/www.penichette.com\/de\/abfahrtshafen\/holland\/loosdrecht\/#primaryimage\"},\"image\":{\"@id\":\"https:\/\/www.penichette.com\/de\/abfahrtshafen\/holland\/loosdrecht\/#primaryimage\"},\"thumbnailUrl\":\"https:\/\/www.penichette.com\/wp-content\/uploads\/2014\/12\/photo-base-de-depart1.jpg\",\"datePublished\":\"2015-01-11T19:39:56+00:00\",\"dateModified\":\"2025-04-10T12:25:41+00:00\",\"breadcrumb\":{\"@id\":\"https:\/\/www.penichette.com\/de\/abfahrtshafen\/holland\/loosdrecht\/#breadcrumb\"},\"inLanguage\":\"de\",\"potentialAction\":[{\"@type\":\"ReadAction\",\"target\":[\"https:\/\/www.penichette.com\/de\/abfahrtshafen\/holland\/loosdrecht\/\"]}]},{\"@type\":\"ImageObject\",\"inLanguage\":\"de\",\"@id\":\"https:\/\/www.penichette.com\/de\/abfahrtshafen\/holland\/loosdrecht\/#primaryimage\",\"url\":\"https:\/\/www.penichette.com\/wp-content\/uploads\/2014\/12\/photo-base-de-depart1.jpg\",\"contentUrl\":\"https:\/\/www.penichette.com\/wp-content\/uploads\/2014\/12\/photo-base-de-depart1.jpg\",\"width\":980,\"height\":500},{\"@type\":\"BreadcrumbList\",\"@id\":\"https:\/\/www.penichette.com\/de\/abfahrtshafen\/holland\/loosdrecht\/#breadcrumb\",\"itemListElement\":[{\"@type\":\"ListItem\",\"position\":1,\"name\":\"Zuhause\",\"item\":\"https:\/\/www.penichette.com\/de\/\"},{\"@type\":\"ListItem\",\"position\":2,\"name\":\"Abfahrtshafen\",\"item\":\"https:\/\/www.penichette.com\/de\/abfahrtshafen\/\"},{\"@type\":\"ListItem\",\"position\":3,\"name\":\"Holland\",\"item\":\"https:\/\/www.penichette.com\/de\/abfahrtshafen\/holland\/\"},{\"@type\":\"ListItem\",\"position\":4,\"name\":\"Loosdrecht\"}]},{\"@type\":\"WebSite\",\"@id\":\"https:\/\/www.penichette.com\/#website\",\"url\":\"https:\/\/www.penichette.com\/\",\"name\":\"Penichette.com\",\"description\":\"\",\"potentialAction\":[{\"@type\":\"SearchAction\",\"target\":{\"@type\":\"EntryPoint\",\"urlTemplate\":\"https:\/\/www.penichette.com\/?s={search_term_string}\"},\"query-input\":{\"@type\":\"PropertyValueSpecification\",\"valueRequired\":true,\"valueName\":\"search_term_string\"}}],\"inLanguage\":\"de\"}]}<\/script>\n<!-- \/ Yoast SEO plugin. -->","yoast_head_json":{"title":"Loosdrecht -","robots":{"index":"index","follow":"follow","max-snippet":"max-snippet:-1","max-image-preview":"max-image-preview:large","max-video-preview":"max-video-preview:-1"},"canonical":"https:\/\/www.penichette.com\/de\/abfahrtshafen\/holland\/loosdrecht\/","og_locale":"de_DE","og_type":"article","og_title":"Loosdrecht -","og_description":"[vc_row][vc_column][vc_column_text css=&#8220;.vc_custom_1616430455120{margin-bottom: 0px !important;}&#8220;] Abfahrtshafen Entdecken Sie alle Informationen und hilfreiche Tipps zu Ihrer Abfahrtsbasis[\/vc_column_text][\/vc_column][\/vc_row][vc_row fullwidth=&#8220;true&#8220; fullwidth_content=&#8220;false&#8220;][vc_column][pen_departure_filter][\/vc_column][\/vc_row][vc_section el_id=&#8220;direction-formalities&#8220; css=&#8220;.vc_custom_1601285129565{border-radius: 2px !important;}&#8220;][vc_row css=&#8220;.vc_custom_1601283567019{border-radius: 2px !important;}&#8220;][vc_column][mk_fancy_title font_family=&#8220;none&#8220; el_class=&#8220;base_content_title&#8220;]Anschrift[\/mk_fancy_title][\/vc_column][\/vc_row][vc_row][vc_column][vc_row_inner][vc_column_inner width=&#8220;1\/2&#8243;][vc_column_text css=&#8220;.vc_custom_1601282488530{margin-bottom: 0px !important;}&#8220;][\/vc_column_text][\/vc_column_inner][vc_column_inner width=&#8220;1\/2&#8243;][vc_column_text css=&#8220;.vc_custom_1617716288731{margin-bottom: 0px !important;}&#8220;] Locaboat Holidays Oud-Loosdrechtsedijk 249 A-D Loosdrecht, NL 1231 LX _ \u2709:\u00a0 loosdrecht@locaboat.com T: + 31 (0) 294 237 742 G: N [&hellip;]","og_url":"https:\/\/www.penichette.com\/de\/abfahrtshafen\/holland\/loosdrecht\/","og_site_name":"Penichette.com","article_modified_time":"2025-04-10T12:25:41+00:00","og_image":[{"width":980,"height":500,"url":"https:\/\/www.penichette.com\/wp-content\/uploads\/2014\/12\/photo-base-de-depart1.jpg","type":"image\/jpeg"}],"twitter_card":"summary_large_image","twitter_misc":{"Gesch\u00e4tzte Lesezeit":"3\u00a0Minuten"},"schema":{"@context":"https:\/\/schema.org","@graph":[{"@type":"WebPage","@id":"https:\/\/www.penichette.com\/de\/abfahrtshafen\/holland\/loosdrecht\/","url":"https:\/\/www.penichette.com\/de\/abfahrtshafen\/holland\/loosdrecht\/","name":"Loosdrecht -","isPartOf":{"@id":"https:\/\/www.penichette.com\/#website"},"primaryImageOfPage":{"@id":"https:\/\/www.penichette.com\/de\/abfahrtshafen\/holland\/loosdrecht\/#primaryimage"},"image":{"@id":"https:\/\/www.penichette.com\/de\/abfahrtshafen\/holland\/loosdrecht\/#primaryimage"},"thumbnailUrl":"https:\/\/www.penichette.com\/wp-content\/uploads\/2014\/12\/photo-base-de-depart1.jpg","datePublished":"2015-01-11T19:39:56+00:00","dateModified":"2025-04-10T12:25:41+00:00","breadcrumb":{"@id":"https:\/\/www.penichette.com\/de\/abfahrtshafen\/holland\/loosdrecht\/#breadcrumb"},"inLanguage":"de","potentialAction":[{"@type":"ReadAction","target":["https:\/\/www.penichette.com\/de\/abfahrtshafen\/holland\/loosdrecht\/"]}]},{"@type":"ImageObject","inLanguage":"de","@id":"https:\/\/www.penichette.com\/de\/abfahrtshafen\/holland\/loosdrecht\/#primaryimage","url":"https:\/\/www.penichette.com\/wp-content\/uploads\/2014\/12\/photo-base-de-depart1.jpg","contentUrl":"https:\/\/www.penichette.com\/wp-content\/uploads\/2014\/12\/photo-base-de-depart1.jpg","width":980,"height":500},{"@type":"BreadcrumbList","@id":"https:\/\/www.penichette.com\/de\/abfahrtshafen\/holland\/loosdrecht\/#breadcrumb","itemListElement":[{"@type":"ListItem","position":1,"name":"Zuhause","item":"https:\/\/www.penichette.com\/de\/"},{"@type":"ListItem","position":2,"name":"Abfahrtshafen","item":"https:\/\/www.penichette.com\/de\/abfahrtshafen\/"},{"@type":"ListItem","position":3,"name":"Holland","item":"https:\/\/www.penichette.com\/de\/abfahrtshafen\/holland\/"},{"@type":"ListItem","position":4,"name":"Loosdrecht"}]},{"@type":"WebSite","@id":"https:\/\/www.penichette.com\/#website","url":"https:\/\/www.penichette.com\/","name":"Penichette.com","description":"","potentialAction":[{"@type":"SearchAction","target":{"@type":"EntryPoint","urlTemplate":"https:\/\/www.penichette.com\/?s={search_term_string}"},"query-input":{"@type":"PropertyValueSpecification","valueRequired":true,"valueName":"search_term_string"}}],"inLanguage":"de"}]}},"_links":{"self":[{"href":"https:\/\/www.penichette.com\/de\/wp-json\/wp\/v2\/pages\/542","targetHints":{"allow":["GET"]}}],"collection":[{"href":"https:\/\/www.penichette.com\/de\/wp-json\/wp\/v2\/pages"}],"about":[{"href":"https:\/\/www.penichette.com\/de\/wp-json\/wp\/v2\/types\/page"}],"author":[{"embeddable":true,"href":"https:\/\/www.penichette.com\/de\/wp-json\/wp\/v2\/users\/4"}],"replies":[{"embeddable":true,"href":"https:\/\/www.penichette.com\/de\/wp-json\/wp\/v2\/comments?post=542"}],"version-history":[{"count":44,"href":"https:\/\/www.penichette.com\/de\/wp-json\/wp\/v2\/pages\/542\/revisions"}],"predecessor-version":[{"id":7304,"href":"https:\/\/www.penichette.com\/de\/wp-json\/wp\/v2\/pages\/542\/revisions\/7304"}],"up":[{"embeddable":true,"href":"https:\/\/www.penichette.com\/de\/wp-json\/wp\/v2\/pages\/519"}],"wp:featuredmedia":[{"embeddable":true,"href":"https:\/\/www.penichette.com\/de\/wp-json\/wp\/v2\/media\/178"}],"wp:attachment":[{"href":"https:\/\/www.penichette.com\/de\/wp-json\/wp\/v2\/media?parent=542"}],"curies":[{"name":"wp","href":"https:\/\/api.w.org\/{rel}","templated":true}]}}