{"id":5861,"date":"2023-11-09T10:11:46","date_gmt":"2023-11-09T09:11:46","guid":{"rendered":"https:\/\/www.penichette.com\/?page_id=5861"},"modified":"2024-06-18T10:22:46","modified_gmt":"2024-06-18T09:22:46","slug":"bernburg","status":"publish","type":"page","link":"https:\/\/www.penichette.com\/de\/abfahrtshafen\/deutschland\/bernburg\/","title":{"rendered":"Bernburg"},"content":{"rendered":"<div class=\"wpb-content-wrapper\">[vc_row][vc_column][vc_column_text css=&#8220;.vc_custom_1616430166547{margin-bottom: 0px !important;}&#8220;]\n<h3><strong>Abfahrtshafen<\/strong><\/h3>\n<p><em>Entdecken Sie alle Informationen und hilfreiche Tipps zu Ihrer Abfahrtsbasis<\/em>[\/vc_column_text][\/vc_column][\/vc_row][vc_row fullwidth=&#8220;true&#8220; fullwidth_content=&#8220;false&#8220;][vc_column][pen_departure_filter][\/vc_column][\/vc_row][vc_section el_id=&#8220;direction-formalities&#8220; css=&#8220;.vc_custom_1601285129565{border-radius: 2px !important;}&#8220;][vc_row css=&#8220;.vc_custom_1601283567019{border-radius: 2px !important;}&#8220;][vc_column][mk_fancy_title font_family=&#8220;none&#8220; el_class=&#8220;base_content_title&#8220;]Anschrift[\/mk_fancy_title][\/vc_column][\/vc_row][vc_row][vc_column][vc_row_inner][vc_column_inner width=&#8220;1\/2&#8243;][vc_column_text css=&#8220;.vc_custom_1718702560880{margin-bottom: 0px !important;}&#8220;]<iframe loading=\"lazy\" style=\"border: 0;\" src=\"https:\/\/www.google.com\/maps\/embed?pb=!1m18!1m12!1m3!1d2467.7759932488175!2d11.7293624768117!3d51.79198018987379!2m3!1f0!2f0!3f0!3m2!1i1024!2i768!4f13.1!3m3!1m2!1s0x47a5e748e64ddd89%3A0xa213667e59da6935!2sFundaboat!5e0!3m2!1sfr!2sfr!4v1718702467909!5m2!1sfr!2sfr\" width=\"100%\" height=\"350\" allowfullscreen=\"allowfullscreen\"><span data-mce-type=\"bookmark\" style=\"display: inline-block; width: 0px; overflow: hidden; line-height: 0;\" class=\"mce_SELRES_start\">\ufeff<\/span><\/iframe>[\/vc_column_text][\/vc_column_inner][vc_column_inner width=&#8220;1\/2&#8243;][vc_column_text css=&#8220;.vc_custom_1699457508639{margin-bottom: 0px !important;}&#8220;]<b>FUNDABOAT<\/b><br \/>\nAgentur und Basis in Bernburg<br \/>\nAn der \u00dcberfahrt 2a<br \/>\nBernburg (DE) 06406<\/p>\n<p><abbr title=\"Email\"><span class=\"base-msg-icon\">\u2709<\/span>:<\/abbr> hausboot@fundaboat.de<br \/>\n<abbr title=\"Tel\">T:<\/abbr>\u00a0+49 (0) 3925 9480663<br \/>\nM: 0176 24799952[\/vc_column_text][\/vc_column_inner][\/vc_row_inner][vc_row_inner][vc_column_inner][vc_column_text css=&#8220;.vc_custom_1699459761809{margin-bottom: 0px !important;}&#8220;]\n<table style=\"border: 0pt solid #0e84f0;\" border=\"0\" frame=\"vsides\" cellspacing=\"0\" cellpadding=\"5\" align=\"left\">\n<tbody>\n<tr>\n<td align=\"left\" valign=\"top\" width=\"450\"><strong>Empfang &amp; Formalit\u00e4ten:<\/strong><\/td>\n<td align=\"left\" valign=\"top\" width=\"450\"><strong>\u00dcbernahme:<\/strong><\/td>\n<\/tr>\n<tr>\n<td valign=\"top\">An den Abfahrtstagen zwischen 14 und 18 Uhr.<br \/>\nCharterschein-Einweisung: Ab 14 Uhr<\/td>\n<td valign=\"top\">Das Boot wird \u00fcbergeben, sobald es fertig ist<\/td>\n<\/tr>\n<tr>\n<td align=\"left\" valign=\"top\" width=\"450\"><strong>Vor Ort:<\/strong><\/td>\n<td align=\"left\" valign=\"top\" width=\"450\"><strong>\u00a0<\/strong><\/td>\n<\/tr>\n<tr>\n<td valign=\"top\">WCs an der Basis vorhanden | Picknick\/Grillplatz auf Anfrage<\/td>\n<\/tr>\n<\/tbody>\n<\/table>\n[\/vc_column_text][\/vc_column_inner][\/vc_row_inner][\/vc_column][\/vc_row][\/vc_section][vc_section el_id=&#8220;how-to-get-base&#8220;][vc_row][vc_column][mk_fancy_title font_family=&#8220;none&#8220; el_class=&#8220;base_content_title&#8220;]So kommen Sie zum Liegehafen[\/mk_fancy_title][\/vc_column][\/vc_row][vc_row][vc_column][vc_column_text css=&#8220;.vc_custom_1699540895568{margin-bottom: 0px !important;}&#8220;]\n<table style=\"border: 0pt solid #0e84f0;\" border=\"0\" frame=\"vsides\" cellspacing=\"0\" cellpadding=\"5\" align=\"left\">\n<tbody>\n<tr>\n<td align=\"left\" valign=\"top\" width=\"450\"><strong><a class=\"anchor\" name=\"topic02\"><\/a>Anfahrt:<\/strong><\/td>\n<td align=\"left\" valign=\"top\" width=\"450\"><strong>Parkplatz:<\/strong><\/td>\n<\/tr>\n<tr>\n<td valign=\"top\">\n<ul>\n<li>\u00a0Autobahn A14, Abfahrt Bernburg Mitte<\/li>\n<li>Richtung Innenstadt, dann Richtung Saalplatz, anschlie\u00dfend zur T\u00f6pferwiese<\/li>\n<li>Bahnhof Bernburg (1,7km)<\/li>\n<li>Flughafen Leipzig\/Halle (77km)<\/li>\n<li>Berlin-BER (185 km)<\/li>\n<\/ul>\n<\/td>\n<td valign=\"top\">\n<ul>\n<li>Carport (\u00fcberdacht\/umz\u00e4unt):56\u20ac<\/li>\n<li>Au\u00dferhalb der Base: frei<\/li>\n<\/ul>\n<p>&nbsp;<\/td>\n<\/tr>\n<tr>\n<td align=\"left\" valign=\"top\" width=\"450\"><strong>Autovermietung:<\/strong><\/td>\n<td align=\"left\" valign=\"top\" width=\"450\"><strong>Taxi:<\/strong><\/td>\n<\/tr>\n<tr>\n<td valign=\"top\">\n<ul>\n<li>AVIS Autovermietung Tel.: 03471 626260<\/li>\n<\/ul>\n<\/td>\n<td valign=\"top\">\n<ul>\n<li>EUROW Taxen Tel.: 03471 353535<\/li>\n<li>Altzschner Sven Tel.: 03471 313131<\/li>\n<li>Wirth Marlies Tel.: 03471 626726<\/li>\n<\/ul>\n<\/td>\n<\/tr>\n<tr>\n<td align=\"left\" valign=\"top\" width=\"450\"><b><a class=\"anchor\" name=\"topic03\"><\/a><\/b><\/td>\n<td align=\"left\" valign=\"top\" width=\"450\"><b><a class=\"anchor\" name=\"topic03\"><\/a><\/b><\/td>\n<\/tr>\n<\/tbody>\n<\/table>\n[\/vc_column_text][\/vc_column][\/vc_row][\/vc_section][vc_section el_id=&#8220;base-tourist&#8220;][vc_row][vc_column][mk_fancy_title font_family=&#8220;none&#8220; el_class=&#8220;base_content_title&#8220;]Unterk\u00fcnfte, Gastst\u00e4tten und Einkaufsm\u00f6glichkeiten vor Ort[\/mk_fancy_title][\/vc_column][\/vc_row][vc_row][vc_column][vc_column_text css=&#8220;.vc_custom_1699540939275{margin-bottom: 0px !important;}&#8220;]\n<table border=\"0\" frame=\"vsides\" cellspacing=\"0\" cellpadding=\"5\" align=\"left\">\n<tbody>\n<tr>\n<td align=\"left\" valign=\"top\" width=\"450\"><strong>Hotels :<\/strong><\/td>\n<td align=\"left\" valign=\"top\" width=\"450\"><strong>Restaurants :<\/strong><\/td>\n<\/tr>\n<tr>\n<td valign=\"top\">\n<ul>\n<li>SL`otel- Das Stadthotel Tel. : 03471 6409580<\/li>\n<li>Cityhotel Tel. : 03471 622170<\/li>\n<li>Askania Hotel Tel. : 03471 3540<\/li>\n<\/ul>\n<\/td>\n<td valign=\"top\">\n<ul>\n<li>Kleines Brauhaus &#8211; &#8222;Viktor Amadeus&#8220; Tel.: 03471 35 42 00<\/li>\n<li>Restaurant &#8211; Caf\u00e9- Bierbar &#8222;Alter Markt&#8220; Tel.: 03471 35 37 70<\/li>\n<li>Dionysos Tel.: 03471 313767<\/li>\n<li>Bella Roma, Tel.: 03471 8669919<\/li>\n<li>Mr Singh, Tel.: 03471 8669005<\/li>\n<\/ul>\n<\/td>\n<\/tr>\n<\/tbody>\n<\/table>\n<table style=\"border: 0pt solid #0e84f0;\" border=\"0\" frame=\"vsides\" cellspacing=\"0\" cellpadding=\"5\" align=\"left\">\n<tbody>\n<tr>\n<td align=\"left\" valign=\"top\" width=\"450\"><strong>Pensionen :<\/strong><\/td>\n<td align=\"left\" valign=\"top\" width=\"450\"><\/td>\n<\/tr>\n<tr>\n<td valign=\"top\">\n<ul>\n<li>Pensionett, Tel.: 03471 370147<\/li>\n<li>Liebknecht 13, Tel.: 03471 3393007<\/li>\n<li>Pension am Werder, Tel.: 03471 642900<\/li>\n<li>G\u00e4stehaus Hasenturm, Tel.: 01511 4501527<\/li>\n<\/ul>\n<\/td>\n<td valign=\"top\"><\/td>\n<\/tr>\n<tr>\n<td align=\"left\" valign=\"top\" width=\"450\"><strong>Gesch\u00e4fte :<\/strong><\/td>\n<td align=\"left\" valign=\"top\" width=\"450\"><strong>Markt:<\/strong><\/td>\n<\/tr>\n<tr>\n<td valign=\"top\">\n<ul>\n<li>Bernburg: Superm\u00e4rkte: Kaufland, Edeka, Rewe, Lidl, Aldi, Netto&#8230; (sonntags geschlossen)<\/li>\n<li>Boutiquen auf dem Marktplatz\/Lindenstra\u00dfe<\/li>\n<li>Auf der Strecke: diverse Superm\u00e4rkte<\/li>\n<li>In Halle\/Saale Ladenstra\u00dfe mit unz\u00e4hligen Einkaufsm\u00f6glichkeiten<\/li>\n<\/ul>\n<\/td>\n<td valign=\"top\">\n<ul>\n<li>In Bernburg Dienstag und Freitag vormittags<\/li>\n<\/ul>\n<\/td>\n<\/tr>\n<tr>\n<td align=\"left\" valign=\"top\" width=\"450\"><strong><a class=\"anchor\" name=\"topic03\"><\/a><\/strong><\/td>\n<td align=\"left\" valign=\"top\" width=\"450\"><strong><a class=\"anchor\" name=\"topic03\"><\/a><\/strong><\/td>\n<\/tr>\n<\/tbody>\n<\/table>\n[\/vc_column_text][\/vc_column][\/vc_row][\/vc_section][vc_section el_id=&#8220;base-tourist&#8220;][vc_row][vc_column][mk_fancy_title font_family=&#8220;none&#8220; el_class=&#8220;base_content_title&#8220;]Touristische Informationen[\/mk_fancy_title][\/vc_column][\/vc_row][vc_row][vc_column][vc_column_text css=&#8220;.vc_custom_1699540827233{margin-bottom: 0px !important;}&#8220;]\n<table style=\"border: 0pt solid #0e84f0;\" border=\"0\" frame=\"vsides\" cellspacing=\"0\" cellpadding=\"5\" align=\"left\">\n<tbody>\n<tr>\n<td align=\"left\" valign=\"top\" width=\"450\"><strong>Sehensw\u00fcrdigkeiten:<\/strong><\/td>\n<td align=\"left\" valign=\"top\" width=\"450\"><strong>Getr\u00e4nke aus der Region:<\/strong><\/td>\n<\/tr>\n<tr>\n<td align=\"left\" valign=\"top\" width=\"450\">\n<ul>\n<li>Schloss\/ Museum\/ Eulenspiegelturm Bernburg<\/li>\n<li>Ke\u00dflerturm<\/li>\n<\/ul>\n<\/td>\n<td align=\"left\" valign=\"top\" width=\"450\">\n<ul>\n<li>Handgebrautes Bier im Brauhaus &#8211; &#8222;Viktor Amadeus&#8220;<\/li>\n<\/ul>\n<\/td>\n<\/tr>\n<tr>\n<td align=\"left\" valign=\"top\" width=\"450\"><strong>Ausflugsziele:<\/strong><\/td>\n<td align=\"left\" valign=\"top\" width=\"450\"><strong>Angeln:<\/strong><\/td>\n<\/tr>\n<tr>\n<td align=\"left\" valign=\"top\" width=\"450\">\n<ul>\n<li>Tiergarten Bernburg<\/li>\n<li>M\u00e4rchengarten Bernburg<\/li>\n<li>Schwimmbad &#8222;Saaleperle&#8220;<\/li>\n<li>Parkeisenbahn &#8222;Krumbholz&#8220;<\/li>\n<\/ul>\n<\/td>\n<td align=\"left\" valign=\"top\" width=\"450\">\n<ul>\n<li>Zum Angeln wird ein Fischereischein und eine Angelkarte ben\u00f6tigt.<\/li>\n<li>Die Angelkarten gelten immer f\u00fcr einen bestimmten Abschnitt und m\u00fcssen bei den<br \/>\njeweiligen Kommunen erfragt werden.<\/li>\n<\/ul>\n<\/td>\n<\/tr>\n<tr>\n<td align=\"left\" valign=\"top\" width=\"450\"><strong>Tourismusb\u00fcro:<\/strong><\/td>\n<td align=\"left\" valign=\"top\" width=\"450\"><strong>\u00a0<\/strong><\/td>\n<\/tr>\n<tr>\n<td align=\"left\" valign=\"top\" width=\"450\">\n<ul>\n<li>Telefon: +49 (0) 3471 3469311<\/li>\n<li>Telefax: +49 (0) 3471 3469325<\/li>\n<li>E-mail: stadtinfo@bernburger-freizeit.de<\/li>\n<\/ul>\n<\/td>\n<td align=\"left\" valign=\"top\" width=\"450\"><\/td>\n<\/tr>\n<\/tbody>\n<\/table>\n[\/vc_column_text][\/vc_column][\/vc_row][\/vc_section][vc_section el_id=&#8220;base-waterways&#8220;][vc_row][vc_column][mk_fancy_title font_family=&#8220;none&#8220; el_class=&#8220;base_content_title&#8220;]Informationen zu den Wasserstra\u00dfen[\/mk_fancy_title][\/vc_column][\/vc_row][vc_row][vc_column][vc_column_text css=&#8220;.vc_custom_1699520843710{margin-bottom: 0px !important;}&#8220;]\n<table style=\"border: 0pt solid #0e84f0;\" border=\"0\" frame=\"vsides\" cellspacing=\"0\" cellpadding=\"5\" align=\"left\">\n<tbody>\n<tr>\n<td align=\"left\" valign=\"top\" width=\"800\"><strong><a id=\"topic05\" name=\"topic05\"><\/a>Wasserstra\u00dfen:<\/strong><\/td>\n<\/tr>\n<tr>\n<td align=\"left\" valign=\"top\" width=\"800\">\n<table border=\"0\" frame=\"vsides\" cellspacing=\"0\" cellpadding=\"5\" align=\"left\">\n<tbody>\n<tr>\n<td align=\"left\" valign=\"top\" width=\"800\">Die Schleusen von Bernburg bis Wettin werden von der Schleusenzentrale der WSV in Bernburg bedient.<br \/>\nDiese Schleusen sind von Mo bis Do 7:00-19:00 Uhr und von Fr bis So 7:00 bis 21:00 Uhr ge\u00f6ffnet.<br \/>\nBitte telefonisch beim Schleusenpersonal melden. Von Halle-Trotha bis Merseburg-Meuschau sind die Schleusen teilweise selbstbedienend oder mit einem Schleusenw\u00e4rter besetzt. Die letzteren bitte telefonisch kontaktieren.<br \/>\nDie Schleusen sind die ganze Woche von 9:30 bis 19:00 ge\u00f6ffnet.N\u00e4here Informationen erhalten Sie am Liegehafen, aus den Gew\u00e4sserkarten oder unter <a href=\"https:\/\/www.elwis.de\/DE\/Startseite\/Startseite-node.html\">www.elwis.de<\/a><\/td>\n<\/tr>\n<\/tbody>\n<\/table>\n<\/td>\n<\/tr>\n<\/tbody>\n<\/table>\n[\/vc_column_text][\/vc_column][\/vc_row][\/vc_section]\n<\/div>","protected":false},"excerpt":{"rendered":"<p>[vc_row][vc_column][vc_column_text css=&#8220;.vc_custom_1616430166547{margin-bottom: 0px !important;}&#8220;] Abfahrtshafen Entdecken Sie alle Informationen und hilfreiche Tipps zu Ihrer Abfahrtsbasis[\/vc_column_text][\/vc_column][\/vc_row][vc_row fullwidth=&#8220;true&#8220; fullwidth_content=&#8220;false&#8220;][vc_column][pen_departure_filter][\/vc_column][\/vc_row][vc_section el_id=&#8220;direction-formalities&#8220; css=&#8220;.vc_custom_1601285129565{border-radius: 2px !important;}&#8220;][vc_row css=&#8220;.vc_custom_1601283567019{border-radius: 2px !important;}&#8220;][vc_column][mk_fancy_title font_family=&#8220;none&#8220; el_class=&#8220;base_content_title&#8220;]Anschrift[\/mk_fancy_title][\/vc_column][\/vc_row][vc_row][vc_column][vc_row_inner][vc_column_inner width=&#8220;1\/2&#8243;][vc_column_text css=&#8220;.vc_custom_1718702560880{margin-bottom: 0px !important;}&#8220;]\ufeff[\/vc_column_text][\/vc_column_inner][vc_column_inner width=&#8220;1\/2&#8243;][vc_column_text css=&#8220;.vc_custom_1699457508639{margin-bottom: 0px !important;}&#8220;]FUNDABOAT Agentur und Basis in Bernburg An der \u00dcberfahrt 2a Bernburg (DE) 06406 \u2709: hausboot@fundaboat.de T:\u00a0+49 (0) 3925 9480663 M: 0176 24799952[\/vc_column_text][\/vc_column_inner][\/vc_row_inner][vc_row_inner][vc_column_inner][vc_column_text [&hellip;]<\/p>\n","protected":false},"author":4,"featured_media":5879,"parent":515,"menu_order":0,"comment_status":"closed","ping_status":"closed","template":"template-departure-base.php","meta":{"footnotes":""},"class_list":["post-5861","page","type-page","status-publish","has-post-thumbnail","hentry"],"yoast_head":"<!-- This site is optimized with the Yoast SEO plugin v25.5 - https:\/\/yoast.com\/wordpress\/plugins\/seo\/ -->\n<title>Bernburg -<\/title>\n<meta name=\"robots\" content=\"index, follow, max-snippet:-1, max-image-preview:large, max-video-preview:-1\" \/>\n<link rel=\"canonical\" href=\"https:\/\/www.penichette.com\/de\/abfahrtshafen\/deutschland\/bernburg\/\" \/>\n<meta property=\"og:locale\" content=\"de_DE\" \/>\n<meta property=\"og:type\" content=\"article\" \/>\n<meta property=\"og:title\" content=\"Bernburg -\" \/>\n<meta property=\"og:description\" content=\"[vc_row][vc_column][vc_column_text css=&#8220;.vc_custom_1616430166547{margin-bottom: 0px !important;}&#8220;] Abfahrtshafen Entdecken Sie alle Informationen und hilfreiche Tipps zu Ihrer Abfahrtsbasis[\/vc_column_text][\/vc_column][\/vc_row][vc_row fullwidth=&#8220;true&#8220; fullwidth_content=&#8220;false&#8220;][vc_column][pen_departure_filter][\/vc_column][\/vc_row][vc_section el_id=&#8220;direction-formalities&#8220; css=&#8220;.vc_custom_1601285129565{border-radius: 2px !important;}&#8220;][vc_row css=&#8220;.vc_custom_1601283567019{border-radius: 2px !important;}&#8220;][vc_column][mk_fancy_title font_family=&#8220;none&#8220; el_class=&#8220;base_content_title&#8220;]Anschrift[\/mk_fancy_title][\/vc_column][\/vc_row][vc_row][vc_column][vc_row_inner][vc_column_inner width=&#8220;1\/2&#8243;][vc_column_text css=&#8220;.vc_custom_1718702560880{margin-bottom: 0px !important;}&#8220;]\ufeff[\/vc_column_text][\/vc_column_inner][vc_column_inner width=&#8220;1\/2&#8243;][vc_column_text css=&#8220;.vc_custom_1699457508639{margin-bottom: 0px !important;}&#8220;]FUNDABOAT Agentur und Basis in Bernburg An der \u00dcberfahrt 2a Bernburg (DE) 06406 \u2709: hausboot@fundaboat.de T:\u00a0+49 (0) 3925 9480663 M: 0176 24799952[\/vc_column_text][\/vc_column_inner][\/vc_row_inner][vc_row_inner][vc_column_inner][vc_column_text [&hellip;]\" \/>\n<meta property=\"og:url\" content=\"https:\/\/www.penichette.com\/de\/abfahrtshafen\/deutschland\/bernburg\/\" \/>\n<meta property=\"og:site_name\" content=\"Penichette.com\" \/>\n<meta property=\"article:modified_time\" content=\"2024-06-18T09:22:46+00:00\" \/>\n<meta property=\"og:image\" content=\"https:\/\/www.penichette.com\/wp-content\/uploads\/2023\/11\/bernburg-penichette.jpg\" \/>\n\t<meta property=\"og:image:width\" content=\"500\" \/>\n\t<meta property=\"og:image:height\" content=\"566\" \/>\n\t<meta property=\"og:image:type\" content=\"image\/jpeg\" \/>\n<meta name=\"twitter:card\" content=\"summary_large_image\" \/>\n<meta name=\"twitter:label1\" content=\"Gesch\u00e4tzte Lesezeit\" \/>\n\t<meta name=\"twitter:data1\" content=\"4\u00a0Minuten\" \/>\n<script type=\"application\/ld+json\" class=\"yoast-schema-graph\">{\"@context\":\"https:\/\/schema.org\",\"@graph\":[{\"@type\":\"WebPage\",\"@id\":\"https:\/\/www.penichette.com\/de\/abfahrtshafen\/deutschland\/bernburg\/\",\"url\":\"https:\/\/www.penichette.com\/de\/abfahrtshafen\/deutschland\/bernburg\/\",\"name\":\"Bernburg -\",\"isPartOf\":{\"@id\":\"https:\/\/www.penichette.com\/#website\"},\"primaryImageOfPage\":{\"@id\":\"https:\/\/www.penichette.com\/de\/abfahrtshafen\/deutschland\/bernburg\/#primaryimage\"},\"image\":{\"@id\":\"https:\/\/www.penichette.com\/de\/abfahrtshafen\/deutschland\/bernburg\/#primaryimage\"},\"thumbnailUrl\":\"https:\/\/www.penichette.com\/wp-content\/uploads\/2023\/11\/bernburg-penichette.jpg\",\"datePublished\":\"2023-11-09T09:11:46+00:00\",\"dateModified\":\"2024-06-18T09:22:46+00:00\",\"breadcrumb\":{\"@id\":\"https:\/\/www.penichette.com\/de\/abfahrtshafen\/deutschland\/bernburg\/#breadcrumb\"},\"inLanguage\":\"de\",\"potentialAction\":[{\"@type\":\"ReadAction\",\"target\":[\"https:\/\/www.penichette.com\/de\/abfahrtshafen\/deutschland\/bernburg\/\"]}]},{\"@type\":\"ImageObject\",\"inLanguage\":\"de\",\"@id\":\"https:\/\/www.penichette.com\/de\/abfahrtshafen\/deutschland\/bernburg\/#primaryimage\",\"url\":\"https:\/\/www.penichette.com\/wp-content\/uploads\/2023\/11\/bernburg-penichette.jpg\",\"contentUrl\":\"https:\/\/www.penichette.com\/wp-content\/uploads\/2023\/11\/bernburg-penichette.jpg\",\"width\":500,\"height\":566},{\"@type\":\"BreadcrumbList\",\"@id\":\"https:\/\/www.penichette.com\/de\/abfahrtshafen\/deutschland\/bernburg\/#breadcrumb\",\"itemListElement\":[{\"@type\":\"ListItem\",\"position\":1,\"name\":\"Zuhause\",\"item\":\"https:\/\/www.penichette.com\/de\/\"},{\"@type\":\"ListItem\",\"position\":2,\"name\":\"Abfahrtshafen\",\"item\":\"https:\/\/www.penichette.com\/de\/abfahrtshafen\/\"},{\"@type\":\"ListItem\",\"position\":3,\"name\":\"Deutschland\",\"item\":\"https:\/\/www.penichette.com\/de\/abfahrtshafen\/deutschland\/\"},{\"@type\":\"ListItem\",\"position\":4,\"name\":\"Bernburg\"}]},{\"@type\":\"WebSite\",\"@id\":\"https:\/\/www.penichette.com\/#website\",\"url\":\"https:\/\/www.penichette.com\/\",\"name\":\"Penichette.com\",\"description\":\"\",\"potentialAction\":[{\"@type\":\"SearchAction\",\"target\":{\"@type\":\"EntryPoint\",\"urlTemplate\":\"https:\/\/www.penichette.com\/?s={search_term_string}\"},\"query-input\":{\"@type\":\"PropertyValueSpecification\",\"valueRequired\":true,\"valueName\":\"search_term_string\"}}],\"inLanguage\":\"de\"}]}<\/script>\n<!-- \/ Yoast SEO plugin. -->","yoast_head_json":{"title":"Bernburg -","robots":{"index":"index","follow":"follow","max-snippet":"max-snippet:-1","max-image-preview":"max-image-preview:large","max-video-preview":"max-video-preview:-1"},"canonical":"https:\/\/www.penichette.com\/de\/abfahrtshafen\/deutschland\/bernburg\/","og_locale":"de_DE","og_type":"article","og_title":"Bernburg -","og_description":"[vc_row][vc_column][vc_column_text css=&#8220;.vc_custom_1616430166547{margin-bottom: 0px !important;}&#8220;] Abfahrtshafen Entdecken Sie alle Informationen und hilfreiche Tipps zu Ihrer Abfahrtsbasis[\/vc_column_text][\/vc_column][\/vc_row][vc_row fullwidth=&#8220;true&#8220; fullwidth_content=&#8220;false&#8220;][vc_column][pen_departure_filter][\/vc_column][\/vc_row][vc_section el_id=&#8220;direction-formalities&#8220; css=&#8220;.vc_custom_1601285129565{border-radius: 2px !important;}&#8220;][vc_row css=&#8220;.vc_custom_1601283567019{border-radius: 2px !important;}&#8220;][vc_column][mk_fancy_title font_family=&#8220;none&#8220; el_class=&#8220;base_content_title&#8220;]Anschrift[\/mk_fancy_title][\/vc_column][\/vc_row][vc_row][vc_column][vc_row_inner][vc_column_inner width=&#8220;1\/2&#8243;][vc_column_text css=&#8220;.vc_custom_1718702560880{margin-bottom: 0px !important;}&#8220;]\ufeff[\/vc_column_text][\/vc_column_inner][vc_column_inner width=&#8220;1\/2&#8243;][vc_column_text css=&#8220;.vc_custom_1699457508639{margin-bottom: 0px !important;}&#8220;]FUNDABOAT Agentur und Basis in Bernburg An der \u00dcberfahrt 2a Bernburg (DE) 06406 \u2709: hausboot@fundaboat.de T:\u00a0+49 (0) 3925 9480663 M: 0176 24799952[\/vc_column_text][\/vc_column_inner][\/vc_row_inner][vc_row_inner][vc_column_inner][vc_column_text [&hellip;]","og_url":"https:\/\/www.penichette.com\/de\/abfahrtshafen\/deutschland\/bernburg\/","og_site_name":"Penichette.com","article_modified_time":"2024-06-18T09:22:46+00:00","og_image":[{"width":500,"height":566,"url":"https:\/\/www.penichette.com\/wp-content\/uploads\/2023\/11\/bernburg-penichette.jpg","type":"image\/jpeg"}],"twitter_card":"summary_large_image","twitter_misc":{"Gesch\u00e4tzte Lesezeit":"4\u00a0Minuten"},"schema":{"@context":"https:\/\/schema.org","@graph":[{"@type":"WebPage","@id":"https:\/\/www.penichette.com\/de\/abfahrtshafen\/deutschland\/bernburg\/","url":"https:\/\/www.penichette.com\/de\/abfahrtshafen\/deutschland\/bernburg\/","name":"Bernburg -","isPartOf":{"@id":"https:\/\/www.penichette.com\/#website"},"primaryImageOfPage":{"@id":"https:\/\/www.penichette.com\/de\/abfahrtshafen\/deutschland\/bernburg\/#primaryimage"},"image":{"@id":"https:\/\/www.penichette.com\/de\/abfahrtshafen\/deutschland\/bernburg\/#primaryimage"},"thumbnailUrl":"https:\/\/www.penichette.com\/wp-content\/uploads\/2023\/11\/bernburg-penichette.jpg","datePublished":"2023-11-09T09:11:46+00:00","dateModified":"2024-06-18T09:22:46+00:00","breadcrumb":{"@id":"https:\/\/www.penichette.com\/de\/abfahrtshafen\/deutschland\/bernburg\/#breadcrumb"},"inLanguage":"de","potentialAction":[{"@type":"ReadAction","target":["https:\/\/www.penichette.com\/de\/abfahrtshafen\/deutschland\/bernburg\/"]}]},{"@type":"ImageObject","inLanguage":"de","@id":"https:\/\/www.penichette.com\/de\/abfahrtshafen\/deutschland\/bernburg\/#primaryimage","url":"https:\/\/www.penichette.com\/wp-content\/uploads\/2023\/11\/bernburg-penichette.jpg","contentUrl":"https:\/\/www.penichette.com\/wp-content\/uploads\/2023\/11\/bernburg-penichette.jpg","width":500,"height":566},{"@type":"BreadcrumbList","@id":"https:\/\/www.penichette.com\/de\/abfahrtshafen\/deutschland\/bernburg\/#breadcrumb","itemListElement":[{"@type":"ListItem","position":1,"name":"Zuhause","item":"https:\/\/www.penichette.com\/de\/"},{"@type":"ListItem","position":2,"name":"Abfahrtshafen","item":"https:\/\/www.penichette.com\/de\/abfahrtshafen\/"},{"@type":"ListItem","position":3,"name":"Deutschland","item":"https:\/\/www.penichette.com\/de\/abfahrtshafen\/deutschland\/"},{"@type":"ListItem","position":4,"name":"Bernburg"}]},{"@type":"WebSite","@id":"https:\/\/www.penichette.com\/#website","url":"https:\/\/www.penichette.com\/","name":"Penichette.com","description":"","potentialAction":[{"@type":"SearchAction","target":{"@type":"EntryPoint","urlTemplate":"https:\/\/www.penichette.com\/?s={search_term_string}"},"query-input":{"@type":"PropertyValueSpecification","valueRequired":true,"valueName":"search_term_string"}}],"inLanguage":"de"}]}},"_links":{"self":[{"href":"https:\/\/www.penichette.com\/de\/wp-json\/wp\/v2\/pages\/5861","targetHints":{"allow":["GET"]}}],"collection":[{"href":"https:\/\/www.penichette.com\/de\/wp-json\/wp\/v2\/pages"}],"about":[{"href":"https:\/\/www.penichette.com\/de\/wp-json\/wp\/v2\/types\/page"}],"author":[{"embeddable":true,"href":"https:\/\/www.penichette.com\/de\/wp-json\/wp\/v2\/users\/4"}],"replies":[{"embeddable":true,"href":"https:\/\/www.penichette.com\/de\/wp-json\/wp\/v2\/comments?post=5861"}],"version-history":[{"count":10,"href":"https:\/\/www.penichette.com\/de\/wp-json\/wp\/v2\/pages\/5861\/revisions"}],"predecessor-version":[{"id":6443,"href":"https:\/\/www.penichette.com\/de\/wp-json\/wp\/v2\/pages\/5861\/revisions\/6443"}],"up":[{"embeddable":true,"href":"https:\/\/www.penichette.com\/de\/wp-json\/wp\/v2\/pages\/515"}],"wp:featuredmedia":[{"embeddable":true,"href":"https:\/\/www.penichette.com\/de\/wp-json\/wp\/v2\/media\/5879"}],"wp:attachment":[{"href":"https:\/\/www.penichette.com\/de\/wp-json\/wp\/v2\/media?parent=5861"}],"curies":[{"name":"wp","href":"https:\/\/api.w.org\/{rel}","templated":true}]}}