{"id":616,"date":"2015-01-11T21:34:51","date_gmt":"2015-01-11T20:34:51","guid":{"rendered":"http:\/\/hosting-penichette.bertrandlepage.fr\/?page_id=616"},"modified":"2023-08-22T16:42:03","modified_gmt":"2023-08-22T15:42:03","slug":"argens-minervois","status":"publish","type":"page","link":"https:\/\/www.penichette.com\/de\/abfahrtshafen\/frankreich\/argens-minervois\/","title":{"rendered":"Argens-Minervois"},"content":{"rendered":"<div class=\"wpb-content-wrapper\">[vc_row][vc_column][vc_column_text css=&#8220;.vc_custom_1616430232815{margin-bottom: 0px !important;}&#8220;]\n<h3><strong>Abfahrtshafen<\/strong><\/h3>\n<p><em>Entdecken Sie alle Informationen und hilfreiche Tipps zu Ihrer Abfahrtsbasis<\/em>[\/vc_column_text][\/vc_column][\/vc_row][vc_row fullwidth=&#8220;true&#8220; fullwidth_content=&#8220;false&#8220;][vc_column][pen_departure_filter][\/vc_column][\/vc_row][vc_section el_id=&#8220;direction-formalities&#8220; css=&#8220;.vc_custom_1601285129565{border-radius: 2px !important;}&#8220;][vc_row css=&#8220;.vc_custom_1601283567019{border-radius: 2px !important;}&#8220;][vc_column][mk_fancy_title font_family=&#8220;none&#8220; el_class=&#8220;base_content_title&#8220;]Anschrift[\/mk_fancy_title][\/vc_column][\/vc_row][vc_row][vc_column][vc_row_inner][vc_column_inner width=&#8220;1\/2&#8243;][vc_column_text css=&#8220;.vc_custom_1601282488530{margin-bottom: 0px !important;}&#8220;]<iframe loading=\"lazy\" style=\"border: 0;\" src=\"https:\/\/www.google.com\/maps\/embed?pb=!1m18!1m12!1m3!1d2906.511533598096!2d2.7662063154843994!3d43.24069997913766!2m3!1f0!2f0!3f0!3m2!1i1024!2i768!4f13.1!3m3!1m2!1s0x0%3A0x348d20b6fcaeb7c5!2sLocaboat%20Holidays%20Argens%20-%20Location%20bateau%20Canal%20du%20Midi!5e0!3m2!1sfr!2sfr!4v1596032206049!5m2!1sfr!2sfr\" width=\"100%\" height=\"350\" frameborder=\"0\" allowfullscreen=\"allowfullscreen\"><\/iframe>[\/vc_column_text][\/vc_column_inner][vc_column_inner width=&#8220;1\/2&#8243;][vc_column_text css=&#8220;.vc_custom_1649161808900{margin-bottom: 0px !important;}&#8220;]<strong>Locaboat Holidays<\/strong><br \/>\nPort Occitanie<br \/>\nArgens-Minervois, FR 11200<\/p>\n<p><abbr title=\"Email\"><span class=\"base-msg-icon\">\u2709<\/span>:<\/abbr>\u00a0 argens-minervois@locaboat.com<br \/>\n<abbr title=\"Tel\">T:<\/abbr> + 33 (0) 4 68 27 03 33<br \/>\n<abbr title=\"GPS\">G:<\/abbr> N 43\u00b014&#8217;26.49 E 02\u00b046&#8217;06.61[\/vc_column_text][\/vc_column_inner][\/vc_row_inner][vc_row_inner][vc_column_inner][vc_column_text css=&#8220;.vc_custom_1613468786258{margin-bottom: 0px !important;}&#8220;]\n<table style=\"border: 0pt solid #0e84f0;\" border=\"0\" frame=\"vsides\" cellspacing=\"0\" cellpadding=\"5\" align=\"left\">\n<tbody>\n<tr>\n<td style=\"margin-bottom: 20px;\" align=\"left\" valign=\"top\" width=\"450\"><strong>Empfang &amp; Formalit\u00e4ten:<\/strong><\/p>\n<p>An den Abfahrtstagen zwischen 14 und 18 Uhr.<\/td>\n<td style=\"margin-bottom: 20px;\" align=\"left\" valign=\"top\" width=\"450\"><strong>\u00dcbernahme:<\/strong><\/p>\n<p>Das Boot wird \u00fcbergeben, sobald es fertig ist.<\/td>\n<\/tr>\n<tr>\n<td style=\"margin-bottom: 20px;\" align=\"left\" valign=\"top\" width=\"450\"><strong>Vor Ort:<\/strong><\/p>\n<p>WC\/Dusche w\u00e4hrend der \u00d6ffnungszeiten der Basis.<\/td>\n<td style=\"margin-bottom: 20px;\" align=\"left\" valign=\"top\" width=\"450\"><\/td>\n<\/tr>\n<\/tbody>\n<\/table>\n[\/vc_column_text][\/vc_column_inner][\/vc_row_inner][\/vc_column][\/vc_row][\/vc_section][vc_section el_id=&#8220;how-to-get-base&#8220;][vc_row][vc_column][mk_fancy_title font_family=&#8220;none&#8220; el_class=&#8220;base_content_title&#8220;]So kommen Sie zum Liegehafen[\/mk_fancy_title][\/vc_column][\/vc_row][vc_row][vc_column][vc_column_text css=&#8220;.vc_custom_1692718921716{margin-bottom: 0px !important;}&#8220;]\n<table style=\"border: 0pt solid #0e84f0;\" border=\"0\" frame=\"vsides\" cellspacing=\"0\" cellpadding=\"5\" align=\"left\">\n<tbody>\n<tr>\n<td align=\"left\" valign=\"top\" width=\"450\"><strong><a class=\"anchor\" name=\"topic02\"><\/a>Anreise:<\/strong><\/p>\n<ul>\n<li>A61 &#8211; E80 Ausfahrt 25 L\u00e9zignan-Corbi\u00e8res, dann D611 Richtung L\u00e9zignan-Corbi\u00e8res und Homps (9 km). Nach S\u00e9rame rechts auf D424 Richtung Argens-Minervois.<\/li>\n<li><a href=\"http:\/\/www.voyages-sncf.com\" target=\"_blank\" rel=\"noopener nofollow noreferrer\">Bahnhof L\u00e9zignan-Corbi\u00e8res<\/a> (6 km) | <a href=\"http:\/\/www.voyages-sncf.com\" target=\"_blank\" rel=\"noopener nofollow noreferrer\">TGV-Bahnhof Narbonne<\/a> (23 km)<\/li>\n<li><a href=\"http:\/\/www.carcassonne.aeroport.fr\" target=\"_blank\" rel=\"noopener nofollow noreferrer\">Flughafen Carcassonne-Salvaza<\/a> (52 km) | <a href=\"http:\/\/www.perpignan.cci.fr\/2-13674-Accueil.php\" target=\"_blank\" rel=\"noopener nofollow noreferrer\">Flughafen Perpignan-Rivesaltes<\/a> (89 km) | <a href=\"http:\/\/www.montpellier.aeroport.fr\" target=\"_blank\" rel=\"noopener nofollow noreferrer\">Flughafen Montpellier-M\u00e9dit\u00e9rran\u00e9e<\/a> (122 km) | <a href=\"http:\/\/www.toulouse.aeroport.fr\" target=\"_blank\" rel=\"noopener nofollow noreferrer\">Flughafen Toulouse-Blagnac<\/a> (146 km)<\/li>\n<\/ul>\n<\/td>\n<td align=\"left\" valign=\"top\" width=\"450\"><strong>Parkplatz:<\/strong><\/p>\n<ul>\n<li>Umz\u00e4unt, nicht bewacht, 56 \u20ac \/ Woche<\/li>\n<li>\u00dcberdacht, nicht bewacht,\u00a0 42\u20ac \/Woche<\/li>\n<\/ul>\n<p>Die Anzahl \u00fcberdachter Parkpl\u00e4tze ist begrenzt, Vorbestellung per E-Mail an den Hafen erforderlich!<\/td>\n<\/tr>\n<tr>\n<td align=\"left\" valign=\"top\" width=\"450\"><strong>Autovermietung:<\/strong><\/p>\n<ul>\n<li><a href=\"http:\/\/www.avis.com\" target=\"_blank\" rel=\"noopener nofollow noreferrer\">Avis<\/a> (Narbonne, 23 km) Tel.: 04 68 32 43 36<br \/>\nund L\u00e9zignan (5 km) Tel.: 04 68 27 20 77<\/li>\n<li><a href=\"http:\/\/www.europcar.com\" target=\"_blank\" rel=\"noopener nofollow noreferrer\">Europcar<\/a> (Narbonne, 23 km) Tel.: 04 68 32 34 54<\/li>\n<\/ul>\n<\/td>\n<td align=\"left\" valign=\"top\" width=\"450\"><strong>Taxi:<\/strong><\/p>\n<ul>\n<li>Azur Taxi, Tel.: 04 68 27 33 41<\/li>\n<\/ul>\n<\/td>\n<\/tr>\n<tr>\n<td align=\"left\" valign=\"top\" width=\"450\"><\/td>\n<td align=\"left\" valign=\"top\" width=\"450\"><\/td>\n<\/tr>\n<\/tbody>\n<\/table>\n[\/vc_column_text][\/vc_column][\/vc_row][\/vc_section][vc_section el_id=&#8220;base-tourist&#8220;][vc_row][vc_column][mk_fancy_title font_family=&#8220;none&#8220; el_class=&#8220;base_content_title&#8220;]Unterk\u00fcnfte, Gastst\u00e4tten und Einkaufsm\u00f6glichkeiten vor Ort[\/mk_fancy_title][\/vc_column][\/vc_row][vc_row][vc_column][vc_column_text css=&#8220;.vc_custom_1649151623683{margin-bottom: 0px !important;}&#8220;]\n<table style=\"border: 0pt solid #0e84f0;\" border=\"0\" frame=\"vsides\" cellspacing=\"0\" cellpadding=\"5\" align=\"left\">\n<tbody>\n<tr>\n<td align=\"left\" valign=\"top\" width=\"450\"><strong>Ferienwohnungen und G\u00e4stezimmer:<\/strong><\/p>\n<ul>\n<li>Domaine la serre des cades &#8211; Christine Freidig, rue Marcel Pagnol, Argens, Tel: 04 68 45 03 47<\/li>\n<li>La Bastide des Maels, 10 Av. de la M\u00e9diterran\u00e9e, Argens, Tel: 04 68 27 42 65 \/ 06 81 02 56 82<\/li>\n<li>La Villa Limonade, 8 rue du Cers, Olonzac, Tel: 04 68 49 04 92<\/li>\n<li>Le Voyageur, 3 Av. d&#8217;Homps, Olonzac, Tel: 06 84 86 41 47<\/li>\n<\/ul>\n<\/td>\n<td align=\"left\" valign=\"top\" width=\"450\"><strong>Restaurants:<\/strong><\/p>\n<ul>\n<li>La terrase du port, Tel: 06 02 17 11 89<br \/>\nGratis-Lieferung von Essen und Getr\u00e4nken an Bord<\/li>\n<li>Les Tonneliers (Homps, 8km), Tel: 04 34 44 20 19<\/li>\n<li>La P\u00e9niche (Homps, 8 km), Tel: 04 68 91 24 34<\/li>\n<li><a href=\"http:\/\/www.laguinguette-restaurant.com\" target=\"_blank\" rel=\"noopener nofollow noreferrer\">La Guinguette<\/a>, Tel: 04 68 27 05 66<\/li>\n<li>Lou Mercat (Roubia, 2,5 km), Tel: 04 68 91 10 93<\/li>\n<\/ul>\n<\/td>\n<\/tr>\n<tr>\n<td align=\"left\" valign=\"top\" width=\"450\"><\/td>\n<td align=\"left\" valign=\"top\" width=\"450\"><\/td>\n<\/tr>\n<tr>\n<td align=\"left\" valign=\"top\" width=\"450\"><strong>Gesch\u00e4fte:<\/strong><\/p>\n<ul>\n<li>Ain L\u00e9zignan (5 km) und Olonzac (8 km), Sonntag nachmittags geschlossen.<\/li>\n<li>Lebensmittelgesch\u00e4ft in Roubia (2,5km), montags geschlossen.<\/li>\n<\/ul>\n<\/td>\n<td align=\"left\" valign=\"top\" width=\"450\"><strong>Markt:<\/strong><\/p>\n<ul>\n<li>In L\u00e9zignan (5 km) Mittwoch vormittags. In Olonzac (8 km) Dienstag vormittags.<\/li>\n<\/ul>\n<\/td>\n<\/tr>\n<tr>\n<td align=\"left\" valign=\"top\" width=\"450\"><\/td>\n<td align=\"left\" valign=\"top\" width=\"450\"><\/td>\n<\/tr>\n<\/tbody>\n<\/table>\n[\/vc_column_text][\/vc_column][\/vc_row][\/vc_section][vc_section el_id=&#8220;base-tourist&#8220;][vc_row][vc_column][mk_fancy_title font_family=&#8220;none&#8220; el_class=&#8220;base_content_title&#8220;]Touristische Informationen[\/mk_fancy_title][\/vc_column][\/vc_row][vc_row][vc_column][vc_column_text css=&#8220;.vc_custom_1617804671439{margin-bottom: 0px !important;}&#8220;]\n<table style=\"border: 0pt solid #0e84f0;\" border=\"0\" frame=\"vsides\" cellspacing=\"0\" cellpadding=\"5\" align=\"left\">\n<tbody>\n<tr>\n<td align=\"left\" valign=\"top\" width=\"450\"><strong><a class=\"anchor\" name=\"topic04\"><\/a>Gastronomische Spezialit\u00e4ten:<\/strong><\/p>\n<ul>\n<li>Cassoulet von Castelnaudary, Wildschweinragout, Rehbraten, Ente, Grillgerichte, Coq au vin.<\/li>\n<\/ul>\n<\/td>\n<td align=\"left\" valign=\"top\" width=\"450\"><strong>Getr\u00e4nke aus der Region:\u00a0<\/strong><\/p>\n<ul>\n<li>Die Rot- und Wei\u00dfweine von Minervois, Corbi\u00e8res, Clape, Fitou, Saint-Chinian, Muscat und Carthag\u00e8ne.<\/li>\n<\/ul>\n<\/td>\n<\/tr>\n<tr>\n<td align=\"left\" valign=\"top\" width=\"450\"><strong><strong>Sehensw\u00fcrdigkeiten:<\/strong><\/strong><\/p>\n<ul>\n<li>In Argens: der See und das Dorf, das befestigte Dorf Minverve mit dem Museum Hurepel und dem arch\u00e4ologischen und pal\u00e4ontologischen Museum.<\/li>\n<\/ul>\n<\/td>\n<td align=\"left\" valign=\"top\" width=\"450\"><strong>Angeln:<\/strong><\/p>\n<ul>\n<li>Erforderliche Angelkarten m\u00fcssen im Internet vorab bestellt werden: <a href=\"http:\/\/de.cartedepeche.fr\/\" target=\"_blank\" rel=\"noopener nofollow noreferrer\">cartedepeche.fr<\/a> (auch auf Deutsch). Weitere Ausk\u00fcnfte erhalten Sie am Liegehafen.<br \/>\nKarpfen, Aal, Rotaugen, Zander, Wei\u00dffisch, Krebs.<\/li>\n<\/ul>\n<\/td>\n<\/tr>\n<tr>\n<td align=\"left\" valign=\"top\" width=\"450\"><strong>Tourismusb\u00fcro:<\/strong><\/p>\n<ul>\n<li>In L\u00e9zignan (5 km) Tel: 04 68 27 05 42<\/li>\n<\/ul>\n<\/td>\n<td align=\"left\" valign=\"top\" width=\"450\"><strong>\u00a0<\/strong><\/td>\n<\/tr>\n<\/tbody>\n<\/table>\n[\/vc_column_text][\/vc_column][\/vc_row][\/vc_section][vc_section el_id=&#8220;base-waterways&#8220;][vc_row][vc_column][mk_fancy_title font_family=&#8220;none&#8220; el_class=&#8220;base_content_title&#8220;]Informationen zu den Wasserstra\u00dfen[\/mk_fancy_title][\/vc_column][\/vc_row][vc_row][vc_column][vc_column_text css=&#8220;.vc_custom_1675155608941{margin-bottom: 0px !important;}&#8220;]\n<table style=\"border: 0pt solid #0e84f0;\" border=\"0\" frame=\"vsides\" cellspacing=\"0\" cellpadding=\"5\" align=\"left\">\n<tbody>\n<tr>\n<td align=\"left\" valign=\"top\" width=\"800\"><strong><a class=\"anchor\" name=\"topic05\"><\/a>Wasserstra\u00dfen:<\/strong><\/td>\n<\/tr>\n<tr>\n<td align=\"left\" valign=\"top\" width=\"800\">Die meisten Schleusen auf dem <strong>Canal du Midi<\/strong> sind elektrisch mit Schleusenw\u00e4rter. Auf dem <strong>Canal de la Robine<\/strong> sind sie automatisch mit einem Schleusenw\u00e4rter f\u00fcr 4 Schleusen. Die Schleusen sind von 9-12 Uhr und von 13-19 Uhr. Am 1. Mai geschlossen.<\/p>\n<p>Die \u00dcberquerung des <strong>\u00c9tang de Thau<\/strong> ist bei einer Windst\u00e4rke \u00fcber 3 Beaufort verboten. Auf dem <strong>Lez und dem Canal du Rh\u00f4ne \u00e0 S\u00e8te<\/strong> sind die wenigen Schleusen automatisch. <strong>Achtung: Die Hebebr\u00fccke in Frontignan<\/strong> wird nur 2 Mal pro Tag f\u00fcr wenige Minuten ge\u00f6ffnet (8.30 und 16 Uhr)!<\/td>\n<\/tr>\n<\/tbody>\n<\/table>\n[\/vc_column_text][\/vc_column][\/vc_row][\/vc_section]\n<\/div>","protected":false},"excerpt":{"rendered":"<p>[vc_row][vc_column][vc_column_text css=&#8220;.vc_custom_1616430232815{margin-bottom: 0px !important;}&#8220;] Abfahrtshafen Entdecken Sie alle Informationen und hilfreiche Tipps zu Ihrer Abfahrtsbasis[\/vc_column_text][\/vc_column][\/vc_row][vc_row fullwidth=&#8220;true&#8220; fullwidth_content=&#8220;false&#8220;][vc_column][pen_departure_filter][\/vc_column][\/vc_row][vc_section el_id=&#8220;direction-formalities&#8220; css=&#8220;.vc_custom_1601285129565{border-radius: 2px !important;}&#8220;][vc_row css=&#8220;.vc_custom_1601283567019{border-radius: 2px !important;}&#8220;][vc_column][mk_fancy_title font_family=&#8220;none&#8220; el_class=&#8220;base_content_title&#8220;]Anschrift[\/mk_fancy_title][\/vc_column][\/vc_row][vc_row][vc_column][vc_row_inner][vc_column_inner width=&#8220;1\/2&#8243;][vc_column_text css=&#8220;.vc_custom_1601282488530{margin-bottom: 0px !important;}&#8220;][\/vc_column_text][\/vc_column_inner][vc_column_inner width=&#8220;1\/2&#8243;][vc_column_text css=&#8220;.vc_custom_1649161808900{margin-bottom: 0px !important;}&#8220;]Locaboat Holidays Port Occitanie Argens-Minervois, FR 11200 \u2709:\u00a0 argens-minervois@locaboat.com T: + 33 (0) 4 68 27 03 33 G: N 43\u00b014&#8217;26.49 E [&hellip;]<\/p>\n","protected":false},"author":4,"featured_media":178,"parent":348,"menu_order":0,"comment_status":"closed","ping_status":"closed","template":"template-departure-base.php","meta":{"footnotes":""},"class_list":["post-616","page","type-page","status-publish","has-post-thumbnail","hentry"],"yoast_head":"<!-- This site is optimized with the Yoast SEO plugin v25.5 - https:\/\/yoast.com\/wordpress\/plugins\/seo\/ -->\n<title>Argens-Minervois -<\/title>\n<meta name=\"robots\" content=\"index, follow, max-snippet:-1, max-image-preview:large, max-video-preview:-1\" \/>\n<link rel=\"canonical\" href=\"https:\/\/www.penichette.com\/de\/abfahrtshafen\/frankreich\/argens-minervois\/\" \/>\n<meta property=\"og:locale\" content=\"de_DE\" \/>\n<meta property=\"og:type\" content=\"article\" \/>\n<meta property=\"og:title\" content=\"Argens-Minervois -\" \/>\n<meta property=\"og:description\" content=\"[vc_row][vc_column][vc_column_text css=&#8220;.vc_custom_1616430232815{margin-bottom: 0px !important;}&#8220;] Abfahrtshafen Entdecken Sie alle Informationen und hilfreiche Tipps zu Ihrer Abfahrtsbasis[\/vc_column_text][\/vc_column][\/vc_row][vc_row fullwidth=&#8220;true&#8220; fullwidth_content=&#8220;false&#8220;][vc_column][pen_departure_filter][\/vc_column][\/vc_row][vc_section el_id=&#8220;direction-formalities&#8220; css=&#8220;.vc_custom_1601285129565{border-radius: 2px !important;}&#8220;][vc_row css=&#8220;.vc_custom_1601283567019{border-radius: 2px !important;}&#8220;][vc_column][mk_fancy_title font_family=&#8220;none&#8220; el_class=&#8220;base_content_title&#8220;]Anschrift[\/mk_fancy_title][\/vc_column][\/vc_row][vc_row][vc_column][vc_row_inner][vc_column_inner width=&#8220;1\/2&#8243;][vc_column_text css=&#8220;.vc_custom_1601282488530{margin-bottom: 0px !important;}&#8220;][\/vc_column_text][\/vc_column_inner][vc_column_inner width=&#8220;1\/2&#8243;][vc_column_text css=&#8220;.vc_custom_1649161808900{margin-bottom: 0px !important;}&#8220;]Locaboat Holidays Port Occitanie Argens-Minervois, FR 11200 \u2709:\u00a0 argens-minervois@locaboat.com T: + 33 (0) 4 68 27 03 33 G: N 43\u00b014&#8217;26.49 E [&hellip;]\" \/>\n<meta property=\"og:url\" content=\"https:\/\/www.penichette.com\/de\/abfahrtshafen\/frankreich\/argens-minervois\/\" \/>\n<meta property=\"og:site_name\" content=\"Penichette.com\" \/>\n<meta property=\"article:modified_time\" content=\"2023-08-22T15:42:03+00:00\" \/>\n<meta property=\"og:image\" content=\"https:\/\/www.penichette.com\/wp-content\/uploads\/2014\/12\/photo-base-de-depart1.jpg\" \/>\n\t<meta property=\"og:image:width\" content=\"980\" \/>\n\t<meta property=\"og:image:height\" content=\"500\" \/>\n\t<meta property=\"og:image:type\" content=\"image\/jpeg\" \/>\n<meta name=\"twitter:card\" content=\"summary_large_image\" \/>\n<meta name=\"twitter:label1\" content=\"Gesch\u00e4tzte Lesezeit\" \/>\n\t<meta name=\"twitter:data1\" content=\"4\u00a0Minuten\" \/>\n<script type=\"application\/ld+json\" class=\"yoast-schema-graph\">{\"@context\":\"https:\/\/schema.org\",\"@graph\":[{\"@type\":\"WebPage\",\"@id\":\"https:\/\/www.penichette.com\/de\/abfahrtshafen\/frankreich\/argens-minervois\/\",\"url\":\"https:\/\/www.penichette.com\/de\/abfahrtshafen\/frankreich\/argens-minervois\/\",\"name\":\"Argens-Minervois -\",\"isPartOf\":{\"@id\":\"https:\/\/www.penichette.com\/#website\"},\"primaryImageOfPage\":{\"@id\":\"https:\/\/www.penichette.com\/de\/abfahrtshafen\/frankreich\/argens-minervois\/#primaryimage\"},\"image\":{\"@id\":\"https:\/\/www.penichette.com\/de\/abfahrtshafen\/frankreich\/argens-minervois\/#primaryimage\"},\"thumbnailUrl\":\"https:\/\/www.penichette.com\/wp-content\/uploads\/2014\/12\/photo-base-de-depart1.jpg\",\"datePublished\":\"2015-01-11T20:34:51+00:00\",\"dateModified\":\"2023-08-22T15:42:03+00:00\",\"breadcrumb\":{\"@id\":\"https:\/\/www.penichette.com\/de\/abfahrtshafen\/frankreich\/argens-minervois\/#breadcrumb\"},\"inLanguage\":\"de\",\"potentialAction\":[{\"@type\":\"ReadAction\",\"target\":[\"https:\/\/www.penichette.com\/de\/abfahrtshafen\/frankreich\/argens-minervois\/\"]}]},{\"@type\":\"ImageObject\",\"inLanguage\":\"de\",\"@id\":\"https:\/\/www.penichette.com\/de\/abfahrtshafen\/frankreich\/argens-minervois\/#primaryimage\",\"url\":\"https:\/\/www.penichette.com\/wp-content\/uploads\/2014\/12\/photo-base-de-depart1.jpg\",\"contentUrl\":\"https:\/\/www.penichette.com\/wp-content\/uploads\/2014\/12\/photo-base-de-depart1.jpg\",\"width\":980,\"height\":500},{\"@type\":\"BreadcrumbList\",\"@id\":\"https:\/\/www.penichette.com\/de\/abfahrtshafen\/frankreich\/argens-minervois\/#breadcrumb\",\"itemListElement\":[{\"@type\":\"ListItem\",\"position\":1,\"name\":\"Zuhause\",\"item\":\"https:\/\/www.penichette.com\/de\/\"},{\"@type\":\"ListItem\",\"position\":2,\"name\":\"Abfahrtshafen\",\"item\":\"https:\/\/www.penichette.com\/de\/abfahrtshafen\/\"},{\"@type\":\"ListItem\",\"position\":3,\"name\":\"Frankreich\",\"item\":\"https:\/\/www.penichette.com\/de\/abfahrtshafen\/frankreich\/\"},{\"@type\":\"ListItem\",\"position\":4,\"name\":\"Argens-Minervois\"}]},{\"@type\":\"WebSite\",\"@id\":\"https:\/\/www.penichette.com\/#website\",\"url\":\"https:\/\/www.penichette.com\/\",\"name\":\"Penichette.com\",\"description\":\"\",\"potentialAction\":[{\"@type\":\"SearchAction\",\"target\":{\"@type\":\"EntryPoint\",\"urlTemplate\":\"https:\/\/www.penichette.com\/?s={search_term_string}\"},\"query-input\":{\"@type\":\"PropertyValueSpecification\",\"valueRequired\":true,\"valueName\":\"search_term_string\"}}],\"inLanguage\":\"de\"}]}<\/script>\n<!-- \/ Yoast SEO plugin. -->","yoast_head_json":{"title":"Argens-Minervois -","robots":{"index":"index","follow":"follow","max-snippet":"max-snippet:-1","max-image-preview":"max-image-preview:large","max-video-preview":"max-video-preview:-1"},"canonical":"https:\/\/www.penichette.com\/de\/abfahrtshafen\/frankreich\/argens-minervois\/","og_locale":"de_DE","og_type":"article","og_title":"Argens-Minervois -","og_description":"[vc_row][vc_column][vc_column_text css=&#8220;.vc_custom_1616430232815{margin-bottom: 0px !important;}&#8220;] Abfahrtshafen Entdecken Sie alle Informationen und hilfreiche Tipps zu Ihrer Abfahrtsbasis[\/vc_column_text][\/vc_column][\/vc_row][vc_row fullwidth=&#8220;true&#8220; fullwidth_content=&#8220;false&#8220;][vc_column][pen_departure_filter][\/vc_column][\/vc_row][vc_section el_id=&#8220;direction-formalities&#8220; css=&#8220;.vc_custom_1601285129565{border-radius: 2px !important;}&#8220;][vc_row css=&#8220;.vc_custom_1601283567019{border-radius: 2px !important;}&#8220;][vc_column][mk_fancy_title font_family=&#8220;none&#8220; el_class=&#8220;base_content_title&#8220;]Anschrift[\/mk_fancy_title][\/vc_column][\/vc_row][vc_row][vc_column][vc_row_inner][vc_column_inner width=&#8220;1\/2&#8243;][vc_column_text css=&#8220;.vc_custom_1601282488530{margin-bottom: 0px !important;}&#8220;][\/vc_column_text][\/vc_column_inner][vc_column_inner width=&#8220;1\/2&#8243;][vc_column_text css=&#8220;.vc_custom_1649161808900{margin-bottom: 0px !important;}&#8220;]Locaboat Holidays Port Occitanie Argens-Minervois, FR 11200 \u2709:\u00a0 argens-minervois@locaboat.com T: + 33 (0) 4 68 27 03 33 G: N 43\u00b014&#8217;26.49 E [&hellip;]","og_url":"https:\/\/www.penichette.com\/de\/abfahrtshafen\/frankreich\/argens-minervois\/","og_site_name":"Penichette.com","article_modified_time":"2023-08-22T15:42:03+00:00","og_image":[{"width":980,"height":500,"url":"https:\/\/www.penichette.com\/wp-content\/uploads\/2014\/12\/photo-base-de-depart1.jpg","type":"image\/jpeg"}],"twitter_card":"summary_large_image","twitter_misc":{"Gesch\u00e4tzte Lesezeit":"4\u00a0Minuten"},"schema":{"@context":"https:\/\/schema.org","@graph":[{"@type":"WebPage","@id":"https:\/\/www.penichette.com\/de\/abfahrtshafen\/frankreich\/argens-minervois\/","url":"https:\/\/www.penichette.com\/de\/abfahrtshafen\/frankreich\/argens-minervois\/","name":"Argens-Minervois -","isPartOf":{"@id":"https:\/\/www.penichette.com\/#website"},"primaryImageOfPage":{"@id":"https:\/\/www.penichette.com\/de\/abfahrtshafen\/frankreich\/argens-minervois\/#primaryimage"},"image":{"@id":"https:\/\/www.penichette.com\/de\/abfahrtshafen\/frankreich\/argens-minervois\/#primaryimage"},"thumbnailUrl":"https:\/\/www.penichette.com\/wp-content\/uploads\/2014\/12\/photo-base-de-depart1.jpg","datePublished":"2015-01-11T20:34:51+00:00","dateModified":"2023-08-22T15:42:03+00:00","breadcrumb":{"@id":"https:\/\/www.penichette.com\/de\/abfahrtshafen\/frankreich\/argens-minervois\/#breadcrumb"},"inLanguage":"de","potentialAction":[{"@type":"ReadAction","target":["https:\/\/www.penichette.com\/de\/abfahrtshafen\/frankreich\/argens-minervois\/"]}]},{"@type":"ImageObject","inLanguage":"de","@id":"https:\/\/www.penichette.com\/de\/abfahrtshafen\/frankreich\/argens-minervois\/#primaryimage","url":"https:\/\/www.penichette.com\/wp-content\/uploads\/2014\/12\/photo-base-de-depart1.jpg","contentUrl":"https:\/\/www.penichette.com\/wp-content\/uploads\/2014\/12\/photo-base-de-depart1.jpg","width":980,"height":500},{"@type":"BreadcrumbList","@id":"https:\/\/www.penichette.com\/de\/abfahrtshafen\/frankreich\/argens-minervois\/#breadcrumb","itemListElement":[{"@type":"ListItem","position":1,"name":"Zuhause","item":"https:\/\/www.penichette.com\/de\/"},{"@type":"ListItem","position":2,"name":"Abfahrtshafen","item":"https:\/\/www.penichette.com\/de\/abfahrtshafen\/"},{"@type":"ListItem","position":3,"name":"Frankreich","item":"https:\/\/www.penichette.com\/de\/abfahrtshafen\/frankreich\/"},{"@type":"ListItem","position":4,"name":"Argens-Minervois"}]},{"@type":"WebSite","@id":"https:\/\/www.penichette.com\/#website","url":"https:\/\/www.penichette.com\/","name":"Penichette.com","description":"","potentialAction":[{"@type":"SearchAction","target":{"@type":"EntryPoint","urlTemplate":"https:\/\/www.penichette.com\/?s={search_term_string}"},"query-input":{"@type":"PropertyValueSpecification","valueRequired":true,"valueName":"search_term_string"}}],"inLanguage":"de"}]}},"_links":{"self":[{"href":"https:\/\/www.penichette.com\/de\/wp-json\/wp\/v2\/pages\/616","targetHints":{"allow":["GET"]}}],"collection":[{"href":"https:\/\/www.penichette.com\/de\/wp-json\/wp\/v2\/pages"}],"about":[{"href":"https:\/\/www.penichette.com\/de\/wp-json\/wp\/v2\/types\/page"}],"author":[{"embeddable":true,"href":"https:\/\/www.penichette.com\/de\/wp-json\/wp\/v2\/users\/4"}],"replies":[{"embeddable":true,"href":"https:\/\/www.penichette.com\/de\/wp-json\/wp\/v2\/comments?post=616"}],"version-history":[{"count":28,"href":"https:\/\/www.penichette.com\/de\/wp-json\/wp\/v2\/pages\/616\/revisions"}],"predecessor-version":[{"id":5839,"href":"https:\/\/www.penichette.com\/de\/wp-json\/wp\/v2\/pages\/616\/revisions\/5839"}],"up":[{"embeddable":true,"href":"https:\/\/www.penichette.com\/de\/wp-json\/wp\/v2\/pages\/348"}],"wp:featuredmedia":[{"embeddable":true,"href":"https:\/\/www.penichette.com\/de\/wp-json\/wp\/v2\/media\/178"}],"wp:attachment":[{"href":"https:\/\/www.penichette.com\/de\/wp-json\/wp\/v2\/media?parent=616"}],"curies":[{"name":"wp","href":"https:\/\/api.w.org\/{rel}","templated":true}]}}