{"id":642,"date":"2015-01-11T21:43:48","date_gmt":"2015-01-11T20:43:48","guid":{"rendered":"http:\/\/hosting-penichette.bertrandlepage.fr\/?page_id=642"},"modified":"2024-06-18T10:16:07","modified_gmt":"2024-06-18T09:16:07","slug":"saint-leger","status":"publish","type":"page","link":"https:\/\/www.penichette.com\/de\/abfahrtshafen\/frankreich\/saint-leger\/","title":{"rendered":"Saint-L\u00e9ger"},"content":{"rendered":"<div class=\"wpb-content-wrapper\">[vc_row][vc_column][vc_column_text css=&#8220;.vc_custom_1616430388796{margin-bottom: 0px !important;}&#8220;]\n<h3><strong>Abfahrtshafen<\/strong><\/h3>\n<p><em>Entdecken Sie alle Informationen und hilfreiche Tipps zu Ihrer Abfahrtsbasis<\/em>[\/vc_column_text][\/vc_column][\/vc_row][vc_row fullwidth=&#8220;true&#8220; fullwidth_content=&#8220;false&#8220;][vc_column][pen_departure_filter][\/vc_column][\/vc_row][vc_section el_id=&#8220;direction-formalities&#8220; css=&#8220;.vc_custom_1601285129565{border-radius: 2px !important;}&#8220;][vc_row css=&#8220;.vc_custom_1601283567019{border-radius: 2px !important;}&#8220;][vc_column][mk_fancy_title font_family=&#8220;none&#8220; el_class=&#8220;base_content_title&#8220;]Anschrift[\/mk_fancy_title][\/vc_column][\/vc_row][vc_row][vc_column][vc_row_inner][vc_column_inner width=&#8220;1\/2&#8243;][vc_column_text css=&#8220;.vc_custom_1718702163058{margin-bottom: 0px !important;}&#8220;]<iframe loading=\"lazy\" style=\"border: 0;\" src=\"https:\/\/www.google.com\/maps\/embed?pb=!1m18!1m12!1m3!1d2728.8909478799055!2d4.631209076576905!3d46.84583664020162!2m3!1f0!2f0!3f0!3m2!1i1024!2i768!4f13.1!3m3!1m2!1s0x47f256d9391d6a15%3A0xebfcd92e4108f7b5!2sLocaboat%20Holidays%20Saint-L%C3%A9ger-sur-Dheune%20-%20Location%20bateau%20Canal%20du%20Centre%20%26%20Bourgogne%20Sa%C3%B4ne!5e0!3m2!1sfr!2sfr!4v1718702137268!5m2!1sfr!2sfr\" width=\"100%\" height=\"350\" frameborder=\"0\" allowfullscreen=\"allowfullscreen\"><\/iframe>[\/vc_column_text][\/vc_column_inner][vc_column_inner width=&#8220;1\/2&#8243;][vc_column_text css=&#8220;.vc_custom_1613473434529{margin-bottom: 0px !important;}&#8220;]\n<div>\n<div>\n<div>\n<div>\n<div>\n<div><strong>Locaboat Holidays<\/strong><\/div>\n<div>Rue du Port<br \/>\nSt-L\u00e9ger-sur-Dheune, FR 71510<\/div>\n<div><\/div>\n<div>_<\/div>\n<div><\/div>\n<div><abbr title=\"Email\"><span class=\"base-msg-icon\">\u2709<\/span>:<\/abbr>\u00a0\u00a0saint-leger-sur-dheune@locaboat.com<\/div>\n<div><abbr title=\"Tel\">T:<\/abbr> + 33 (0) 3 85 98 03 03<br \/>\n<abbr title=\"GPS\">G:<\/abbr>\u00a0N 46\u00b050\u201945.022 \u2013 E 04\u00b038\u20191.623<\/div>\n<\/div>\n<\/div>\n<\/div>\n<\/div>\n<\/div>\n[\/vc_column_text][\/vc_column_inner][\/vc_row_inner][vc_row_inner][vc_column_inner][vc_column_text css=&#8220;.vc_custom_1613473450327{margin-bottom: 0px !important;}&#8220;]\n<table style=\"border: 0pt solid #0e84f0;\" border=\"0\" frame=\"vsides\" cellspacing=\"0\" cellpadding=\"5\" align=\"left\">\n<tbody>\n<tr>\n<td style=\"margin-bottom: 20px;\" align=\"left\" valign=\"top\" width=\"450\"><strong>Empfang &amp; Formalit\u00e4ten:<\/strong><\/p>\n<p>An den Abfahrtstagen zwischen 14 und 18 Uhr.<\/td>\n<td style=\"margin-bottom: 20px;\" align=\"left\" valign=\"top\" width=\"450\"><strong>\u00dcbernahme:<\/strong><\/p>\n<p>Das Boot wird \u00fcbergeben, sobald es fertig ist.<\/td>\n<\/tr>\n<tr>\n<td style=\"margin-bottom: 20px;\" align=\"left\" valign=\"top\" width=\"450\"><strong>Vor Ort:<\/strong><\/p>\n<p>WC \/ Dusche w\u00e4hrend der \u00d6ffnungszeiten des Liegehafens, Picknickplatz, gratis WLAN f\u00fcr Locaboat-Kunden (den Zugangscode erhalten Sie im Hafenb\u00fcro).<\/td>\n<td style=\"margin-bottom: 20px;\" align=\"left\" valign=\"top\" width=\"450\"><\/td>\n<\/tr>\n<\/tbody>\n<\/table>\n[\/vc_column_text][\/vc_column_inner][\/vc_row_inner][\/vc_column][\/vc_row][\/vc_section][vc_section el_id=&#8220;how-to-get-base&#8220;][vc_row][vc_column][mk_fancy_title font_family=&#8220;none&#8220; el_class=&#8220;base_content_title&#8220;]So kommen Sie zum Liegehafen[\/mk_fancy_title][\/vc_column][\/vc_row][vc_row][vc_column][vc_column_text css=&#8220;.vc_custom_1672658928312{margin-bottom: 0px !important;}&#8220;]\n<table style=\"border: 0pt solid #0e84f0;\" border=\"0\" frame=\"vsides\" cellspacing=\"0\" cellpadding=\"5\" align=\"left\">\n<tbody>\n<tr>\n<td align=\"left\" valign=\"top\" width=\"450\"><strong><a class=\"anchor\" name=\"topic02\"><\/a>Anreise:<\/strong><\/p>\n<ul>\n<li>Aus Norden\/Osten: A6 Ausfahrt 24.1 Beaune, dann D974 Richtung Chagny und Santenay ( 28 km)<br \/>\nAus S\u00fcden: A6 Ausfahrt 25 Chalon-sur-Sa\u00f4ne Nord, dann D978 Richtung Autun, Mercurey (20 km)<\/li>\n<li><a href=\"http:\/\/www.voyages-sncf.com\" target=\"_blank\" rel=\"noopener nofollow noreferrer\">Bahnhof Saint-L\u00e9ger-sur-Dheune<\/a> (2 km)<br \/>\n<a href=\"http:\/\/www.voyages-sncf.com\" target=\"_blank\" rel=\"noopener nofollow noreferrer\">TGV-Bahnhof Le Creusot-Montchanin<\/a> (17 km)<\/li>\n<li><a href=\"http:\/\/www.lyon.aeroport.fr\" target=\"_blank\" rel=\"noopener nofollow noreferrer\">Flughafen Lyon St-Exup\u00e9ry<\/a> (166 km)<\/li>\n<\/ul>\n<\/td>\n<td align=\"left\" valign=\"top\" width=\"450\"><strong>Parkplatz:<\/strong><\/p>\n<ul>\n<li>\u00dcberdacht, nicht bewacht : 56 \u20ac \/ Woche<\/li>\n<li>Umz\u00e4unt, nicht bewacht : 42 \u20ac \/ Woche<\/li>\n<li>Umz\u00e4unte Parkpl\u00e4tze sind begrenzt, eine Vorbestellung ist eforderlich.<\/li>\n<li>\u00d6ffentlicher unbewachter Parkplatz, nicht umz\u00e4unt : (Kostenlos).<\/li>\n<\/ul>\n<\/td>\n<\/tr>\n<tr>\n<td align=\"left\" valign=\"top\" width=\"450\"><strong>Autovermietung:<\/strong><\/p>\n<ul>\n<li>ABSL (Chalon, 23 km), Tel.: 03 85 41 62 28<\/li>\n<li>ADA (Chalon, 23 km) Tel.: 03 85 \u00a090 03 85<\/li>\n<li><a href=\"http:\/\/www.avis.com\" target=\"_blank\" rel=\"noopener nofollow noreferrer\">Avis<\/a> (Montchanin, 30 km) Tel.:\u00a003.85.67.89.67<\/li>\n<li><a href=\"http:\/\/www.europcar.com\" target=\"_blank\" rel=\"noopener nofollow noreferrer\">Europcar<\/a> (Chalon, 23 km) Tel.: 03 85 48 50 52<\/li>\n<li>Europcar Montchanin Bahnhof: 03 85 78 56 87<\/li>\n<li><a href=\"http:\/\/www.hertz.com\" target=\"_blank\" rel=\"noopener nofollow noreferrer\">Hertz<\/a> (Chalon, 23 km) Tel.: 03 85 90 80 30 oder<br \/>\nMontchanin, 30 km Tel.: 03 85 78 87 90<\/li>\n<li><a href=\"http:\/\/www.sixt.fr\/location-voiture\/france\/chalon-sur-saone\/\" target=\"_blank\" rel=\"noopener nofollow noreferrer\">Sixt<\/a> (Chalon, 23 km) Tel.: 03 85 94 03 98 or<br \/>\nLe Creusot (beim Bahnhof), Tel.: 03 85 78 87 90<\/li>\n<li>National Citer (Torcy, 30 km), Tel.: 03 85 78 08 01<\/li>\n<\/ul>\n<\/td>\n<td align=\"left\" valign=\"top\" width=\"450\"><strong>Taxi:<\/strong><\/p>\n<ul>\n<li>Pascal Durey, Tel.: 06 07 23 81 91<\/li>\n<li>Taxi Daviot (Montchanin), Tel.: 06 08 53 26 38 oder 06 08 42 40 92<\/li>\n<\/ul>\n<ul>\n<li>Eric Begue (Chagny) Tel.: 03 85 91 24 73<\/li>\n<li>Taxi Chic (Chagny) Tel.: 06 88 07 92 01<\/li>\n<\/ul>\n<\/td>\n<\/tr>\n<tr>\n<td align=\"left\" valign=\"top\" width=\"450\"><\/td>\n<td align=\"left\" valign=\"top\" width=\"450\"><\/td>\n<\/tr>\n<\/tbody>\n<\/table>\n[\/vc_column_text][\/vc_column][\/vc_row][\/vc_section][vc_section el_id=&#8220;base-tourist&#8220;][vc_row][vc_column][mk_fancy_title font_family=&#8220;none&#8220; el_class=&#8220;base_content_title&#8220;]Unterk\u00fcnfte, Gastst\u00e4tten und Einkaufsm\u00f6glichkeiten vor Ort[\/mk_fancy_title][\/vc_column][\/vc_row][vc_row][vc_column][vc_column_text css=&#8220;.vc_custom_1700577841346{margin-bottom: 0px !important;}&#8220;]\n<table style=\"border: 0pt solid #0e84f0;\" border=\"0\" frame=\"vsides\" cellspacing=\"0\" cellpadding=\"5\" align=\"left\">\n<tbody>\n<tr>\n<td align=\"left\" valign=\"top\" width=\"450\"><strong><a class=\"anchor\" name=\"topic03\"><\/a>Hotels:<\/strong><\/p>\n<ul>\n<li><a href=\"http:\/\/restaurant-hotel.hotel-restaurant-couches.com\" target=\"_blank\" rel=\"noopener nofollow noreferrer\">Les Trois Maures<\/a> (Couches, 7 km)<br \/>\nSonntag abends ge\u00f6ffnet, Tel.: 03 85 49 63 93<\/li>\n<li><a href=\"http:\/\/www.chateau-bellecroix.com\" target=\"_blank\" rel=\"noopener nofollow noreferrer\">Le ch\u00e2teau de Bellecroix<\/a> (Chagny, 13 km) Tel.: 03 85 87 13 86<\/li>\n<li>Lameloise*** (Chagny, 13 km), Tel.: 03 85 87 65 65<\/li>\n<\/ul>\n<\/td>\n<td align=\"left\" valign=\"top\" width=\"450\"><strong>Restaurants:<\/strong><\/p>\n<ul>\n<li>Le Marchand &#8211; Tel.: 03 85 45 46 80<\/li>\n<li><a href=\"http:\/\/www.restaurant-lescale-remigny.com\" target=\"_blank\" rel=\"noopener nofollow noreferrer\">L&#8217;Escale<\/a> (Remigny 13 km) Tel.: 03 85 87 07 03<\/li>\n<li><a href=\"http:\/\/www.restaurantleterroir.com\/\" target=\"_blank\" rel=\"noopener nofollow noreferrer\">Le Terroir<\/a> (Santenay 12 km) Tel.: 03 80 20 63 47<\/li>\n<li>Lameloise (Chagny, 13 km), Tel.: 03 85 87 65 65<\/li>\n<\/ul>\n<\/td>\n<\/tr>\n<tr>\n<td align=\"left\" valign=\"top\" width=\"450\"><strong>Gesch\u00e4fte:<\/strong><\/p>\n<ul>\n<li>In St. L\u00e9ger: Supermarkt Bi1<\/li>\n<li>Supermarkt B1 ge\u00f6ffnet von 8 &#8211; 20 Uhr (in der Woche), Sonntag von 8 &#8211; 12.30 Uhr<\/li>\n<\/ul>\n<\/td>\n<td align=\"left\" valign=\"top\" width=\"450\"><strong>Markt:<\/strong><\/p>\n<ul>\n<li>In St. L\u00e9ger, Dienstag Vormittags.<\/li>\n<\/ul>\n<\/td>\n<\/tr>\n<tr>\n<td align=\"left\" valign=\"top\" width=\"450\"><strong>G\u00e4stezimmer und Ferienwohnungen:<\/strong><\/p>\n<ul>\n<li>MAISON MAYA\u00a006.09.02.43.46 \u2013\u00a0<a href=\"mailto:homeatmayas@gmail.com\" rel=\"noopener nofollow noreferrer\">homeatmayas@gmail.com<\/a>\u00a0\u00a05 min. zu Fu\u00df vom Liegehafen entfernt<\/li>\n<\/ul>\n<\/td>\n<td align=\"left\" valign=\"top\" width=\"450\"><\/td>\n<\/tr>\n<\/tbody>\n<\/table>\n[\/vc_column_text][\/vc_column][\/vc_row][\/vc_section][vc_section el_id=&#8220;base-tourist&#8220;][vc_row][vc_column][mk_fancy_title font_family=&#8220;none&#8220; el_class=&#8220;base_content_title&#8220;]Touristische Informationen[\/mk_fancy_title][\/vc_column][\/vc_row][vc_row][vc_column][vc_column_text css=&#8220;.vc_custom_1667987234192{margin-bottom: 0px !important;}&#8220;]\n<table style=\"border: 0pt solid #0e84f0;\" border=\"0\" frame=\"vsides\" cellspacing=\"0\" cellpadding=\"5\" align=\"left\">\n<tbody>\n<tr>\n<td align=\"left\" valign=\"top\" width=\"450\"><strong><a class=\"anchor\" name=\"topic04\"><\/a>Gastronomische Spezialit\u00e4ten:\u00a0<\/strong><\/p>\n<ul>\n<li>Pfirsich-Marmelade<\/li>\n<\/ul>\n<\/td>\n<td align=\"left\" valign=\"top\" width=\"450\"><strong>Getr\u00e4nke aus der Region:<\/strong><\/p>\n<ul>\n<li>Weine von Santenay, Rully,Mercurey, Givry. M\u00f6glichkeiten zur Weinprobe in Chagny.<\/li>\n<\/ul>\n<p>Die Getr\u00e4nke k\u00f6nnen auf der Strecke \u00fcberall probiert werden. zB.\u00a0Cheilly les Maranges, Santenay, Rully, Chagny, Chalon\u2026<\/td>\n<\/tr>\n<tr>\n<td align=\"left\" valign=\"top\" width=\"450\"><strong><strong>Sehensw\u00fcrdigkeiten:<\/strong><\/strong><\/p>\n<ul>\n<li>Couches: Schloss von Marguerite von Bourgogne, Haus der Tempelritter<\/li>\n<li>Santenay: R\u00f6merlager von Chasey-le-Camp<\/li>\n<li>Mellecey: Schloss von Germolles<\/li>\n<li>Ecuisses: Maison PERRUSSON<\/li>\n<li>Blanzy: Bergwerkmuseum<\/li>\n<\/ul>\n<\/td>\n<td align=\"left\" valign=\"top\" width=\"450\"><strong>Angeln:<\/strong>\u00a0Obligatorischer Angelschein<\/p>\n<ul>\n<li>Erforderliche Angelkarten k\u00f6nnen im Internet vorab bestellt werden: <a class=\"txt-vert\" href=\"http:\/\/de.cartedepeche.fr\/\" rel=\"noopener nofollow noreferrer\">cartedepeche.fr<\/a><span class=\"txt-vert\">\u00a0<\/span>(auch auf Deutsch). Weitere Ausk\u00fcnfte erhalten Sie am Liegehafen.<\/li>\n<\/ul>\n<\/td>\n<\/tr>\n<tr>\n<td align=\"left\" valign=\"top\" width=\"450\"><strong>Tourismusb\u00fcro:<\/strong><\/p>\n<ul>\n<li>Chagny Tel.: 03 85 87 25 95 &#8211; Fax: 03 85 87 14 44<br \/>\n<a href=\"mailto:ot.chagny-bourgogne@wanadoo.fr\" rel=\"noopener nofollow noreferrer\">ot.chagny-bourgogne@wanadoo.fr<\/a><\/li>\n<\/ul>\n<\/td>\n<td align=\"left\" valign=\"top\" width=\"450\"><strong>\u00a0<\/strong><\/td>\n<\/tr>\n<\/tbody>\n<\/table>\n[\/vc_column_text][\/vc_column][\/vc_row][\/vc_section][vc_section el_id=&#8220;base-waterways&#8220;][vc_row][vc_column][mk_fancy_title font_family=&#8220;none&#8220; el_class=&#8220;base_content_title&#8220;]Informationen zu den Wasserstra\u00dfen[\/mk_fancy_title][\/vc_column][\/vc_row][vc_row][vc_column][vc_column_text css=&#8220;.vc_custom_1667987182257{margin-bottom: 0px !important;}&#8220;]\n<table style=\"border: 0pt solid #0e84f0;\" border=\"0\" frame=\"vsides\" cellspacing=\"0\" cellpadding=\"5\" align=\"left\">\n<tbody>\n<tr>\n<td align=\"left\" valign=\"top\" width=\"800\"><strong><a class=\"anchor\" name=\"topic05\"><\/a>Wasserstra\u00dfen:<\/strong><\/td>\n<\/tr>\n<tr>\n<td align=\"left\" valign=\"top\" width=\"800\">Auf dem <strong>Canal du Centre<\/strong> sind die meisten Schleusen automatisch. \u00d6ffnungszeiten: 9-12 Uhr und 13-19 Uhr. <strong>Seille<\/strong>: die Schleusen sind manuell und m\u00fcssen selbst aktiviert werden, an der 1. Schleuse ist ein Schleusenw\u00e4rter. \u00d6ffnungszeiten: 9-12:30 und 13-19 Uhr.<\/p>\n<p>Auf der <strong>Sa\u00f4ne<\/strong>: \u00d6ffnungszeiten t\u00e4glich 9-12:30 und 13:30-19 Uhr. Auf der Sa\u00f4ne ist das Tragen von Schwimmwesten in den gro\u00dfen Schleusen vorgeschrieben.Auf dem Canal du Centre, der Seille und der Sa\u00f4ne sind die Schleusen am 1. Mai und 1. November geschlossen, auf der Seille auch am 14. Juli.<\/td>\n<\/tr>\n<\/tbody>\n<\/table>\n[\/vc_column_text][\/vc_column][\/vc_row][\/vc_section]\n<\/div>","protected":false},"excerpt":{"rendered":"<p>[vc_row][vc_column][vc_column_text css=&#8220;.vc_custom_1616430388796{margin-bottom: 0px !important;}&#8220;] Abfahrtshafen Entdecken Sie alle Informationen und hilfreiche Tipps zu Ihrer Abfahrtsbasis[\/vc_column_text][\/vc_column][\/vc_row][vc_row fullwidth=&#8220;true&#8220; fullwidth_content=&#8220;false&#8220;][vc_column][pen_departure_filter][\/vc_column][\/vc_row][vc_section el_id=&#8220;direction-formalities&#8220; css=&#8220;.vc_custom_1601285129565{border-radius: 2px !important;}&#8220;][vc_row css=&#8220;.vc_custom_1601283567019{border-radius: 2px !important;}&#8220;][vc_column][mk_fancy_title font_family=&#8220;none&#8220; el_class=&#8220;base_content_title&#8220;]Anschrift[\/mk_fancy_title][\/vc_column][\/vc_row][vc_row][vc_column][vc_row_inner][vc_column_inner width=&#8220;1\/2&#8243;][vc_column_text css=&#8220;.vc_custom_1718702163058{margin-bottom: 0px !important;}&#8220;][\/vc_column_text][\/vc_column_inner][vc_column_inner width=&#8220;1\/2&#8243;][vc_column_text css=&#8220;.vc_custom_1613473434529{margin-bottom: 0px !important;}&#8220;] Locaboat Holidays Rue du Port St-L\u00e9ger-sur-Dheune, FR 71510 _ \u2709:\u00a0\u00a0saint-leger-sur-dheune@locaboat.com T: + 33 (0) 3 85 98 03 03 G:\u00a0N 46\u00b050\u201945.022 [&hellip;]<\/p>\n","protected":false},"author":4,"featured_media":178,"parent":348,"menu_order":0,"comment_status":"closed","ping_status":"closed","template":"template-departure-base.php","meta":{"footnotes":""},"class_list":["post-642","page","type-page","status-publish","has-post-thumbnail","hentry"],"yoast_head":"<!-- This site is optimized with the Yoast SEO plugin v25.5 - https:\/\/yoast.com\/wordpress\/plugins\/seo\/ -->\n<title>Saint-L\u00e9ger -<\/title>\n<meta name=\"robots\" content=\"index, follow, max-snippet:-1, max-image-preview:large, max-video-preview:-1\" \/>\n<link rel=\"canonical\" href=\"https:\/\/www.penichette.com\/de\/abfahrtshafen\/frankreich\/saint-leger\/\" \/>\n<meta property=\"og:locale\" content=\"de_DE\" \/>\n<meta property=\"og:type\" content=\"article\" \/>\n<meta property=\"og:title\" content=\"Saint-L\u00e9ger -\" \/>\n<meta property=\"og:description\" content=\"[vc_row][vc_column][vc_column_text css=&#8220;.vc_custom_1616430388796{margin-bottom: 0px !important;}&#8220;] Abfahrtshafen Entdecken Sie alle Informationen und hilfreiche Tipps zu Ihrer Abfahrtsbasis[\/vc_column_text][\/vc_column][\/vc_row][vc_row fullwidth=&#8220;true&#8220; fullwidth_content=&#8220;false&#8220;][vc_column][pen_departure_filter][\/vc_column][\/vc_row][vc_section el_id=&#8220;direction-formalities&#8220; css=&#8220;.vc_custom_1601285129565{border-radius: 2px !important;}&#8220;][vc_row css=&#8220;.vc_custom_1601283567019{border-radius: 2px !important;}&#8220;][vc_column][mk_fancy_title font_family=&#8220;none&#8220; el_class=&#8220;base_content_title&#8220;]Anschrift[\/mk_fancy_title][\/vc_column][\/vc_row][vc_row][vc_column][vc_row_inner][vc_column_inner width=&#8220;1\/2&#8243;][vc_column_text css=&#8220;.vc_custom_1718702163058{margin-bottom: 0px !important;}&#8220;][\/vc_column_text][\/vc_column_inner][vc_column_inner width=&#8220;1\/2&#8243;][vc_column_text css=&#8220;.vc_custom_1613473434529{margin-bottom: 0px !important;}&#8220;] Locaboat Holidays Rue du Port St-L\u00e9ger-sur-Dheune, FR 71510 _ \u2709:\u00a0\u00a0saint-leger-sur-dheune@locaboat.com T: + 33 (0) 3 85 98 03 03 G:\u00a0N 46\u00b050\u201945.022 [&hellip;]\" \/>\n<meta property=\"og:url\" content=\"https:\/\/www.penichette.com\/de\/abfahrtshafen\/frankreich\/saint-leger\/\" \/>\n<meta property=\"og:site_name\" content=\"Penichette.com\" \/>\n<meta property=\"article:modified_time\" content=\"2024-06-18T09:16:07+00:00\" \/>\n<meta property=\"og:image\" content=\"https:\/\/www.penichette.com\/wp-content\/uploads\/2014\/12\/photo-base-de-depart1.jpg\" \/>\n\t<meta property=\"og:image:width\" content=\"980\" \/>\n\t<meta property=\"og:image:height\" content=\"500\" \/>\n\t<meta property=\"og:image:type\" content=\"image\/jpeg\" \/>\n<meta name=\"twitter:card\" content=\"summary_large_image\" \/>\n<meta name=\"twitter:label1\" content=\"Gesch\u00e4tzte Lesezeit\" \/>\n\t<meta name=\"twitter:data1\" content=\"4\u00a0Minuten\" \/>\n<script type=\"application\/ld+json\" class=\"yoast-schema-graph\">{\"@context\":\"https:\/\/schema.org\",\"@graph\":[{\"@type\":\"WebPage\",\"@id\":\"https:\/\/www.penichette.com\/de\/abfahrtshafen\/frankreich\/saint-leger\/\",\"url\":\"https:\/\/www.penichette.com\/de\/abfahrtshafen\/frankreich\/saint-leger\/\",\"name\":\"Saint-L\u00e9ger -\",\"isPartOf\":{\"@id\":\"https:\/\/www.penichette.com\/#website\"},\"primaryImageOfPage\":{\"@id\":\"https:\/\/www.penichette.com\/de\/abfahrtshafen\/frankreich\/saint-leger\/#primaryimage\"},\"image\":{\"@id\":\"https:\/\/www.penichette.com\/de\/abfahrtshafen\/frankreich\/saint-leger\/#primaryimage\"},\"thumbnailUrl\":\"https:\/\/www.penichette.com\/wp-content\/uploads\/2014\/12\/photo-base-de-depart1.jpg\",\"datePublished\":\"2015-01-11T20:43:48+00:00\",\"dateModified\":\"2024-06-18T09:16:07+00:00\",\"breadcrumb\":{\"@id\":\"https:\/\/www.penichette.com\/de\/abfahrtshafen\/frankreich\/saint-leger\/#breadcrumb\"},\"inLanguage\":\"de\",\"potentialAction\":[{\"@type\":\"ReadAction\",\"target\":[\"https:\/\/www.penichette.com\/de\/abfahrtshafen\/frankreich\/saint-leger\/\"]}]},{\"@type\":\"ImageObject\",\"inLanguage\":\"de\",\"@id\":\"https:\/\/www.penichette.com\/de\/abfahrtshafen\/frankreich\/saint-leger\/#primaryimage\",\"url\":\"https:\/\/www.penichette.com\/wp-content\/uploads\/2014\/12\/photo-base-de-depart1.jpg\",\"contentUrl\":\"https:\/\/www.penichette.com\/wp-content\/uploads\/2014\/12\/photo-base-de-depart1.jpg\",\"width\":980,\"height\":500},{\"@type\":\"BreadcrumbList\",\"@id\":\"https:\/\/www.penichette.com\/de\/abfahrtshafen\/frankreich\/saint-leger\/#breadcrumb\",\"itemListElement\":[{\"@type\":\"ListItem\",\"position\":1,\"name\":\"Zuhause\",\"item\":\"https:\/\/www.penichette.com\/de\/\"},{\"@type\":\"ListItem\",\"position\":2,\"name\":\"Abfahrtshafen\",\"item\":\"https:\/\/www.penichette.com\/de\/abfahrtshafen\/\"},{\"@type\":\"ListItem\",\"position\":3,\"name\":\"Frankreich\",\"item\":\"https:\/\/www.penichette.com\/de\/abfahrtshafen\/frankreich\/\"},{\"@type\":\"ListItem\",\"position\":4,\"name\":\"Saint-L\u00e9ger\"}]},{\"@type\":\"WebSite\",\"@id\":\"https:\/\/www.penichette.com\/#website\",\"url\":\"https:\/\/www.penichette.com\/\",\"name\":\"Penichette.com\",\"description\":\"\",\"potentialAction\":[{\"@type\":\"SearchAction\",\"target\":{\"@type\":\"EntryPoint\",\"urlTemplate\":\"https:\/\/www.penichette.com\/?s={search_term_string}\"},\"query-input\":{\"@type\":\"PropertyValueSpecification\",\"valueRequired\":true,\"valueName\":\"search_term_string\"}}],\"inLanguage\":\"de\"}]}<\/script>\n<!-- \/ Yoast SEO plugin. -->","yoast_head_json":{"title":"Saint-L\u00e9ger -","robots":{"index":"index","follow":"follow","max-snippet":"max-snippet:-1","max-image-preview":"max-image-preview:large","max-video-preview":"max-video-preview:-1"},"canonical":"https:\/\/www.penichette.com\/de\/abfahrtshafen\/frankreich\/saint-leger\/","og_locale":"de_DE","og_type":"article","og_title":"Saint-L\u00e9ger -","og_description":"[vc_row][vc_column][vc_column_text css=&#8220;.vc_custom_1616430388796{margin-bottom: 0px !important;}&#8220;] Abfahrtshafen Entdecken Sie alle Informationen und hilfreiche Tipps zu Ihrer Abfahrtsbasis[\/vc_column_text][\/vc_column][\/vc_row][vc_row fullwidth=&#8220;true&#8220; fullwidth_content=&#8220;false&#8220;][vc_column][pen_departure_filter][\/vc_column][\/vc_row][vc_section el_id=&#8220;direction-formalities&#8220; css=&#8220;.vc_custom_1601285129565{border-radius: 2px !important;}&#8220;][vc_row css=&#8220;.vc_custom_1601283567019{border-radius: 2px !important;}&#8220;][vc_column][mk_fancy_title font_family=&#8220;none&#8220; el_class=&#8220;base_content_title&#8220;]Anschrift[\/mk_fancy_title][\/vc_column][\/vc_row][vc_row][vc_column][vc_row_inner][vc_column_inner width=&#8220;1\/2&#8243;][vc_column_text css=&#8220;.vc_custom_1718702163058{margin-bottom: 0px !important;}&#8220;][\/vc_column_text][\/vc_column_inner][vc_column_inner width=&#8220;1\/2&#8243;][vc_column_text css=&#8220;.vc_custom_1613473434529{margin-bottom: 0px !important;}&#8220;] Locaboat Holidays Rue du Port St-L\u00e9ger-sur-Dheune, FR 71510 _ \u2709:\u00a0\u00a0saint-leger-sur-dheune@locaboat.com T: + 33 (0) 3 85 98 03 03 G:\u00a0N 46\u00b050\u201945.022 [&hellip;]","og_url":"https:\/\/www.penichette.com\/de\/abfahrtshafen\/frankreich\/saint-leger\/","og_site_name":"Penichette.com","article_modified_time":"2024-06-18T09:16:07+00:00","og_image":[{"width":980,"height":500,"url":"https:\/\/www.penichette.com\/wp-content\/uploads\/2014\/12\/photo-base-de-depart1.jpg","type":"image\/jpeg"}],"twitter_card":"summary_large_image","twitter_misc":{"Gesch\u00e4tzte Lesezeit":"4\u00a0Minuten"},"schema":{"@context":"https:\/\/schema.org","@graph":[{"@type":"WebPage","@id":"https:\/\/www.penichette.com\/de\/abfahrtshafen\/frankreich\/saint-leger\/","url":"https:\/\/www.penichette.com\/de\/abfahrtshafen\/frankreich\/saint-leger\/","name":"Saint-L\u00e9ger -","isPartOf":{"@id":"https:\/\/www.penichette.com\/#website"},"primaryImageOfPage":{"@id":"https:\/\/www.penichette.com\/de\/abfahrtshafen\/frankreich\/saint-leger\/#primaryimage"},"image":{"@id":"https:\/\/www.penichette.com\/de\/abfahrtshafen\/frankreich\/saint-leger\/#primaryimage"},"thumbnailUrl":"https:\/\/www.penichette.com\/wp-content\/uploads\/2014\/12\/photo-base-de-depart1.jpg","datePublished":"2015-01-11T20:43:48+00:00","dateModified":"2024-06-18T09:16:07+00:00","breadcrumb":{"@id":"https:\/\/www.penichette.com\/de\/abfahrtshafen\/frankreich\/saint-leger\/#breadcrumb"},"inLanguage":"de","potentialAction":[{"@type":"ReadAction","target":["https:\/\/www.penichette.com\/de\/abfahrtshafen\/frankreich\/saint-leger\/"]}]},{"@type":"ImageObject","inLanguage":"de","@id":"https:\/\/www.penichette.com\/de\/abfahrtshafen\/frankreich\/saint-leger\/#primaryimage","url":"https:\/\/www.penichette.com\/wp-content\/uploads\/2014\/12\/photo-base-de-depart1.jpg","contentUrl":"https:\/\/www.penichette.com\/wp-content\/uploads\/2014\/12\/photo-base-de-depart1.jpg","width":980,"height":500},{"@type":"BreadcrumbList","@id":"https:\/\/www.penichette.com\/de\/abfahrtshafen\/frankreich\/saint-leger\/#breadcrumb","itemListElement":[{"@type":"ListItem","position":1,"name":"Zuhause","item":"https:\/\/www.penichette.com\/de\/"},{"@type":"ListItem","position":2,"name":"Abfahrtshafen","item":"https:\/\/www.penichette.com\/de\/abfahrtshafen\/"},{"@type":"ListItem","position":3,"name":"Frankreich","item":"https:\/\/www.penichette.com\/de\/abfahrtshafen\/frankreich\/"},{"@type":"ListItem","position":4,"name":"Saint-L\u00e9ger"}]},{"@type":"WebSite","@id":"https:\/\/www.penichette.com\/#website","url":"https:\/\/www.penichette.com\/","name":"Penichette.com","description":"","potentialAction":[{"@type":"SearchAction","target":{"@type":"EntryPoint","urlTemplate":"https:\/\/www.penichette.com\/?s={search_term_string}"},"query-input":{"@type":"PropertyValueSpecification","valueRequired":true,"valueName":"search_term_string"}}],"inLanguage":"de"}]}},"_links":{"self":[{"href":"https:\/\/www.penichette.com\/de\/wp-json\/wp\/v2\/pages\/642","targetHints":{"allow":["GET"]}}],"collection":[{"href":"https:\/\/www.penichette.com\/de\/wp-json\/wp\/v2\/pages"}],"about":[{"href":"https:\/\/www.penichette.com\/de\/wp-json\/wp\/v2\/types\/page"}],"author":[{"embeddable":true,"href":"https:\/\/www.penichette.com\/de\/wp-json\/wp\/v2\/users\/4"}],"replies":[{"embeddable":true,"href":"https:\/\/www.penichette.com\/de\/wp-json\/wp\/v2\/comments?post=642"}],"version-history":[{"count":28,"href":"https:\/\/www.penichette.com\/de\/wp-json\/wp\/v2\/pages\/642\/revisions"}],"predecessor-version":[{"id":6438,"href":"https:\/\/www.penichette.com\/de\/wp-json\/wp\/v2\/pages\/642\/revisions\/6438"}],"up":[{"embeddable":true,"href":"https:\/\/www.penichette.com\/de\/wp-json\/wp\/v2\/pages\/348"}],"wp:featuredmedia":[{"embeddable":true,"href":"https:\/\/www.penichette.com\/de\/wp-json\/wp\/v2\/media\/178"}],"wp:attachment":[{"href":"https:\/\/www.penichette.com\/de\/wp-json\/wp\/v2\/media?parent=642"}],"curies":[{"name":"wp","href":"https:\/\/api.w.org\/{rel}","templated":true}]}}