{"id":651,"date":"2015-01-11T21:45:37","date_gmt":"2015-01-11T20:45:37","guid":{"rendered":"http:\/\/hosting-penichette.bertrandlepage.fr\/?page_id=651"},"modified":"2023-01-02T12:09:38","modified_gmt":"2023-01-02T11:09:38","slug":"dompierre","status":"publish","type":"page","link":"https:\/\/www.penichette.com\/de\/abfahrtshafen\/frankreich\/dompierre\/","title":{"rendered":"Dompierre"},"content":{"rendered":"<div class=\"wpb-content-wrapper\">[vc_row][vc_column][vc_column_text css=&#8220;.vc_custom_1616430275917{margin-bottom: 0px !important;}&#8220;]\n<h3><strong>Abfahrtshafen<\/strong><\/h3>\n<p><em>Entdecken Sie alle Informationen und hilfreiche Tipps zu Ihrer Abfahrtsbasis<\/em>[\/vc_column_text][\/vc_column][\/vc_row][vc_row fullwidth=&#8220;true&#8220; fullwidth_content=&#8220;false&#8220;][vc_column][pen_departure_filter][\/vc_column][\/vc_row][vc_section el_id=&#8220;direction-formalities&#8220; css=&#8220;.vc_custom_1601285129565{border-radius: 2px !important;}&#8220;][vc_row css=&#8220;.vc_custom_1601283567019{border-radius: 2px !important;}&#8220;][vc_column][mk_fancy_title font_family=&#8220;none&#8220; el_class=&#8220;base_content_title&#8220;]Anschrift[\/mk_fancy_title][\/vc_column][\/vc_row][vc_row][vc_column][vc_row_inner][vc_column_inner width=&#8220;1\/2&#8243;][vc_column_text css=&#8220;.vc_custom_1601282488530{margin-bottom: 0px !important;}&#8220;]<iframe loading=\"lazy\" style=\"border: 0;\" src=\"https:\/\/www.google.com\/maps\/embed?pb=!1m18!1m12!1m3!1d2745.3105657431333!2d3.6857473155932166!3d46.52175597912766!2m3!1f0!2f0!3f0!3m2!1i1024!2i768!4f13.1!3m3!1m2!1s0x0%3A0x5a0faf815af4fcec!2sLocaboat%20Holidays%20Dompierre-sur-Besbre%20-%20Location%20bateau%20Canal%20Lat%C3%A9ral%20%C3%A0%20la%20Loire!5e0!3m2!1sfr!2sfr!4v1596097535254!5m2!1sfr!2sfr\" width=\"100%\" height=\"350\" frameborder=\"0\" allowfullscreen=\"allowfullscreen\"><\/iframe>[\/vc_column_text][\/vc_column_inner][vc_column_inner width=&#8220;1\/2&#8243;][vc_column_text css=&#8220;.vc_custom_1601222878086{margin-bottom: 0px !important;}&#8220;]<strong>Locaboat Holidays<\/strong><br \/>\nLe Port<br \/>\nDompierre-sur-Besbre, FR 03290<\/p>\n<p><abbr title=\"Email\"><span class=\"base-msg-icon\">\u2709<\/span>:<\/abbr>\u00a0 dompierre@locaboat.com<br \/>\n<abbr title=\"Tel\">T:<\/abbr> + 33 (0) 4 70 48 27 27<br \/>\n<abbr title=\"Tel\">F:<\/abbr> + 33 (0) 4 70 48 27 28<br \/>\n<abbr title=\"GPS\">G:<\/abbr> N 46\u00b031&#8217;18.04 E 03\u00b041&#8217;16.31[\/vc_column_text][\/vc_column_inner][\/vc_row_inner][vc_row_inner][vc_column_inner][vc_column_text css=&#8220;.vc_custom_1613469837556{margin-bottom: 0px !important;}&#8220;]\n<table style=\"border: 0pt solid #0e84f0;\" border=\"0\" frame=\"vsides\" cellspacing=\"0\" cellpadding=\"5\" align=\"left\">\n<tbody>\n<tr>\n<td style=\"margin-bottom: 20px;\" align=\"left\" valign=\"top\" width=\"450\"><strong>Empfang &amp; Formalit\u00e4ten:<\/strong><\/p>\n<p>Am Abfahrtstag zwischen 14 und 18 Uhr.<\/td>\n<td style=\"margin-bottom: 20px;\" align=\"left\" valign=\"top\" width=\"450\"><strong>\u00dcbernahme:<\/strong><\/p>\n<p>Das Boot wird \u00fcbergeben, sobald es fertig ist.<\/td>\n<\/tr>\n<tr>\n<td style=\"margin-bottom: 20px;\" align=\"left\" valign=\"top\" width=\"450\"><strong>Vor Ort:<\/strong><\/p>\n<p>WC \/ Dusche benutzbar w\u00e4hrend der \u00d6ffnungszeiten des Liegehafens.<\/td>\n<td style=\"margin-bottom: 20px;\" align=\"left\" valign=\"top\" width=\"450\"><\/td>\n<\/tr>\n<\/tbody>\n<\/table>\n[\/vc_column_text][\/vc_column_inner][\/vc_row_inner][\/vc_column][\/vc_row][\/vc_section][vc_section el_id=&#8220;how-to-get-base&#8220;][vc_row][vc_column][mk_fancy_title font_family=&#8220;none&#8220; el_class=&#8220;base_content_title&#8220;]So kommen Sie zum Liegehafen[\/mk_fancy_title][\/vc_column][\/vc_row][vc_row][vc_column][vc_column_text css=&#8220;.vc_custom_1672657775717{margin-bottom: 0px !important;}&#8220;]\n<table style=\"border: 0pt solid #0e84f0;\" border=\"0\" frame=\"vsides\" cellspacing=\"0\" cellpadding=\"5\" align=\"left\">\n<tbody>\n<tr>\n<td align=\"left\" valign=\"top\" width=\"450\"><strong><a class=\"anchor\" name=\"topic02\"><\/a>Anreise:<\/strong><\/p>\n<ul>\n<li>A6 &#8211; E15 Ausfahrt 26 Chalon-Sud, dann \u00fcber N80 und N70 auf N79, Ausfahrt 26 Dompierre-sur-Besbre, D779 folgen bis Dompierre-sur-Besbre<\/li>\n<li><a href=\"http:\/\/www.voyages-sncf.com\" target=\"_blank\" rel=\"noopener nofollow noreferrer\">Regionalbahnhof Dompierre-Sept-Fons<\/a> (3 km) | <a href=\"http:\/\/www.voyages-sncf.com\" target=\"_blank\" rel=\"noopener nofollow noreferrer\">TGV- Bahnhof Le Creusot-Montchanin<\/a> (87 km)<\/li>\n<li><a href=\"http:\/\/www.lyon.aeroport.fr\" target=\"_blank\" rel=\"noopener nofollow noreferrer\">Flughafen Lyon St-Exup\u00e9ry<\/a> (196 km)<\/li>\n<\/ul>\n<\/td>\n<td align=\"left\" valign=\"top\" width=\"450\"><strong>Parkplatz:<\/strong><\/p>\n<ul>\n<li>\u00dcberdacht, nicht bewacht : 56 \u20ac \/ Woche<\/li>\n<li>Nicht umz\u00e4unt, nicht bewacht: kostenlos.<\/li>\n<\/ul>\n<\/td>\n<\/tr>\n<tr>\n<td align=\"left\" valign=\"top\" width=\"450\"><strong>Autovermietung:<\/strong><\/p>\n<ul>\n<li><a href=\"http:\/\/www.avis.com\" target=\"_blank\" rel=\"noopener nofollow noreferrer\">Avis<\/a> (Moulins, 37 km) Tel.: 04 70 46 58 24<\/li>\n<li><a href=\"http:\/\/www.europcar.com\" target=\"_blank\" rel=\"noopener nofollow noreferrer\">Europcar<\/a> (Moulins, 37 km) Tel.: 04 70 46 60 66<\/li>\n<li><a href=\"http:\/\/www.hertz.com\" target=\"_blank\" rel=\"noopener nofollow noreferrer\">Hertz<\/a> (Moulins, 37 km) Tel.: 04 70 44 38 92<\/li>\n<\/ul>\n<\/td>\n<td align=\"left\" valign=\"top\" width=\"450\"><strong>Taxi:<\/strong><\/p>\n<ul>\n<li>Taxi Duroutoy Andr\u00e9 Tel.: 04 70 43 89 34<\/li>\n<li>Taxi Charmet Tel.: 04 70 47 04 79<\/li>\n<li>Taxi Christine Tel.: 06 85 75 63 14<\/li>\n<\/ul>\n<\/td>\n<\/tr>\n<tr>\n<td align=\"left\" valign=\"top\" width=\"450\"><\/td>\n<td align=\"left\" valign=\"top\" width=\"450\"><\/td>\n<\/tr>\n<\/tbody>\n<\/table>\n[\/vc_column_text][\/vc_column][\/vc_row][\/vc_section][vc_section el_id=&#8220;base-tourist&#8220;][vc_row][vc_column][mk_fancy_title font_family=&#8220;none&#8220; el_class=&#8220;base_content_title&#8220;]Unterk\u00fcnfte, Gastst\u00e4tten und Einkaufsm\u00f6glichkeiten vor Ort[\/mk_fancy_title][\/vc_column][\/vc_row][vc_row][vc_column][vc_column_text css=&#8220;.vc_custom_1667924903412{margin-bottom: 0px !important;}&#8220;]\n<table style=\"border: 0pt solid #0e84f0;\" border=\"0\" frame=\"vsides\" cellspacing=\"0\" cellpadding=\"5\" align=\"left\">\n<tbody>\n<tr>\n<td align=\"left\" valign=\"top\" width=\"450\"><strong><a class=\"anchor\" name=\"topic03\"><\/a>Hotels:<\/strong><\/p>\n<ul>\n<li><a href=\"http:\/\/www.auberge-olive.fr\" target=\"_blank\" rel=\"noopener nofollow noreferrer\">Auberge de l\u2019Olive<\/a> Tel.: 04 70 34 51 87<\/li>\n<li><a href=\"http:\/\/www.la-roseraie03.com\" target=\"_blank\" rel=\"noopener nofollow noreferrer\">La Roseraie<\/a> Tel.: 04 70 48 01 30<\/li>\n<li><a href=\"http:\/\/www.hotel-manoirdesornat.com\" target=\"_blank\" rel=\"noopener nofollow noreferrer\">Manoir de Sornat<\/a> (Bourbon Lancy, 12 km)<br \/>\nTel.: 03 85 89 17 39 &#8211; Fax: 03 85 89 29 47<\/li>\n<\/ul>\n<\/td>\n<td align=\"left\" valign=\"top\" width=\"450\"><strong>Restaurants:<\/strong><\/p>\n<ul>\n<li><a href=\"http:\/\/www.auberge-olive.fr\" target=\"_blank\" rel=\"noopener nofollow noreferrer\">Auberge de l\u2019Olive<\/a> Tel.: 04 70 34 51 87<\/li>\n<li>la Paix Tel.: 04 70 48 00 44<\/li>\n<li><a href=\"http:\/\/www.hotel-manoirdesornat.com\" target=\"_blank\" rel=\"noopener nofollow noreferrer\">Manoir de Sornat<\/a> (Bourbon Lancy, 12 km)<br \/>\nTel.: 03 85 89 17 39 &#8211; Fax: 03 85 89 29 47<\/li>\n<\/ul>\n<\/td>\n<\/tr>\n<tr>\n<td align=\"left\" valign=\"top\" width=\"450\"><\/td>\n<td align=\"left\" valign=\"top\" width=\"450\"><\/td>\n<\/tr>\n<tr>\n<td align=\"left\" valign=\"top\" width=\"450\"><strong>Gesch\u00e4fte:<\/strong><\/p>\n<ul>\n<li>In Dompierre: So. nachmittags geschlossen.<\/li>\n<\/ul>\n<\/td>\n<td align=\"left\" valign=\"top\" width=\"450\"><strong>Markt:<\/strong><\/p>\n<ul>\n<li>In Dompierre: Samstag Morgen.<\/li>\n<\/ul>\n<\/td>\n<\/tr>\n<\/tbody>\n<\/table>\n[\/vc_column_text][\/vc_column][\/vc_row][\/vc_section][vc_section el_id=&#8220;base-tourist&#8220;][vc_row][vc_column][mk_fancy_title font_family=&#8220;none&#8220; el_class=&#8220;base_content_title&#8220;]Touristische Informationen[\/mk_fancy_title][\/vc_column][\/vc_row][vc_row][vc_column][vc_column_text css=&#8220;.vc_custom_1617885782209{margin-bottom: 0px !important;}&#8220;]\n<table style=\"border: 0pt solid #0e84f0;\" border=\"0\" frame=\"vsides\" cellspacing=\"0\" cellpadding=\"5\" align=\"left\">\n<tbody>\n<tr>\n<td align=\"left\" valign=\"top\" width=\"450\"><strong><a class=\"anchor\" name=\"topic04\"><\/a>Gastronomische Spezialit\u00e4ten:<\/strong><\/p>\n<ul>\n<li>Kartoffeltorte, &#8218;Pompe aux grattons&#8216; (Geb\u00e4ckspezialit\u00e4t), Andouillette von Saint-Pourcain.<\/li>\n<\/ul>\n<\/td>\n<td align=\"left\" valign=\"top\" width=\"450\"><strong>Getr\u00e4nke aus der Region:<\/strong><\/p>\n<ul>\n<li>Die Wei\u00df- Ros\u00e9- und Rotweine von Saint-Pourcain; das Wasser von Saint-Yorre und Vichy-C\u00e9lestin.<\/li>\n<\/ul>\n<\/td>\n<\/tr>\n<tr>\n<td align=\"left\" valign=\"top\" width=\"450\"><strong><strong>Sehensw\u00fcrdigkeiten:<\/strong><\/strong><\/p>\n<ul>\n<li>Die <a href=\"http:\/\/www.abbayedeseptfons.com\/\" target=\"_blank\" rel=\"noopener nofollow noreferrer\">Abtei von Sept-Fons<\/a> mit Rosengarten, <a href=\"http:\/\/www.lepal.com\" target=\"_blank\" rel=\"noopener nofollow noreferrer\">Tierpark Le Pal<\/a> in Dompierre, das Schloss von Toury, Schwimmbad (10 Min. zu Fu\u00df vom Liegehafen)<\/li>\n<\/ul>\n<\/td>\n<td align=\"left\" valign=\"top\" width=\"450\"><strong>Angeln:<\/strong><\/p>\n<ul>\n<li>Die erforderliche Angelkarte erh\u00e4ltlich bei: Europ\u00eache, Grande Rue, 03290 Dompierre (Di. &#8211; So., 8.30\u00a0 -12.30 und 14 &#8211; 19.30 Uhr, Tel.: 04 70 34 81 45)<\/li>\n<li>Erforderliche Angelkarten k\u00f6nnen im Internet vorab bestellt werden: <a class=\"txt-vert\" href=\"http:\/\/de.cartedepeche.fr\/\" rel=\"noopener nofollow noreferrer\">cartedepeche.fr<\/a><span class=\"txt-vert\">\u00a0<\/span>(auch auf Deutsch). Weitere Ausk\u00fcnfte erhalten Sie am Liegehafen.<br \/>\nZander, Karpfen, Barsche<\/li>\n<\/ul>\n<\/td>\n<\/tr>\n<tr>\n<td align=\"left\" valign=\"top\" width=\"450\"><strong>Tourismusb\u00fcro:<\/strong><\/p>\n<ul>\n<li>In Dompierre Tel.: 04 70 34 61 31 &#8211; Fax: 04 70 34 63 24<br \/>\n<a href=\"http:\/\/www.ot-valdebesbre.com\/\" target=\"_blank\" rel=\"noopener nofollow noreferrer\">www.ot-valdebesbre.com<\/a><\/li>\n<\/ul>\n<\/td>\n<td align=\"left\" valign=\"top\" width=\"450\"><strong>\u00a0<\/strong><\/td>\n<\/tr>\n<\/tbody>\n<\/table>\n[\/vc_column_text][\/vc_column][\/vc_row][\/vc_section][vc_section el_id=&#8220;base-waterways&#8220;][vc_row][vc_column][mk_fancy_title font_family=&#8220;none&#8220; el_class=&#8220;base_content_title&#8220;]Informationen zu den Wasserstra\u00dfen[\/mk_fancy_title][\/vc_column][\/vc_row][vc_row][vc_column][vc_column_text css=&#8220;.vc_custom_1601263733200{margin-bottom: 0px !important;}&#8220;]\n<table style=\"border: 0pt solid #0e84f0;\" border=\"0\" frame=\"vsides\" cellspacing=\"0\" cellpadding=\"5\" align=\"left\">\n<tbody>\n<tr>\n<td align=\"left\" valign=\"top\" width=\"800\"><strong><a class=\"anchor\" name=\"topic05\"><\/a>Wasserstra\u00dfen:<\/strong><\/td>\n<\/tr>\n<tr>\n<td align=\"left\" valign=\"top\" width=\"800\">Die Schleusen auf dem <strong>Canal de Roanne \u00e0 Digoin<\/strong> sind t\u00e4glich von 9 &#8211; 12 und von 13 -18 Uhr ge\u00f6ffnet. Am 01.11. geschlossen.<\/p>\n<p>Die Schleusen auf dem <strong>Canal lat\u00e9ral \u00e0 la Loire<\/strong> und dem <strong>Canal du Nivernais<\/strong> sind t\u00e4glich von 9 &#8211; 12 Uhr und von 13 &#8211; 19 Uhr ge\u00f6ffnet. Schleusenw\u00e4rter an den meisten Schleusen (manuell). Am 1. Mai. und 14. Juli geschlossen, auf dem Canal lat\u00e9ral \u00e0 la Loire auch am 1. November.<\/p>\n<p>Von M\u00e4rz bis Juni und von September bis Anfang November betreut <strong>auf dem Nivernais<\/strong> jeder Schleusenw\u00e4rter einen Abschnitt und begleitet Sie von Schleuse zu Schleuse. Im Juli und August ist an jeder Schleuse ein Schleusenw\u00e4rter.<\/td>\n<\/tr>\n<\/tbody>\n<\/table>\n[\/vc_column_text][\/vc_column][\/vc_row][\/vc_section]\n<\/div>","protected":false},"excerpt":{"rendered":"<p>[vc_row][vc_column][vc_column_text css=&#8220;.vc_custom_1616430275917{margin-bottom: 0px !important;}&#8220;] Abfahrtshafen Entdecken Sie alle Informationen und hilfreiche Tipps zu Ihrer Abfahrtsbasis[\/vc_column_text][\/vc_column][\/vc_row][vc_row fullwidth=&#8220;true&#8220; fullwidth_content=&#8220;false&#8220;][vc_column][pen_departure_filter][\/vc_column][\/vc_row][vc_section el_id=&#8220;direction-formalities&#8220; css=&#8220;.vc_custom_1601285129565{border-radius: 2px !important;}&#8220;][vc_row css=&#8220;.vc_custom_1601283567019{border-radius: 2px !important;}&#8220;][vc_column][mk_fancy_title font_family=&#8220;none&#8220; el_class=&#8220;base_content_title&#8220;]Anschrift[\/mk_fancy_title][\/vc_column][\/vc_row][vc_row][vc_column][vc_row_inner][vc_column_inner width=&#8220;1\/2&#8243;][vc_column_text css=&#8220;.vc_custom_1601282488530{margin-bottom: 0px !important;}&#8220;][\/vc_column_text][\/vc_column_inner][vc_column_inner width=&#8220;1\/2&#8243;][vc_column_text css=&#8220;.vc_custom_1601222878086{margin-bottom: 0px !important;}&#8220;]Locaboat Holidays Le Port Dompierre-sur-Besbre, FR 03290 \u2709:\u00a0 dompierre@locaboat.com T: + 33 (0) 4 70 48 27 27 F: + 33 (0) [&hellip;]<\/p>\n","protected":false},"author":4,"featured_media":178,"parent":348,"menu_order":0,"comment_status":"closed","ping_status":"closed","template":"template-departure-base.php","meta":{"footnotes":""},"class_list":["post-651","page","type-page","status-publish","has-post-thumbnail","hentry"],"yoast_head":"<!-- This site is optimized with the Yoast SEO plugin v25.5 - https:\/\/yoast.com\/wordpress\/plugins\/seo\/ -->\n<title>Dompierre -<\/title>\n<meta name=\"robots\" content=\"index, follow, max-snippet:-1, max-image-preview:large, max-video-preview:-1\" \/>\n<link rel=\"canonical\" href=\"https:\/\/www.penichette.com\/de\/abfahrtshafen\/frankreich\/dompierre\/\" \/>\n<meta property=\"og:locale\" content=\"de_DE\" \/>\n<meta property=\"og:type\" content=\"article\" \/>\n<meta property=\"og:title\" content=\"Dompierre -\" \/>\n<meta property=\"og:description\" content=\"[vc_row][vc_column][vc_column_text css=&#8220;.vc_custom_1616430275917{margin-bottom: 0px !important;}&#8220;] Abfahrtshafen Entdecken Sie alle Informationen und hilfreiche Tipps zu Ihrer Abfahrtsbasis[\/vc_column_text][\/vc_column][\/vc_row][vc_row fullwidth=&#8220;true&#8220; fullwidth_content=&#8220;false&#8220;][vc_column][pen_departure_filter][\/vc_column][\/vc_row][vc_section el_id=&#8220;direction-formalities&#8220; css=&#8220;.vc_custom_1601285129565{border-radius: 2px !important;}&#8220;][vc_row css=&#8220;.vc_custom_1601283567019{border-radius: 2px !important;}&#8220;][vc_column][mk_fancy_title font_family=&#8220;none&#8220; el_class=&#8220;base_content_title&#8220;]Anschrift[\/mk_fancy_title][\/vc_column][\/vc_row][vc_row][vc_column][vc_row_inner][vc_column_inner width=&#8220;1\/2&#8243;][vc_column_text css=&#8220;.vc_custom_1601282488530{margin-bottom: 0px !important;}&#8220;][\/vc_column_text][\/vc_column_inner][vc_column_inner width=&#8220;1\/2&#8243;][vc_column_text css=&#8220;.vc_custom_1601222878086{margin-bottom: 0px !important;}&#8220;]Locaboat Holidays Le Port Dompierre-sur-Besbre, FR 03290 \u2709:\u00a0 dompierre@locaboat.com T: + 33 (0) 4 70 48 27 27 F: + 33 (0) [&hellip;]\" \/>\n<meta property=\"og:url\" content=\"https:\/\/www.penichette.com\/de\/abfahrtshafen\/frankreich\/dompierre\/\" \/>\n<meta property=\"og:site_name\" content=\"Penichette.com\" \/>\n<meta property=\"article:modified_time\" content=\"2023-01-02T11:09:38+00:00\" \/>\n<meta property=\"og:image\" content=\"https:\/\/www.penichette.com\/wp-content\/uploads\/2014\/12\/photo-base-de-depart1.jpg\" \/>\n\t<meta property=\"og:image:width\" content=\"980\" \/>\n\t<meta property=\"og:image:height\" content=\"500\" \/>\n\t<meta property=\"og:image:type\" content=\"image\/jpeg\" \/>\n<meta name=\"twitter:card\" content=\"summary_large_image\" \/>\n<meta name=\"twitter:label1\" content=\"Gesch\u00e4tzte Lesezeit\" \/>\n\t<meta name=\"twitter:data1\" content=\"4\u00a0Minuten\" \/>\n<script type=\"application\/ld+json\" class=\"yoast-schema-graph\">{\"@context\":\"https:\/\/schema.org\",\"@graph\":[{\"@type\":\"WebPage\",\"@id\":\"https:\/\/www.penichette.com\/de\/abfahrtshafen\/frankreich\/dompierre\/\",\"url\":\"https:\/\/www.penichette.com\/de\/abfahrtshafen\/frankreich\/dompierre\/\",\"name\":\"Dompierre -\",\"isPartOf\":{\"@id\":\"https:\/\/www.penichette.com\/#website\"},\"primaryImageOfPage\":{\"@id\":\"https:\/\/www.penichette.com\/de\/abfahrtshafen\/frankreich\/dompierre\/#primaryimage\"},\"image\":{\"@id\":\"https:\/\/www.penichette.com\/de\/abfahrtshafen\/frankreich\/dompierre\/#primaryimage\"},\"thumbnailUrl\":\"https:\/\/www.penichette.com\/wp-content\/uploads\/2014\/12\/photo-base-de-depart1.jpg\",\"datePublished\":\"2015-01-11T20:45:37+00:00\",\"dateModified\":\"2023-01-02T11:09:38+00:00\",\"breadcrumb\":{\"@id\":\"https:\/\/www.penichette.com\/de\/abfahrtshafen\/frankreich\/dompierre\/#breadcrumb\"},\"inLanguage\":\"de\",\"potentialAction\":[{\"@type\":\"ReadAction\",\"target\":[\"https:\/\/www.penichette.com\/de\/abfahrtshafen\/frankreich\/dompierre\/\"]}]},{\"@type\":\"ImageObject\",\"inLanguage\":\"de\",\"@id\":\"https:\/\/www.penichette.com\/de\/abfahrtshafen\/frankreich\/dompierre\/#primaryimage\",\"url\":\"https:\/\/www.penichette.com\/wp-content\/uploads\/2014\/12\/photo-base-de-depart1.jpg\",\"contentUrl\":\"https:\/\/www.penichette.com\/wp-content\/uploads\/2014\/12\/photo-base-de-depart1.jpg\",\"width\":980,\"height\":500},{\"@type\":\"BreadcrumbList\",\"@id\":\"https:\/\/www.penichette.com\/de\/abfahrtshafen\/frankreich\/dompierre\/#breadcrumb\",\"itemListElement\":[{\"@type\":\"ListItem\",\"position\":1,\"name\":\"Zuhause\",\"item\":\"https:\/\/www.penichette.com\/de\/\"},{\"@type\":\"ListItem\",\"position\":2,\"name\":\"Abfahrtshafen\",\"item\":\"https:\/\/www.penichette.com\/de\/abfahrtshafen\/\"},{\"@type\":\"ListItem\",\"position\":3,\"name\":\"Frankreich\",\"item\":\"https:\/\/www.penichette.com\/de\/abfahrtshafen\/frankreich\/\"},{\"@type\":\"ListItem\",\"position\":4,\"name\":\"Dompierre\"}]},{\"@type\":\"WebSite\",\"@id\":\"https:\/\/www.penichette.com\/#website\",\"url\":\"https:\/\/www.penichette.com\/\",\"name\":\"Penichette.com\",\"description\":\"\",\"potentialAction\":[{\"@type\":\"SearchAction\",\"target\":{\"@type\":\"EntryPoint\",\"urlTemplate\":\"https:\/\/www.penichette.com\/?s={search_term_string}\"},\"query-input\":{\"@type\":\"PropertyValueSpecification\",\"valueRequired\":true,\"valueName\":\"search_term_string\"}}],\"inLanguage\":\"de\"}]}<\/script>\n<!-- \/ Yoast SEO plugin. -->","yoast_head_json":{"title":"Dompierre -","robots":{"index":"index","follow":"follow","max-snippet":"max-snippet:-1","max-image-preview":"max-image-preview:large","max-video-preview":"max-video-preview:-1"},"canonical":"https:\/\/www.penichette.com\/de\/abfahrtshafen\/frankreich\/dompierre\/","og_locale":"de_DE","og_type":"article","og_title":"Dompierre -","og_description":"[vc_row][vc_column][vc_column_text css=&#8220;.vc_custom_1616430275917{margin-bottom: 0px !important;}&#8220;] Abfahrtshafen Entdecken Sie alle Informationen und hilfreiche Tipps zu Ihrer Abfahrtsbasis[\/vc_column_text][\/vc_column][\/vc_row][vc_row fullwidth=&#8220;true&#8220; fullwidth_content=&#8220;false&#8220;][vc_column][pen_departure_filter][\/vc_column][\/vc_row][vc_section el_id=&#8220;direction-formalities&#8220; css=&#8220;.vc_custom_1601285129565{border-radius: 2px !important;}&#8220;][vc_row css=&#8220;.vc_custom_1601283567019{border-radius: 2px !important;}&#8220;][vc_column][mk_fancy_title font_family=&#8220;none&#8220; el_class=&#8220;base_content_title&#8220;]Anschrift[\/mk_fancy_title][\/vc_column][\/vc_row][vc_row][vc_column][vc_row_inner][vc_column_inner width=&#8220;1\/2&#8243;][vc_column_text css=&#8220;.vc_custom_1601282488530{margin-bottom: 0px !important;}&#8220;][\/vc_column_text][\/vc_column_inner][vc_column_inner width=&#8220;1\/2&#8243;][vc_column_text css=&#8220;.vc_custom_1601222878086{margin-bottom: 0px !important;}&#8220;]Locaboat Holidays Le Port Dompierre-sur-Besbre, FR 03290 \u2709:\u00a0 dompierre@locaboat.com T: + 33 (0) 4 70 48 27 27 F: + 33 (0) [&hellip;]","og_url":"https:\/\/www.penichette.com\/de\/abfahrtshafen\/frankreich\/dompierre\/","og_site_name":"Penichette.com","article_modified_time":"2023-01-02T11:09:38+00:00","og_image":[{"width":980,"height":500,"url":"https:\/\/www.penichette.com\/wp-content\/uploads\/2014\/12\/photo-base-de-depart1.jpg","type":"image\/jpeg"}],"twitter_card":"summary_large_image","twitter_misc":{"Gesch\u00e4tzte Lesezeit":"4\u00a0Minuten"},"schema":{"@context":"https:\/\/schema.org","@graph":[{"@type":"WebPage","@id":"https:\/\/www.penichette.com\/de\/abfahrtshafen\/frankreich\/dompierre\/","url":"https:\/\/www.penichette.com\/de\/abfahrtshafen\/frankreich\/dompierre\/","name":"Dompierre -","isPartOf":{"@id":"https:\/\/www.penichette.com\/#website"},"primaryImageOfPage":{"@id":"https:\/\/www.penichette.com\/de\/abfahrtshafen\/frankreich\/dompierre\/#primaryimage"},"image":{"@id":"https:\/\/www.penichette.com\/de\/abfahrtshafen\/frankreich\/dompierre\/#primaryimage"},"thumbnailUrl":"https:\/\/www.penichette.com\/wp-content\/uploads\/2014\/12\/photo-base-de-depart1.jpg","datePublished":"2015-01-11T20:45:37+00:00","dateModified":"2023-01-02T11:09:38+00:00","breadcrumb":{"@id":"https:\/\/www.penichette.com\/de\/abfahrtshafen\/frankreich\/dompierre\/#breadcrumb"},"inLanguage":"de","potentialAction":[{"@type":"ReadAction","target":["https:\/\/www.penichette.com\/de\/abfahrtshafen\/frankreich\/dompierre\/"]}]},{"@type":"ImageObject","inLanguage":"de","@id":"https:\/\/www.penichette.com\/de\/abfahrtshafen\/frankreich\/dompierre\/#primaryimage","url":"https:\/\/www.penichette.com\/wp-content\/uploads\/2014\/12\/photo-base-de-depart1.jpg","contentUrl":"https:\/\/www.penichette.com\/wp-content\/uploads\/2014\/12\/photo-base-de-depart1.jpg","width":980,"height":500},{"@type":"BreadcrumbList","@id":"https:\/\/www.penichette.com\/de\/abfahrtshafen\/frankreich\/dompierre\/#breadcrumb","itemListElement":[{"@type":"ListItem","position":1,"name":"Zuhause","item":"https:\/\/www.penichette.com\/de\/"},{"@type":"ListItem","position":2,"name":"Abfahrtshafen","item":"https:\/\/www.penichette.com\/de\/abfahrtshafen\/"},{"@type":"ListItem","position":3,"name":"Frankreich","item":"https:\/\/www.penichette.com\/de\/abfahrtshafen\/frankreich\/"},{"@type":"ListItem","position":4,"name":"Dompierre"}]},{"@type":"WebSite","@id":"https:\/\/www.penichette.com\/#website","url":"https:\/\/www.penichette.com\/","name":"Penichette.com","description":"","potentialAction":[{"@type":"SearchAction","target":{"@type":"EntryPoint","urlTemplate":"https:\/\/www.penichette.com\/?s={search_term_string}"},"query-input":{"@type":"PropertyValueSpecification","valueRequired":true,"valueName":"search_term_string"}}],"inLanguage":"de"}]}},"_links":{"self":[{"href":"https:\/\/www.penichette.com\/de\/wp-json\/wp\/v2\/pages\/651","targetHints":{"allow":["GET"]}}],"collection":[{"href":"https:\/\/www.penichette.com\/de\/wp-json\/wp\/v2\/pages"}],"about":[{"href":"https:\/\/www.penichette.com\/de\/wp-json\/wp\/v2\/types\/page"}],"author":[{"embeddable":true,"href":"https:\/\/www.penichette.com\/de\/wp-json\/wp\/v2\/users\/4"}],"replies":[{"embeddable":true,"href":"https:\/\/www.penichette.com\/de\/wp-json\/wp\/v2\/comments?post=651"}],"version-history":[{"count":20,"href":"https:\/\/www.penichette.com\/de\/wp-json\/wp\/v2\/pages\/651\/revisions"}],"predecessor-version":[{"id":5775,"href":"https:\/\/www.penichette.com\/de\/wp-json\/wp\/v2\/pages\/651\/revisions\/5775"}],"up":[{"embeddable":true,"href":"https:\/\/www.penichette.com\/de\/wp-json\/wp\/v2\/pages\/348"}],"wp:featuredmedia":[{"embeddable":true,"href":"https:\/\/www.penichette.com\/de\/wp-json\/wp\/v2\/media\/178"}],"wp:attachment":[{"href":"https:\/\/www.penichette.com\/de\/wp-json\/wp\/v2\/media?parent=651"}],"curies":[{"name":"wp","href":"https:\/\/api.w.org\/{rel}","templated":true}]}}