{"id":674,"date":"2015-01-11T21:47:20","date_gmt":"2015-01-11T20:47:20","guid":{"rendered":"http:\/\/hosting-penichette.bertrandlepage.fr\/?page_id=673"},"modified":"2025-05-13T08:27:44","modified_gmt":"2025-05-13T07:27:44","slug":"lutzelbourg","status":"publish","type":"page","link":"https:\/\/www.penichette.com\/de\/abfahrtshafen\/frankreich\/lutzelbourg\/","title":{"rendered":"Lutzelbourg"},"content":{"rendered":"<div class=\"wpb-content-wrapper\">[vc_row][vc_column][vc_column_text css=&#8220;.vc_custom_1616430335142{margin-bottom: 0px !important;}&#8220;]\n<h3><strong>Abfahrtshafen<\/strong><\/h3>\n<p><em>Entdecken Sie alle Informationen und hilfreiche Tipps zu Ihrer Abfahrtsbasis<\/em>[\/vc_column_text][\/vc_column][\/vc_row][vc_row fullwidth=&#8220;true&#8220; fullwidth_content=&#8220;false&#8220;][vc_column][pen_departure_filter][\/vc_column][\/vc_row][vc_section el_id=&#8220;direction-formalities&#8220; css=&#8220;.vc_custom_1601285129565{border-radius: 2px !important;}&#8220;][vc_row css=&#8220;.vc_custom_1601283567019{border-radius: 2px !important;}&#8220;][vc_column][mk_fancy_title font_family=&#8220;none&#8220; el_class=&#8220;base_content_title&#8220;]Anschrift[\/mk_fancy_title][\/vc_column][\/vc_row][vc_row][vc_column][vc_row_inner][vc_column_inner width=&#8220;1\/2&#8243;][vc_column_text css=&#8220;.vc_custom_1601282488530{margin-bottom: 0px !important;}&#8220;]<iframe loading=\"lazy\" style=\"border: 0;\" src=\"https:\/\/www.google.com\/maps\/embed?pb=!1m18!1m12!1m3!1d2631.6724489923918!2d7.249595715669866!3d48.73085017927522!2m3!1f0!2f0!3f0!3m2!1i1024!2i768!4f13.1!3m3!1m2!1s0x0%3A0x2d2e2bc4ac6ed1ca!2sLocaboat%20Holidays%20Lutzelbourg%20-%20Hausboot%20mieten%20Elsass%20%26%20Stra%C3%9Fburg!5e0!3m2!1sfr!2sfr!4v1596104028397!5m2!1sfr!2sfr\" width=\"100%\" height=\"350\" frameborder=\"0\" allowfullscreen=\"allowfullscreen\"><\/iframe>[\/vc_column_text][\/vc_column_inner][vc_column_inner width=&#8220;1\/2&#8243;][vc_column_text css=&#8220;.vc_custom_1613471076776{margin-bottom: 0px !important;}&#8220;]\n<div>\n<div>\n<div>\n<div>\n<div>\n<div><strong>Locaboat Holidays<\/strong><br \/>\nLe Port Amont &#8211; 7 rue de la Zorn<br \/>\nLutzelbourg, FR 57820<\/div>\n<div><\/div>\n<\/div>\n<\/div>\n<\/div>\n<\/div>\n<div>_<\/div>\n<div><\/div>\n<div>\n<div>\n<div>\n<div>\n<div><abbr title=\"Email\"><span class=\"base-msg-icon\">\u2709<\/span>:<\/abbr>\u00a0 lutzelbourg@locaboat.com<br \/>\n<abbr title=\"Tel\">T:<\/abbr> +33 (0) 3 87 25 70 15<br \/>\n<abbr title=\"Fax\">F:<\/abbr> +33 (0) 3 87 25 70 18<br \/>\n<abbr title=\"GPS\">G:<\/abbr> N 48\u00b043&#8217;53.70 E 07\u00b015&#8217;02.96<\/div>\n<\/div>\n<\/div>\n<\/div>\n<\/div>\n<\/div>\n[\/vc_column_text][\/vc_column_inner][\/vc_row_inner][vc_row_inner][vc_column_inner][vc_column_text css=&#8220;.vc_custom_1700580834619{margin-bottom: 0px !important;}&#8220;]\n<table style=\"border: 0pt solid #0e84f0;\" border=\"0\" frame=\"vsides\" cellspacing=\"0\" cellpadding=\"5\" align=\"left\">\n<tbody>\n<tr>\n<td style=\"margin-bottom: 20px;\" align=\"left\" valign=\"top\" width=\"450\"><strong>Empfang &amp; Formalit\u00e4ten:<\/strong><\/p>\n<p>An den Abfahrtstagen zwischen 13.30 und 18 Uhr.<\/td>\n<td style=\"margin-bottom: 20px;\" align=\"left\" valign=\"top\" width=\"450\"><strong>\u00dcbernahme:<\/strong><\/p>\n<p>Das Boot wird \u00fcbergeben, sobald es fertig ist.<\/td>\n<\/tr>\n<tr>\n<td style=\"margin-bottom: 20px;\" align=\"left\" valign=\"top\" width=\"450\"><\/td>\n<td style=\"margin-bottom: 20px;\" align=\"left\" valign=\"top\" width=\"450\"><\/td>\n<\/tr>\n<\/tbody>\n<\/table>\n[\/vc_column_text][\/vc_column_inner][\/vc_row_inner][\/vc_column][\/vc_row][\/vc_section][vc_section el_id=&#8220;how-to-get-base&#8220;][vc_row][vc_column][mk_fancy_title font_family=&#8220;none&#8220; el_class=&#8220;base_content_title&#8220;]So kommen Sie zum Liegehafen[\/mk_fancy_title][\/vc_column][\/vc_row][vc_row][vc_column][vc_column_text css=&#8220;.vc_custom_1672658426408{margin-bottom: 0px !important;}&#8220;]\n<table style=\"border: 0pt solid #0e84f0;\" border=\"0\" frame=\"vsides\" cellspacing=\"0\" cellpadding=\"5\" align=\"left\">\n<tbody>\n<tr>\n<td align=\"left\" valign=\"top\" width=\"450\"><strong><a class=\"anchor\" name=\"topic02\"><\/a>Anreise:<\/strong><\/p>\n<ul>\n<li>A4 &#8211; E25 Ausfahrt 44 Phalsbourg, dann N4 und D38 bis Lutzelbourg (5 km)<\/li>\n<li><a href=\"http:\/\/www.voyages-sncf.com\" target=\"_blank\" rel=\"noopener nofollow noreferrer\">Bahnhof Lutzelbourg<\/a> (1 km)<br \/>\n<a href=\"http:\/\/www.voyages-sncf.com\" target=\"_blank\" rel=\"noopener nofollow noreferrer\">TGV-Bahnhof Saverne<\/a> (10 km)<\/li>\n<li><a href=\"http:\/\/www.strasbourg.aeroport.fr\" target=\"_blank\" rel=\"noopener nofollow noreferrer\">Flughafen Stra\u00dfburg Entzheim<\/a> (77 km)<\/li>\n<\/ul>\n<\/td>\n<td align=\"left\" valign=\"top\" width=\"450\"><strong>Parkplatz:<\/strong><\/p>\n<ul>\n<li>\u00dcberdacht, nicht bewacht, 56 \u20ac \/ Woche.<\/li>\n<li>Umz\u00e4unt, nicht bewacht, 42 \u20ac \/ Woche.<\/li>\n<li>\u00d6ffentlicher Parkplatz, unbewacht, nicht umz\u00e4unt : (Kostenlos).<\/li>\n<\/ul>\n<p>Die Anzahl \u00fcberdachter Parkpl\u00e4tze ist begrenzt, Vorbestellung per E-Mail an den Hafen erforderlich!<\/td>\n<\/tr>\n<tr>\n<td align=\"left\" valign=\"top\" width=\"450\"><strong>Autovermietung:<\/strong><\/p>\n<ul>\n<li><a href=\"http:\/\/www.europcar.com\" target=\"_blank\" rel=\"noopener nofollow noreferrer\">Europcar<\/a> (Saverne, 10 km) Tel.: 03 88 71 55 53<\/li>\n<li><a href=\"http:\/\/www.sixt.de\" target=\"_blank\" rel=\"noopener nofollow noreferrer\">Sixt<\/a> (Saverne, 10 km) Tel.: 08 20 00 74 98<\/li>\n<li><a href=\"http:\/\/www.avis.com\" target=\"_blank\" rel=\"noopener nofollow noreferrer\">Avis<\/a> (Strasbourg, 45 km) Tel.: 03 88 68 82 53<\/li>\n<li><a href=\"http:\/\/www.hertz.com\" target=\"_blank\" rel=\"noopener nofollow noreferrer\">Hertz<\/a> (Strasbourg, 45 km) Tel.: 03 88 64 69 50<\/li>\n<\/ul>\n<\/td>\n<td align=\"left\" valign=\"top\" width=\"450\"><strong>Taxi:<\/strong><\/p>\n<ul>\n<li>Taxi Christine: Tel.: 06 99 66 14 14<\/li>\n<li>Taxi Malain Tel.: 06 76 63 04 64<\/li>\n<li>Manu Taxi Tel.: 06 77 12 89 18<\/li>\n<\/ul>\n<\/td>\n<\/tr>\n<tr>\n<td align=\"left\" valign=\"top\" width=\"450\"><\/td>\n<td align=\"left\" valign=\"top\" width=\"450\"><\/td>\n<\/tr>\n<\/tbody>\n<\/table>\n[\/vc_column_text][\/vc_column][\/vc_row][\/vc_section][vc_section el_id=&#8220;base-tourist&#8220;][vc_row][vc_column][mk_fancy_title font_family=&#8220;none&#8220; el_class=&#8220;base_content_title&#8220;]Unterk\u00fcnfte, Gastst\u00e4tten und Einkaufsm\u00f6glichkeiten vor Ort[\/mk_fancy_title][\/vc_column][\/vc_row][vc_row][vc_column][vc_column_text css=&#8220;.vc_custom_1747121261913{margin-bottom: 0px !important;}&#8220;]\n<table style=\"border: 0pt solid #0e84f0;\" border=\"0\" frame=\"vsides\" cellspacing=\"0\" cellpadding=\"5\" align=\"left\">\n<tbody>\n<tr>\n<td align=\"left\" valign=\"top\" width=\"450\"><strong><a class=\"anchor\" name=\"topic03\"><\/a>Hotels: <\/strong><\/p>\n<ul>\n<li>Des Vosges** &#8211; t\u00e9l. : 03 87 25 30 09 Fax : 03 87 25 42 22<\/li>\n<\/ul>\n<\/td>\n<td align=\"left\" valign=\"top\" width=\"450\"><strong>Restaurants:<\/strong><\/p>\n<ul>\n<li>Bierstub D\u2019Eselbahn Tel 0033\u00a0 87 25 30 25 (Montags geschlossen).<\/li>\n<li>Brasserie des \u00e9clusiers\u00a0(4 km Richtung Schiffshebewerk)<br \/>\ntel.: 0033 87 25 48 66<\/li>\n<li><a href=\"http:\/\/www.auberge-du-mayakafer.com\/\" target=\"_blank\" rel=\"noopener nofollow noreferrer\">Auberge du Mayakafer<\/a>\u00a0(3 km Richtung Schiffshebewerk)<br \/>\ntel.: 0033 87 25 43 45 (Montags geschlossen).<\/li>\n<li>Mehr Restaurants in Phalsbourg (4 km) und Saverne (10 km), Infos direkt am Liegehafen.<\/li>\n<li style=\"list-style-type: none;\"><\/li>\n<\/ul>\n<\/td>\n<\/tr>\n<tr>\n<td align=\"left\" valign=\"top\" width=\"450\"><\/td>\n<td align=\"left\" valign=\"top\" width=\"450\"><\/td>\n<\/tr>\n<tr>\n<td align=\"left\" valign=\"top\" width=\"450\"><strong>Gesch\u00e4fte:<\/strong><\/p>\n<ul>\n<li>B\u00e4ckerei-Konditorei und Teestube: Dienstag bis Freitag von 7-19 Uhr, Samstags bis 17 Uhr und Sonntags bis 11:45 Uhr ge\u00f6ffnet.<\/li>\n<li>Kiosk mit kleiner Lebensmittelauswahl: t\u00e4glich von 5:45-18:30 Uhr, Sonntags bis 12 Uhr ge\u00f6ffnet.<\/li>\n<\/ul>\n<\/td>\n<td align=\"left\" valign=\"top\" width=\"450\"><strong>Markt:<\/strong><\/p>\n<ul>\n<li>In Phalsbourg (4 km), Freitag vormittags.<\/li>\n<li>In Saverne (10 km), Donnerstag vormittags.<\/li>\n<\/ul>\n<\/td>\n<\/tr>\n<\/tbody>\n<\/table>\n[\/vc_column_text][\/vc_column][\/vc_row][\/vc_section][vc_section el_id=&#8220;base-tourist&#8220;][vc_row][vc_column][mk_fancy_title font_family=&#8220;none&#8220; el_class=&#8220;base_content_title&#8220;]Touristische Informationen[\/mk_fancy_title][\/vc_column][\/vc_row][vc_row][vc_column][vc_column_text css=&#8220;.vc_custom_1617887265637{margin-bottom: 0px !important;}&#8220;]\n<table style=\"border: 0pt solid #0e84f0;\" border=\"0\" frame=\"vsides\" cellspacing=\"0\" cellpadding=\"5\" align=\"left\">\n<tbody>\n<tr>\n<td align=\"left\" valign=\"top\" width=\"450\"><strong><a class=\"anchor\" name=\"topic04\"><\/a>Gastronomische Spezialit\u00e4ten:<\/strong><\/p>\n<ul>\n<li>Flammkuchen, Quiche Lorraine, Sauerkraut, Backeoffe, Waedele, Foie Gras, Wild, Presskopf, Fisch.<\/li>\n<\/ul>\n<\/td>\n<td align=\"left\" valign=\"top\" width=\"450\"><strong>Getr\u00e4nke aus der Region:\u00a0<\/strong><\/p>\n<ul>\n<li>Els\u00e4ssisches Bier, Els\u00e4ssische Weine (Pinot Noir,Tokay Pinot Gris, Riesling, Gew\u00fcrztraminer, Muscat, Cr\u00e9mant, usw.) und Mirabellen-Schn\u00e4pse.<\/li>\n<\/ul>\n<\/td>\n<\/tr>\n<tr>\n<td align=\"left\" valign=\"top\" width=\"450\"><strong><strong>Sehensw\u00fcrdigkeiten:<\/strong><\/strong><\/p>\n<ul>\n<li>Mittelalterliche Burg in Lutzelbourg, Historisches Museum in Phalsbourg, Kristallfabriken, der Fels von Dabo, Touristen-Bahn in Abreschviller.<\/li>\n<\/ul>\n<\/td>\n<td align=\"left\" valign=\"top\" width=\"450\"><strong>Angeln:\u00a0<\/strong><\/p>\n<ul>\n<li>Die erforderliche Angelkarte wird im Gesch\u00e4ft \u201cTabac du Canal\u201d in Lutzelbourg verkauft.<\/li>\n<li>Erforderliche Angelkarten k\u00f6nnen im Internet vorab bestellt werden: <a href=\"http:\/\/de.cartedepeche.fr\/\" rel=\"noopener nofollow noreferrer\">cartedepeche.fr<\/a> (auch auf Deutsch). Weitere Ausk\u00fcnfte erhalten Sie am Liegehafen. Hecht, Forelle, Zander, Karpfen,Welse.<\/li>\n<\/ul>\n<\/td>\n<\/tr>\n<tr>\n<td align=\"left\" valign=\"top\" width=\"450\"><strong>Tourismusb\u00fcro:<\/strong><\/p>\n<ul>\n<li>In Lutzelbourg (Nachmittags ge\u00f6ffnet)<br \/>\nTel.: 03 87 25 30 19 &#8211; Fax : 03 87 24 27 68<br \/>\n<a href=\"mailto:Lutzelbourg@wanadoo.fr\" rel=\"noopener nofollow noreferrer\">Lutzelbourg@wanadoo.fr<\/a><\/li>\n<li>In Phalsbourg (4 km) Tel.\/Fax: 03 87 24 42 42<\/li>\n<\/ul>\n<\/td>\n<td align=\"left\" valign=\"top\" width=\"450\"><strong>\u00a0<\/strong><\/td>\n<\/tr>\n<\/tbody>\n<\/table>\n[\/vc_column_text][\/vc_column][\/vc_row][\/vc_section][vc_section el_id=&#8220;base-waterways&#8220;][vc_row][vc_column][mk_fancy_title font_family=&#8220;none&#8220; el_class=&#8220;base_content_title&#8220;]Informationen zu den Wasserstra\u00dfen[\/mk_fancy_title][\/vc_column][\/vc_row][vc_row][vc_column][vc_column_text css=&#8220;.vc_custom_1613471213909{margin-bottom: 0px !important;}&#8220;]\n<table style=\"border: 0pt solid #0e84f0;\" border=\"0\" frame=\"vsides\" cellspacing=\"0\" cellpadding=\"5\" align=\"left\">\n<tbody>\n<tr>\n<td align=\"left\" valign=\"top\" width=\"800\"><strong><a class=\"anchor\" name=\"topic05\"><\/a>Wasserstra\u00dfen:<\/strong><\/td>\n<\/tr>\n<tr>\n<td align=\"left\" valign=\"top\" width=\"800\">Die Schleusen auf dem <strong>Rhein-Marne-Kanal<\/strong> sind automatisch (Schleusenkette). An allen Tagen ge\u00f6ffnet (au\u00dfer 1. Mai u. 1. November) von 7-19 Uhr. Vom 17.03. bis 14.06. und vom 16.09. bis 10.11. sowie an Sonn- und Feiertagen von 9-18 Uhr ge\u00f6ffnet.<\/p>\n<p>Das Schiffshebewerk und die Tunnels schlie\u00dfen immer eine Stunde fr\u00fcher. <strong>Saar-Kohlen-Kanal:<\/strong> Die Schleusen sind automatisiert. Ge\u00f6ffnet vom 1. April bis 31. Oktober von 8.30 bis 18.30 Uhr.<\/td>\n<\/tr>\n<\/tbody>\n<\/table>\n[\/vc_column_text][\/vc_column][\/vc_row][\/vc_section]\n<\/div>","protected":false},"excerpt":{"rendered":"<p>[vc_row][vc_column][vc_column_text css=&#8220;.vc_custom_1616430335142{margin-bottom: 0px !important;}&#8220;] Abfahrtshafen Entdecken Sie alle Informationen und hilfreiche Tipps zu Ihrer Abfahrtsbasis[\/vc_column_text][\/vc_column][\/vc_row][vc_row fullwidth=&#8220;true&#8220; fullwidth_content=&#8220;false&#8220;][vc_column][pen_departure_filter][\/vc_column][\/vc_row][vc_section el_id=&#8220;direction-formalities&#8220; css=&#8220;.vc_custom_1601285129565{border-radius: 2px !important;}&#8220;][vc_row css=&#8220;.vc_custom_1601283567019{border-radius: 2px !important;}&#8220;][vc_column][mk_fancy_title font_family=&#8220;none&#8220; el_class=&#8220;base_content_title&#8220;]Anschrift[\/mk_fancy_title][\/vc_column][\/vc_row][vc_row][vc_column][vc_row_inner][vc_column_inner width=&#8220;1\/2&#8243;][vc_column_text css=&#8220;.vc_custom_1601282488530{margin-bottom: 0px !important;}&#8220;][\/vc_column_text][\/vc_column_inner][vc_column_inner width=&#8220;1\/2&#8243;][vc_column_text css=&#8220;.vc_custom_1613471076776{margin-bottom: 0px !important;}&#8220;] Locaboat Holidays Le Port Amont &#8211; 7 rue de la Zorn Lutzelbourg, FR 57820 _ \u2709:\u00a0 lutzelbourg@locaboat.com T: +33 (0) 3 [&hellip;]<\/p>\n","protected":false},"author":4,"featured_media":178,"parent":348,"menu_order":0,"comment_status":"closed","ping_status":"closed","template":"template-departure-base.php","meta":{"footnotes":""},"class_list":["post-674","page","type-page","status-publish","has-post-thumbnail","hentry"],"yoast_head":"<!-- This site is optimized with the Yoast SEO plugin v25.5 - https:\/\/yoast.com\/wordpress\/plugins\/seo\/ -->\n<title>Lutzelbourg -<\/title>\n<meta name=\"robots\" content=\"index, follow, max-snippet:-1, max-image-preview:large, max-video-preview:-1\" \/>\n<link rel=\"canonical\" href=\"https:\/\/www.penichette.com\/de\/abfahrtshafen\/frankreich\/lutzelbourg\/\" \/>\n<meta property=\"og:locale\" content=\"de_DE\" \/>\n<meta property=\"og:type\" content=\"article\" \/>\n<meta property=\"og:title\" content=\"Lutzelbourg -\" \/>\n<meta property=\"og:description\" content=\"[vc_row][vc_column][vc_column_text css=&#8220;.vc_custom_1616430335142{margin-bottom: 0px !important;}&#8220;] Abfahrtshafen Entdecken Sie alle Informationen und hilfreiche Tipps zu Ihrer Abfahrtsbasis[\/vc_column_text][\/vc_column][\/vc_row][vc_row fullwidth=&#8220;true&#8220; fullwidth_content=&#8220;false&#8220;][vc_column][pen_departure_filter][\/vc_column][\/vc_row][vc_section el_id=&#8220;direction-formalities&#8220; css=&#8220;.vc_custom_1601285129565{border-radius: 2px !important;}&#8220;][vc_row css=&#8220;.vc_custom_1601283567019{border-radius: 2px !important;}&#8220;][vc_column][mk_fancy_title font_family=&#8220;none&#8220; el_class=&#8220;base_content_title&#8220;]Anschrift[\/mk_fancy_title][\/vc_column][\/vc_row][vc_row][vc_column][vc_row_inner][vc_column_inner width=&#8220;1\/2&#8243;][vc_column_text css=&#8220;.vc_custom_1601282488530{margin-bottom: 0px !important;}&#8220;][\/vc_column_text][\/vc_column_inner][vc_column_inner width=&#8220;1\/2&#8243;][vc_column_text css=&#8220;.vc_custom_1613471076776{margin-bottom: 0px !important;}&#8220;] Locaboat Holidays Le Port Amont &#8211; 7 rue de la Zorn Lutzelbourg, FR 57820 _ \u2709:\u00a0 lutzelbourg@locaboat.com T: +33 (0) 3 [&hellip;]\" \/>\n<meta property=\"og:url\" content=\"https:\/\/www.penichette.com\/de\/abfahrtshafen\/frankreich\/lutzelbourg\/\" \/>\n<meta property=\"og:site_name\" content=\"Penichette.com\" \/>\n<meta property=\"article:modified_time\" content=\"2025-05-13T07:27:44+00:00\" \/>\n<meta property=\"og:image\" content=\"https:\/\/www.penichette.com\/wp-content\/uploads\/2014\/12\/photo-base-de-depart1.jpg\" \/>\n\t<meta property=\"og:image:width\" content=\"980\" \/>\n\t<meta property=\"og:image:height\" content=\"500\" \/>\n\t<meta property=\"og:image:type\" content=\"image\/jpeg\" \/>\n<meta name=\"twitter:card\" content=\"summary_large_image\" \/>\n<meta name=\"twitter:label1\" content=\"Gesch\u00e4tzte Lesezeit\" \/>\n\t<meta name=\"twitter:data1\" content=\"4\u00a0Minuten\" \/>\n<script type=\"application\/ld+json\" class=\"yoast-schema-graph\">{\"@context\":\"https:\/\/schema.org\",\"@graph\":[{\"@type\":\"WebPage\",\"@id\":\"https:\/\/www.penichette.com\/de\/abfahrtshafen\/frankreich\/lutzelbourg\/\",\"url\":\"https:\/\/www.penichette.com\/de\/abfahrtshafen\/frankreich\/lutzelbourg\/\",\"name\":\"Lutzelbourg -\",\"isPartOf\":{\"@id\":\"https:\/\/www.penichette.com\/#website\"},\"primaryImageOfPage\":{\"@id\":\"https:\/\/www.penichette.com\/de\/abfahrtshafen\/frankreich\/lutzelbourg\/#primaryimage\"},\"image\":{\"@id\":\"https:\/\/www.penichette.com\/de\/abfahrtshafen\/frankreich\/lutzelbourg\/#primaryimage\"},\"thumbnailUrl\":\"https:\/\/www.penichette.com\/wp-content\/uploads\/2014\/12\/photo-base-de-depart1.jpg\",\"datePublished\":\"2015-01-11T20:47:20+00:00\",\"dateModified\":\"2025-05-13T07:27:44+00:00\",\"breadcrumb\":{\"@id\":\"https:\/\/www.penichette.com\/de\/abfahrtshafen\/frankreich\/lutzelbourg\/#breadcrumb\"},\"inLanguage\":\"de\",\"potentialAction\":[{\"@type\":\"ReadAction\",\"target\":[\"https:\/\/www.penichette.com\/de\/abfahrtshafen\/frankreich\/lutzelbourg\/\"]}]},{\"@type\":\"ImageObject\",\"inLanguage\":\"de\",\"@id\":\"https:\/\/www.penichette.com\/de\/abfahrtshafen\/frankreich\/lutzelbourg\/#primaryimage\",\"url\":\"https:\/\/www.penichette.com\/wp-content\/uploads\/2014\/12\/photo-base-de-depart1.jpg\",\"contentUrl\":\"https:\/\/www.penichette.com\/wp-content\/uploads\/2014\/12\/photo-base-de-depart1.jpg\",\"width\":980,\"height\":500},{\"@type\":\"BreadcrumbList\",\"@id\":\"https:\/\/www.penichette.com\/de\/abfahrtshafen\/frankreich\/lutzelbourg\/#breadcrumb\",\"itemListElement\":[{\"@type\":\"ListItem\",\"position\":1,\"name\":\"Zuhause\",\"item\":\"https:\/\/www.penichette.com\/de\/\"},{\"@type\":\"ListItem\",\"position\":2,\"name\":\"Abfahrtshafen\",\"item\":\"https:\/\/www.penichette.com\/de\/abfahrtshafen\/\"},{\"@type\":\"ListItem\",\"position\":3,\"name\":\"Frankreich\",\"item\":\"https:\/\/www.penichette.com\/de\/abfahrtshafen\/frankreich\/\"},{\"@type\":\"ListItem\",\"position\":4,\"name\":\"Lutzelbourg\"}]},{\"@type\":\"WebSite\",\"@id\":\"https:\/\/www.penichette.com\/#website\",\"url\":\"https:\/\/www.penichette.com\/\",\"name\":\"Penichette.com\",\"description\":\"\",\"potentialAction\":[{\"@type\":\"SearchAction\",\"target\":{\"@type\":\"EntryPoint\",\"urlTemplate\":\"https:\/\/www.penichette.com\/?s={search_term_string}\"},\"query-input\":{\"@type\":\"PropertyValueSpecification\",\"valueRequired\":true,\"valueName\":\"search_term_string\"}}],\"inLanguage\":\"de\"}]}<\/script>\n<!-- \/ Yoast SEO plugin. -->","yoast_head_json":{"title":"Lutzelbourg -","robots":{"index":"index","follow":"follow","max-snippet":"max-snippet:-1","max-image-preview":"max-image-preview:large","max-video-preview":"max-video-preview:-1"},"canonical":"https:\/\/www.penichette.com\/de\/abfahrtshafen\/frankreich\/lutzelbourg\/","og_locale":"de_DE","og_type":"article","og_title":"Lutzelbourg -","og_description":"[vc_row][vc_column][vc_column_text css=&#8220;.vc_custom_1616430335142{margin-bottom: 0px !important;}&#8220;] Abfahrtshafen Entdecken Sie alle Informationen und hilfreiche Tipps zu Ihrer Abfahrtsbasis[\/vc_column_text][\/vc_column][\/vc_row][vc_row fullwidth=&#8220;true&#8220; fullwidth_content=&#8220;false&#8220;][vc_column][pen_departure_filter][\/vc_column][\/vc_row][vc_section el_id=&#8220;direction-formalities&#8220; css=&#8220;.vc_custom_1601285129565{border-radius: 2px !important;}&#8220;][vc_row css=&#8220;.vc_custom_1601283567019{border-radius: 2px !important;}&#8220;][vc_column][mk_fancy_title font_family=&#8220;none&#8220; el_class=&#8220;base_content_title&#8220;]Anschrift[\/mk_fancy_title][\/vc_column][\/vc_row][vc_row][vc_column][vc_row_inner][vc_column_inner width=&#8220;1\/2&#8243;][vc_column_text css=&#8220;.vc_custom_1601282488530{margin-bottom: 0px !important;}&#8220;][\/vc_column_text][\/vc_column_inner][vc_column_inner width=&#8220;1\/2&#8243;][vc_column_text css=&#8220;.vc_custom_1613471076776{margin-bottom: 0px !important;}&#8220;] Locaboat Holidays Le Port Amont &#8211; 7 rue de la Zorn Lutzelbourg, FR 57820 _ \u2709:\u00a0 lutzelbourg@locaboat.com T: +33 (0) 3 [&hellip;]","og_url":"https:\/\/www.penichette.com\/de\/abfahrtshafen\/frankreich\/lutzelbourg\/","og_site_name":"Penichette.com","article_modified_time":"2025-05-13T07:27:44+00:00","og_image":[{"width":980,"height":500,"url":"https:\/\/www.penichette.com\/wp-content\/uploads\/2014\/12\/photo-base-de-depart1.jpg","type":"image\/jpeg"}],"twitter_card":"summary_large_image","twitter_misc":{"Gesch\u00e4tzte Lesezeit":"4\u00a0Minuten"},"schema":{"@context":"https:\/\/schema.org","@graph":[{"@type":"WebPage","@id":"https:\/\/www.penichette.com\/de\/abfahrtshafen\/frankreich\/lutzelbourg\/","url":"https:\/\/www.penichette.com\/de\/abfahrtshafen\/frankreich\/lutzelbourg\/","name":"Lutzelbourg -","isPartOf":{"@id":"https:\/\/www.penichette.com\/#website"},"primaryImageOfPage":{"@id":"https:\/\/www.penichette.com\/de\/abfahrtshafen\/frankreich\/lutzelbourg\/#primaryimage"},"image":{"@id":"https:\/\/www.penichette.com\/de\/abfahrtshafen\/frankreich\/lutzelbourg\/#primaryimage"},"thumbnailUrl":"https:\/\/www.penichette.com\/wp-content\/uploads\/2014\/12\/photo-base-de-depart1.jpg","datePublished":"2015-01-11T20:47:20+00:00","dateModified":"2025-05-13T07:27:44+00:00","breadcrumb":{"@id":"https:\/\/www.penichette.com\/de\/abfahrtshafen\/frankreich\/lutzelbourg\/#breadcrumb"},"inLanguage":"de","potentialAction":[{"@type":"ReadAction","target":["https:\/\/www.penichette.com\/de\/abfahrtshafen\/frankreich\/lutzelbourg\/"]}]},{"@type":"ImageObject","inLanguage":"de","@id":"https:\/\/www.penichette.com\/de\/abfahrtshafen\/frankreich\/lutzelbourg\/#primaryimage","url":"https:\/\/www.penichette.com\/wp-content\/uploads\/2014\/12\/photo-base-de-depart1.jpg","contentUrl":"https:\/\/www.penichette.com\/wp-content\/uploads\/2014\/12\/photo-base-de-depart1.jpg","width":980,"height":500},{"@type":"BreadcrumbList","@id":"https:\/\/www.penichette.com\/de\/abfahrtshafen\/frankreich\/lutzelbourg\/#breadcrumb","itemListElement":[{"@type":"ListItem","position":1,"name":"Zuhause","item":"https:\/\/www.penichette.com\/de\/"},{"@type":"ListItem","position":2,"name":"Abfahrtshafen","item":"https:\/\/www.penichette.com\/de\/abfahrtshafen\/"},{"@type":"ListItem","position":3,"name":"Frankreich","item":"https:\/\/www.penichette.com\/de\/abfahrtshafen\/frankreich\/"},{"@type":"ListItem","position":4,"name":"Lutzelbourg"}]},{"@type":"WebSite","@id":"https:\/\/www.penichette.com\/#website","url":"https:\/\/www.penichette.com\/","name":"Penichette.com","description":"","potentialAction":[{"@type":"SearchAction","target":{"@type":"EntryPoint","urlTemplate":"https:\/\/www.penichette.com\/?s={search_term_string}"},"query-input":{"@type":"PropertyValueSpecification","valueRequired":true,"valueName":"search_term_string"}}],"inLanguage":"de"}]}},"_links":{"self":[{"href":"https:\/\/www.penichette.com\/de\/wp-json\/wp\/v2\/pages\/674","targetHints":{"allow":["GET"]}}],"collection":[{"href":"https:\/\/www.penichette.com\/de\/wp-json\/wp\/v2\/pages"}],"about":[{"href":"https:\/\/www.penichette.com\/de\/wp-json\/wp\/v2\/types\/page"}],"author":[{"embeddable":true,"href":"https:\/\/www.penichette.com\/de\/wp-json\/wp\/v2\/users\/4"}],"replies":[{"embeddable":true,"href":"https:\/\/www.penichette.com\/de\/wp-json\/wp\/v2\/comments?post=674"}],"version-history":[{"count":29,"href":"https:\/\/www.penichette.com\/de\/wp-json\/wp\/v2\/pages\/674\/revisions"}],"predecessor-version":[{"id":7309,"href":"https:\/\/www.penichette.com\/de\/wp-json\/wp\/v2\/pages\/674\/revisions\/7309"}],"up":[{"embeddable":true,"href":"https:\/\/www.penichette.com\/de\/wp-json\/wp\/v2\/pages\/348"}],"wp:featuredmedia":[{"embeddable":true,"href":"https:\/\/www.penichette.com\/de\/wp-json\/wp\/v2\/media\/178"}],"wp:attachment":[{"href":"https:\/\/www.penichette.com\/de\/wp-json\/wp\/v2\/media?parent=674"}],"curies":[{"name":"wp","href":"https:\/\/api.w.org\/{rel}","templated":true}]}}