{"id":78,"date":"2014-11-20T13:39:31","date_gmt":"2014-11-20T12:39:31","guid":{"rendered":"http:\/\/hosting-penichette.bertrandlepage.fr\/?page_id=78"},"modified":"2026-04-08T14:58:01","modified_gmt":"2026-04-08T13:58:01","slug":"home-2","status":"publish","type":"page","link":"https:\/\/www.penichette.com\/de\/","title":{"rendered":"Home"},"content":{"rendered":"<div class=\"wpb-content-wrapper\">[vc_row fullwidth=&#8220;true&#8220; css=&#8220;.vc_custom_1604648465848{background-image: url(https:\/\/www.penichette.com\/wp-content\/uploads\/2020\/11\/slider-principal-v33.jpg?id=3553) !important;background-position: center !important;background-repeat: no-repeat !important;background-size: cover !important;}&#8220; id=&#8220;homepage_banner&#8220;][vc_column css=&#8220;.vc_custom_1604648495687{background-color: rgba(255,251,245,0.3) !important;*background-color: rgb(255,251,245) !important;}&#8220;][vc_row_inner el_class=&#8220;home-banner-content&#8220;][vc_column_inner][vc_empty_space height=&#8220;50px&#8220;][mk_fancy_title tag_name=&#8220;h1&#8243; color=&#8220;#ffffff&#8220; size=&#8220;50&#8243; force_font_size=&#8220;true&#8220; size_smallscreen=&#8220;40&#8243; size_tablet=&#8220;40&#8243; size_phone=&#8220;25&#8243; font_weight=&#8220;500&#8243; txt_transform=&#8220;none&#8220; font_family=&#8220;none&#8220; align=&#8220;center&#8220;]IHRE HAUSBOOTFAHRT LEICHT GEMACHT![\/mk_fancy_title][mk_fancy_title color=&#8220;#ffffff&#8220; size=&#8220;26&#8243; force_font_size=&#8220;true&#8220; size_phone=&#8220;15&#8243; font_weight=&#8220;500&#8243; txt_transform=&#8220;none&#8220; font_family=&#8220;none&#8220; align=&#8220;center&#8220;]P\u00e9nichette.com by Riverly (Locaboat &amp; Nicols)[\/mk_fancy_title][mk_button dimension=&#8220;outline&#8220; corner_style=&#8220;full_rounded&#8220; size=&#8220;large&#8220; url=&#8220;https:\/\/www.penichette.com\/de\/dienstleistungen\/&#8220; align=&#8220;center&#8220; outline_skin=&#8220;custom&#8220; outline_active_color=&#8220;#ffffff&#8220; outline_active_text_color=&#8220;#ffffff&#8220; outline_hover_bg_color=&#8220;rgba(0,0,0,0)&#8220; outline_hover_color=&#8220;#ffffff&#8220;]ZU DEN DIENSTLEISTUNGEN[\/mk_button][vc_empty_space height=&#8220;50px&#8220;][\/vc_column_inner][\/vc_row_inner][\/vc_column][\/vc_row][vc_row fullwidth=&#8220;true&#8220; fullwidth_content=&#8220;false&#8220; visibility=&#8220;hidden-sm&#8220; css=&#8220;.vc_custom_1615279842962{background-color: #00314a !important;}&#8220;][vc_column][vc_empty_space][mk_fancy_title tag_name=&#8220;span&#8220; color=&#8220;#ffffff&#8220; size=&#8220;22&#8243; force_font_size=&#8220;true&#8220; size_smallscreen=&#8220;22&#8243; size_tablet=&#8220;20&#8243; size_phone=&#8220;15&#8243; font_weight=&#8220;400&#8243; txt_transform=&#8220;none&#8220; font_family=&#8220;none&#8220; align=&#8220;center&#8220;]\n<p style=\"text-align: center;\">OPTIONALE SERVICELEISTUNGEN<br \/>\nF\u00dcR IHRE HAUSBOOTSFAHRT<\/p>\n[\/mk_fancy_title][\/vc_column][\/vc_row][vc_row fullwidth=&#8220;true&#8220; fullwidth_content=&#8220;false&#8220; visibility=&#8220;visible-sm&#8220; css=&#8220;.vc_custom_1615280630834{background-color: #00314a !important;}&#8220;][vc_column width=&#8220;2\/3&#8243;][vc_empty_space height=&#8220;24px&#8220;][mk_fancy_title tag_name=&#8220;span&#8220; color=&#8220;#ffffff&#8220; size=&#8220;22&#8243; force_font_size=&#8220;true&#8220; size_smallscreen=&#8220;22&#8243; size_tablet=&#8220;20&#8243; size_phone=&#8220;15&#8243; font_weight=&#8220;400&#8243; txt_transform=&#8220;none&#8220; margin_bottom=&#8220;0&#8243; font_family=&#8220;none&#8220; align=&#8220;center&#8220;]OPTIONALE SERVICELEISTUNGEN<br \/>\nF\u00dcR IHRE HAUSBOOTSFAHRT[\/mk_fancy_title][\/vc_column][vc_column width=&#8220;1\/3&#8243;][mk_button dimension=&#8220;flat&#8220; corner_style=&#8220;full_rounded&#8220; size=&#8220;medium&#8220; url=&#8220;https:\/\/www.penichette.com\/de\/bestellungen\/&#8220; align=&#8220;center&#8220; margin_bottom=&#8220;0&#8243; bg_color=&#8220;#ec008c&#8220;]MEINE EXTRAS BESTELLEN[\/mk_button][vc_empty_space height=&#8220;24px&#8220;][\/vc_column][\/vc_row][vc_row][vc_column][vc_empty_space height=&#8220;50px&#8220;][pen_cta heading=&#8220;Alle Informationen und Extras f\u00fcr Ihren Hausbooturlaub&#8220;][pen_cta_item title=&#8220;Abfahrtshafen&#8220; image=&#8220;3585&#8243; link=&#8220;https:\/\/www.penichette.com\/de\/abfahrtshafen\/&#8220;][pen_cta_item title=&#8220;Download&#8220; image=&#8220;3617&#8243; link=&#8220;https:\/\/www.penichette.com\/de\/downloads\/&#8220;][pen_cta_item title=&#8220;Dienstleistungen&#8220; image=&#8220;3582&#8243; link=&#8220;https:\/\/www.penichette.com\/de\/dienstleistungen\/&#8220;][\/pen_cta][\/vc_column][\/vc_row][vc_row fullwidth=&#8220;true&#8220; fullwidth_content=&#8220;false&#8220; css=&#8220;.vc_custom_1610629364127{background-color: #fffbf5 !important;}&#8220; el_class=&#8220;pen_custom_101&#8243;][vc_column][vc_row_inner][vc_column_inner][vc_empty_space height=&#8220;60px&#8220;][\/vc_column_inner][\/vc_row_inner][vc_row_inner][vc_column_inner width=&#8220;1\/12&#8243;][\/vc_column_inner][vc_column_inner width=&#8220;5\/12&#8243;][mk_image src=&#8220;https:\/\/www.penichette.com\/wp-content\/uploads\/2020\/11\/penichette-voyage.jpg&#8220; image_size=&#8220;full&#8220; align=&#8220;right&#8220; margin_bottom=&#8220;0&#8243; el_class=&#8220;align-center-mobile&#8220;][mk_padding_divider size=&#8220;20&#8243; visibility=&#8220;visible-sm&#8220;][\/vc_column_inner][vc_column_inner width=&#8220;1\/12&#8243;][\/vc_column_inner][vc_column_inner width=&#8220;5\/12&#8243;][mk_fancy_title color=&#8220;#454545&#8243; size=&#8220;22&#8243; force_font_size=&#8220;true&#8220; size_smallscreen=&#8220;20&#8243; size_tablet=&#8220;20&#8243; size_phone=&#8220;20&#8243; font_weight=&#8220;500&#8243; txt_transform=&#8220;none&#8220; font_family=&#8220;none&#8220;]Ihre Hausbootfahrt mit einer P\u00e9nichette, Europa oder Linssen[\/mk_fancy_title][vc_column_text disable_pattern=&#8220;false&#8220; css=&#8220;.vc_custom_1738761061543{margin-bottom: 40px !important;}&#8220;]Hier finden Sie alle wichtigen Informationen zu Ihrer Hausbootfahrt mit einer P\u00e9nichette, Europa oder Linssen. Ob Sie Informationen zum Abfahrtshafen ben\u00f6tigen, sich \u00fcber Dienstleistungen vor Ort und Transferpreise informieren m\u00f6chten oder online vorab Services bestellen wollen, hier werden Sie f\u00fcndig. Ebenso stehen Dokumente zum Download bereit, so zum Beispiel das <a href=\"https:\/\/www.penichette.com\/wp-content\/uploads\/2025\/02\/guide-capitaine-2025-de-1-1.pdf\" target=\"_blank\" rel=\"noopener noreferrer\">Kapit\u00e4ns Handbuch<\/a>.[\/vc_column_text][\/vc_column_inner][\/vc_row_inner][vc_row_inner][vc_column_inner][vc_empty_space height=&#8220;60px&#8220;][\/vc_column_inner][\/vc_row_inner][\/vc_column][\/vc_row][vc_row][vc_column][vc_empty_space][mk_fancy_title color=&#8220;#454545&#8243; size=&#8220;22&#8243; force_font_size=&#8220;true&#8220; size_smallscreen=&#8220;20&#8243; size_tablet=&#8220;20&#8243; size_phone=&#8220;20&#8243; font_weight=&#8220;500&#8243; txt_transform=&#8220;none&#8220; font_family=&#8220;none&#8220;]\n<p style=\"text-align: center;\">RIVERLY-ST\u00dcTZPUNKTE<\/p>\n[\/mk_fancy_title][\/vc_column][\/vc_row][vc_row][vc_column][vc_column_text css=&#8220;.vc_custom_1774357090257{margin-bottom: 0px !important;}&#8220;]<iframe loading=\"lazy\" src=\"https:\/\/www.google.com\/maps\/d\/embed?mid=12f-HGoIILidX7PHlwmCm71PNxUuAOAI&amp;ehbc=2E312F&amp;noprof=1\" width=\"640\" height=\"480\"><span data-mce-type=\"bookmark\" style=\"display: inline-block; width: 0px; overflow: hidden; line-height: 0;\" class=\"mce_SELRES_start\">\ufeff<\/span><\/iframe>[\/vc_column_text][\/vc_column][\/vc_row]\n<\/div>","protected":false},"excerpt":{"rendered":"<p>[vc_row fullwidth=&#8220;true&#8220; css=&#8220;.vc_custom_1604648465848{background-image: url(https:\/\/www.penichette.com\/wp-content\/uploads\/2020\/11\/slider-principal-v33.jpg?id=3553) !important;background-position: center !important;background-repeat: no-repeat !important;background-size: cover !important;}&#8220; id=&#8220;homepage_banner&#8220;][vc_column css=&#8220;.vc_custom_1604648495687{background-color: rgba(255,251,245,0.3) !important;*background-color: rgb(255,251,245) !important;}&#8220;][vc_row_inner el_class=&#8220;home-banner-content&#8220;][vc_column_inner][vc_empty_space height=&#8220;50px&#8220;][mk_fancy_title tag_name=&#8220;h1&#8243; color=&#8220;#ffffff&#8220; size=&#8220;50&#8243; force_font_size=&#8220;true&#8220; size_smallscreen=&#8220;40&#8243; size_tablet=&#8220;40&#8243; size_phone=&#8220;25&#8243; font_weight=&#8220;500&#8243; txt_transform=&#8220;none&#8220; font_family=&#8220;none&#8220; align=&#8220;center&#8220;]IHRE HAUSBOOTFAHRT LEICHT GEMACHT![\/mk_fancy_title][mk_fancy_title color=&#8220;#ffffff&#8220; size=&#8220;26&#8243; force_font_size=&#8220;true&#8220; size_phone=&#8220;15&#8243; font_weight=&#8220;500&#8243; txt_transform=&#8220;none&#8220; font_family=&#8220;none&#8220; align=&#8220;center&#8220;]P\u00e9nichette.com by Riverly (Locaboat &amp; Nicols)[\/mk_fancy_title][mk_button dimension=&#8220;outline&#8220; corner_style=&#8220;full_rounded&#8220; size=&#8220;large&#8220; url=&#8220;https:\/\/www.penichette.com\/de\/dienstleistungen\/&#8220; align=&#8220;center&#8220; outline_skin=&#8220;custom&#8220; outline_active_color=&#8220;#ffffff&#8220; outline_active_text_color=&#8220;#ffffff&#8220; outline_hover_bg_color=&#8220;rgba(0,0,0,0)&#8220; [&hellip;]<\/p>\n","protected":false},"author":4,"featured_media":0,"parent":0,"menu_order":0,"comment_status":"closed","ping_status":"closed","template":"","meta":{"footnotes":""},"class_list":["post-78","page","type-page","status-publish","hentry"],"yoast_head":"<!-- This site is optimized with the Yoast SEO plugin v25.5 - https:\/\/yoast.com\/wordpress\/plugins\/seo\/ -->\n<title>Hausbooturlaub vorbereiten - Penichette.com by Locaboat<\/title>\n<meta name=\"robots\" content=\"index, follow, max-snippet:-1, max-image-preview:large, max-video-preview:-1\" \/>\n<link rel=\"canonical\" href=\"https:\/\/www.penichette.com\/de\/\" \/>\n<meta property=\"og:locale\" content=\"de_DE\" \/>\n<meta property=\"og:type\" content=\"article\" \/>\n<meta property=\"og:title\" content=\"Hausbooturlaub vorbereiten - Penichette.com by Locaboat\" \/>\n<meta property=\"og:description\" content=\"[vc_row fullwidth=&#8220;true&#8220; css=&#8220;.vc_custom_1604648465848{background-image: url(https:\/\/www.penichette.com\/wp-content\/uploads\/2020\/11\/slider-principal-v33.jpg?id=3553) !important;background-position: center !important;background-repeat: no-repeat !important;background-size: cover !important;}&#8220; id=&#8220;homepage_banner&#8220;][vc_column css=&#8220;.vc_custom_1604648495687{background-color: rgba(255,251,245,0.3) !important;*background-color: rgb(255,251,245) !important;}&#8220;][vc_row_inner el_class=&#8220;home-banner-content&#8220;][vc_column_inner][vc_empty_space height=&#8220;50px&#8220;][mk_fancy_title tag_name=&#8220;h1&#8243; color=&#8220;#ffffff&#8220; size=&#8220;50&#8243; force_font_size=&#8220;true&#8220; size_smallscreen=&#8220;40&#8243; size_tablet=&#8220;40&#8243; size_phone=&#8220;25&#8243; font_weight=&#8220;500&#8243; txt_transform=&#8220;none&#8220; font_family=&#8220;none&#8220; align=&#8220;center&#8220;]IHRE HAUSBOOTFAHRT LEICHT GEMACHT![\/mk_fancy_title][mk_fancy_title color=&#8220;#ffffff&#8220; size=&#8220;26&#8243; force_font_size=&#8220;true&#8220; size_phone=&#8220;15&#8243; font_weight=&#8220;500&#8243; txt_transform=&#8220;none&#8220; font_family=&#8220;none&#8220; align=&#8220;center&#8220;]P\u00e9nichette.com by Riverly (Locaboat &amp; Nicols)[\/mk_fancy_title][mk_button dimension=&#8220;outline&#8220; corner_style=&#8220;full_rounded&#8220; size=&#8220;large&#8220; url=&#8220;https:\/\/www.penichette.com\/de\/dienstleistungen\/&#8220; align=&#8220;center&#8220; outline_skin=&#8220;custom&#8220; outline_active_color=&#8220;#ffffff&#8220; outline_active_text_color=&#8220;#ffffff&#8220; outline_hover_bg_color=&#8220;rgba(0,0,0,0)&#8220; [&hellip;]\" \/>\n<meta property=\"og:url\" content=\"https:\/\/www.penichette.com\/de\/\" \/>\n<meta property=\"og:site_name\" content=\"Penichette.com\" \/>\n<meta property=\"article:modified_time\" content=\"2026-04-08T13:58:01+00:00\" \/>\n<meta name=\"twitter:card\" content=\"summary_large_image\" \/>\n<meta name=\"twitter:label1\" content=\"Gesch\u00e4tzte Lesezeit\" \/>\n\t<meta name=\"twitter:data1\" content=\"2\u00a0Minuten\" \/>\n<script type=\"application\/ld+json\" class=\"yoast-schema-graph\">{\"@context\":\"https:\/\/schema.org\",\"@graph\":[{\"@type\":\"WebPage\",\"@id\":\"https:\/\/www.penichette.com\/de\/\",\"url\":\"https:\/\/www.penichette.com\/de\/\",\"name\":\"Hausbooturlaub vorbereiten - Penichette.com by Locaboat\",\"isPartOf\":{\"@id\":\"https:\/\/www.penichette.com\/#website\"},\"datePublished\":\"2014-11-20T12:39:31+00:00\",\"dateModified\":\"2026-04-08T13:58:01+00:00\",\"breadcrumb\":{\"@id\":\"https:\/\/www.penichette.com\/de\/#breadcrumb\"},\"inLanguage\":\"de\",\"potentialAction\":[{\"@type\":\"ReadAction\",\"target\":[\"https:\/\/www.penichette.com\/de\/\"]}]},{\"@type\":\"BreadcrumbList\",\"@id\":\"https:\/\/www.penichette.com\/de\/#breadcrumb\",\"itemListElement\":[{\"@type\":\"ListItem\",\"position\":1,\"name\":\"Zuhause\",\"item\":\"https:\/\/www.penichette.com\/de\/\"},{\"@type\":\"ListItem\",\"position\":2,\"name\":\"Home\"}]},{\"@type\":\"WebSite\",\"@id\":\"https:\/\/www.penichette.com\/#website\",\"url\":\"https:\/\/www.penichette.com\/\",\"name\":\"Penichette.com\",\"description\":\"\",\"potentialAction\":[{\"@type\":\"SearchAction\",\"target\":{\"@type\":\"EntryPoint\",\"urlTemplate\":\"https:\/\/www.penichette.com\/?s={search_term_string}\"},\"query-input\":{\"@type\":\"PropertyValueSpecification\",\"valueRequired\":true,\"valueName\":\"search_term_string\"}}],\"inLanguage\":\"de\"}]}<\/script>\n<!-- \/ Yoast SEO plugin. -->","yoast_head_json":{"title":"Hausbooturlaub vorbereiten - Penichette.com by Locaboat","robots":{"index":"index","follow":"follow","max-snippet":"max-snippet:-1","max-image-preview":"max-image-preview:large","max-video-preview":"max-video-preview:-1"},"canonical":"https:\/\/www.penichette.com\/de\/","og_locale":"de_DE","og_type":"article","og_title":"Hausbooturlaub vorbereiten - Penichette.com by Locaboat","og_description":"[vc_row fullwidth=&#8220;true&#8220; css=&#8220;.vc_custom_1604648465848{background-image: url(https:\/\/www.penichette.com\/wp-content\/uploads\/2020\/11\/slider-principal-v33.jpg?id=3553) !important;background-position: center !important;background-repeat: no-repeat !important;background-size: cover !important;}&#8220; id=&#8220;homepage_banner&#8220;][vc_column css=&#8220;.vc_custom_1604648495687{background-color: rgba(255,251,245,0.3) !important;*background-color: rgb(255,251,245) !important;}&#8220;][vc_row_inner el_class=&#8220;home-banner-content&#8220;][vc_column_inner][vc_empty_space height=&#8220;50px&#8220;][mk_fancy_title tag_name=&#8220;h1&#8243; color=&#8220;#ffffff&#8220; size=&#8220;50&#8243; force_font_size=&#8220;true&#8220; size_smallscreen=&#8220;40&#8243; size_tablet=&#8220;40&#8243; size_phone=&#8220;25&#8243; font_weight=&#8220;500&#8243; txt_transform=&#8220;none&#8220; font_family=&#8220;none&#8220; align=&#8220;center&#8220;]IHRE HAUSBOOTFAHRT LEICHT GEMACHT![\/mk_fancy_title][mk_fancy_title color=&#8220;#ffffff&#8220; size=&#8220;26&#8243; force_font_size=&#8220;true&#8220; size_phone=&#8220;15&#8243; font_weight=&#8220;500&#8243; txt_transform=&#8220;none&#8220; font_family=&#8220;none&#8220; align=&#8220;center&#8220;]P\u00e9nichette.com by Riverly (Locaboat &amp; Nicols)[\/mk_fancy_title][mk_button dimension=&#8220;outline&#8220; corner_style=&#8220;full_rounded&#8220; size=&#8220;large&#8220; url=&#8220;https:\/\/www.penichette.com\/de\/dienstleistungen\/&#8220; align=&#8220;center&#8220; outline_skin=&#8220;custom&#8220; outline_active_color=&#8220;#ffffff&#8220; outline_active_text_color=&#8220;#ffffff&#8220; outline_hover_bg_color=&#8220;rgba(0,0,0,0)&#8220; [&hellip;]","og_url":"https:\/\/www.penichette.com\/de\/","og_site_name":"Penichette.com","article_modified_time":"2026-04-08T13:58:01+00:00","twitter_card":"summary_large_image","twitter_misc":{"Gesch\u00e4tzte Lesezeit":"2\u00a0Minuten"},"schema":{"@context":"https:\/\/schema.org","@graph":[{"@type":"WebPage","@id":"https:\/\/www.penichette.com\/de\/","url":"https:\/\/www.penichette.com\/de\/","name":"Hausbooturlaub vorbereiten - Penichette.com by Locaboat","isPartOf":{"@id":"https:\/\/www.penichette.com\/#website"},"datePublished":"2014-11-20T12:39:31+00:00","dateModified":"2026-04-08T13:58:01+00:00","breadcrumb":{"@id":"https:\/\/www.penichette.com\/de\/#breadcrumb"},"inLanguage":"de","potentialAction":[{"@type":"ReadAction","target":["https:\/\/www.penichette.com\/de\/"]}]},{"@type":"BreadcrumbList","@id":"https:\/\/www.penichette.com\/de\/#breadcrumb","itemListElement":[{"@type":"ListItem","position":1,"name":"Zuhause","item":"https:\/\/www.penichette.com\/de\/"},{"@type":"ListItem","position":2,"name":"Home"}]},{"@type":"WebSite","@id":"https:\/\/www.penichette.com\/#website","url":"https:\/\/www.penichette.com\/","name":"Penichette.com","description":"","potentialAction":[{"@type":"SearchAction","target":{"@type":"EntryPoint","urlTemplate":"https:\/\/www.penichette.com\/?s={search_term_string}"},"query-input":{"@type":"PropertyValueSpecification","valueRequired":true,"valueName":"search_term_string"}}],"inLanguage":"de"}]}},"_links":{"self":[{"href":"https:\/\/www.penichette.com\/de\/wp-json\/wp\/v2\/pages\/78","targetHints":{"allow":["GET"]}}],"collection":[{"href":"https:\/\/www.penichette.com\/de\/wp-json\/wp\/v2\/pages"}],"about":[{"href":"https:\/\/www.penichette.com\/de\/wp-json\/wp\/v2\/types\/page"}],"author":[{"embeddable":true,"href":"https:\/\/www.penichette.com\/de\/wp-json\/wp\/v2\/users\/4"}],"replies":[{"embeddable":true,"href":"https:\/\/www.penichette.com\/de\/wp-json\/wp\/v2\/comments?post=78"}],"version-history":[{"count":68,"href":"https:\/\/www.penichette.com\/de\/wp-json\/wp\/v2\/pages\/78\/revisions"}],"predecessor-version":[{"id":7575,"href":"https:\/\/www.penichette.com\/de\/wp-json\/wp\/v2\/pages\/78\/revisions\/7575"}],"wp:attachment":[{"href":"https:\/\/www.penichette.com\/de\/wp-json\/wp\/v2\/media?parent=78"}],"curies":[{"name":"wp","href":"https:\/\/api.w.org\/{rel}","templated":true}]}}