{"id":87,"date":"2014-11-20T13:56:22","date_gmt":"2014-11-20T12:56:22","guid":{"rendered":"http:\/\/hosting-penichette.bertrandlepage.fr\/?page_id=87"},"modified":"2026-03-18T17:39:25","modified_gmt":"2026-03-18T16:39:25","slug":"abfahrtshafen","status":"publish","type":"page","link":"https:\/\/www.penichette.com\/de\/abfahrtshafen\/","title":{"rendered":"Abfahrtshafen"},"content":{"rendered":"<div class=\"wpb-content-wrapper\">[vc_row][vc_column][vc_column_text css=&#8220;.vc_custom_1613989480619{margin-bottom: 0px !important;}&#8220;]\n<h3><strong>INFORMATIONEN UND BERATUNG ZU IHRER ABFAHRTSBASIS<br \/>\n<\/strong><\/h3>\n<p>W\u00e4hlen Sie Ihre Abfahrtsbasis und entdecken Sie alle n\u00fctzlichen Informationen und Ratschl\u00e4ge f\u00fcr Ihren Hausbooturlaub in P\u00e9nichette\u00ae mit Locaboat. Willkommen und praktischer Zugang, touristische und Navigationsinformationen, gute Adressen &#8230; Alle Informationen \u00fcber Ihre Basis, die vor Ihrer Abreise gesammelt wurden![\/vc_column_text][\/vc_column][\/vc_row][vc_row fullwidth=&#8220;true&#8220; fullwidth_content=&#8220;false&#8220;][vc_column][pen_departure_filter][\/vc_column][\/vc_row][vc_row][vc_column][vc_accordions heading_title=&#8220;Informationen zu Ihrem Reiseland&#8220; action_style=&#8220;toggle-action&#8220; responsive=&#8220;false&#8220; collapsible=&#8220;true&#8220;][vc_accordion_tab title=&#8220;Hintergrundinformationen&#8220; scroll=&#8220;true&#8220;][vc_column_text css=&#8220;.vc_custom_1616426633269{margin-bottom: 0px !important;}&#8220;]In den unten stehenden PDF-Dokumenten finden Sie weitere wichtige Informationen zu den Reisel\u00e4ndern (Navigationshinweise, Laden\u00f6ffnungszeiten, Hinweise zu den Angelbestimmungen etc.).[\/vc_column_text][mk_button dimension=&#8220;flat&#8220; corner_style=&#8220;full_rounded&#8220; size=&#8220;medium&#8220; url=&#8220;https:\/\/www.penichette.com\/wp-content\/uploads\/2025\/01\/frankreich.pdf&#8220; target=&#8220;_blank&#8220; fullwidth=&#8220;true&#8220;]L\u00e4nderinformationen Frankreich &gt;&gt;[\/mk_button][mk_button dimension=&#8220;flat&#8220; corner_style=&#8220;full_rounded&#8220; size=&#8220;medium&#8220; url=&#8220;https:\/\/www.penichette.com\/wp-content\/uploads\/2025\/01\/deutschland.pdf&#8220; target=&#8220;_blank&#8220; fullwidth=&#8220;true&#8220;]L\u00e4nderinformationen Deutschland &gt;&gt;[\/mk_button][mk_button dimension=&#8220;flat&#8220; corner_style=&#8220;full_rounded&#8220; size=&#8220;medium&#8220; url=&#8220;https:\/\/www.penichette.com\/wp-content\/uploads\/2025\/01\/niederlande.pdf&#8220; target=&#8220;_blank&#8220; fullwidth=&#8220;true&#8220;]L\u00e4nderinformationen Niederlande &gt;&gt;[\/mk_button][mk_button dimension=&#8220;flat&#8220; corner_style=&#8220;full_rounded&#8220; size=&#8220;medium&#8220; url=&#8220;https:\/\/www.penichette.com\/wp-content\/uploads\/2025\/01\/irland.pdf&#8220; target=&#8220;_blank&#8220; fullwidth=&#8220;true&#8220;]L\u00e4nderinformationen Irland &gt;&gt;[\/mk_button][mk_button dimension=&#8220;flat&#8220; corner_style=&#8220;full_rounded&#8220; size=&#8220;medium&#8220; url=&#8220;https:\/\/www.penichette.com\/wp-content\/uploads\/2025\/01\/italien.pdf&#8220; target=&#8220;_blank&#8220; fullwidth=&#8220;true&#8220;]L\u00e4nderinformationen Italien &gt;&gt;[\/mk_button][\/vc_accordion_tab][vc_accordion_tab title=&#8220;Zahlungsmittel&#8220;][vc_column_text css=&#8220;.vc_custom_1773851962796{margin-bottom: 0px !important;}&#8220;]F\u00fcr die Hinterlegung der Kaution und die Begleichung der Kosten vor Ort stehen Ihnen folgende Zahlungsm\u00f6glichkeiten zur Verf\u00fcgung<\/p>\n<h4><strong>Deutschland, Holland, Frankreich:<\/strong><\/h4>\n<p>Visa-, MasterCard, EC-Karte<\/p>\n<h4><strong>Irland, Italien:<\/strong><\/h4>\n<p>Visa-, MasterCard<\/p>\n<p>Sie k\u00f6nnen auch bar bezahlen (dies ist im Falle der Proviantliste zwingend erforderlich) bis zu einem Betrag von 1.000 \u20ac, jedoch bevorzugen die Basen aus Sicherheitsgr\u00fcnden f\u00fcr andere Leistungen die Zahlung per Kreditkarte. Wir bitten Sie, dies zu beachten.<\/p>\n<hr \/>\n<p><strong>Die Kaution<\/strong> kann ausschlie\u00dflich per Kreditkarte hinterlegt werden. Zahlungen per Scheck oder in bar werden nicht akzeptiert.<\/p>\n<p>Der Betrag variiert je nach Boot zwischen 2.500 \u20ac und 4.500 \u20ac.<\/p>\n<p>Wir empfehlen Ihnen, sich vor Ihrer Ankunft mit Ihrer Bank in Verbindung zu setzen, um Ihr Zahlungslimit zu \u00fcberpr\u00fcfen oder zu erh\u00f6hen.<br \/>\nEin unzureichendes Limit kann am Abreisetag zu einer Ablehnung f\u00fchren.[\/vc_column_text][\/vc_accordion_tab][\/vc_accordions][\/vc_column][\/vc_row]\n<\/div>","protected":false},"excerpt":{"rendered":"<p>[vc_row][vc_column][vc_column_text css=&#8220;.vc_custom_1613989480619{margin-bottom: 0px !important;}&#8220;] INFORMATIONEN UND BERATUNG ZU IHRER ABFAHRTSBASIS W\u00e4hlen Sie Ihre Abfahrtsbasis und entdecken Sie alle n\u00fctzlichen Informationen und Ratschl\u00e4ge f\u00fcr Ihren Hausbooturlaub in P\u00e9nichette\u00ae mit Locaboat. Willkommen und praktischer Zugang, touristische und Navigationsinformationen, gute Adressen &#8230; Alle Informationen \u00fcber Ihre Basis, die vor Ihrer Abreise gesammelt wurden![\/vc_column_text][\/vc_column][\/vc_row][vc_row fullwidth=&#8220;true&#8220; fullwidth_content=&#8220;false&#8220;][vc_column][pen_departure_filter][\/vc_column][\/vc_row][vc_row][vc_column][vc_accordions heading_title=&#8220;Informationen zu Ihrem [&hellip;]<\/p>\n","protected":false},"author":4,"featured_media":3561,"parent":0,"menu_order":0,"comment_status":"closed","ping_status":"closed","template":"template-departure-base.php","meta":{"footnotes":""},"class_list":["post-87","page","type-page","status-publish","has-post-thumbnail","hentry"],"yoast_head":"<!-- This site is optimized with the Yoast SEO plugin v25.5 - https:\/\/yoast.com\/wordpress\/plugins\/seo\/ -->\n<title>Abfahrtshafen -<\/title>\n<meta name=\"robots\" content=\"index, follow, max-snippet:-1, max-image-preview:large, max-video-preview:-1\" \/>\n<link rel=\"canonical\" href=\"https:\/\/www.penichette.com\/de\/abfahrtshafen\/\" \/>\n<meta property=\"og:locale\" content=\"de_DE\" \/>\n<meta property=\"og:type\" content=\"article\" \/>\n<meta property=\"og:title\" content=\"Abfahrtshafen -\" \/>\n<meta property=\"og:description\" content=\"[vc_row][vc_column][vc_column_text css=&#8220;.vc_custom_1613989480619{margin-bottom: 0px !important;}&#8220;] INFORMATIONEN UND BERATUNG ZU IHRER ABFAHRTSBASIS W\u00e4hlen Sie Ihre Abfahrtsbasis und entdecken Sie alle n\u00fctzlichen Informationen und Ratschl\u00e4ge f\u00fcr Ihren Hausbooturlaub in P\u00e9nichette\u00ae mit Locaboat. Willkommen und praktischer Zugang, touristische und Navigationsinformationen, gute Adressen &#8230; Alle Informationen \u00fcber Ihre Basis, die vor Ihrer Abreise gesammelt wurden![\/vc_column_text][\/vc_column][\/vc_row][vc_row fullwidth=&#8220;true&#8220; fullwidth_content=&#8220;false&#8220;][vc_column][pen_departure_filter][\/vc_column][\/vc_row][vc_row][vc_column][vc_accordions heading_title=&#8220;Informationen zu Ihrem [&hellip;]\" \/>\n<meta property=\"og:url\" content=\"https:\/\/www.penichette.com\/de\/abfahrtshafen\/\" \/>\n<meta property=\"og:site_name\" content=\"Penichette.com\" \/>\n<meta property=\"article:modified_time\" content=\"2026-03-18T16:39:25+00:00\" \/>\n<meta property=\"og:image\" content=\"https:\/\/www.penichette.com\/wp-content\/uploads\/2020\/11\/penichette-base.jpg\" \/>\n\t<meta property=\"og:image:width\" content=\"1900\" \/>\n\t<meta property=\"og:image:height\" content=\"440\" \/>\n\t<meta property=\"og:image:type\" content=\"image\/jpeg\" \/>\n<meta name=\"twitter:card\" content=\"summary_large_image\" \/>\n<meta name=\"twitter:label1\" content=\"Gesch\u00e4tzte Lesezeit\" \/>\n\t<meta name=\"twitter:data1\" content=\"2\u00a0Minuten\" \/>\n<script type=\"application\/ld+json\" class=\"yoast-schema-graph\">{\"@context\":\"https:\/\/schema.org\",\"@graph\":[{\"@type\":\"WebPage\",\"@id\":\"https:\/\/www.penichette.com\/de\/abfahrtshafen\/\",\"url\":\"https:\/\/www.penichette.com\/de\/abfahrtshafen\/\",\"name\":\"Abfahrtshafen -\",\"isPartOf\":{\"@id\":\"https:\/\/www.penichette.com\/#website\"},\"primaryImageOfPage\":{\"@id\":\"https:\/\/www.penichette.com\/de\/abfahrtshafen\/#primaryimage\"},\"image\":{\"@id\":\"https:\/\/www.penichette.com\/de\/abfahrtshafen\/#primaryimage\"},\"thumbnailUrl\":\"https:\/\/www.penichette.com\/wp-content\/uploads\/2020\/11\/penichette-base.jpg\",\"datePublished\":\"2014-11-20T12:56:22+00:00\",\"dateModified\":\"2026-03-18T16:39:25+00:00\",\"breadcrumb\":{\"@id\":\"https:\/\/www.penichette.com\/de\/abfahrtshafen\/#breadcrumb\"},\"inLanguage\":\"de\",\"potentialAction\":[{\"@type\":\"ReadAction\",\"target\":[\"https:\/\/www.penichette.com\/de\/abfahrtshafen\/\"]}]},{\"@type\":\"ImageObject\",\"inLanguage\":\"de\",\"@id\":\"https:\/\/www.penichette.com\/de\/abfahrtshafen\/#primaryimage\",\"url\":\"https:\/\/www.penichette.com\/wp-content\/uploads\/2020\/11\/penichette-base.jpg\",\"contentUrl\":\"https:\/\/www.penichette.com\/wp-content\/uploads\/2020\/11\/penichette-base.jpg\",\"width\":1900,\"height\":440},{\"@type\":\"BreadcrumbList\",\"@id\":\"https:\/\/www.penichette.com\/de\/abfahrtshafen\/#breadcrumb\",\"itemListElement\":[{\"@type\":\"ListItem\",\"position\":1,\"name\":\"Zuhause\",\"item\":\"https:\/\/www.penichette.com\/de\/\"},{\"@type\":\"ListItem\",\"position\":2,\"name\":\"Abfahrtshafen\"}]},{\"@type\":\"WebSite\",\"@id\":\"https:\/\/www.penichette.com\/#website\",\"url\":\"https:\/\/www.penichette.com\/\",\"name\":\"Penichette.com\",\"description\":\"\",\"potentialAction\":[{\"@type\":\"SearchAction\",\"target\":{\"@type\":\"EntryPoint\",\"urlTemplate\":\"https:\/\/www.penichette.com\/?s={search_term_string}\"},\"query-input\":{\"@type\":\"PropertyValueSpecification\",\"valueRequired\":true,\"valueName\":\"search_term_string\"}}],\"inLanguage\":\"de\"}]}<\/script>\n<!-- \/ Yoast SEO plugin. -->","yoast_head_json":{"title":"Abfahrtshafen -","robots":{"index":"index","follow":"follow","max-snippet":"max-snippet:-1","max-image-preview":"max-image-preview:large","max-video-preview":"max-video-preview:-1"},"canonical":"https:\/\/www.penichette.com\/de\/abfahrtshafen\/","og_locale":"de_DE","og_type":"article","og_title":"Abfahrtshafen -","og_description":"[vc_row][vc_column][vc_column_text css=&#8220;.vc_custom_1613989480619{margin-bottom: 0px !important;}&#8220;] INFORMATIONEN UND BERATUNG ZU IHRER ABFAHRTSBASIS W\u00e4hlen Sie Ihre Abfahrtsbasis und entdecken Sie alle n\u00fctzlichen Informationen und Ratschl\u00e4ge f\u00fcr Ihren Hausbooturlaub in P\u00e9nichette\u00ae mit Locaboat. Willkommen und praktischer Zugang, touristische und Navigationsinformationen, gute Adressen &#8230; Alle Informationen \u00fcber Ihre Basis, die vor Ihrer Abreise gesammelt wurden![\/vc_column_text][\/vc_column][\/vc_row][vc_row fullwidth=&#8220;true&#8220; fullwidth_content=&#8220;false&#8220;][vc_column][pen_departure_filter][\/vc_column][\/vc_row][vc_row][vc_column][vc_accordions heading_title=&#8220;Informationen zu Ihrem [&hellip;]","og_url":"https:\/\/www.penichette.com\/de\/abfahrtshafen\/","og_site_name":"Penichette.com","article_modified_time":"2026-03-18T16:39:25+00:00","og_image":[{"width":1900,"height":440,"url":"https:\/\/www.penichette.com\/wp-content\/uploads\/2020\/11\/penichette-base.jpg","type":"image\/jpeg"}],"twitter_card":"summary_large_image","twitter_misc":{"Gesch\u00e4tzte Lesezeit":"2\u00a0Minuten"},"schema":{"@context":"https:\/\/schema.org","@graph":[{"@type":"WebPage","@id":"https:\/\/www.penichette.com\/de\/abfahrtshafen\/","url":"https:\/\/www.penichette.com\/de\/abfahrtshafen\/","name":"Abfahrtshafen -","isPartOf":{"@id":"https:\/\/www.penichette.com\/#website"},"primaryImageOfPage":{"@id":"https:\/\/www.penichette.com\/de\/abfahrtshafen\/#primaryimage"},"image":{"@id":"https:\/\/www.penichette.com\/de\/abfahrtshafen\/#primaryimage"},"thumbnailUrl":"https:\/\/www.penichette.com\/wp-content\/uploads\/2020\/11\/penichette-base.jpg","datePublished":"2014-11-20T12:56:22+00:00","dateModified":"2026-03-18T16:39:25+00:00","breadcrumb":{"@id":"https:\/\/www.penichette.com\/de\/abfahrtshafen\/#breadcrumb"},"inLanguage":"de","potentialAction":[{"@type":"ReadAction","target":["https:\/\/www.penichette.com\/de\/abfahrtshafen\/"]}]},{"@type":"ImageObject","inLanguage":"de","@id":"https:\/\/www.penichette.com\/de\/abfahrtshafen\/#primaryimage","url":"https:\/\/www.penichette.com\/wp-content\/uploads\/2020\/11\/penichette-base.jpg","contentUrl":"https:\/\/www.penichette.com\/wp-content\/uploads\/2020\/11\/penichette-base.jpg","width":1900,"height":440},{"@type":"BreadcrumbList","@id":"https:\/\/www.penichette.com\/de\/abfahrtshafen\/#breadcrumb","itemListElement":[{"@type":"ListItem","position":1,"name":"Zuhause","item":"https:\/\/www.penichette.com\/de\/"},{"@type":"ListItem","position":2,"name":"Abfahrtshafen"}]},{"@type":"WebSite","@id":"https:\/\/www.penichette.com\/#website","url":"https:\/\/www.penichette.com\/","name":"Penichette.com","description":"","potentialAction":[{"@type":"SearchAction","target":{"@type":"EntryPoint","urlTemplate":"https:\/\/www.penichette.com\/?s={search_term_string}"},"query-input":{"@type":"PropertyValueSpecification","valueRequired":true,"valueName":"search_term_string"}}],"inLanguage":"de"}]}},"_links":{"self":[{"href":"https:\/\/www.penichette.com\/de\/wp-json\/wp\/v2\/pages\/87","targetHints":{"allow":["GET"]}}],"collection":[{"href":"https:\/\/www.penichette.com\/de\/wp-json\/wp\/v2\/pages"}],"about":[{"href":"https:\/\/www.penichette.com\/de\/wp-json\/wp\/v2\/types\/page"}],"author":[{"embeddable":true,"href":"https:\/\/www.penichette.com\/de\/wp-json\/wp\/v2\/users\/4"}],"replies":[{"embeddable":true,"href":"https:\/\/www.penichette.com\/de\/wp-json\/wp\/v2\/comments?post=87"}],"version-history":[{"count":52,"href":"https:\/\/www.penichette.com\/de\/wp-json\/wp\/v2\/pages\/87\/revisions"}],"predecessor-version":[{"id":7509,"href":"https:\/\/www.penichette.com\/de\/wp-json\/wp\/v2\/pages\/87\/revisions\/7509"}],"wp:featuredmedia":[{"embeddable":true,"href":"https:\/\/www.penichette.com\/de\/wp-json\/wp\/v2\/media\/3561"}],"wp:attachment":[{"href":"https:\/\/www.penichette.com\/de\/wp-json\/wp\/v2\/media?parent=87"}],"curies":[{"name":"wp","href":"https:\/\/api.w.org\/{rel}","templated":true}]}}