{"id":889,"date":"2015-01-22T18:46:23","date_gmt":"2015-01-22T17:46:23","guid":{"rendered":"http:\/\/www.penichette.com\/?page_id=889"},"modified":"2026-03-24T10:18:24","modified_gmt":"2026-03-24T09:18:24","slug":"downloads","status":"publish","type":"page","link":"https:\/\/www.penichette.com\/de\/downloads\/","title":{"rendered":"Download"},"content":{"rendered":"<div class=\"wpb-content-wrapper\">[vc_row][vc_column][vc_column_text css=&#8220;.vc_custom_1774343720479{margin-bottom: 0px !important;}&#8220;]\n<h3><strong>N\u00fctzliche Dokumente zum Downloaden<br \/>\n<\/strong><\/h3>\n<p>Entdecken Sie unsere Flussf\u00fchrer und alle unsere Ratschl\u00e4ge, um Ihren Hausbooturlaub in P\u00e9nichette\u00ae oder Cruiser mit Riverly vorzubereiten. Kapit\u00e4ns-Handbuch, Inventarlisten, Checkliste vor der Abfahrt&#8230; Alle praktischen Informationen, die vor Ihrer Abreise gesammelt wurden![\/vc_column_text][\/vc_column][\/vc_row][vc_row][vc_column][vc_accordions heading_title=&#8220;Vor der Abreise&#8220; action_style=&#8220;toggle-action&#8220; responsive=&#8220;false&#8220;][vc_accordion_tab title=&#8220;Das Kapit\u00e4ns-Handbuch&#8220;][vc_column_text css=&#8220;.vc_custom_1616427557880{margin-bottom: 0px !important;}&#8220;]Das Kapit\u00e4ns-Handbuch ist ein wichtiger Begleiter zur Planung Ihrer Hausbootfahrt. Sie finden darin alle Informationen zu den Services vor Ort, Wissenswertes zu Schifffahrtsregeln, Anreisebeschreibungen zum Liegehafen und vieles mehr!<br \/>\nSie erhalten das Kapit\u00e4ns-Handbuch zusammen mit Ihrer Buchungsbest\u00e4tigung per Post. Sie k\u00f6nnen es sich aber jederzeit auch als PDF-Dokument herunterladen, bzw. den Link an Ihre Crewmitglieder weitergeben, so dass auch diese sich optimal auf den Hausbooturlaub vorbereiten k\u00f6nnen.[\/vc_column_text][mk_button dimension=&#8220;flat&#8220; corner_style=&#8220;full_rounded&#8220; size=&#8220;medium&#8220; url=&#8220;https:\/\/www.penichette.com\/wp-content\/uploads\/2025\/02\/guide-capitaine-2025-de-1-1.pdf&#8220; target=&#8220;_blank&#8220; fullwidth=&#8220;true&#8220;]Kapit\u00e4ns-Handbuch 2026\u00a0&gt;&gt;[\/mk_button][\/vc_accordion_tab][vc_accordion_tab title=&#8220;Navigationsguides&#8220;][vc_column_text css=&#8220;.vc_custom_1616492377222{margin-bottom: 0px !important;}&#8220;]Die Navigationsguides bieten Ihnen alle praktischen Informationen, die Sie zur Vorbereitung Ihrer Reise ben\u00f6tigen: Reiseinformationen, Tipps und Adressen, Kontaktdaten Ihrer Basis&#8230; Entdecken Sie unsere Toolboxen f\u00fcr jede Navigationsregion.[\/vc_column_text][vc_empty_space height=&#8220;16px&#8220;][vc_column_text visibility=&#8220;hidden-sm&#8220; css=&#8220;.vc_custom_1616493530497{margin-bottom: 0px !important;}&#8220;]\n<h4><strong>Deutschland<\/strong><\/h4>\n[\/vc_column_text][vc_column_text align=&#8220;center&#8220; visibility=&#8220;visible-sm&#8220; css=&#8220;.vc_custom_1616493546694{margin-bottom: 0px !important;}&#8220;]\n<h4><strong>Deutschland<\/strong><\/h4>\n[\/vc_column_text][mk_button dimension=&#8220;flat&#8220; corner_style=&#8220;full_rounded&#8220; size=&#8220;medium&#8220; url=&#8220;https:\/\/www.penichette.com\/wp-content\/uploads\/2023\/10\/de-guide-mecklenburg_compressed.pdf&#8220; target=&#8220;_blank&#8220; fullwidth=&#8220;true&#8220;]Mecklenburg &gt;&gt;[\/mk_button][mk_button dimension=&#8220;flat&#8220; corner_style=&#8220;full_rounded&#8220; size=&#8220;medium&#8220; url=&#8220;https:\/\/www.penichette.com\/wp-content\/uploads\/2023\/10\/de-guide-mecklenburg-kurzaufenthalte_compressed.pdf&#8220; target=&#8220;_blank&#8220; fullwidth=&#8220;true&#8220;]Mecklenburg (Kurzaufenthalte) &gt;&gt;[\/mk_button][mk_button dimension=&#8220;flat&#8220; corner_style=&#8220;full_rounded&#8220; size=&#8220;medium&#8220; url=&#8220;https:\/\/www.penichette.com\/wp-content\/uploads\/2023\/12\/navigation-guide-bernburg-de.pdf&#8220; target=&#8220;_blank&#8220; fullwidth=&#8220;true&#8220;]Sachsen-Anhalt (Saale) &gt;&gt;[\/mk_button][vc_empty_space height=&#8220;16px&#8220;][vc_column_text visibility=&#8220;hidden-sm&#8220; css=&#8220;.vc_custom_1616493582763{margin-bottom: 0px !important;}&#8220;]\n<h4><strong>Holland<\/strong><\/h4>\n[\/vc_column_text][vc_column_text align=&#8220;center&#8220; visibility=&#8220;visible-sm&#8220; css=&#8220;.vc_custom_1616493716729{margin-bottom: 0px !important;}&#8220;]\n<h4><strong>Holland<\/strong><\/h4>\n[\/vc_column_text][mk_button dimension=&#8220;flat&#8220; corner_style=&#8220;full_rounded&#8220; size=&#8220;medium&#8220; url=&#8220;https:\/\/www.penichette.com\/wp-content\/uploads\/2024\/04\/guide-holland_compressed.pdf&#8220; target=&#8220;_blank&#8220; fullwidth=&#8220;true&#8220;]Holland &gt;&gt;[\/mk_button][vc_empty_space height=&#8220;16px&#8220;][vc_column_text visibility=&#8220;hidden-sm&#8220; css=&#8220;.vc_custom_1616493604356{margin-bottom: 0px !important;}&#8220;]\n<h4><strong>Frankreich<\/strong><\/h4>\n[\/vc_column_text][vc_column_text align=&#8220;center&#8220; visibility=&#8220;visible-sm&#8220; css=&#8220;.vc_custom_1616493695066{margin-bottom: 0px !important;}&#8220;]\n<h4><strong>Frankreich<\/strong><\/h4>\n[\/vc_column_text][mk_button dimension=&#8220;flat&#8220; corner_style=&#8220;full_rounded&#8220; size=&#8220;medium&#8220; url=&#8220;https:\/\/www.penichette.com\/wp-content\/uploads\/2021\/03\/navigationsguide-canal-du-midi-camargue.pdf&#8220; target=&#8220;_blank&#8220; fullwidth=&#8220;true&#8220;]Canal du Midi &#8211; Camargue &gt;&gt;[\/mk_button][mk_button dimension=&#8220;flat&#8220; corner_style=&#8220;full_rounded&#8220; size=&#8220;medium&#8220; url=&#8220;https:\/\/www.penichette.com\/wp-content\/uploads\/2024\/02\/navigationsguide-charente-de.pdf&#8220; target=&#8220;_blank&#8220; fullwidth=&#8220;true&#8220;]Charente &gt;&gt;[\/mk_button][mk_button dimension=&#8220;flat&#8220; corner_style=&#8220;full_rounded&#8220; size=&#8220;medium&#8220; url=&#8220;https:\/\/www.penichette.com\/wp-content\/uploads\/2021\/03\/navigationsguide_elsass.pdf&#8220; target=&#8220;_blank&#8220; fullwidth=&#8220;true&#8220;]Elsass &gt;&gt;[\/mk_button][mk_button dimension=&#8220;flat&#8220; corner_style=&#8220;full_rounded&#8220; size=&#8220;medium&#8220; url=&#8220;https:\/\/www.penichette.com\/wp-content\/uploads\/2021\/03\/navigationsguide_elsass_kurzurlaub.pdf&#8220; target=&#8220;_blank&#8220; fullwidth=&#8220;true&#8220;]Elsass (Kurzurlaub) &gt;&gt;[\/mk_button][mk_button dimension=&#8220;flat&#8220; corner_style=&#8220;full_rounded&#8220; size=&#8220;medium&#8220; url=&#8220;https:\/\/www.penichette.com\/wp-content\/uploads\/2021\/03\/navigationsguide-loire-nivernais.pdf&#8220; target=&#8220;_blank&#8220; fullwidth=&#8220;true&#8220;]Loire-Nivernais &gt;&gt;[\/mk_button][mk_button dimension=&#8220;flat&#8220; corner_style=&#8220;full_rounded&#8220; size=&#8220;medium&#8220; url=&#8220;https:\/\/www.penichette.com\/wp-content\/uploads\/2021\/03\/navigationsguide-burgund-centre-und-nivernais.pdf&#8220; target=&#8220;_blank&#8220; fullwidth=&#8220;true&#8220;]Burgund, Centre und Nivernais &gt;&gt;[\/mk_button][mk_button dimension=&#8220;flat&#8220; corner_style=&#8220;full_rounded&#8220; size=&#8220;medium&#8220; url=&#8220;https:\/\/www.penichette.com\/wp-content\/uploads\/2021\/03\/navigationsguide-saone-scey-sur-saone.pdf&#8220; target=&#8220;_blank&#8220; fullwidth=&#8220;true&#8220;]Sa\u00f4ne &#8211; Scey-sur-Sa\u00f4ne &gt;&gt;[\/mk_button][mk_button dimension=&#8220;flat&#8220; corner_style=&#8220;full_rounded&#8220; size=&#8220;medium&#8220; url=&#8220;https:\/\/www.penichette.com\/wp-content\/uploads\/2021\/03\/navigationsguide-saone-scey-sur-saone-kurzurlaub.pdf&#8220; target=&#8220;_blank&#8220; fullwidth=&#8220;true&#8220;]Sa\u00f4ne &#8211; Scey-sur-Sa\u00f4ne (Kurzurlaub) &gt;&gt;[\/mk_button][mk_button dimension=&#8220;flat&#8220; corner_style=&#8220;full_rounded&#8220; size=&#8220;medium&#8220; url=&#8220;https:\/\/www.penichette.com\/wp-content\/uploads\/2021\/03\/navigationsguide-burgund-franche-comte-saint-leger.pdf&#8220; target=&#8220;_blank&#8220; fullwidth=&#8220;true&#8220;]Burgund Franche Comt\u00e9 &#8211; Saint-Leger &gt;&gt;[\/mk_button][mk_button dimension=&#8220;flat&#8220; corner_style=&#8220;full_rounded&#8220; size=&#8220;medium&#8220; url=&#8220;https:\/\/www.penichette.com\/wp-content\/uploads\/2021\/03\/navigationsguide-burgund-franche-comte-saint-leger-kurzurlaub.pdf&#8220; target=&#8220;_blank&#8220; fullwidth=&#8220;true&#8220;]Burgund Franche Comt\u00e9 &#8211; Saint-Leger (Kurzurlaub) &gt;&gt;[\/mk_button][mk_button dimension=&#8220;flat&#8220; corner_style=&#8220;full_rounded&#8220; size=&#8220;medium&#8220; url=&#8220;https:\/\/www.penichette.com\/wp-content\/uploads\/2021\/03\/navigationsguide-lot-tal.pdf&#8220; target=&#8220;_blank&#8220; fullwidth=&#8220;true&#8220;]Lot-Tal &gt;&gt;[\/mk_button][mk_button dimension=&#8220;flat&#8220; corner_style=&#8220;full_rounded&#8220; size=&#8220;medium&#8220; url=&#8220;https:\/\/www.penichette.com\/wp-content\/uploads\/2021\/03\/navigationsguide-bretagne.pdf&#8220; target=&#8220;_blank&#8220; fullwidth=&#8220;true&#8220;]Bretagne &gt;&gt;[\/mk_button][mk_button dimension=&#8220;flat&#8220; corner_style=&#8220;full_rounded&#8220; size=&#8220;medium&#8220; url=&#8220;https:\/\/www.penichette.com\/wp-content\/uploads\/2021\/03\/navigationsguide-aquitanien.pdf&#8220; target=&#8220;_blank&#8220; fullwidth=&#8220;true&#8220;]Aquitanien &gt;&gt;[\/mk_button][vc_empty_space height=&#8220;16px&#8220;][vc_column_text visibility=&#8220;hidden-sm&#8220; css=&#8220;.vc_custom_1616493640705{margin-bottom: 0px !important;}&#8220;]\n<h4><strong>Irland<\/strong><\/h4>\n[\/vc_column_text][vc_column_text align=&#8220;center&#8220; visibility=&#8220;visible-sm&#8220; css=&#8220;.vc_custom_1616493654557{margin-bottom: 0px !important;}&#8220;]\n<h4><strong>Irland<\/strong><\/h4>\n[\/vc_column_text][mk_button dimension=&#8220;flat&#8220; corner_style=&#8220;full_rounded&#8220; size=&#8220;medium&#8220; url=&#8220;https:\/\/www.penichette.com\/wp-content\/uploads\/2021\/03\/navigationsguide-irland.pdf&#8220; target=&#8220;_blank&#8220; fullwidth=&#8220;true&#8220;]Irland &gt;&gt;[\/mk_button][vc_empty_space height=&#8220;16px&#8220;][vc_column_text visibility=&#8220;hidden-sm&#8220; css=&#8220;.vc_custom_1616493667367{margin-bottom: 0px !important;}&#8220;]\n<h4><strong>Italien<\/strong><\/h4>\n[\/vc_column_text][vc_column_text align=&#8220;center&#8220; visibility=&#8220;visible-sm&#8220; css=&#8220;.vc_custom_1616493683333{margin-bottom: 0px !important;}&#8220;]\n<h4><strong>Italien<\/strong><\/h4>\n[\/vc_column_text][mk_button dimension=&#8220;flat&#8220; corner_style=&#8220;full_rounded&#8220; size=&#8220;medium&#8220; url=&#8220;https:\/\/www.penichette.com\/wp-content\/uploads\/2021\/03\/navigationsleitfaden-lagune-von-venedig.pdf&#8220; target=&#8220;_blank&#8220; fullwidth=&#8220;true&#8220;]Lagune von Venedig &gt;&gt;[\/mk_button][\/vc_accordion_tab][vc_accordion_tab title=&#8220;Inventarlisten&#8220;][vc_column_text css=&#8220;.vc_custom_1616427881960{margin-bottom: 0px !important;}&#8220;]Hier finden Sie die Inventarlisten f\u00fcr unsere Hausboote. In der \u00dcbersicht sehen Sie, was bereits alles an Bord ist und welche Dinge Sie gegebenfalls noch mitbringen k\u00f6nnen.[\/vc_column_text][mk_button dimension=&#8220;flat&#8220; corner_style=&#8220;full_rounded&#8220; size=&#8220;medium&#8220; url=&#8220;https:\/\/www.penichette.com\/wp-content\/uploads\/2025\/01\/inventar-de.pdf&#8220; target=&#8220;_blank&#8220; fullwidth=&#8220;true&#8220;]Inventarliste f\u00fcr unsere P\u00e9nichette &gt;&gt;[\/mk_button][mk_button dimension=&#8220;flat&#8220; corner_style=&#8220;full_rounded&#8220; size=&#8220;medium&#8220; url=&#8220;https:\/\/www.penichette.com\/wp-content\/uploads\/2026\/03\/nicols_riverly_inventaire_2026-4.pdf&#8220; target=&#8220;_blank&#8220; fullwidth=&#8220;true&#8220;]Inventarliste f\u00fcr unsere Cruiser &gt;&gt;[\/mk_button][\/vc_accordion_tab][vc_accordion_tab title=&#8220;Checkliste vor der Abfahrt&#8220;][vc_column_text css=&#8220;.vc_custom_1616427908491{margin-bottom: 0px !important;}&#8220;]Haben Sie an alles gedacht? Sind alle Unterlagen bereit? Vor Reiseantritt stellen sich immer viele Fragen. Mit unserer Checkliste haben Sie immer im Blick, was schon erledigt und was noch zu erledigen ist.[\/vc_column_text][mk_button dimension=&#8220;flat&#8220; corner_style=&#8220;full_rounded&#8220; size=&#8220;medium&#8220; url=&#8220;https:\/\/www.penichette.com\/wp-content\/uploads\/2025\/02\/checkliste-de.pdf&#8220; target=&#8220;_blank&#8220; fullwidth=&#8220;true&#8220;]Checkliste zur Vorbereitung Ihres Hausbooturlaubs &gt;&gt;[\/mk_button][mk_button dimension=&#8220;flat&#8220; corner_style=&#8220;full_rounded&#8220; size=&#8220;medium&#8220; url=&#8220;https:\/\/www.penichette.com\/wp-content\/uploads\/2026\/03\/tipps-de-riverly.pdf.pdf&#8220; target=&#8220;_blank&#8220; fullwidth=&#8220;true&#8220;]Tipps und Ratschl\u00e4ge von A bis Z &gt;&gt;[\/mk_button][\/vc_accordion_tab][\/vc_accordions][\/vc_column][\/vc_row][vc_row][vc_column][\/vc_column][\/vc_row]\n<\/div>","protected":false},"excerpt":{"rendered":"<p>[vc_row][vc_column][vc_column_text css=&#8220;.vc_custom_1774343720479{margin-bottom: 0px !important;}&#8220;] N\u00fctzliche Dokumente zum Downloaden Entdecken Sie unsere Flussf\u00fchrer und alle unsere Ratschl\u00e4ge, um Ihren Hausbooturlaub in P\u00e9nichette\u00ae oder Cruiser mit Riverly vorzubereiten. Kapit\u00e4ns-Handbuch, Inventarlisten, Checkliste vor der Abfahrt&#8230; Alle praktischen Informationen, die vor Ihrer Abreise gesammelt wurden![\/vc_column_text][\/vc_column][\/vc_row][vc_row][vc_column][vc_accordions heading_title=&#8220;Vor der Abreise&#8220; action_style=&#8220;toggle-action&#8220; responsive=&#8220;false&#8220;][vc_accordion_tab title=&#8220;Das Kapit\u00e4ns-Handbuch&#8220;][vc_column_text css=&#8220;.vc_custom_1616427557880{margin-bottom: 0px !important;}&#8220;]Das Kapit\u00e4ns-Handbuch ist ein wichtiger [&hellip;]<\/p>\n","protected":false},"author":4,"featured_media":3621,"parent":0,"menu_order":4,"comment_status":"closed","ping_status":"closed","template":"","meta":{"footnotes":""},"class_list":["post-889","page","type-page","status-publish","has-post-thumbnail","hentry"],"yoast_head":"<!-- This site is optimized with the Yoast SEO plugin v25.5 - https:\/\/yoast.com\/wordpress\/plugins\/seo\/ -->\n<title>Download -<\/title>\n<meta name=\"robots\" content=\"index, follow, max-snippet:-1, max-image-preview:large, max-video-preview:-1\" \/>\n<link rel=\"canonical\" href=\"https:\/\/www.penichette.com\/de\/downloads\/\" \/>\n<meta property=\"og:locale\" content=\"de_DE\" \/>\n<meta property=\"og:type\" content=\"article\" \/>\n<meta property=\"og:title\" content=\"Download -\" \/>\n<meta property=\"og:description\" content=\"[vc_row][vc_column][vc_column_text css=&#8220;.vc_custom_1774343720479{margin-bottom: 0px !important;}&#8220;] N\u00fctzliche Dokumente zum Downloaden Entdecken Sie unsere Flussf\u00fchrer und alle unsere Ratschl\u00e4ge, um Ihren Hausbooturlaub in P\u00e9nichette\u00ae oder Cruiser mit Riverly vorzubereiten. Kapit\u00e4ns-Handbuch, Inventarlisten, Checkliste vor der Abfahrt&#8230; Alle praktischen Informationen, die vor Ihrer Abreise gesammelt wurden![\/vc_column_text][\/vc_column][\/vc_row][vc_row][vc_column][vc_accordions heading_title=&#8220;Vor der Abreise&#8220; action_style=&#8220;toggle-action&#8220; responsive=&#8220;false&#8220;][vc_accordion_tab title=&#8220;Das Kapit\u00e4ns-Handbuch&#8220;][vc_column_text css=&#8220;.vc_custom_1616427557880{margin-bottom: 0px !important;}&#8220;]Das Kapit\u00e4ns-Handbuch ist ein wichtiger [&hellip;]\" \/>\n<meta property=\"og:url\" content=\"https:\/\/www.penichette.com\/de\/downloads\/\" \/>\n<meta property=\"og:site_name\" content=\"Penichette.com\" \/>\n<meta property=\"article:modified_time\" content=\"2026-03-24T09:18:24+00:00\" \/>\n<meta property=\"og:image\" content=\"https:\/\/www.penichette.com\/wp-content\/uploads\/2020\/11\/penichette-guide-du-capitaine.jpg\" \/>\n\t<meta property=\"og:image:width\" content=\"1900\" \/>\n\t<meta property=\"og:image:height\" content=\"440\" \/>\n\t<meta property=\"og:image:type\" content=\"image\/jpeg\" \/>\n<meta name=\"twitter:card\" content=\"summary_large_image\" \/>\n<meta name=\"twitter:label1\" content=\"Gesch\u00e4tzte Lesezeit\" \/>\n\t<meta name=\"twitter:data1\" content=\"3\u00a0Minuten\" \/>\n<script type=\"application\/ld+json\" class=\"yoast-schema-graph\">{\"@context\":\"https:\/\/schema.org\",\"@graph\":[{\"@type\":\"WebPage\",\"@id\":\"https:\/\/www.penichette.com\/de\/downloads\/\",\"url\":\"https:\/\/www.penichette.com\/de\/downloads\/\",\"name\":\"Download -\",\"isPartOf\":{\"@id\":\"https:\/\/www.penichette.com\/#website\"},\"primaryImageOfPage\":{\"@id\":\"https:\/\/www.penichette.com\/de\/downloads\/#primaryimage\"},\"image\":{\"@id\":\"https:\/\/www.penichette.com\/de\/downloads\/#primaryimage\"},\"thumbnailUrl\":\"https:\/\/www.penichette.com\/wp-content\/uploads\/2020\/11\/penichette-guide-du-capitaine.jpg\",\"datePublished\":\"2015-01-22T17:46:23+00:00\",\"dateModified\":\"2026-03-24T09:18:24+00:00\",\"breadcrumb\":{\"@id\":\"https:\/\/www.penichette.com\/de\/downloads\/#breadcrumb\"},\"inLanguage\":\"de\",\"potentialAction\":[{\"@type\":\"ReadAction\",\"target\":[\"https:\/\/www.penichette.com\/de\/downloads\/\"]}]},{\"@type\":\"ImageObject\",\"inLanguage\":\"de\",\"@id\":\"https:\/\/www.penichette.com\/de\/downloads\/#primaryimage\",\"url\":\"https:\/\/www.penichette.com\/wp-content\/uploads\/2020\/11\/penichette-guide-du-capitaine.jpg\",\"contentUrl\":\"https:\/\/www.penichette.com\/wp-content\/uploads\/2020\/11\/penichette-guide-du-capitaine.jpg\",\"width\":1900,\"height\":440},{\"@type\":\"BreadcrumbList\",\"@id\":\"https:\/\/www.penichette.com\/de\/downloads\/#breadcrumb\",\"itemListElement\":[{\"@type\":\"ListItem\",\"position\":1,\"name\":\"Zuhause\",\"item\":\"https:\/\/www.penichette.com\/de\/\"},{\"@type\":\"ListItem\",\"position\":2,\"name\":\"Download\"}]},{\"@type\":\"WebSite\",\"@id\":\"https:\/\/www.penichette.com\/#website\",\"url\":\"https:\/\/www.penichette.com\/\",\"name\":\"Penichette.com\",\"description\":\"\",\"potentialAction\":[{\"@type\":\"SearchAction\",\"target\":{\"@type\":\"EntryPoint\",\"urlTemplate\":\"https:\/\/www.penichette.com\/?s={search_term_string}\"},\"query-input\":{\"@type\":\"PropertyValueSpecification\",\"valueRequired\":true,\"valueName\":\"search_term_string\"}}],\"inLanguage\":\"de\"}]}<\/script>\n<!-- \/ Yoast SEO plugin. -->","yoast_head_json":{"title":"Download -","robots":{"index":"index","follow":"follow","max-snippet":"max-snippet:-1","max-image-preview":"max-image-preview:large","max-video-preview":"max-video-preview:-1"},"canonical":"https:\/\/www.penichette.com\/de\/downloads\/","og_locale":"de_DE","og_type":"article","og_title":"Download -","og_description":"[vc_row][vc_column][vc_column_text css=&#8220;.vc_custom_1774343720479{margin-bottom: 0px !important;}&#8220;] N\u00fctzliche Dokumente zum Downloaden Entdecken Sie unsere Flussf\u00fchrer und alle unsere Ratschl\u00e4ge, um Ihren Hausbooturlaub in P\u00e9nichette\u00ae oder Cruiser mit Riverly vorzubereiten. Kapit\u00e4ns-Handbuch, Inventarlisten, Checkliste vor der Abfahrt&#8230; Alle praktischen Informationen, die vor Ihrer Abreise gesammelt wurden![\/vc_column_text][\/vc_column][\/vc_row][vc_row][vc_column][vc_accordions heading_title=&#8220;Vor der Abreise&#8220; action_style=&#8220;toggle-action&#8220; responsive=&#8220;false&#8220;][vc_accordion_tab title=&#8220;Das Kapit\u00e4ns-Handbuch&#8220;][vc_column_text css=&#8220;.vc_custom_1616427557880{margin-bottom: 0px !important;}&#8220;]Das Kapit\u00e4ns-Handbuch ist ein wichtiger [&hellip;]","og_url":"https:\/\/www.penichette.com\/de\/downloads\/","og_site_name":"Penichette.com","article_modified_time":"2026-03-24T09:18:24+00:00","og_image":[{"width":1900,"height":440,"url":"https:\/\/www.penichette.com\/wp-content\/uploads\/2020\/11\/penichette-guide-du-capitaine.jpg","type":"image\/jpeg"}],"twitter_card":"summary_large_image","twitter_misc":{"Gesch\u00e4tzte Lesezeit":"3\u00a0Minuten"},"schema":{"@context":"https:\/\/schema.org","@graph":[{"@type":"WebPage","@id":"https:\/\/www.penichette.com\/de\/downloads\/","url":"https:\/\/www.penichette.com\/de\/downloads\/","name":"Download -","isPartOf":{"@id":"https:\/\/www.penichette.com\/#website"},"primaryImageOfPage":{"@id":"https:\/\/www.penichette.com\/de\/downloads\/#primaryimage"},"image":{"@id":"https:\/\/www.penichette.com\/de\/downloads\/#primaryimage"},"thumbnailUrl":"https:\/\/www.penichette.com\/wp-content\/uploads\/2020\/11\/penichette-guide-du-capitaine.jpg","datePublished":"2015-01-22T17:46:23+00:00","dateModified":"2026-03-24T09:18:24+00:00","breadcrumb":{"@id":"https:\/\/www.penichette.com\/de\/downloads\/#breadcrumb"},"inLanguage":"de","potentialAction":[{"@type":"ReadAction","target":["https:\/\/www.penichette.com\/de\/downloads\/"]}]},{"@type":"ImageObject","inLanguage":"de","@id":"https:\/\/www.penichette.com\/de\/downloads\/#primaryimage","url":"https:\/\/www.penichette.com\/wp-content\/uploads\/2020\/11\/penichette-guide-du-capitaine.jpg","contentUrl":"https:\/\/www.penichette.com\/wp-content\/uploads\/2020\/11\/penichette-guide-du-capitaine.jpg","width":1900,"height":440},{"@type":"BreadcrumbList","@id":"https:\/\/www.penichette.com\/de\/downloads\/#breadcrumb","itemListElement":[{"@type":"ListItem","position":1,"name":"Zuhause","item":"https:\/\/www.penichette.com\/de\/"},{"@type":"ListItem","position":2,"name":"Download"}]},{"@type":"WebSite","@id":"https:\/\/www.penichette.com\/#website","url":"https:\/\/www.penichette.com\/","name":"Penichette.com","description":"","potentialAction":[{"@type":"SearchAction","target":{"@type":"EntryPoint","urlTemplate":"https:\/\/www.penichette.com\/?s={search_term_string}"},"query-input":{"@type":"PropertyValueSpecification","valueRequired":true,"valueName":"search_term_string"}}],"inLanguage":"de"}]}},"_links":{"self":[{"href":"https:\/\/www.penichette.com\/de\/wp-json\/wp\/v2\/pages\/889","targetHints":{"allow":["GET"]}}],"collection":[{"href":"https:\/\/www.penichette.com\/de\/wp-json\/wp\/v2\/pages"}],"about":[{"href":"https:\/\/www.penichette.com\/de\/wp-json\/wp\/v2\/types\/page"}],"author":[{"embeddable":true,"href":"https:\/\/www.penichette.com\/de\/wp-json\/wp\/v2\/users\/4"}],"replies":[{"embeddable":true,"href":"https:\/\/www.penichette.com\/de\/wp-json\/wp\/v2\/comments?post=889"}],"version-history":[{"count":79,"href":"https:\/\/www.penichette.com\/de\/wp-json\/wp\/v2\/pages\/889\/revisions"}],"predecessor-version":[{"id":7542,"href":"https:\/\/www.penichette.com\/de\/wp-json\/wp\/v2\/pages\/889\/revisions\/7542"}],"wp:featuredmedia":[{"embeddable":true,"href":"https:\/\/www.penichette.com\/de\/wp-json\/wp\/v2\/media\/3621"}],"wp:attachment":[{"href":"https:\/\/www.penichette.com\/de\/wp-json\/wp\/v2\/media?parent=889"}],"curies":[{"name":"wp","href":"https:\/\/api.w.org\/{rel}","templated":true}]}}