{"id":2456,"date":"2018-08-13T09:46:36","date_gmt":"2018-08-13T08:46:36","guid":{"rendered":"http:\/\/www.penichette.com\/?page_id=2456"},"modified":"2025-01-16T11:35:30","modified_gmt":"2025-01-16T10:35:30","slug":"bram","status":"publish","type":"page","link":"https:\/\/www.penichette.com\/en\/departure-base\/france\/bram\/","title":{"rendered":"Bram"},"content":{"rendered":"<div class=\"wpb-content-wrapper\">[vc_row][vc_column][vc_column_text css=&#8221;.vc_custom_1615986886677{margin-bottom: 0px !important;}&#8221;]\n<h3><strong>Departure Base<\/strong><\/h3>\n<p><em>Discover all the useful information and advice related to your departure base.<\/em>[\/vc_column_text][\/vc_column][\/vc_row][vc_row fullwidth=&#8221;true&#8221; fullwidth_content=&#8221;false&#8221;][vc_column][pen_departure_filter][\/vc_column][\/vc_row][vc_section el_id=&#8221;direction-formalities&#8221; css=&#8221;.vc_custom_1601285129565{border-radius: 2px !important;}&#8221;][vc_row css=&#8221;.vc_custom_1601283567019{border-radius: 2px !important;}&#8221;][vc_column][mk_fancy_title font_family=&#8221;none&#8221; el_class=&#8221;base_content_title&#8221;]Starting out formalities &amp; boarding[\/mk_fancy_title][\/vc_column][\/vc_row][vc_row][vc_column][vc_row_inner][vc_column_inner width=&#8221;1\/2&#8243;][vc_column_text css=&#8221;.vc_custom_1601282488530{margin-bottom: 0px !important;}&#8221;]<iframe loading=\"lazy\" style=\"border: 0;\" src=\"https:\/\/www.google.com\/maps\/embed?pb=!1m18!1m12!1m3!1d2905.8243580328744!2d2.1270860999999996!3d43.25510279999999!2m3!1f0!2f0!3f0!3m2!1i1024!2i768!4f13.1!3m3!1m2!1s0x0%3A0x0!2zNDPCsDE1JzE4LjQiTiAywrAwNyczNy41IkU!5e0!3m2!1sfr!2sfr!4v1534149805538\" width=\"100%\" height=\"350\" frameborder=\"0\" allowfullscreen=\"allowfullscreen\"><\/iframe>[\/vc_column_text][\/vc_column_inner][vc_column_inner width=&#8221;1\/2&#8243;][vc_column_text css=&#8221;.vc_custom_1667920433611{margin-bottom: 0px !important;}&#8221;]<strong>Locaboat Holidays<\/strong><br \/>\nPort de Bram<br \/>\n11150 BRAM<\/p>\n<p><abbr title=\"Email\"><span class=\"base-msg-icon\">\u2709<\/span>:<\/abbr>\u00a0 bram@locaboat.com<br \/>\n<abbr title=\"Tel\">T:<\/abbr> +33 (0)4.68.13.02.38<br \/>\n<abbr title=\"GPS\">G:<\/abbr> N 43\u00b015&#8217;18.37 E 2\u00b07&#8217;37.51[\/vc_column_text][\/vc_column_inner][\/vc_row_inner][vc_row_inner][vc_column_inner][vc_column_text css=&#8221;.vc_custom_1737015895682{margin-bottom: 0px !important;}&#8221;]\n<table style=\"border: 0pt solid #0e84f0; height: 124px;\" border=\"0\" width=\"924\" frame=\"vsides\" cellspacing=\"0\" cellpadding=\"5\" align=\"left\">\n<tbody>\n<tr>\n<td align=\"left\" valign=\"top\" width=\"450\"><strong>Starting out formalities:<\/strong><\/p>\n<p>Departure days between 2 and 6pm.<\/p>\n<p><span style=\"font-weight: 400;\">Return day between 8 and 9am.<\/span><\/td>\n<td align=\"left\" valign=\"top\" width=\"450\"><strong>Boarding:<\/strong><\/p>\n<p>As soon as the boat is ready.<\/td>\n<\/tr>\n<\/tbody>\n<\/table>\n[\/vc_column_text][\/vc_column_inner][\/vc_row_inner][\/vc_column][\/vc_row][\/vc_section][vc_section el_id=&#8221;how-to-get-base&#8221;][vc_row][vc_column][mk_fancy_title font_family=&#8221;none&#8221; el_class=&#8221;base_content_title&#8221;]How to get to the base[\/mk_fancy_title][\/vc_column][\/vc_row][vc_row][vc_column][vc_column_text css=&#8221;.vc_custom_1737023312272{margin-bottom: 0px !important;}&#8221;]\n<table style=\"border: 0pt solid #0e84f0;\" border=\"0\" frame=\"vsides\" cellspacing=\"0\" cellpadding=\"5\" align=\"left\">\n<tbody>\n<tr>\n<td align=\"left\" valign=\"top\" width=\"450\"><strong>Access:<\/strong><\/p>\n<ul>\n<li>Carcassonne airport (17 km)<\/li>\n<li>Toulouse Blagnac airport (84 km)<\/li>\n<li>Castelnaudary Train Station (18 km)<\/li>\n<li>Bram regional station (3km) (no taxi at the station, reservation mandatory)<\/li>\n<li>A61 &#8220;Autoroute des deux mers&#8221; exit n\u00b0 22 &#8220;Bram&#8221;<\/li>\n<li>RD6113 (ex. RN 113) : Marseille-Bordeaux<\/li>\n<li>RD33 : Carcassonne-Castelnaudary<\/li>\n<li>RD4-RD119 : Bram-Mirepoix<\/li>\n<\/ul>\n<\/td>\n<td align=\"left\" valign=\"top\" width=\"450\"><strong>Car park:<\/strong><\/p>\n<ul>\n<li>Free outdoor parking lot<\/li>\n<\/ul>\n<\/td>\n<\/tr>\n<tr>\n<td align=\"left\" valign=\"top\" width=\"450\"><strong>Car hire:<\/strong><\/p>\n<ul>\n<li>Train station Carcassonne &#8211; tel\u00a0: 04 68 25 92 88<\/li>\n<li>Europcar Toulouse &#8211; tel. : 05 61 73 30 50<\/li>\n<li style=\"list-style-type: none;\"><\/li>\n<\/ul>\n<\/td>\n<td align=\"left\" valign=\"top\" width=\"450\"><strong>Taxi:<\/strong><\/p>\n<ul>\n<li>Claude Raynaud &#8211; tel : 04 68 76 17 96 et 06 85 23 11 09<\/li>\n<li>Taxi Veyrier &#8211; tel : 04 68 23 19 19<\/li>\n<li>Yooan Taxi &#8211; tel : 06 76 69 24 61<\/li>\n<li>Monsieur Broz VTC (Toulouse) &#8211; tel : 06 34 61 59 64<\/li>\n<\/ul>\n<\/td>\n<\/tr>\n<tr>\n<td align=\"left\" valign=\"top\" width=\"450\"><\/td>\n<td align=\"left\" valign=\"top\" width=\"450\"><\/td>\n<\/tr>\n<\/tbody>\n<\/table>\n[\/vc_column_text][\/vc_column][\/vc_row][\/vc_section][vc_section el_id=&#8221;base-tourist&#8221;][vc_row][vc_column][mk_fancy_title font_family=&#8221;none&#8221; el_class=&#8221;base_content_title&#8221;]Hotels, restaurants and shopping facilities on site[\/mk_fancy_title][\/vc_column][\/vc_row][vc_row][vc_column][vc_column_text css=&#8221;.vc_custom_1701706823889{margin-bottom: 0px !important;}&#8221;]\n<table style=\"border: 0pt solid #0e84f0;\" border=\"0\" frame=\"vsides\" cellspacing=\"0\" cellpadding=\"5\" align=\"left\">\n<tbody>\n<tr>\n<td align=\"left\" valign=\"top\" width=\"450\"><strong><a class=\"anchor\" name=\"topic03\"><\/a>Hotels:<\/strong><\/p>\n<ul>\n<li>Coup de coeur (Hostel) Tel : 09 66 98 25 71<\/li>\n<li>Aux deux Acacias Tel : 04 68 94 24 67<\/li>\n<li>Hotel le clos st-loup (Hotel-restaurant) Tel : 04 68 76 11 91<\/li>\n<\/ul>\n<\/td>\n<td align=\"left\" valign=\"top\" width=\"450\"><strong>Restaurants:<\/strong><\/p>\n<ul>\n<li>Le Petit Bramais &#8211; tel : 04 68 77 10 06<\/li>\n<li>Cafe-restaurant de la place &#8211; tel : 04 68 76 57 64<\/li>\n<li>Pizza rapido &#8211; tel : 04 68 76 16 67<\/li>\n<li>Mam&#8217; Domi &#8211; tel : 04 68 78 60 67<\/li>\n<\/ul>\n<\/td>\n<\/tr>\n<tr>\n<td align=\"left\" valign=\"top\" width=\"450\"><strong>Shops:<\/strong><\/p>\n<ul>\n<li>Supermarkets SPAR &#8211; open between 8:30 am-1 pm and 3-7 pm, on Sunday: 9 am-12:30 (1,6KM)<\/li>\n<li>Supermarkets Carrefour open between 9 am and 10 pm, closed on Sunday (3.5KM) (delivery available from 100\u20ac)<\/li>\n<li>Bakery Laval et Fils &#8211; Open between 5 am-1 pm and 3-7:30 pm (closed on Sunday) &#8211; tel : 04 68 76 12 82<\/li>\n<li>Bakery Font Pascal &#8211; Open between 6 am-1 pm and 4-7 pm (closed on Monday)<\/li>\n<li>Wine shop Histoire des Papilles &#8211; Open between 10-12 am and 4-7 pm. On Sunday open from 10 am to 12. (closed on Monday) &#8211; tel : 04 68 76 53 62<\/li>\n<\/ul>\n<\/td>\n<td align=\"left\" valign=\"top\" width=\"450\"><strong>Activities:<\/strong><\/p>\n<ul>\n<li>Bram water ski (+restaurant) &#8211; tel : 04 68 79 74 14<\/li>\n<li>Eburomagus Archaeological Museum &#8211; tel : 04 68 78 91 19 (closed on Monday and Sunday)<\/li>\n<\/ul>\n<\/td>\n<\/tr>\n<tr>\n<td align=\"left\" valign=\"top\" width=\"450\"><\/td>\n<td align=\"left\" valign=\"top\" width=\"450\"><\/td>\n<\/tr>\n<tr>\n<td align=\"left\" valign=\"top\" width=\"450\"><\/td>\n<td align=\"left\" valign=\"top\" width=\"450\"><\/td>\n<\/tr>\n<tr>\n<td align=\"left\" valign=\"top\" width=\"450\"><\/td>\n<td align=\"left\" valign=\"top\" width=\"450\"><\/td>\n<\/tr>\n<\/tbody>\n<\/table>\n[\/vc_column_text][\/vc_column][\/vc_row][\/vc_section][vc_section el_id=&#8221;base-tourist&#8221;][vc_row][vc_column][mk_fancy_title font_family=&#8221;none&#8221; el_class=&#8221;base_content_title&#8221;]Touristic Information[\/mk_fancy_title][\/vc_column][\/vc_row][vc_row][vc_column][vc_column_text css=&#8221;.vc_custom_1667921059733{margin-bottom: 0px !important;}&#8221;]\n<table style=\"border: 0pt solid #0e84f0;\" border=\"0\" frame=\"vsides\" cellspacing=\"0\" cellpadding=\"5\" align=\"left\">\n<tbody>\n<tr>\n<td align=\"left\" valign=\"top\" width=\"450\"><strong><a class=\"anchor\" name=\"topic04\"><\/a><\/strong><strong>Gastronomic specialities:<\/strong><\/p>\n<ul>\n<li>Cassoulet de Castelnaudary, goose liver, duck, liver, liver saussage, plancha, saussages from Toulouse, la Cargolade, Fricass\u00e9e, for dessert : les Oreillettes, le petit Carcassonnais, (sweets), bean stew&#8230;<\/li>\n<\/ul>\n<\/td>\n<td align=\"left\" valign=\"top\" width=\"450\"><strong>Local drinks:<\/strong><\/p>\n<p>White and red wine from Malep\u00e8re, IGP C\u00f4tes de Prouilhe, du Minervois, des Corbi\u00e8res, de la Clape, Fitou, Saint Chinian, Muscat, Carthag\u00e8ne, blanquette de Limoux&#8230;<\/td>\n<\/tr>\n<tr>\n<td align=\"left\" valign=\"top\" width=\"450\"><strong><strong>To see:<\/strong><\/strong><\/p>\n<p>Round village, nautical t-bar lift, archaelogical museum \u00a0Eburomagus, arts and culture place \u00ab Les essar[t]s \u00bb&#8230;<\/td>\n<td align=\"left\" valign=\"top\" width=\"450\"><strong>Fishing:<\/strong><\/p>\n<ul>\n<li>Category 1 licence required. Carp, luce, catfish, trout, zander, roach, tench&#8230;<\/li>\n<\/ul>\n<\/td>\n<\/tr>\n<tr>\n<td align=\"left\" valign=\"top\" width=\"450\"><strong>Tourist Office:<\/strong><\/p>\n<ul>\n<li>Tourism office Au C\u0153ur Des Collines Cathares, 3 place Carnot, 11150 Bram<br \/>\ntel: 04 68 24 75 45<\/li>\n<\/ul>\n<\/td>\n<td align=\"left\" valign=\"top\" width=\"450\"><strong>\u00a0<\/strong><\/td>\n<\/tr>\n<\/tbody>\n<\/table>\n[\/vc_column_text][\/vc_column][\/vc_row][\/vc_section][vc_section el_id=&#8221;base-waterways&#8221;][vc_row][vc_column][mk_fancy_title font_family=&#8221;none&#8221; el_class=&#8221;base_content_title&#8221;]Information on the waterways[\/mk_fancy_title][\/vc_column][\/vc_row][vc_row][vc_column][vc_column_text css=&#8221;.vc_custom_1613488534102{margin-bottom: 0px !important;}&#8221;]\n<table style=\"border: 0pt solid #0e84f0;\" border=\"0\" frame=\"vsides\" cellspacing=\"0\" cellpadding=\"5\" align=\"left\">\n<tbody>\n<tr>\n<td align=\"left\" valign=\"top\" width=\"800\"><strong><a class=\"anchor\" name=\"topic05\"><\/a>Waterways:<\/strong><\/td>\n<\/tr>\n<tr>\n<td align=\"left\" valign=\"top\" width=\"800\">\n<ul>\n<li>On the <strong style=\"font-family: inherit; font-size: inherit;\">Canal du Midi<\/strong><span style=\"font-family: inherit; font-size: inherit;\">, most of the locks are electrified and have a lock keeper. Locks are open daily from 9am to 12.30pm, and from 1.30pm to 7.30pm (high season) or 6pm (low season). They are closed on 1st of May.<\/span><\/li>\n<\/ul>\n<\/td>\n<\/tr>\n<\/tbody>\n<\/table>\n[\/vc_column_text][\/vc_column][\/vc_row][\/vc_section]\n<\/div>","protected":false},"excerpt":{"rendered":"<p>[vc_row][vc_column][vc_column_text css=&#8221;.vc_custom_1615986886677{margin-bottom: 0px !important;}&#8221;] Departure Base Discover all the useful information and advice related to your departure base.[\/vc_column_text][\/vc_column][\/vc_row][vc_row fullwidth=&#8221;true&#8221; fullwidth_content=&#8221;false&#8221;][vc_column][pen_departure_filter][\/vc_column][\/vc_row][vc_section el_id=&#8221;direction-formalities&#8221; css=&#8221;.vc_custom_1601285129565{border-radius: 2px !important;}&#8221;][vc_row css=&#8221;.vc_custom_1601283567019{border-radius: 2px !important;}&#8221;][vc_column][mk_fancy_title font_family=&#8221;none&#8221; el_class=&#8221;base_content_title&#8221;]Starting out formalities &amp; boarding[\/mk_fancy_title][\/vc_column][\/vc_row][vc_row][vc_column][vc_row_inner][vc_column_inner width=&#8221;1\/2&#8243;][vc_column_text css=&#8221;.vc_custom_1601282488530{margin-bottom: 0px !important;}&#8221;][\/vc_column_text][\/vc_column_inner][vc_column_inner width=&#8221;1\/2&#8243;][vc_column_text css=&#8221;.vc_custom_1667920433611{margin-bottom: 0px !important;}&#8221;]Locaboat Holidays Port de Bram 11150 BRAM \u2709:\u00a0 bram@locaboat.com T: +33 (0)4.68.13.02.38 G: N 43\u00b015&#8217;18.37 [&hellip;]<\/p>\n","protected":false},"author":4,"featured_media":2551,"parent":346,"menu_order":0,"comment_status":"closed","ping_status":"closed","template":"template-departure-base.php","meta":{"footnotes":""},"class_list":["post-2456","page","type-page","status-publish","has-post-thumbnail","hentry"],"yoast_head":"<!-- This site is optimized with the Yoast SEO plugin v25.5 - https:\/\/yoast.com\/wordpress\/plugins\/seo\/ -->\n<title>Bram -<\/title>\n<meta name=\"robots\" content=\"index, follow, max-snippet:-1, max-image-preview:large, max-video-preview:-1\" \/>\n<link rel=\"canonical\" href=\"https:\/\/www.penichette.com\/en\/departure-base\/france\/bram\/\" \/>\n<meta property=\"og:locale\" content=\"en_US\" \/>\n<meta property=\"og:type\" content=\"article\" \/>\n<meta property=\"og:title\" content=\"Bram -\" \/>\n<meta property=\"og:description\" content=\"[vc_row][vc_column][vc_column_text css=&#8221;.vc_custom_1615986886677{margin-bottom: 0px !important;}&#8221;] Departure Base Discover all the useful information and advice related to your departure base.[\/vc_column_text][\/vc_column][\/vc_row][vc_row fullwidth=&#8221;true&#8221; fullwidth_content=&#8221;false&#8221;][vc_column][pen_departure_filter][\/vc_column][\/vc_row][vc_section el_id=&#8221;direction-formalities&#8221; css=&#8221;.vc_custom_1601285129565{border-radius: 2px !important;}&#8221;][vc_row css=&#8221;.vc_custom_1601283567019{border-radius: 2px !important;}&#8221;][vc_column][mk_fancy_title font_family=&#8221;none&#8221; el_class=&#8221;base_content_title&#8221;]Starting out formalities &amp; boarding[\/mk_fancy_title][\/vc_column][\/vc_row][vc_row][vc_column][vc_row_inner][vc_column_inner width=&#8221;1\/2&#8243;][vc_column_text css=&#8221;.vc_custom_1601282488530{margin-bottom: 0px !important;}&#8221;][\/vc_column_text][\/vc_column_inner][vc_column_inner width=&#8221;1\/2&#8243;][vc_column_text css=&#8221;.vc_custom_1667920433611{margin-bottom: 0px !important;}&#8221;]Locaboat Holidays Port de Bram 11150 BRAM \u2709:\u00a0 bram@locaboat.com T: +33 (0)4.68.13.02.38 G: N 43\u00b015&#8217;18.37 [&hellip;]\" \/>\n<meta property=\"og:url\" content=\"https:\/\/www.penichette.com\/en\/departure-base\/france\/bram\/\" \/>\n<meta property=\"og:site_name\" content=\"Penichette.com\" \/>\n<meta property=\"article:modified_time\" content=\"2025-01-16T10:35:30+00:00\" \/>\n<meta property=\"og:image\" content=\"https:\/\/www.penichette.com\/wp-content\/uploads\/2018\/09\/photo-base-de-depart1.jpg\" \/>\n\t<meta property=\"og:image:width\" content=\"980\" \/>\n\t<meta property=\"og:image:height\" content=\"500\" \/>\n\t<meta property=\"og:image:type\" content=\"image\/jpeg\" \/>\n<meta name=\"twitter:card\" content=\"summary_large_image\" \/>\n<meta name=\"twitter:label1\" content=\"Est. reading time\" \/>\n\t<meta name=\"twitter:data1\" content=\"4 minutes\" \/>\n<script type=\"application\/ld+json\" class=\"yoast-schema-graph\">{\"@context\":\"https:\/\/schema.org\",\"@graph\":[{\"@type\":\"WebPage\",\"@id\":\"https:\/\/www.penichette.com\/en\/departure-base\/france\/bram\/\",\"url\":\"https:\/\/www.penichette.com\/en\/departure-base\/france\/bram\/\",\"name\":\"Bram -\",\"isPartOf\":{\"@id\":\"https:\/\/www.penichette.com\/#website\"},\"primaryImageOfPage\":{\"@id\":\"https:\/\/www.penichette.com\/en\/departure-base\/france\/bram\/#primaryimage\"},\"image\":{\"@id\":\"https:\/\/www.penichette.com\/en\/departure-base\/france\/bram\/#primaryimage\"},\"thumbnailUrl\":\"https:\/\/www.penichette.com\/wp-content\/uploads\/2018\/09\/photo-base-de-depart1.jpg\",\"datePublished\":\"2018-08-13T08:46:36+00:00\",\"dateModified\":\"2025-01-16T10:35:30+00:00\",\"breadcrumb\":{\"@id\":\"https:\/\/www.penichette.com\/en\/departure-base\/france\/bram\/#breadcrumb\"},\"inLanguage\":\"en-US\",\"potentialAction\":[{\"@type\":\"ReadAction\",\"target\":[\"https:\/\/www.penichette.com\/en\/departure-base\/france\/bram\/\"]}]},{\"@type\":\"ImageObject\",\"inLanguage\":\"en-US\",\"@id\":\"https:\/\/www.penichette.com\/en\/departure-base\/france\/bram\/#primaryimage\",\"url\":\"https:\/\/www.penichette.com\/wp-content\/uploads\/2018\/09\/photo-base-de-depart1.jpg\",\"contentUrl\":\"https:\/\/www.penichette.com\/wp-content\/uploads\/2018\/09\/photo-base-de-depart1.jpg\",\"width\":980,\"height\":500},{\"@type\":\"BreadcrumbList\",\"@id\":\"https:\/\/www.penichette.com\/en\/departure-base\/france\/bram\/#breadcrumb\",\"itemListElement\":[{\"@type\":\"ListItem\",\"position\":1,\"name\":\"Home\",\"item\":\"https:\/\/www.penichette.com\/en\/\"},{\"@type\":\"ListItem\",\"position\":2,\"name\":\"Departure base\",\"item\":\"https:\/\/www.penichette.com\/en\/departure-base\/\"},{\"@type\":\"ListItem\",\"position\":3,\"name\":\"France\",\"item\":\"https:\/\/www.penichette.com\/en\/departure-base\/france\/\"},{\"@type\":\"ListItem\",\"position\":4,\"name\":\"Bram\"}]},{\"@type\":\"WebSite\",\"@id\":\"https:\/\/www.penichette.com\/#website\",\"url\":\"https:\/\/www.penichette.com\/\",\"name\":\"Penichette.com\",\"description\":\"\",\"potentialAction\":[{\"@type\":\"SearchAction\",\"target\":{\"@type\":\"EntryPoint\",\"urlTemplate\":\"https:\/\/www.penichette.com\/?s={search_term_string}\"},\"query-input\":{\"@type\":\"PropertyValueSpecification\",\"valueRequired\":true,\"valueName\":\"search_term_string\"}}],\"inLanguage\":\"en-US\"}]}<\/script>\n<!-- \/ Yoast SEO plugin. -->","yoast_head_json":{"title":"Bram -","robots":{"index":"index","follow":"follow","max-snippet":"max-snippet:-1","max-image-preview":"max-image-preview:large","max-video-preview":"max-video-preview:-1"},"canonical":"https:\/\/www.penichette.com\/en\/departure-base\/france\/bram\/","og_locale":"en_US","og_type":"article","og_title":"Bram -","og_description":"[vc_row][vc_column][vc_column_text css=&#8221;.vc_custom_1615986886677{margin-bottom: 0px !important;}&#8221;] Departure Base Discover all the useful information and advice related to your departure base.[\/vc_column_text][\/vc_column][\/vc_row][vc_row fullwidth=&#8221;true&#8221; fullwidth_content=&#8221;false&#8221;][vc_column][pen_departure_filter][\/vc_column][\/vc_row][vc_section el_id=&#8221;direction-formalities&#8221; css=&#8221;.vc_custom_1601285129565{border-radius: 2px !important;}&#8221;][vc_row css=&#8221;.vc_custom_1601283567019{border-radius: 2px !important;}&#8221;][vc_column][mk_fancy_title font_family=&#8221;none&#8221; el_class=&#8221;base_content_title&#8221;]Starting out formalities &amp; boarding[\/mk_fancy_title][\/vc_column][\/vc_row][vc_row][vc_column][vc_row_inner][vc_column_inner width=&#8221;1\/2&#8243;][vc_column_text css=&#8221;.vc_custom_1601282488530{margin-bottom: 0px !important;}&#8221;][\/vc_column_text][\/vc_column_inner][vc_column_inner width=&#8221;1\/2&#8243;][vc_column_text css=&#8221;.vc_custom_1667920433611{margin-bottom: 0px !important;}&#8221;]Locaboat Holidays Port de Bram 11150 BRAM \u2709:\u00a0 bram@locaboat.com T: +33 (0)4.68.13.02.38 G: N 43\u00b015&#8217;18.37 [&hellip;]","og_url":"https:\/\/www.penichette.com\/en\/departure-base\/france\/bram\/","og_site_name":"Penichette.com","article_modified_time":"2025-01-16T10:35:30+00:00","og_image":[{"width":980,"height":500,"url":"https:\/\/www.penichette.com\/wp-content\/uploads\/2018\/09\/photo-base-de-depart1.jpg","type":"image\/jpeg"}],"twitter_card":"summary_large_image","twitter_misc":{"Est. reading time":"4 minutes"},"schema":{"@context":"https:\/\/schema.org","@graph":[{"@type":"WebPage","@id":"https:\/\/www.penichette.com\/en\/departure-base\/france\/bram\/","url":"https:\/\/www.penichette.com\/en\/departure-base\/france\/bram\/","name":"Bram -","isPartOf":{"@id":"https:\/\/www.penichette.com\/#website"},"primaryImageOfPage":{"@id":"https:\/\/www.penichette.com\/en\/departure-base\/france\/bram\/#primaryimage"},"image":{"@id":"https:\/\/www.penichette.com\/en\/departure-base\/france\/bram\/#primaryimage"},"thumbnailUrl":"https:\/\/www.penichette.com\/wp-content\/uploads\/2018\/09\/photo-base-de-depart1.jpg","datePublished":"2018-08-13T08:46:36+00:00","dateModified":"2025-01-16T10:35:30+00:00","breadcrumb":{"@id":"https:\/\/www.penichette.com\/en\/departure-base\/france\/bram\/#breadcrumb"},"inLanguage":"en-US","potentialAction":[{"@type":"ReadAction","target":["https:\/\/www.penichette.com\/en\/departure-base\/france\/bram\/"]}]},{"@type":"ImageObject","inLanguage":"en-US","@id":"https:\/\/www.penichette.com\/en\/departure-base\/france\/bram\/#primaryimage","url":"https:\/\/www.penichette.com\/wp-content\/uploads\/2018\/09\/photo-base-de-depart1.jpg","contentUrl":"https:\/\/www.penichette.com\/wp-content\/uploads\/2018\/09\/photo-base-de-depart1.jpg","width":980,"height":500},{"@type":"BreadcrumbList","@id":"https:\/\/www.penichette.com\/en\/departure-base\/france\/bram\/#breadcrumb","itemListElement":[{"@type":"ListItem","position":1,"name":"Home","item":"https:\/\/www.penichette.com\/en\/"},{"@type":"ListItem","position":2,"name":"Departure base","item":"https:\/\/www.penichette.com\/en\/departure-base\/"},{"@type":"ListItem","position":3,"name":"France","item":"https:\/\/www.penichette.com\/en\/departure-base\/france\/"},{"@type":"ListItem","position":4,"name":"Bram"}]},{"@type":"WebSite","@id":"https:\/\/www.penichette.com\/#website","url":"https:\/\/www.penichette.com\/","name":"Penichette.com","description":"","potentialAction":[{"@type":"SearchAction","target":{"@type":"EntryPoint","urlTemplate":"https:\/\/www.penichette.com\/?s={search_term_string}"},"query-input":{"@type":"PropertyValueSpecification","valueRequired":true,"valueName":"search_term_string"}}],"inLanguage":"en-US"}]}},"_links":{"self":[{"href":"https:\/\/www.penichette.com\/en\/wp-json\/wp\/v2\/pages\/2456","targetHints":{"allow":["GET"]}}],"collection":[{"href":"https:\/\/www.penichette.com\/en\/wp-json\/wp\/v2\/pages"}],"about":[{"href":"https:\/\/www.penichette.com\/en\/wp-json\/wp\/v2\/types\/page"}],"author":[{"embeddable":true,"href":"https:\/\/www.penichette.com\/en\/wp-json\/wp\/v2\/users\/4"}],"replies":[{"embeddable":true,"href":"https:\/\/www.penichette.com\/en\/wp-json\/wp\/v2\/comments?post=2456"}],"version-history":[{"count":33,"href":"https:\/\/www.penichette.com\/en\/wp-json\/wp\/v2\/pages\/2456\/revisions"}],"predecessor-version":[{"id":7057,"href":"https:\/\/www.penichette.com\/en\/wp-json\/wp\/v2\/pages\/2456\/revisions\/7057"}],"up":[{"embeddable":true,"href":"https:\/\/www.penichette.com\/en\/wp-json\/wp\/v2\/pages\/346"}],"wp:featuredmedia":[{"embeddable":true,"href":"https:\/\/www.penichette.com\/en\/wp-json\/wp\/v2\/media\/2551"}],"wp:attachment":[{"href":"https:\/\/www.penichette.com\/en\/wp-json\/wp\/v2\/media?parent=2456"}],"curies":[{"name":"wp","href":"https:\/\/api.w.org\/{rel}","templated":true}]}}