{"id":575,"date":"2015-01-11T21:28:01","date_gmt":"2015-01-11T20:28:01","guid":{"rendered":"http:\/\/hosting-penichette.bertrandlepage.fr\/?page_id=575"},"modified":"2025-01-16T11:35:17","modified_gmt":"2025-01-16T10:35:17","slug":"argens-minervois","status":"publish","type":"page","link":"https:\/\/www.penichette.com\/en\/departure-base\/france\/argens-minervois\/","title":{"rendered":"Argens-Minervois"},"content":{"rendered":"<div class=\"wpb-content-wrapper\">[vc_row][vc_column][vc_column_text css=&#8221;.vc_custom_1615986886677{margin-bottom: 0px !important;}&#8221;]\n<h3><strong>Departure Base<\/strong><\/h3>\n<p><em>Discover all the useful information and advice related to your departure base.<\/em>[\/vc_column_text][\/vc_column][\/vc_row][vc_row fullwidth=&#8221;true&#8221; fullwidth_content=&#8221;false&#8221;][vc_column][pen_departure_filter][\/vc_column][\/vc_row][vc_section el_id=&#8221;direction-formalities&#8221; css=&#8221;.vc_custom_1601285129565{border-radius: 2px !important;}&#8221;][vc_row css=&#8221;.vc_custom_1601283567019{border-radius: 2px !important;}&#8221;][vc_column][mk_fancy_title font_family=&#8221;none&#8221; el_class=&#8221;base_content_title&#8221;]Starting out formalities &amp; boarding[\/mk_fancy_title][\/vc_column][\/vc_row][vc_row][vc_column][vc_row_inner][vc_column_inner width=&#8221;1\/2&#8243;][vc_column_text css=&#8221;.vc_custom_1601282488530{margin-bottom: 0px !important;}&#8221;]<iframe loading=\"lazy\" style=\"border: 0;\" src=\"https:\/\/www.google.com\/maps\/embed?pb=!1m18!1m12!1m3!1d2906.511533598096!2d2.7662063154843994!3d43.24069997913766!2m3!1f0!2f0!3f0!3m2!1i1024!2i768!4f13.1!3m3!1m2!1s0x0%3A0x348d20b6fcaeb7c5!2sLocaboat%20Holidays%20Argens%20-%20Location%20bateau%20Canal%20du%20Midi!5e0!3m2!1sfr!2sfr!4v1596032206049!5m2!1sfr!2sfr\" width=\"100%\" height=\"350\" frameborder=\"0\" allowfullscreen=\"allowfullscreen\"><\/iframe>[\/vc_column_text][\/vc_column_inner][vc_column_inner width=&#8221;1\/2&#8243;][vc_column_text css=&#8221;.vc_custom_1649088045054{margin-bottom: 0px !important;}&#8221;]<strong>Locaboat Holidays<\/strong><br \/>\nPort Occitanie<br \/>\nArgens-Minervois, FR 11200<\/p>\n<p><abbr title=\"Email\"><span class=\"base-msg-icon\">\u2709<\/span>:<\/abbr>\u00a0 argens-minervois@locaboat.com<br \/>\n<abbr title=\"Tel\">T:<\/abbr> + 33 (0) 4 68 27 03 33<br \/>\n<abbr title=\"GPS\">G:<\/abbr> N 43\u00b014&#8217;26.49 E 02\u00b046&#8217;06.61[\/vc_column_text][\/vc_column_inner][\/vc_row_inner][vc_row_inner][vc_column_inner][vc_column_text css=&#8221;.vc_custom_1736956098173{margin-bottom: 0px !important;}&#8221;]\n<table style=\"border: 0pt solid #0e84f0;\" border=\"0\" frame=\"vsides\" cellspacing=\"0\" cellpadding=\"5\" align=\"left\">\n<tbody>\n<tr>\n<td align=\"left\" valign=\"top\" width=\"450\"><strong><a class=\"anchor\" name=\"topic02\"><\/a>Starting out formalities:<\/strong><\/p>\n<p>Departure days between 2 and 6pm.\u00a0 \u00a0 \u00a0 \u00a0 \u00a0 \u00a0 \u00a0 \u00a0 \u00a0 \u00a0 \u00a0 \u00a0 \u00a0 \u00a0 \u00a0 \u00a0 \u00a0 \u00a0 \u00a0 \u00a0 \u00a0 \u00a0 <span style=\"font-weight: 400;\">Return day between 8 and 9am.<\/span><\/td>\n<td align=\"left\" valign=\"top\" width=\"450\"><strong>Boarding:<\/strong><\/p>\n<p>As soon as the boat is ready.<\/td>\n<\/tr>\n<tr>\n<td align=\"left\" valign=\"top\" width=\"450\"><strong>On site:<\/strong><\/p>\n<p>WC and shower according to the opening hours of the base.<\/td>\n<td align=\"left\" valign=\"top\" width=\"450\"><\/td>\n<\/tr>\n<\/tbody>\n<\/table>\n[\/vc_column_text][\/vc_column_inner][\/vc_row_inner][\/vc_column][\/vc_row][\/vc_section][vc_section el_id=&#8221;how-to-access-base&#8221;][vc_row][vc_column][mk_fancy_title font_family=&#8221;none&#8221; el_class=&#8221;base_content_title&#8221;]How to get to the base[\/mk_fancy_title][\/vc_column][\/vc_row][vc_row][vc_column][vc_column_text css=&#8221;.vc_custom_1737023287981{margin-bottom: 0px !important;}&#8221;]\n<table style=\"border: 0pt solid #0e84f0;\" border=\"0\" frame=\"vsides\" cellspacing=\"0\" cellpadding=\"5\" align=\"left\">\n<tbody>\n<tr>\n<td align=\"left\" valign=\"top\" width=\"450\"><strong><a class=\"anchor\" name=\"topic02\"><\/a>Access:<\/strong><\/p>\n<ul>\n<li>From west\/south: A61 &#8211; E80 exit 25 L\u00e9zignan-Corbi\u00e8res, then D611 towards L\u00e9zignan-Corbi\u00e8res and Homps (9 km). After S\u00e9rame, turn right onto the D424 towards Argens-Minervois.<\/li>\n<li>From east\/north: A9 exit 38 Narbonne Sud, then D6009 and D6113 towards Carcassonne\/L\u00e9zignan Corbi\u00e8res, then Olonzac. As you enter Villedaigne, turn right onto the D11 (28 km). After S\u00e9rame, turn right onto the D424 towards Argens Minervois.<\/li>\n<li><a href=\"https:\/\/www.sncf-connect.com\/en-en\/\">L\u00e9zignan-Corbi\u00e8res train station<\/a> (6 km) | <a href=\"https:\/\/www.sncf-connect.com\/en-en\/\">Narbonne TGV train station<\/a> (23 km)<\/li>\n<li><a href=\"https:\/\/www.aeroport-carcassonne.com\/home\/en\">Carcassonne-Salvaza Airport<\/a> (52 km) | <a href=\"https:\/\/www.pyrenees-orientales.cci.fr\/\">Perpignan-Rivesaltes Airport<\/a> (89 km) | <a href=\"https:\/\/www.montpellier.aeroport.fr\/en\">Montpellier-M\u00e9dit\u00e9rran\u00e9e Airport<\/a> (122 km) | <a href=\"https:\/\/www.toulouse.aeroport.fr\/en\">Toulouse-Blagnac Airport<\/a> (146 km)<\/li>\n<\/ul>\n<\/td>\n<td align=\"left\" valign=\"top\" width=\"450\"><strong>Car park:<\/strong><\/p>\n<ul>\n<li>Covered, unguarded: 56 \u20ac \/ week<\/li>\n<li>Enclosed, unguarded: \u20ac42 \/ week<\/li>\n<\/ul>\n<p>As free parking is limited to 48 hours in the commune, it is essential to leave your vehicle in our closed parking lot.<\/p>\n<p>As the number of covered parking spaces is limited, reservations must be made by e-mail with the base.<\/td>\n<\/tr>\n<tr>\n<td align=\"left\" valign=\"top\" width=\"450\"><strong>Car hire:<\/strong><\/p>\n<ul>\n<li><a href=\"http:\/\/www.avis.com\" target=\"_blank\" rel=\"noopener nofollow noreferrer\">Avis<\/a> (Narbonne, 23 km) tel. : (+33) 4 68 32 43 36<br \/>\nand L\u00e9zignan (5 km) tel.: (+33) 4 68 27 20 77<\/li>\n<li><a href=\"http:\/\/www.europcar.com\" target=\"_blank\" rel=\"noopener nofollow noreferrer\">Europcar<\/a> (Narbonne, 23 km) tel.: (+33) 4 68 32 34 54<\/li>\n<li><a href=\"http:\/\/www.ucar.fr\" target=\"_blank\" rel=\"noopener nofollow noreferrer\">Ucar<\/a> (Narbonne, 23 km) tel.: (+33) 4 68 75 88 39<\/li>\n<\/ul>\n<\/td>\n<td align=\"left\" valign=\"top\" width=\"450\"><strong>Taxi:<\/strong><\/p>\n<ul>\n<li>Azur Taxi, tel.: (+33) 4 68 27 33 41<\/li>\n<\/ul>\n<\/td>\n<\/tr>\n<tr>\n<td align=\"left\" valign=\"top\" width=\"450\"><\/td>\n<td align=\"left\" valign=\"top\" width=\"450\"><\/td>\n<\/tr>\n<\/tbody>\n<\/table>\n[\/vc_column_text][\/vc_column][\/vc_row][\/vc_section][vc_section el_id=&#8221;base-tourist&#8221;][vc_row][vc_column][mk_fancy_title font_family=&#8221;none&#8221; el_class=&#8221;base_content_title&#8221;]Hotels, restaurants and shopping facilities on site[\/mk_fancy_title][\/vc_column][\/vc_row][vc_row][vc_column][vc_column_text css=&#8221;.vc_custom_1649089490303{margin-bottom: 0px !important;}&#8221;]\n<table style=\"border: 0pt solid #0e84f0;\" border=\"0\" frame=\"vsides\" cellspacing=\"0\" cellpadding=\"5\" align=\"left\">\n<tbody>\n<tr>\n<td align=\"left\" valign=\"top\" width=\"450\"><strong>Bed &amp; Breakfast and gites ruraux:<\/strong><\/p>\n<ul>\n<li>Domaine la serre des cades &#8211; Christine Freidig, rue Marcel Pagnol, Argens, tel. : 04 68 45 03 47<\/li>\n<li>La Bastide des Maels, 10 Av. de la M\u00e9diterran\u00e9e, Argens, tel. : 04 68 27 42 65 \/ 06 81 02 56 82<\/li>\n<li>La Villa Limonade, 8 rue du Cers, Olonzac, tel. : 04 68 49 04 92<\/li>\n<li>Le Voyageur, 3 Av. d&#8217;Homps, Olonzac, tel. : 06 84 86 41 47<\/li>\n<\/ul>\n<\/td>\n<td align=\"left\" valign=\"top\" width=\"450\"><strong>Restaurants:<\/strong><\/p>\n<ul>\n<li>La terrasse du port, tel. : 06 02 17 11 89<br \/>\nfree delivery of meals and drinks on board<\/li>\n<li>Les Tonneliers (Homps, 8km), tel. : 04 34 44 20 19<\/li>\n<li>La P\u00e9niche (Homps, 8 km), tel. : 04 68 91 24 34<\/li>\n<li><a href=\"http:\/\/www.laguinguette-restaurant.com\" target=\"_blank\" rel=\"noopener nofollow noreferrer\">La Guinguette<\/a>, tel. : 04 68 27 05 66<\/li>\n<li>Lou Mercat (Roubia, 2,5 km), tel. : 04 68 91 10 93<\/li>\n<\/ul>\n<\/td>\n<\/tr>\n<tr>\n<td align=\"left\" valign=\"top\" width=\"450\"><\/td>\n<td align=\"left\" valign=\"top\" width=\"450\"><\/td>\n<\/tr>\n<tr>\n<td align=\"left\" valign=\"top\" width=\"450\"><strong>Shops:<\/strong><\/p>\n<ul>\n<li>At L\u00e9zignan (5 km) and Olonzac (8 km), closed on Sunday afternoons.<\/li>\n<li>Grocery in Roubia (2,5 km), closed on Mondays.<\/li>\n<\/ul>\n<\/td>\n<td align=\"left\" valign=\"top\" width=\"450\"><strong>Markets:<\/strong><\/p>\n<ul>\n<li>At L\u00e9zignan (5 km) on Wednesday mornings.<\/li>\n<li>At Olonzac (8 km) on Tuesday mornings.<\/li>\n<\/ul>\n<\/td>\n<\/tr>\n<tr>\n<td align=\"left\" valign=\"top\" width=\"450\"><\/td>\n<td align=\"left\" valign=\"top\" width=\"450\"><\/td>\n<\/tr>\n<\/tbody>\n<\/table>\n[\/vc_column_text][\/vc_column][\/vc_row][\/vc_section][vc_section el_id=&#8221;base-tourist&#8221;][vc_row][vc_column][mk_fancy_title font_family=&#8221;none&#8221; el_class=&#8221;base_content_title&#8221;]Touristic Information[\/mk_fancy_title][\/vc_column][\/vc_row][vc_row][vc_column][vc_column_text css=&#8221;.vc_custom_1701964777372{margin-bottom: 0px !important;}&#8221;]\n<table style=\"border: 0pt solid #0e84f0;\" border=\"0\" frame=\"vsides\" cellspacing=\"0\" cellpadding=\"5\" align=\"left\">\n<tbody>\n<tr>\n<td align=\"left\" valign=\"top\" width=\"450\"><strong><a class=\"anchor\" name=\"topic04\"><\/a>Gastronomic specialities:<\/strong><\/p>\n<ul>\n<li>Cassoulet from Castelnaudary, wild boar casserole, venison stew, duck \u00e9minc\u00e9, barbecue on wood fire, brochettes, Coq au vin.<\/li>\n<\/ul>\n<\/td>\n<td align=\"left\" valign=\"top\" width=\"450\"><strong>Local drinks:<\/strong><\/p>\n<ul>\n<li>The red and white wines of Minervois, Corbi\u00e8res, la Clape, Fitou, Saint Chinian. Muscat and Carthag\u00e8ne.<\/li>\n<\/ul>\n<\/td>\n<\/tr>\n<tr>\n<td align=\"left\" valign=\"top\" width=\"450\"><strong><strong>To see:<\/strong><\/strong><\/p>\n<ul>\n<li>At Argens: pool and top of the village; at L\u00e9zignan: exhibition centre, the village of Minerve with the figurine museum Hurepel and the archeological and palaeontological museum.<\/li>\n<\/ul>\n<\/td>\n<td align=\"left\" valign=\"top\" width=\"450\"><strong>Fishing:<\/strong><\/p>\n<ul>\n<li>Fishing licence must be reserved via internet at: <a href=\"https:\/\/www.cartedepeche.fr\/\">cartedepeche.fr <\/a>(also in English). Further information at the base.<br \/>\nCarp, eel, roach, zander, bream, bleak, crayfish&#8230;<\/li>\n<\/ul>\n<\/td>\n<\/tr>\n<tr>\n<td align=\"left\" valign=\"top\" width=\"450\"><strong>Tourist office:<\/strong><\/p>\n<ul>\n<li>At L\u00e9zignan (5 km), tel: 04 68 27 05 42<\/li>\n<\/ul>\n<\/td>\n<td align=\"left\" valign=\"top\" width=\"450\"><strong>\u00a0<\/strong><\/td>\n<\/tr>\n<\/tbody>\n<\/table>\n[\/vc_column_text][\/vc_column][\/vc_row][\/vc_section][vc_section el_id=&#8221;base-waterways&#8221;][vc_row][vc_column][mk_fancy_title font_family=&#8221;none&#8221; el_class=&#8221;base_content_title&#8221;]Information on the waterways[\/mk_fancy_title][\/vc_column][\/vc_row][vc_row][vc_column][vc_column_text css=&#8221;.vc_custom_1675155497158{margin-bottom: 0px !important;}&#8221;]\n<table style=\"border: 0pt solid #0e84f0;\" border=\"0\" frame=\"vsides\" cellspacing=\"0\" cellpadding=\"5\" align=\"left\">\n<tbody>\n<tr>\n<td align=\"left\" valign=\"top\" width=\"800\"><strong><a class=\"anchor\" name=\"topic05\"><\/a>Waterways:<\/strong><\/td>\n<\/tr>\n<tr>\n<td align=\"left\" valign=\"top\" width=\"800\">The locks on the <strong>Canal du Midi<\/strong> are automatic with the help of lock keepers. On the <strong>Canal de la Robine<\/strong>, the locks are automatic with a lock keeper for 4 locks. They are open from 9 am to 12 pm and 1 to 7 pm. Closed on the 1st of May.<br \/>\nThe <strong>\u00c9tang de Thau<\/strong> cannot be crossed when the wind is stronger than 3 beaufort. On the <strong>Lez and Canal du Rh\u00f4ne \u00e0 S\u00e8te<\/strong>, the few locks are automatic. <strong>Please note: the lift bridge at Frontignan<\/strong> is only opened for a few minutes two times a day (8.30am and 4pm).<\/td>\n<\/tr>\n<\/tbody>\n<\/table>\n[\/vc_column_text][\/vc_column][\/vc_row][\/vc_section]\n<\/div>","protected":false},"excerpt":{"rendered":"<p>[vc_row][vc_column][vc_column_text css=&#8221;.vc_custom_1615986886677{margin-bottom: 0px !important;}&#8221;] Departure Base Discover all the useful information and advice related to your departure base.[\/vc_column_text][\/vc_column][\/vc_row][vc_row fullwidth=&#8221;true&#8221; fullwidth_content=&#8221;false&#8221;][vc_column][pen_departure_filter][\/vc_column][\/vc_row][vc_section el_id=&#8221;direction-formalities&#8221; css=&#8221;.vc_custom_1601285129565{border-radius: 2px !important;}&#8221;][vc_row css=&#8221;.vc_custom_1601283567019{border-radius: 2px !important;}&#8221;][vc_column][mk_fancy_title font_family=&#8221;none&#8221; el_class=&#8221;base_content_title&#8221;]Starting out formalities &amp; boarding[\/mk_fancy_title][\/vc_column][\/vc_row][vc_row][vc_column][vc_row_inner][vc_column_inner width=&#8221;1\/2&#8243;][vc_column_text css=&#8221;.vc_custom_1601282488530{margin-bottom: 0px !important;}&#8221;][\/vc_column_text][\/vc_column_inner][vc_column_inner width=&#8221;1\/2&#8243;][vc_column_text css=&#8221;.vc_custom_1649088045054{margin-bottom: 0px !important;}&#8221;]Locaboat Holidays Port Occitanie Argens-Minervois, FR 11200 \u2709:\u00a0 argens-minervois@locaboat.com T: + 33 (0) 4 68 [&hellip;]<\/p>\n","protected":false},"author":4,"featured_media":178,"parent":346,"menu_order":0,"comment_status":"closed","ping_status":"closed","template":"template-departure-base.php","meta":{"footnotes":""},"class_list":["post-575","page","type-page","status-publish","has-post-thumbnail","hentry"],"yoast_head":"<!-- This site is optimized with the Yoast SEO plugin v25.5 - https:\/\/yoast.com\/wordpress\/plugins\/seo\/ -->\n<title>Argens-Minervois -<\/title>\n<meta name=\"robots\" content=\"index, follow, max-snippet:-1, max-image-preview:large, max-video-preview:-1\" \/>\n<link rel=\"canonical\" href=\"https:\/\/www.penichette.com\/en\/departure-base\/france\/argens-minervois\/\" \/>\n<meta property=\"og:locale\" content=\"en_US\" \/>\n<meta property=\"og:type\" content=\"article\" \/>\n<meta property=\"og:title\" content=\"Argens-Minervois -\" \/>\n<meta property=\"og:description\" content=\"[vc_row][vc_column][vc_column_text css=&#8221;.vc_custom_1615986886677{margin-bottom: 0px !important;}&#8221;] Departure Base Discover all the useful information and advice related to your departure base.[\/vc_column_text][\/vc_column][\/vc_row][vc_row fullwidth=&#8221;true&#8221; fullwidth_content=&#8221;false&#8221;][vc_column][pen_departure_filter][\/vc_column][\/vc_row][vc_section el_id=&#8221;direction-formalities&#8221; css=&#8221;.vc_custom_1601285129565{border-radius: 2px !important;}&#8221;][vc_row css=&#8221;.vc_custom_1601283567019{border-radius: 2px !important;}&#8221;][vc_column][mk_fancy_title font_family=&#8221;none&#8221; el_class=&#8221;base_content_title&#8221;]Starting out formalities &amp; boarding[\/mk_fancy_title][\/vc_column][\/vc_row][vc_row][vc_column][vc_row_inner][vc_column_inner width=&#8221;1\/2&#8243;][vc_column_text css=&#8221;.vc_custom_1601282488530{margin-bottom: 0px !important;}&#8221;][\/vc_column_text][\/vc_column_inner][vc_column_inner width=&#8221;1\/2&#8243;][vc_column_text css=&#8221;.vc_custom_1649088045054{margin-bottom: 0px !important;}&#8221;]Locaboat Holidays Port Occitanie Argens-Minervois, FR 11200 \u2709:\u00a0 argens-minervois@locaboat.com T: + 33 (0) 4 68 [&hellip;]\" \/>\n<meta property=\"og:url\" content=\"https:\/\/www.penichette.com\/en\/departure-base\/france\/argens-minervois\/\" \/>\n<meta property=\"og:site_name\" content=\"Penichette.com\" \/>\n<meta property=\"article:modified_time\" content=\"2025-01-16T10:35:17+00:00\" \/>\n<meta property=\"og:image\" content=\"https:\/\/www.penichette.com\/wp-content\/uploads\/2014\/12\/photo-base-de-depart1.jpg\" \/>\n\t<meta property=\"og:image:width\" content=\"980\" \/>\n\t<meta property=\"og:image:height\" content=\"500\" \/>\n\t<meta property=\"og:image:type\" content=\"image\/jpeg\" \/>\n<meta name=\"twitter:card\" content=\"summary_large_image\" \/>\n<meta name=\"twitter:label1\" content=\"Est. reading time\" \/>\n\t<meta name=\"twitter:data1\" content=\"5 minutes\" \/>\n<script type=\"application\/ld+json\" class=\"yoast-schema-graph\">{\"@context\":\"https:\/\/schema.org\",\"@graph\":[{\"@type\":\"WebPage\",\"@id\":\"https:\/\/www.penichette.com\/en\/departure-base\/france\/argens-minervois\/\",\"url\":\"https:\/\/www.penichette.com\/en\/departure-base\/france\/argens-minervois\/\",\"name\":\"Argens-Minervois -\",\"isPartOf\":{\"@id\":\"https:\/\/www.penichette.com\/#website\"},\"primaryImageOfPage\":{\"@id\":\"https:\/\/www.penichette.com\/en\/departure-base\/france\/argens-minervois\/#primaryimage\"},\"image\":{\"@id\":\"https:\/\/www.penichette.com\/en\/departure-base\/france\/argens-minervois\/#primaryimage\"},\"thumbnailUrl\":\"https:\/\/www.penichette.com\/wp-content\/uploads\/2014\/12\/photo-base-de-depart1.jpg\",\"datePublished\":\"2015-01-11T20:28:01+00:00\",\"dateModified\":\"2025-01-16T10:35:17+00:00\",\"breadcrumb\":{\"@id\":\"https:\/\/www.penichette.com\/en\/departure-base\/france\/argens-minervois\/#breadcrumb\"},\"inLanguage\":\"en-US\",\"potentialAction\":[{\"@type\":\"ReadAction\",\"target\":[\"https:\/\/www.penichette.com\/en\/departure-base\/france\/argens-minervois\/\"]}]},{\"@type\":\"ImageObject\",\"inLanguage\":\"en-US\",\"@id\":\"https:\/\/www.penichette.com\/en\/departure-base\/france\/argens-minervois\/#primaryimage\",\"url\":\"https:\/\/www.penichette.com\/wp-content\/uploads\/2014\/12\/photo-base-de-depart1.jpg\",\"contentUrl\":\"https:\/\/www.penichette.com\/wp-content\/uploads\/2014\/12\/photo-base-de-depart1.jpg\",\"width\":980,\"height\":500},{\"@type\":\"BreadcrumbList\",\"@id\":\"https:\/\/www.penichette.com\/en\/departure-base\/france\/argens-minervois\/#breadcrumb\",\"itemListElement\":[{\"@type\":\"ListItem\",\"position\":1,\"name\":\"Home\",\"item\":\"https:\/\/www.penichette.com\/en\/\"},{\"@type\":\"ListItem\",\"position\":2,\"name\":\"Departure base\",\"item\":\"https:\/\/www.penichette.com\/en\/departure-base\/\"},{\"@type\":\"ListItem\",\"position\":3,\"name\":\"France\",\"item\":\"https:\/\/www.penichette.com\/en\/departure-base\/france\/\"},{\"@type\":\"ListItem\",\"position\":4,\"name\":\"Argens-Minervois\"}]},{\"@type\":\"WebSite\",\"@id\":\"https:\/\/www.penichette.com\/#website\",\"url\":\"https:\/\/www.penichette.com\/\",\"name\":\"Penichette.com\",\"description\":\"\",\"potentialAction\":[{\"@type\":\"SearchAction\",\"target\":{\"@type\":\"EntryPoint\",\"urlTemplate\":\"https:\/\/www.penichette.com\/?s={search_term_string}\"},\"query-input\":{\"@type\":\"PropertyValueSpecification\",\"valueRequired\":true,\"valueName\":\"search_term_string\"}}],\"inLanguage\":\"en-US\"}]}<\/script>\n<!-- \/ Yoast SEO plugin. -->","yoast_head_json":{"title":"Argens-Minervois -","robots":{"index":"index","follow":"follow","max-snippet":"max-snippet:-1","max-image-preview":"max-image-preview:large","max-video-preview":"max-video-preview:-1"},"canonical":"https:\/\/www.penichette.com\/en\/departure-base\/france\/argens-minervois\/","og_locale":"en_US","og_type":"article","og_title":"Argens-Minervois -","og_description":"[vc_row][vc_column][vc_column_text css=&#8221;.vc_custom_1615986886677{margin-bottom: 0px !important;}&#8221;] Departure Base Discover all the useful information and advice related to your departure base.[\/vc_column_text][\/vc_column][\/vc_row][vc_row fullwidth=&#8221;true&#8221; fullwidth_content=&#8221;false&#8221;][vc_column][pen_departure_filter][\/vc_column][\/vc_row][vc_section el_id=&#8221;direction-formalities&#8221; css=&#8221;.vc_custom_1601285129565{border-radius: 2px !important;}&#8221;][vc_row css=&#8221;.vc_custom_1601283567019{border-radius: 2px !important;}&#8221;][vc_column][mk_fancy_title font_family=&#8221;none&#8221; el_class=&#8221;base_content_title&#8221;]Starting out formalities &amp; boarding[\/mk_fancy_title][\/vc_column][\/vc_row][vc_row][vc_column][vc_row_inner][vc_column_inner width=&#8221;1\/2&#8243;][vc_column_text css=&#8221;.vc_custom_1601282488530{margin-bottom: 0px !important;}&#8221;][\/vc_column_text][\/vc_column_inner][vc_column_inner width=&#8221;1\/2&#8243;][vc_column_text css=&#8221;.vc_custom_1649088045054{margin-bottom: 0px !important;}&#8221;]Locaboat Holidays Port Occitanie Argens-Minervois, FR 11200 \u2709:\u00a0 argens-minervois@locaboat.com T: + 33 (0) 4 68 [&hellip;]","og_url":"https:\/\/www.penichette.com\/en\/departure-base\/france\/argens-minervois\/","og_site_name":"Penichette.com","article_modified_time":"2025-01-16T10:35:17+00:00","og_image":[{"width":980,"height":500,"url":"https:\/\/www.penichette.com\/wp-content\/uploads\/2014\/12\/photo-base-de-depart1.jpg","type":"image\/jpeg"}],"twitter_card":"summary_large_image","twitter_misc":{"Est. reading time":"5 minutes"},"schema":{"@context":"https:\/\/schema.org","@graph":[{"@type":"WebPage","@id":"https:\/\/www.penichette.com\/en\/departure-base\/france\/argens-minervois\/","url":"https:\/\/www.penichette.com\/en\/departure-base\/france\/argens-minervois\/","name":"Argens-Minervois -","isPartOf":{"@id":"https:\/\/www.penichette.com\/#website"},"primaryImageOfPage":{"@id":"https:\/\/www.penichette.com\/en\/departure-base\/france\/argens-minervois\/#primaryimage"},"image":{"@id":"https:\/\/www.penichette.com\/en\/departure-base\/france\/argens-minervois\/#primaryimage"},"thumbnailUrl":"https:\/\/www.penichette.com\/wp-content\/uploads\/2014\/12\/photo-base-de-depart1.jpg","datePublished":"2015-01-11T20:28:01+00:00","dateModified":"2025-01-16T10:35:17+00:00","breadcrumb":{"@id":"https:\/\/www.penichette.com\/en\/departure-base\/france\/argens-minervois\/#breadcrumb"},"inLanguage":"en-US","potentialAction":[{"@type":"ReadAction","target":["https:\/\/www.penichette.com\/en\/departure-base\/france\/argens-minervois\/"]}]},{"@type":"ImageObject","inLanguage":"en-US","@id":"https:\/\/www.penichette.com\/en\/departure-base\/france\/argens-minervois\/#primaryimage","url":"https:\/\/www.penichette.com\/wp-content\/uploads\/2014\/12\/photo-base-de-depart1.jpg","contentUrl":"https:\/\/www.penichette.com\/wp-content\/uploads\/2014\/12\/photo-base-de-depart1.jpg","width":980,"height":500},{"@type":"BreadcrumbList","@id":"https:\/\/www.penichette.com\/en\/departure-base\/france\/argens-minervois\/#breadcrumb","itemListElement":[{"@type":"ListItem","position":1,"name":"Home","item":"https:\/\/www.penichette.com\/en\/"},{"@type":"ListItem","position":2,"name":"Departure base","item":"https:\/\/www.penichette.com\/en\/departure-base\/"},{"@type":"ListItem","position":3,"name":"France","item":"https:\/\/www.penichette.com\/en\/departure-base\/france\/"},{"@type":"ListItem","position":4,"name":"Argens-Minervois"}]},{"@type":"WebSite","@id":"https:\/\/www.penichette.com\/#website","url":"https:\/\/www.penichette.com\/","name":"Penichette.com","description":"","potentialAction":[{"@type":"SearchAction","target":{"@type":"EntryPoint","urlTemplate":"https:\/\/www.penichette.com\/?s={search_term_string}"},"query-input":{"@type":"PropertyValueSpecification","valueRequired":true,"valueName":"search_term_string"}}],"inLanguage":"en-US"}]}},"_links":{"self":[{"href":"https:\/\/www.penichette.com\/en\/wp-json\/wp\/v2\/pages\/575","targetHints":{"allow":["GET"]}}],"collection":[{"href":"https:\/\/www.penichette.com\/en\/wp-json\/wp\/v2\/pages"}],"about":[{"href":"https:\/\/www.penichette.com\/en\/wp-json\/wp\/v2\/types\/page"}],"author":[{"embeddable":true,"href":"https:\/\/www.penichette.com\/en\/wp-json\/wp\/v2\/users\/4"}],"replies":[{"embeddable":true,"href":"https:\/\/www.penichette.com\/en\/wp-json\/wp\/v2\/comments?post=575"}],"version-history":[{"count":31,"href":"https:\/\/www.penichette.com\/en\/wp-json\/wp\/v2\/pages\/575\/revisions"}],"predecessor-version":[{"id":7056,"href":"https:\/\/www.penichette.com\/en\/wp-json\/wp\/v2\/pages\/575\/revisions\/7056"}],"up":[{"embeddable":true,"href":"https:\/\/www.penichette.com\/en\/wp-json\/wp\/v2\/pages\/346"}],"wp:featuredmedia":[{"embeddable":true,"href":"https:\/\/www.penichette.com\/en\/wp-json\/wp\/v2\/media\/178"}],"wp:attachment":[{"href":"https:\/\/www.penichette.com\/en\/wp-json\/wp\/v2\/media?parent=575"}],"curies":[{"name":"wp","href":"https:\/\/api.w.org\/{rel}","templated":true}]}}