{"id":583,"date":"2015-01-11T21:29:30","date_gmt":"2015-01-11T20:29:30","guid":{"rendered":"http:\/\/hosting-penichette.bertrandlepage.fr\/?page_id=583"},"modified":"2025-01-16T11:36:25","modified_gmt":"2025-01-16T10:36:25","slug":"dompierre","status":"publish","type":"page","link":"https:\/\/www.penichette.com\/en\/departure-base\/france\/dompierre\/","title":{"rendered":"Dompierre"},"content":{"rendered":"<div class=\"wpb-content-wrapper\">[vc_row][vc_column][vc_column_text css=&#8221;.vc_custom_1615986886677{margin-bottom: 0px !important;}&#8221;]\n<h3><strong>Departure Base<\/strong><\/h3>\n<p><em>Discover all the useful information and advice related to your departure base.<\/em>[\/vc_column_text][\/vc_column][\/vc_row][vc_row fullwidth=&#8221;true&#8221; fullwidth_content=&#8221;false&#8221;][vc_column][pen_departure_filter][\/vc_column][\/vc_row][vc_section el_id=&#8221;direction-formalities&#8221; css=&#8221;.vc_custom_1601285129565{border-radius: 2px !important;}&#8221;][vc_row css=&#8221;.vc_custom_1601283567019{border-radius: 2px !important;}&#8221;][vc_column][mk_fancy_title font_family=&#8221;none&#8221; el_class=&#8221;base_content_title&#8221;]Starting out formalities &amp; boarding[\/mk_fancy_title][\/vc_column][\/vc_row][vc_row][vc_column][vc_row_inner][vc_column_inner width=&#8221;1\/2&#8243;][vc_column_text css=&#8221;.vc_custom_1601282488530{margin-bottom: 0px !important;}&#8221;]<iframe loading=\"lazy\" style=\"border: 0;\" src=\"https:\/\/www.google.com\/maps\/embed?pb=!1m18!1m12!1m3!1d2745.3105657431333!2d3.6857473155932166!3d46.52175597912766!2m3!1f0!2f0!3f0!3m2!1i1024!2i768!4f13.1!3m3!1m2!1s0x0%3A0x5a0faf815af4fcec!2sLocaboat%20Holidays%20Dompierre-sur-Besbre%20-%20Location%20bateau%20Canal%20Lat%C3%A9ral%20%C3%A0%20la%20Loire!5e0!3m2!1sfr!2sfr!4v1596097535254!5m2!1sfr!2sfr\" width=\"100%\" height=\"350\" frameborder=\"0\" allowfullscreen=\"allowfullscreen\"><\/iframe>[\/vc_column_text][\/vc_column_inner][vc_column_inner width=&#8221;1\/2&#8243;][vc_column_text css=&#8221;.vc_custom_1737018352774{margin-bottom: 0px !important;}&#8221;]<strong>Locaboat Holidays<\/strong><br \/>\nLe Port<br \/>\nDompierre-sur-Besbre, FR 03290<\/p>\n<p><abbr title=\"Email\"><span class=\"base-msg-icon\">\u2709<\/span>:<\/abbr>\u00a0 dompierre@locaboat.com<br \/>\n<abbr title=\"Tel\">T:<\/abbr> + 33 (0) 4 70 48 27 27<br \/>\n<abbr title=\"GPS\">G:<\/abbr> N 46\u00b031&#8217;18.04 E 03\u00b041&#8217;16.31[\/vc_column_text][\/vc_column_inner][\/vc_row_inner][vc_row_inner][vc_column_inner][vc_column_text css=&#8221;.vc_custom_1737018649036{margin-bottom: 0px !important;}&#8221;]\n<table style=\"border: 0pt solid #0e84f0;\" border=\"0\" frame=\"vsides\" cellspacing=\"0\" cellpadding=\"5\" align=\"left\">\n<tbody>\n<tr>\n<td align=\"left\" valign=\"top\" width=\"450\"><strong><a class=\"anchor\" name=\"topic02\"><\/a>Starting out formalities:<\/strong><\/p>\n<p>Departure days between 2 and 6pm.<\/p>\n<p>Return day between 8 and 9am.<\/td>\n<td align=\"left\" valign=\"top\" width=\"450\"><strong>Boarding:<\/strong><\/p>\n<p>As soon as the boat is ready.<\/td>\n<\/tr>\n<tr>\n<td align=\"left\" valign=\"top\" width=\"450\"><strong>On site:<\/strong><\/p>\n<p>WC and shower according to the opening hours of the base.<\/td>\n<td align=\"left\" valign=\"top\" width=\"450\"><\/td>\n<\/tr>\n<\/tbody>\n<\/table>\n[\/vc_column_text][\/vc_column_inner][\/vc_row_inner][\/vc_column][\/vc_row][\/vc_section][vc_section el_id=&#8221;how-to-get-base&#8221;][vc_row][vc_column][mk_fancy_title font_family=&#8221;none&#8221; el_class=&#8221;base_content_title&#8221;]How to get to the base[\/mk_fancy_title][\/vc_column][\/vc_row][vc_row][vc_column][vc_column_text css=&#8221;.vc_custom_1737023410660{margin-bottom: 0px !important;}&#8221;]\n<table style=\"border: 0pt solid #0e84f0;\" border=\"0\" frame=\"vsides\" cellspacing=\"0\" cellpadding=\"5\" align=\"left\">\n<tbody>\n<tr>\n<td align=\"left\" valign=\"top\" width=\"450\"><strong><a class=\"anchor\" name=\"topic02\"><\/a>Access:<\/strong><\/p>\n<ul>\n<li>A6 &#8211; E15 exit 26 Chalon-Sud, then N80, N70 and N79, exit 26 Dompierre-sur-Besbre, follow D779 to Dompierre-sur-Besbre.<\/li>\n<li><a href=\"https:\/\/www.sncf-connect.com\/en-en\/\">Dompierre-Sept-Fons regional station<\/a> (3 km) | <a href=\"https:\/\/www.sncf-connect.com\/en-en\/\">Le Creusot-Montchanin TGV station<\/a> (87 km)<\/li>\n<li><a href=\"https:\/\/www.lyonaeroports.com\/en\">Lyon Saint-Exup\u00e9ry airpor<\/a>t (196 km)<\/li>\n<\/ul>\n<\/td>\n<td align=\"left\" valign=\"top\" width=\"450\"><strong>Car park:<\/strong><\/p>\n<ul>\n<li>Covered, unguarded: 56 \u20ac \/ week<\/li>\n<li>Public, not enclosed or guarded: free<\/li>\n<\/ul>\n<\/td>\n<\/tr>\n<tr>\n<td align=\"left\" valign=\"top\" width=\"450\"><strong>Car hire:<\/strong><\/p>\n<ul>\n<li><a href=\"http:\/\/www.avis.com\" target=\"_blank\" rel=\"noopener nofollow noreferrer\">Avis<\/a> (Moulins, 37 km) tel. : 04 70 46 58 24<\/li>\n<li><a href=\"http:\/\/www.europcar.com\" target=\"_blank\" rel=\"noopener nofollow noreferrer\">Europcar<\/a> (Moulins, 37 km) tel. : 04 70 46 60 66<\/li>\n<li><a href=\"http:\/\/www.hertz.com\" target=\"_blank\" rel=\"noopener nofollow noreferrer\">Hertz<\/a> (Moulins, 37 km) tel. : 04 70 44 38 92<\/li>\n<\/ul>\n<\/td>\n<td align=\"left\" valign=\"top\" width=\"450\"><strong>Taxi:<\/strong><\/p>\n<ul>\n<li>Taxi Duroutoy Andr\u00e9 tel. : 04 70 43 89 34<\/li>\n<li>Taxi Charmet tel. : 04 70 47 04 79<\/li>\n<li>Taxi Christine tel. : 06 85 75 63 14<\/li>\n<\/ul>\n<\/td>\n<\/tr>\n<tr>\n<td align=\"left\" valign=\"top\" width=\"450\"><\/td>\n<td align=\"left\" valign=\"top\" width=\"450\"><\/td>\n<\/tr>\n<\/tbody>\n<\/table>\n[\/vc_column_text][\/vc_column][\/vc_row][\/vc_section][vc_section el_id=&#8221;base-tourist&#8221;][vc_row][vc_column][mk_fancy_title font_family=&#8221;none&#8221; el_class=&#8221;base_content_title&#8221;]Hotels, restaurants and shopping facilities on site[\/mk_fancy_title][\/vc_column][\/vc_row][vc_row][vc_column][vc_column_text css=&#8221;.vc_custom_1737018454969{margin-bottom: 0px !important;}&#8221;]\n<table style=\"border: 0pt solid #0e84f0;\" border=\"0\" frame=\"vsides\" cellspacing=\"0\" cellpadding=\"5\" align=\"left\">\n<tbody>\n<tr>\n<td align=\"left\" valign=\"top\" width=\"450\"><strong><a class=\"anchor\" name=\"topic03\"><\/a>Hotels:<\/strong><\/p>\n<ul>\n<li><a href=\"http:\/\/www.auberge-olive.fr\" target=\"_blank\" rel=\"noopener nofollow noreferrer\">Auberge de l\u2019Olive<\/a> tel.: 04 70 34 51 87<\/li>\n<li><a href=\"http:\/\/www.la-roseraie03.com\" target=\"_blank\" rel=\"noopener nofollow noreferrer\">La Roseraie<\/a> tel.: 04 70 48 01 30<\/li>\n<li><a href=\"http:\/\/www.hotel-manoirdesornat.com\" target=\"_blank\" rel=\"noopener nofollow noreferrer\">Manoir de Sornat<\/a> (Bourbon Lancy, 12 km)<br \/>\ntel.: 03 85 89 17 39 &#8211; Fax: 03 85 89 29 47<\/li>\n<\/ul>\n<\/td>\n<td align=\"left\" valign=\"top\" width=\"450\"><strong>Restaurants:<\/strong><\/p>\n<ul>\n<li>&#8220;Le grand m\u00e9chant loup&#8221; tel. : 04.70.49.29.33. Grande rue<br \/>\n03290, Dompierre sur Besbre<\/li>\n<li>&#8220;La p\u00e9niche&#8221; ( along the canal at 9.6 kilometers ) tel. : 09.55.96.52.57. 1 chemin du port<br \/>\n03470, Pierrefitte sur Loire<\/li>\n<\/ul>\n<\/td>\n<\/tr>\n<tr>\n<td align=\"left\" valign=\"top\" width=\"450\"><\/td>\n<td align=\"left\" valign=\"top\" width=\"450\"><\/td>\n<\/tr>\n<tr>\n<td align=\"left\" valign=\"top\" width=\"450\"><strong>Shops:<\/strong><\/p>\n<ul>\n<li>At Dompierre closed on Sunday afternoons.<\/li>\n<\/ul>\n<\/td>\n<td align=\"left\" valign=\"top\" width=\"450\"><strong>Markets:<\/strong><\/p>\n<ul>\n<li>At Dompierre on Saturday mornings.<\/li>\n<\/ul>\n<\/td>\n<\/tr>\n<\/tbody>\n<\/table>\n[\/vc_column_text][\/vc_column][\/vc_row][\/vc_section][vc_section el_id=&#8221;base-tourist&#8221;][vc_row][vc_column][mk_fancy_title font_family=&#8221;none&#8221; el_class=&#8221;base_content_title&#8221;]Touristic Information[\/mk_fancy_title][\/vc_column][\/vc_row][vc_row][vc_column][vc_column_text css=&#8221;.vc_custom_1617885605452{margin-bottom: 0px !important;}&#8221;]\n<table style=\"border: 0pt solid #0e84f0;\" border=\"0\" frame=\"vsides\" cellspacing=\"0\" cellpadding=\"5\" align=\"left\">\n<tbody>\n<tr>\n<td align=\"left\" valign=\"top\" width=\"450\"><strong><a class=\"anchor\" name=\"topic04\"><\/a>Gastronomic specialities:<\/strong><\/p>\n<ul>\n<li>P\u00e2t\u00e9 with potatoes, &#8216;pompe aux grattons&#8217; (a special salted cake), andouillette from Saint-Pour\u00e7ain.<\/li>\n<\/ul>\n<\/td>\n<td align=\"left\" valign=\"top\" width=\"450\"><strong>Local drinks:<\/strong><\/p>\n<ul>\n<li>White, ros\u00e9 and red wines of Saint-Pour\u00e7ain ; waters from Saint-Yorre and Vichy-C\u00e9lestin.<\/li>\n<\/ul>\n<\/td>\n<\/tr>\n<tr>\n<td align=\"left\" valign=\"top\" width=\"450\"><strong><strong>To see:<\/strong><\/strong><\/p>\n<ul>\n<li>Rose garden of the <a href=\"http:\/\/www.abbayedeseptfons.com\/\" target=\"_blank\" rel=\"noopener nofollow noreferrer\">Abbey of Sept-Fons<\/a>, Safari park <a href=\"http:\/\/www.lepal.com\/\" target=\"_blank\" rel=\"noopener nofollow noreferrer\">Perci\u00e8res Le Pal<\/a> at Dompierre, the castle of Toury, swimming pool (10 min. by foot from the base).<\/li>\n<\/ul>\n<\/td>\n<td align=\"left\" valign=\"top\" width=\"450\"><strong>Fishing:<\/strong><\/p>\n<ul>\n<li>Fishing licence obligatory: on sale at Euro p\u00eache, grande rue, Dompierre, open 8.30-12.30 am and 2-7.30 pm, Tuesday to Sunday, tel.: 04 70 34 81 45.<br \/>\nPike, zander, carp, perch, roach&#8230;<\/li>\n<\/ul>\n<\/td>\n<\/tr>\n<tr>\n<td align=\"left\" valign=\"top\" width=\"450\"><strong>Tourist office:<\/strong><\/p>\n<ul>\n<li>At Dompierre tel.: 04 70 34 61 31 &#8211; Fax: 04 70 34 63 24<br \/>\n<a href=\"http:\/\/www.ot-valdebesbre.com\/\" target=\"_blank\" rel=\"noopener nofollow noreferrer\">www.ot-valdebesbre.com<\/a><\/li>\n<\/ul>\n<\/td>\n<td align=\"left\" valign=\"top\" width=\"450\"><strong>\u00a0<\/strong><\/td>\n<\/tr>\n<\/tbody>\n<\/table>\n[\/vc_column_text][\/vc_column][\/vc_row][\/vc_section][vc_section el_id=&#8221;base-waterways&#8221;][vc_row][vc_column][mk_fancy_title font_family=&#8221;none&#8221; el_class=&#8221;base_content_title&#8221;]Information on the waterways[\/mk_fancy_title][\/vc_column][\/vc_row][vc_row][vc_column][vc_column_text css=&#8221;.vc_custom_1613490890505{margin-bottom: 0px !important;}&#8221;]\n<table style=\"border: 0pt solid #0e84f0;\" border=\"0\" frame=\"vsides\" cellspacing=\"0\" cellpadding=\"5\" align=\"left\">\n<tbody>\n<tr>\n<td align=\"left\" valign=\"top\" width=\"800\"><strong><a class=\"anchor\" name=\"topic05\"><\/a>Waterways:<\/strong><\/td>\n<\/tr>\n<tr>\n<td align=\"left\" valign=\"top\" width=\"800\">The <strong>Canal de Roanne \u00e0 Digoin<\/strong> is open daily from 9am to 12pm and from 1 to 6pm, except for the 1st November.<\/p>\n<p>The locks on the <strong>Canal lat\u00e9ral \u00e0 la Loire<\/strong> and <strong>Canal du Nivernais<\/strong> are open daily from 9am to 12pm and from 1 to 7pm. Most of them are manual with lock keepers. Closed on the 1st Mayand 14th July, on 1st November only on the Canal lat\u00e9ral \u00e0 la Loire.<\/p>\n<p>On the Nivernais, the boats are accompanied by a lock keeper for several locks (from March to June and in September and October). In July and August, there is a lock keeper at each lock.<\/td>\n<\/tr>\n<\/tbody>\n<\/table>\n[\/vc_column_text][\/vc_column][\/vc_row][\/vc_section]\n<\/div>","protected":false},"excerpt":{"rendered":"<p>[vc_row][vc_column][vc_column_text css=&#8221;.vc_custom_1615986886677{margin-bottom: 0px !important;}&#8221;] Departure Base Discover all the useful information and advice related to your departure base.[\/vc_column_text][\/vc_column][\/vc_row][vc_row fullwidth=&#8221;true&#8221; fullwidth_content=&#8221;false&#8221;][vc_column][pen_departure_filter][\/vc_column][\/vc_row][vc_section el_id=&#8221;direction-formalities&#8221; css=&#8221;.vc_custom_1601285129565{border-radius: 2px !important;}&#8221;][vc_row css=&#8221;.vc_custom_1601283567019{border-radius: 2px !important;}&#8221;][vc_column][mk_fancy_title font_family=&#8221;none&#8221; el_class=&#8221;base_content_title&#8221;]Starting out formalities &amp; boarding[\/mk_fancy_title][\/vc_column][\/vc_row][vc_row][vc_column][vc_row_inner][vc_column_inner width=&#8221;1\/2&#8243;][vc_column_text css=&#8221;.vc_custom_1601282488530{margin-bottom: 0px !important;}&#8221;][\/vc_column_text][\/vc_column_inner][vc_column_inner width=&#8221;1\/2&#8243;][vc_column_text css=&#8221;.vc_custom_1737018352774{margin-bottom: 0px !important;}&#8221;]Locaboat Holidays Le Port Dompierre-sur-Besbre, FR 03290 \u2709:\u00a0 dompierre@locaboat.com T: + 33 (0) 4 70 [&hellip;]<\/p>\n","protected":false},"author":4,"featured_media":178,"parent":346,"menu_order":0,"comment_status":"closed","ping_status":"closed","template":"template-departure-base.php","meta":{"footnotes":""},"class_list":["post-583","page","type-page","status-publish","has-post-thumbnail","hentry"],"yoast_head":"<!-- This site is optimized with the Yoast SEO plugin v25.5 - https:\/\/yoast.com\/wordpress\/plugins\/seo\/ -->\n<title>Dompierre -<\/title>\n<meta name=\"robots\" content=\"index, follow, max-snippet:-1, max-image-preview:large, max-video-preview:-1\" \/>\n<link rel=\"canonical\" href=\"https:\/\/www.penichette.com\/en\/departure-base\/france\/dompierre\/\" \/>\n<meta property=\"og:locale\" content=\"en_US\" \/>\n<meta property=\"og:type\" content=\"article\" \/>\n<meta property=\"og:title\" content=\"Dompierre -\" \/>\n<meta property=\"og:description\" content=\"[vc_row][vc_column][vc_column_text css=&#8221;.vc_custom_1615986886677{margin-bottom: 0px !important;}&#8221;] Departure Base Discover all the useful information and advice related to your departure base.[\/vc_column_text][\/vc_column][\/vc_row][vc_row fullwidth=&#8221;true&#8221; fullwidth_content=&#8221;false&#8221;][vc_column][pen_departure_filter][\/vc_column][\/vc_row][vc_section el_id=&#8221;direction-formalities&#8221; css=&#8221;.vc_custom_1601285129565{border-radius: 2px !important;}&#8221;][vc_row css=&#8221;.vc_custom_1601283567019{border-radius: 2px !important;}&#8221;][vc_column][mk_fancy_title font_family=&#8221;none&#8221; el_class=&#8221;base_content_title&#8221;]Starting out formalities &amp; boarding[\/mk_fancy_title][\/vc_column][\/vc_row][vc_row][vc_column][vc_row_inner][vc_column_inner width=&#8221;1\/2&#8243;][vc_column_text css=&#8221;.vc_custom_1601282488530{margin-bottom: 0px !important;}&#8221;][\/vc_column_text][\/vc_column_inner][vc_column_inner width=&#8221;1\/2&#8243;][vc_column_text css=&#8221;.vc_custom_1737018352774{margin-bottom: 0px !important;}&#8221;]Locaboat Holidays Le Port Dompierre-sur-Besbre, FR 03290 \u2709:\u00a0 dompierre@locaboat.com T: + 33 (0) 4 70 [&hellip;]\" \/>\n<meta property=\"og:url\" content=\"https:\/\/www.penichette.com\/en\/departure-base\/france\/dompierre\/\" \/>\n<meta property=\"og:site_name\" content=\"Penichette.com\" \/>\n<meta property=\"article:modified_time\" content=\"2025-01-16T10:36:25+00:00\" \/>\n<meta property=\"og:image\" content=\"https:\/\/www.penichette.com\/wp-content\/uploads\/2014\/12\/photo-base-de-depart1.jpg\" \/>\n\t<meta property=\"og:image:width\" content=\"980\" \/>\n\t<meta property=\"og:image:height\" content=\"500\" \/>\n\t<meta property=\"og:image:type\" content=\"image\/jpeg\" \/>\n<meta name=\"twitter:card\" content=\"summary_large_image\" \/>\n<meta name=\"twitter:label1\" content=\"Est. reading time\" \/>\n\t<meta name=\"twitter:data1\" content=\"4 minutes\" \/>\n<script type=\"application\/ld+json\" class=\"yoast-schema-graph\">{\"@context\":\"https:\/\/schema.org\",\"@graph\":[{\"@type\":\"WebPage\",\"@id\":\"https:\/\/www.penichette.com\/en\/departure-base\/france\/dompierre\/\",\"url\":\"https:\/\/www.penichette.com\/en\/departure-base\/france\/dompierre\/\",\"name\":\"Dompierre -\",\"isPartOf\":{\"@id\":\"https:\/\/www.penichette.com\/#website\"},\"primaryImageOfPage\":{\"@id\":\"https:\/\/www.penichette.com\/en\/departure-base\/france\/dompierre\/#primaryimage\"},\"image\":{\"@id\":\"https:\/\/www.penichette.com\/en\/departure-base\/france\/dompierre\/#primaryimage\"},\"thumbnailUrl\":\"https:\/\/www.penichette.com\/wp-content\/uploads\/2014\/12\/photo-base-de-depart1.jpg\",\"datePublished\":\"2015-01-11T20:29:30+00:00\",\"dateModified\":\"2025-01-16T10:36:25+00:00\",\"breadcrumb\":{\"@id\":\"https:\/\/www.penichette.com\/en\/departure-base\/france\/dompierre\/#breadcrumb\"},\"inLanguage\":\"en-US\",\"potentialAction\":[{\"@type\":\"ReadAction\",\"target\":[\"https:\/\/www.penichette.com\/en\/departure-base\/france\/dompierre\/\"]}]},{\"@type\":\"ImageObject\",\"inLanguage\":\"en-US\",\"@id\":\"https:\/\/www.penichette.com\/en\/departure-base\/france\/dompierre\/#primaryimage\",\"url\":\"https:\/\/www.penichette.com\/wp-content\/uploads\/2014\/12\/photo-base-de-depart1.jpg\",\"contentUrl\":\"https:\/\/www.penichette.com\/wp-content\/uploads\/2014\/12\/photo-base-de-depart1.jpg\",\"width\":980,\"height\":500},{\"@type\":\"BreadcrumbList\",\"@id\":\"https:\/\/www.penichette.com\/en\/departure-base\/france\/dompierre\/#breadcrumb\",\"itemListElement\":[{\"@type\":\"ListItem\",\"position\":1,\"name\":\"Home\",\"item\":\"https:\/\/www.penichette.com\/en\/\"},{\"@type\":\"ListItem\",\"position\":2,\"name\":\"Departure base\",\"item\":\"https:\/\/www.penichette.com\/en\/departure-base\/\"},{\"@type\":\"ListItem\",\"position\":3,\"name\":\"France\",\"item\":\"https:\/\/www.penichette.com\/en\/departure-base\/france\/\"},{\"@type\":\"ListItem\",\"position\":4,\"name\":\"Dompierre\"}]},{\"@type\":\"WebSite\",\"@id\":\"https:\/\/www.penichette.com\/#website\",\"url\":\"https:\/\/www.penichette.com\/\",\"name\":\"Penichette.com\",\"description\":\"\",\"potentialAction\":[{\"@type\":\"SearchAction\",\"target\":{\"@type\":\"EntryPoint\",\"urlTemplate\":\"https:\/\/www.penichette.com\/?s={search_term_string}\"},\"query-input\":{\"@type\":\"PropertyValueSpecification\",\"valueRequired\":true,\"valueName\":\"search_term_string\"}}],\"inLanguage\":\"en-US\"}]}<\/script>\n<!-- \/ Yoast SEO plugin. -->","yoast_head_json":{"title":"Dompierre -","robots":{"index":"index","follow":"follow","max-snippet":"max-snippet:-1","max-image-preview":"max-image-preview:large","max-video-preview":"max-video-preview:-1"},"canonical":"https:\/\/www.penichette.com\/en\/departure-base\/france\/dompierre\/","og_locale":"en_US","og_type":"article","og_title":"Dompierre -","og_description":"[vc_row][vc_column][vc_column_text css=&#8221;.vc_custom_1615986886677{margin-bottom: 0px !important;}&#8221;] Departure Base Discover all the useful information and advice related to your departure base.[\/vc_column_text][\/vc_column][\/vc_row][vc_row fullwidth=&#8221;true&#8221; fullwidth_content=&#8221;false&#8221;][vc_column][pen_departure_filter][\/vc_column][\/vc_row][vc_section el_id=&#8221;direction-formalities&#8221; css=&#8221;.vc_custom_1601285129565{border-radius: 2px !important;}&#8221;][vc_row css=&#8221;.vc_custom_1601283567019{border-radius: 2px !important;}&#8221;][vc_column][mk_fancy_title font_family=&#8221;none&#8221; el_class=&#8221;base_content_title&#8221;]Starting out formalities &amp; boarding[\/mk_fancy_title][\/vc_column][\/vc_row][vc_row][vc_column][vc_row_inner][vc_column_inner width=&#8221;1\/2&#8243;][vc_column_text css=&#8221;.vc_custom_1601282488530{margin-bottom: 0px !important;}&#8221;][\/vc_column_text][\/vc_column_inner][vc_column_inner width=&#8221;1\/2&#8243;][vc_column_text css=&#8221;.vc_custom_1737018352774{margin-bottom: 0px !important;}&#8221;]Locaboat Holidays Le Port Dompierre-sur-Besbre, FR 03290 \u2709:\u00a0 dompierre@locaboat.com T: + 33 (0) 4 70 [&hellip;]","og_url":"https:\/\/www.penichette.com\/en\/departure-base\/france\/dompierre\/","og_site_name":"Penichette.com","article_modified_time":"2025-01-16T10:36:25+00:00","og_image":[{"width":980,"height":500,"url":"https:\/\/www.penichette.com\/wp-content\/uploads\/2014\/12\/photo-base-de-depart1.jpg","type":"image\/jpeg"}],"twitter_card":"summary_large_image","twitter_misc":{"Est. reading time":"4 minutes"},"schema":{"@context":"https:\/\/schema.org","@graph":[{"@type":"WebPage","@id":"https:\/\/www.penichette.com\/en\/departure-base\/france\/dompierre\/","url":"https:\/\/www.penichette.com\/en\/departure-base\/france\/dompierre\/","name":"Dompierre -","isPartOf":{"@id":"https:\/\/www.penichette.com\/#website"},"primaryImageOfPage":{"@id":"https:\/\/www.penichette.com\/en\/departure-base\/france\/dompierre\/#primaryimage"},"image":{"@id":"https:\/\/www.penichette.com\/en\/departure-base\/france\/dompierre\/#primaryimage"},"thumbnailUrl":"https:\/\/www.penichette.com\/wp-content\/uploads\/2014\/12\/photo-base-de-depart1.jpg","datePublished":"2015-01-11T20:29:30+00:00","dateModified":"2025-01-16T10:36:25+00:00","breadcrumb":{"@id":"https:\/\/www.penichette.com\/en\/departure-base\/france\/dompierre\/#breadcrumb"},"inLanguage":"en-US","potentialAction":[{"@type":"ReadAction","target":["https:\/\/www.penichette.com\/en\/departure-base\/france\/dompierre\/"]}]},{"@type":"ImageObject","inLanguage":"en-US","@id":"https:\/\/www.penichette.com\/en\/departure-base\/france\/dompierre\/#primaryimage","url":"https:\/\/www.penichette.com\/wp-content\/uploads\/2014\/12\/photo-base-de-depart1.jpg","contentUrl":"https:\/\/www.penichette.com\/wp-content\/uploads\/2014\/12\/photo-base-de-depart1.jpg","width":980,"height":500},{"@type":"BreadcrumbList","@id":"https:\/\/www.penichette.com\/en\/departure-base\/france\/dompierre\/#breadcrumb","itemListElement":[{"@type":"ListItem","position":1,"name":"Home","item":"https:\/\/www.penichette.com\/en\/"},{"@type":"ListItem","position":2,"name":"Departure base","item":"https:\/\/www.penichette.com\/en\/departure-base\/"},{"@type":"ListItem","position":3,"name":"France","item":"https:\/\/www.penichette.com\/en\/departure-base\/france\/"},{"@type":"ListItem","position":4,"name":"Dompierre"}]},{"@type":"WebSite","@id":"https:\/\/www.penichette.com\/#website","url":"https:\/\/www.penichette.com\/","name":"Penichette.com","description":"","potentialAction":[{"@type":"SearchAction","target":{"@type":"EntryPoint","urlTemplate":"https:\/\/www.penichette.com\/?s={search_term_string}"},"query-input":{"@type":"PropertyValueSpecification","valueRequired":true,"valueName":"search_term_string"}}],"inLanguage":"en-US"}]}},"_links":{"self":[{"href":"https:\/\/www.penichette.com\/en\/wp-json\/wp\/v2\/pages\/583","targetHints":{"allow":["GET"]}}],"collection":[{"href":"https:\/\/www.penichette.com\/en\/wp-json\/wp\/v2\/pages"}],"about":[{"href":"https:\/\/www.penichette.com\/en\/wp-json\/wp\/v2\/types\/page"}],"author":[{"embeddable":true,"href":"https:\/\/www.penichette.com\/en\/wp-json\/wp\/v2\/users\/4"}],"replies":[{"embeddable":true,"href":"https:\/\/www.penichette.com\/en\/wp-json\/wp\/v2\/comments?post=583"}],"version-history":[{"count":18,"href":"https:\/\/www.penichette.com\/en\/wp-json\/wp\/v2\/pages\/583\/revisions"}],"predecessor-version":[{"id":7061,"href":"https:\/\/www.penichette.com\/en\/wp-json\/wp\/v2\/pages\/583\/revisions\/7061"}],"up":[{"embeddable":true,"href":"https:\/\/www.penichette.com\/en\/wp-json\/wp\/v2\/pages\/346"}],"wp:featuredmedia":[{"embeddable":true,"href":"https:\/\/www.penichette.com\/en\/wp-json\/wp\/v2\/media\/178"}],"wp:attachment":[{"href":"https:\/\/www.penichette.com\/en\/wp-json\/wp\/v2\/media?parent=583"}],"curies":[{"name":"wp","href":"https:\/\/api.w.org\/{rel}","templated":true}]}}