{"id":607,"date":"2015-01-11T21:32:45","date_gmt":"2015-01-11T20:32:45","guid":{"rendered":"http:\/\/hosting-penichette.bertrandlepage.fr\/?page_id=607"},"modified":"2025-01-16T11:45:51","modified_gmt":"2025-01-16T10:45:51","slug":"scey-sur-saone","status":"publish","type":"page","link":"https:\/\/www.penichette.com\/en\/departure-base\/france\/scey-sur-saone\/","title":{"rendered":"Scey-sur-Sa\u00f4ne"},"content":{"rendered":"<div class=\"wpb-content-wrapper\">[vc_row][vc_column][vc_column_text css=&#8221;.vc_custom_1615986886677{margin-bottom: 0px !important;}&#8221;]\n<h3><strong>Departure Base<\/strong><\/h3>\n<p><em>Discover all the useful information and advice related to your departure base.<\/em>[\/vc_column_text][\/vc_column][\/vc_row][vc_row fullwidth=&#8221;true&#8221; fullwidth_content=&#8221;false&#8221;][vc_column][pen_departure_filter][\/vc_column][\/vc_row][vc_section el_id=&#8221;direction-formalities&#8221; css=&#8221;.vc_custom_1601285129565{border-radius: 2px !important;}&#8221;][vc_row css=&#8221;.vc_custom_1601283567019{border-radius: 2px !important;}&#8221;][vc_column][mk_fancy_title font_family=&#8221;none&#8221; el_class=&#8221;base_content_title&#8221;]Starting out formalities &amp; boarding[\/mk_fancy_title][\/vc_column][\/vc_row][vc_row][vc_column][vc_row_inner][vc_column_inner width=&#8221;1\/2&#8243;][vc_column_text css=&#8221;.vc_custom_1601282488530{margin-bottom: 0px !important;}&#8221;]<iframe loading=\"lazy\" style=\"border: 0;\" src=\"https:\/\/www.google.com\/maps\/embed?pb=!1m18!1m12!1m3!1d2687.636026346146!2d5.972027415632136!3d47.652639379187775!2m3!1f0!2f0!3f0!3m2!1i1024!2i768!4f13.1!3m3!1m2!1s0x0%3A0x2f3b3be631a3bf0f!2sLocaboat%20Holidays%20Scey-Sur-Sa%C3%B4ne%20-%20Location%20bateau%20Sa%C3%B4ne%20%26%20Franche-Comt%C3%A9!5e0!3m2!1sfr!2sfr!4v1596105656102!5m2!1sfr!2sfr\" width=\"100%\" height=\"350\" frameborder=\"0\" allowfullscreen=\"allowfullscreen\"><\/iframe>[\/vc_column_text][\/vc_column_inner][vc_column_inner width=&#8221;1\/2&#8243;][vc_column_text css=&#8221;.vc_custom_1700580941605{margin-bottom: 0px !important;}&#8221;]<strong>Locaboat Holidays<\/strong><br \/>\nPort de Plaisance de Scey-sur-Sa\u00f4ne<br \/>\nChassey les Scey, FR 70360\u00a0<i class=\"icon-info-sign\"><\/i><\/p>\n<p><abbr title=\"Email\"><span class=\"base-msg-icon\">\u2709<\/span>:<\/abbr>\u00a0\u00a0scey-sur-saone@locaboat.com<br \/>\n<abbr title=\"Tel\">T:<\/abbr> + 33 (0) 3 84 68 88 80<br \/>\n<abbr title=\"GPS\">G:<\/abbr> N 47\u00b0 39&#8242; 8.78&#8243; &#8211; E 5\u00b0 58&#8242; 27.05&#8243;[\/vc_column_text][\/vc_column_inner][\/vc_row_inner][vc_row_inner][vc_column_inner][vc_column_text css=&#8221;.vc_custom_1737024018564{margin-bottom: 0px !important;}&#8221;]\n<table style=\"border: 0pt solid #0e84f0;\" border=\"0\" frame=\"vsides\" cellspacing=\"0\" cellpadding=\"5\" align=\"left\">\n<tbody>\n<tr>\n<td align=\"left\" valign=\"top\" width=\"450\"><strong><a class=\"anchor\" name=\"topic02\"><\/a>Starting out formalities:<\/strong><\/p>\n<p>Departure days between 2 and 6 pm.<\/p>\n<p>Return day between 8 and 9am.<\/td>\n<td align=\"left\" valign=\"top\" width=\"450\"><strong>Boarding:<\/strong><\/p>\n<p>As soon as the boat is ready.<\/td>\n<\/tr>\n<tr>\n<td align=\"left\" valign=\"top\" width=\"450\"><strong>On site:<\/strong><\/p>\n<p>WC and shower according to the opening hours of the base, picnic area, free WiFi for Locaboat clients (ask at the harbour office for the access code).<\/td>\n<td align=\"left\" valign=\"top\" width=\"450\"><\/td>\n<\/tr>\n<\/tbody>\n<\/table>\n[\/vc_column_text][\/vc_column_inner][\/vc_row_inner][\/vc_column][\/vc_row][\/vc_section][vc_section el_id=&#8221;how-to-get-base&#8221;][vc_row][vc_column][mk_fancy_title font_family=&#8221;none&#8221; el_class=&#8221;base_content_title&#8221;]How to get to the base[\/mk_fancy_title][\/vc_column][\/vc_row][vc_row][vc_column][vc_column_text css=&#8221;.vc_custom_1737024203655{margin-bottom: 0px !important;}&#8221;]\n<table style=\"border: 0pt solid #0e84f0;\" border=\"0\" frame=\"vsides\" cellspacing=\"0\" cellpadding=\"5\" align=\"left\">\n<tbody>\n<tr>\n<td align=\"left\" valign=\"top\" width=\"450\"><strong><a class=\"anchor\" name=\"topic02\"><\/a>Access:<\/strong><\/p>\n<ul>\n<li><strong>From west and south<\/strong>: A36 &#8211; E60 exit 4 Vesoul Besan\u00e7on Saint Claude, then N57 direction Vesoul then D1 direction Cussey and continue on D3 (50 km)<br \/>\n<strong>From the east<\/strong>: A36 &#8211; E60 exit 11 Vesoul H\u00e9ricourt, N1019 + D438 + N19, after Vesoul left on D23 towards Scey sur Sa\u00f4ne (83 km)<br \/>\n<strong>From the north<\/strong>: A31 &#8211; E21 exit 7 Vesoul, then N19 &#8211; E54 + D3 (70 km)<\/li>\n<li><a href=\"https:\/\/www.sncf-connect.com\/en-en\/\">Vesoul regional train station<\/a> (21 km)<\/li>\n<li><a href=\"https:\/\/www.euroairport.com\/en\">Basel-Mulhouse airport<\/a> (150 km)<\/li>\n<\/ul>\n<\/td>\n<td align=\"left\" valign=\"top\" width=\"450\"><strong>Car park:<\/strong><\/p>\n<ul>\n<li>Closed, unguarded : 42 \u20ac \/ week.<\/li>\n<\/ul>\n<\/td>\n<\/tr>\n<tr>\n<td align=\"left\" valign=\"top\" width=\"450\"><strong>Car hire:<\/strong><\/p>\n<ul>\n<li><a href=\"http:\/\/www.avis.com\" target=\"_blank\" rel=\"noopener nofollow noreferrer\">Avis<\/a> (Vesoul, 20 km) tel. : 03 84 76 18 48<\/li>\n<li><a href=\"http:\/\/www.europcar.com\" target=\"_blank\" rel=\"noopener nofollow noreferrer\">Europcar<\/a> (Vesoul, 20 km) tel. : 03 84 75 64 22<\/li>\n<li><a href=\"http:\/\/www.hertz.com\" target=\"_blank\" rel=\"noopener nofollow noreferrer\">Hertz<\/a> (Besan\u00e7on, 53 km) tel. : 03 81 41 99 29<\/li>\n<\/ul>\n<\/td>\n<td align=\"left\" valign=\"top\" width=\"450\"><strong>Taxi:<\/strong><\/p>\n<ul>\n<li>Soci\u00e9t\u00e9 V\u00e9sulienne de Taxis<br \/>\ntel. : 03 84 68 61 62 or 06 07 68 54 76<\/li>\n<\/ul>\n<\/td>\n<\/tr>\n<tr>\n<td align=\"left\" valign=\"top\" width=\"450\"><\/td>\n<td align=\"left\" valign=\"top\" width=\"450\"><\/td>\n<\/tr>\n<\/tbody>\n<\/table>\n[\/vc_column_text][\/vc_column][\/vc_row][\/vc_section][vc_section el_id=&#8221;base-tourist&#8221;][vc_row][vc_column][mk_fancy_title font_family=&#8221;none&#8221; el_class=&#8221;base_content_title&#8221;]Hotels, restaurants and shopping facilities on site[\/mk_fancy_title][\/vc_column][\/vc_row][vc_row][vc_column][vc_column_text css=&#8221;.vc_custom_1617895442379{margin-bottom: 0px !important;}&#8221;]\n<table style=\"border: 0pt solid #0e84f0;\" border=\"0\" frame=\"vsides\" cellspacing=\"0\" cellpadding=\"5\" align=\"left\">\n<tbody>\n<tr>\n<td align=\"left\" valign=\"top\" width=\"450\"><strong><a class=\"anchor\" name=\"topic03\"><\/a>Hotels:<\/strong><\/p>\n<ul>\n<li>H\u00f4tel du Balcon (Combeaufontaine, 8km)<br \/>\ntel.: 03 84 92 11 13 &#8211; Fax: 03 84 92 15 89<\/li>\n<\/ul>\n<\/td>\n<td align=\"left\" valign=\"top\" width=\"450\"><strong>Restaurants:<\/strong><\/p>\n<ul>\n<li>Du Chanois tel.: 03 84 68 86 75<\/li>\n<li>Des Deux Ports tel.: 03 84 92 76 14<\/li>\n<li>Du Balcon (Combeaufontaine, 8km)<br \/>\ntel.: 03 84 92 11 13<\/li>\n<li>La Pomme d&#8217;Or (Port sur sa\u00f4ne, 7 km)<br \/>\ntel.: 03 84 91 52 66<\/li>\n<li>Le ch\u00e2teau de Vauchoux*** (Vauchoux, 5 km)<br \/>\ntel.: 03 84 91 54 37 (reservation required)<\/li>\n<li><a href=\"http:\/\/www.chateau-de-rigny.com\" target=\"_blank\" rel=\"noopener nofollow noreferrer\">Le ch\u00e2teau de Rigny<\/a> (Rigny, 40 km)<br \/>\ntel.: 03 84 65 25 01 (reservation required)<\/li>\n<\/ul>\n<\/td>\n<\/tr>\n<tr>\n<td align=\"left\" valign=\"top\" width=\"450\"><\/td>\n<td align=\"left\" valign=\"top\" width=\"450\"><\/td>\n<\/tr>\n<tr>\n<td align=\"left\" valign=\"top\" width=\"450\"><strong>Shops:<\/strong><\/p>\n<ul>\n<li>In Scey-sur-Sa\u00f4ne closed Sunday afternoon.<\/li>\n<\/ul>\n<\/td>\n<td align=\"left\" valign=\"top\" width=\"450\"><strong>Markets:<\/strong><\/p>\n<ul>\n<li>In Vesoul (20 km) Thursday and Saturday mornings.<\/li>\n<\/ul>\n<\/td>\n<\/tr>\n<\/tbody>\n<\/table>\n[\/vc_column_text][\/vc_column][\/vc_row][\/vc_section][vc_section el_id=&#8221;base-tourist&#8221;][vc_row][vc_column][mk_fancy_title font_family=&#8221;none&#8221; el_class=&#8221;base_content_title&#8221;]Touristic Information[\/mk_fancy_title][\/vc_column][\/vc_row][vc_row][vc_column][vc_column_text css=&#8221;.vc_custom_1613493662304{margin-bottom: 0px !important;}&#8221;]\n<table style=\"border: 0pt solid #0e84f0;\" border=\"0\" frame=\"vsides\" cellspacing=\"0\" cellpadding=\"5\" align=\"left\">\n<tbody>\n<tr>\n<td align=\"left\" valign=\"top\" width=\"450\"><strong><a class=\"anchor\" name=\"topic04\"><\/a>Gastronomic specialities:<\/strong><\/p>\n<ul>\n<li>Rillettes comtoises (pork speciality), Pochouse (fish stew), Cancoillotte (cheese), Comt\u00e9 cheese, Griottines de Fougerolles (dessert), honey.<\/li>\n<\/ul>\n<\/td>\n<td align=\"left\" valign=\"top\" width=\"450\"><strong>Local drinks:<\/strong><\/p>\n<ul>\n<li>Wines from Champlitte, Charcenne and Jura, water from Contrex\u00e9ville and Vittel.<\/li>\n<\/ul>\n<\/td>\n<\/tr>\n<tr>\n<td align=\"left\" valign=\"top\" width=\"450\"><strong><strong>To see:<\/strong><\/strong><\/p>\n<ul>\n<li>Old houses, XVIII century church, fountains and wash houses, calvaires, Costume museum, The glassblowers of\u00a0Passavant la Roch\u00e8re, the tunnel at Saint Albin.<\/li>\n<\/ul>\n<\/td>\n<td align=\"left\" valign=\"top\" width=\"450\"><strong>Fishing:<\/strong><\/p>\n<p>Fishing licence on sale at the tourist office at Scey-sur-Sa\u00f4ne. Zander, pike, catfish, trout.<\/td>\n<\/tr>\n<tr>\n<td align=\"left\" valign=\"top\" width=\"450\"><strong>Tourist office:<\/strong><\/p>\n<ul>\n<li>In Vesoul (20 km)<br \/>\ntel.: 03 84 97 10 85 &#8211; Fax 03 84 97 10 84<\/li>\n<li>In Scey-sur-Sa\u00f4ne<br \/>\ntel.: 03 84 68 89 04<br \/>\n(fishing licences on sale)<\/li>\n<\/ul>\n<\/td>\n<td align=\"left\" valign=\"top\" width=\"450\"><strong>\u00a0<\/strong><\/td>\n<\/tr>\n<\/tbody>\n<\/table>\n[\/vc_column_text][\/vc_column][\/vc_row][\/vc_section][vc_section el_id=&#8221;base-waterways&#8221;][vc_row][vc_column][mk_fancy_title font_family=&#8221;none&#8221; el_class=&#8221;base_content_title&#8221;]Information on the waterways[\/mk_fancy_title][\/vc_column][\/vc_row][vc_row][vc_column][vc_column_text css=&#8221;.vc_custom_1737024348023{margin-bottom: 0px !important;}&#8221;]\n<table style=\"border: 0pt solid #0e84f0;\" border=\"0\" frame=\"vsides\" cellspacing=\"0\" cellpadding=\"5\" align=\"left\">\n<tbody>\n<tr>\n<td align=\"left\" valign=\"top\" width=\"800\"><strong><a class=\"anchor\" name=\"topic05\"><\/a>Waterways :<\/strong><\/td>\n<\/tr>\n<tr>\n<td align=\"left\" valign=\"top\" width=\"800\"><strong>Petite Sa\u00f4ne (between Corre and St. Symphorien):<\/strong> Automatic Locks (with lock keeper in the season) open 9 am to 12.30 pm and 1.30-7 pm, closed on 1st May and 1st November.<\/p>\n<p><strong>Canal des Vosges:<\/strong> Automatic locks, open 9am-7pm, closed on 1st May and 1st November. From Fontenoy manual locks with lock keeper.<br \/>\nOn the Sa\u00f4ne it is obligatory to wear life jackets when passing the big locks.<\/p>\n<p><strong>Grande Sa\u00f4ne<\/strong>: Locks open 9am-12.30pm and 1.30pm-7pm, arm warmers compulsory in large-gauge locks.<\/td>\n<\/tr>\n<\/tbody>\n<\/table>\n[\/vc_column_text][\/vc_column][\/vc_row][\/vc_section]\n<\/div>","protected":false},"excerpt":{"rendered":"<p>[vc_row][vc_column][vc_column_text css=&#8221;.vc_custom_1615986886677{margin-bottom: 0px !important;}&#8221;] Departure Base Discover all the useful information and advice related to your departure base.[\/vc_column_text][\/vc_column][\/vc_row][vc_row fullwidth=&#8221;true&#8221; fullwidth_content=&#8221;false&#8221;][vc_column][pen_departure_filter][\/vc_column][\/vc_row][vc_section el_id=&#8221;direction-formalities&#8221; css=&#8221;.vc_custom_1601285129565{border-radius: 2px !important;}&#8221;][vc_row css=&#8221;.vc_custom_1601283567019{border-radius: 2px !important;}&#8221;][vc_column][mk_fancy_title font_family=&#8221;none&#8221; el_class=&#8221;base_content_title&#8221;]Starting out formalities &amp; boarding[\/mk_fancy_title][\/vc_column][\/vc_row][vc_row][vc_column][vc_row_inner][vc_column_inner width=&#8221;1\/2&#8243;][vc_column_text css=&#8221;.vc_custom_1601282488530{margin-bottom: 0px !important;}&#8221;][\/vc_column_text][\/vc_column_inner][vc_column_inner width=&#8221;1\/2&#8243;][vc_column_text css=&#8221;.vc_custom_1700580941605{margin-bottom: 0px !important;}&#8221;]Locaboat Holidays Port de Plaisance de Scey-sur-Sa\u00f4ne Chassey les Scey, FR 70360\u00a0 \u2709:\u00a0\u00a0scey-sur-saone@locaboat.com T: + [&hellip;]<\/p>\n","protected":false},"author":4,"featured_media":178,"parent":346,"menu_order":0,"comment_status":"closed","ping_status":"closed","template":"template-departure-base.php","meta":{"footnotes":""},"class_list":["post-607","page","type-page","status-publish","has-post-thumbnail","hentry"],"yoast_head":"<!-- This site is optimized with the Yoast SEO plugin v25.5 - https:\/\/yoast.com\/wordpress\/plugins\/seo\/ -->\n<title>Scey-sur-Sa\u00f4ne -<\/title>\n<meta name=\"robots\" content=\"index, follow, max-snippet:-1, max-image-preview:large, max-video-preview:-1\" \/>\n<link rel=\"canonical\" href=\"https:\/\/www.penichette.com\/en\/departure-base\/france\/scey-sur-saone\/\" \/>\n<meta property=\"og:locale\" content=\"en_US\" \/>\n<meta property=\"og:type\" content=\"article\" \/>\n<meta property=\"og:title\" content=\"Scey-sur-Sa\u00f4ne -\" \/>\n<meta property=\"og:description\" content=\"[vc_row][vc_column][vc_column_text css=&#8221;.vc_custom_1615986886677{margin-bottom: 0px !important;}&#8221;] Departure Base Discover all the useful information and advice related to your departure base.[\/vc_column_text][\/vc_column][\/vc_row][vc_row fullwidth=&#8221;true&#8221; fullwidth_content=&#8221;false&#8221;][vc_column][pen_departure_filter][\/vc_column][\/vc_row][vc_section el_id=&#8221;direction-formalities&#8221; css=&#8221;.vc_custom_1601285129565{border-radius: 2px !important;}&#8221;][vc_row css=&#8221;.vc_custom_1601283567019{border-radius: 2px !important;}&#8221;][vc_column][mk_fancy_title font_family=&#8221;none&#8221; el_class=&#8221;base_content_title&#8221;]Starting out formalities &amp; boarding[\/mk_fancy_title][\/vc_column][\/vc_row][vc_row][vc_column][vc_row_inner][vc_column_inner width=&#8221;1\/2&#8243;][vc_column_text css=&#8221;.vc_custom_1601282488530{margin-bottom: 0px !important;}&#8221;][\/vc_column_text][\/vc_column_inner][vc_column_inner width=&#8221;1\/2&#8243;][vc_column_text css=&#8221;.vc_custom_1700580941605{margin-bottom: 0px !important;}&#8221;]Locaboat Holidays Port de Plaisance de Scey-sur-Sa\u00f4ne Chassey les Scey, FR 70360\u00a0 \u2709:\u00a0\u00a0scey-sur-saone@locaboat.com T: + [&hellip;]\" \/>\n<meta property=\"og:url\" content=\"https:\/\/www.penichette.com\/en\/departure-base\/france\/scey-sur-saone\/\" \/>\n<meta property=\"og:site_name\" content=\"Penichette.com\" \/>\n<meta property=\"article:modified_time\" content=\"2025-01-16T10:45:51+00:00\" \/>\n<meta property=\"og:image\" content=\"https:\/\/www.penichette.com\/wp-content\/uploads\/2014\/12\/photo-base-de-depart1.jpg\" \/>\n\t<meta property=\"og:image:width\" content=\"980\" \/>\n\t<meta property=\"og:image:height\" content=\"500\" \/>\n\t<meta property=\"og:image:type\" content=\"image\/jpeg\" \/>\n<meta name=\"twitter:card\" content=\"summary_large_image\" \/>\n<meta name=\"twitter:label1\" content=\"Est. reading time\" \/>\n\t<meta name=\"twitter:data1\" content=\"4 minutes\" \/>\n<script type=\"application\/ld+json\" class=\"yoast-schema-graph\">{\"@context\":\"https:\/\/schema.org\",\"@graph\":[{\"@type\":\"WebPage\",\"@id\":\"https:\/\/www.penichette.com\/en\/departure-base\/france\/scey-sur-saone\/\",\"url\":\"https:\/\/www.penichette.com\/en\/departure-base\/france\/scey-sur-saone\/\",\"name\":\"Scey-sur-Sa\u00f4ne -\",\"isPartOf\":{\"@id\":\"https:\/\/www.penichette.com\/#website\"},\"primaryImageOfPage\":{\"@id\":\"https:\/\/www.penichette.com\/en\/departure-base\/france\/scey-sur-saone\/#primaryimage\"},\"image\":{\"@id\":\"https:\/\/www.penichette.com\/en\/departure-base\/france\/scey-sur-saone\/#primaryimage\"},\"thumbnailUrl\":\"https:\/\/www.penichette.com\/wp-content\/uploads\/2014\/12\/photo-base-de-depart1.jpg\",\"datePublished\":\"2015-01-11T20:32:45+00:00\",\"dateModified\":\"2025-01-16T10:45:51+00:00\",\"breadcrumb\":{\"@id\":\"https:\/\/www.penichette.com\/en\/departure-base\/france\/scey-sur-saone\/#breadcrumb\"},\"inLanguage\":\"en-US\",\"potentialAction\":[{\"@type\":\"ReadAction\",\"target\":[\"https:\/\/www.penichette.com\/en\/departure-base\/france\/scey-sur-saone\/\"]}]},{\"@type\":\"ImageObject\",\"inLanguage\":\"en-US\",\"@id\":\"https:\/\/www.penichette.com\/en\/departure-base\/france\/scey-sur-saone\/#primaryimage\",\"url\":\"https:\/\/www.penichette.com\/wp-content\/uploads\/2014\/12\/photo-base-de-depart1.jpg\",\"contentUrl\":\"https:\/\/www.penichette.com\/wp-content\/uploads\/2014\/12\/photo-base-de-depart1.jpg\",\"width\":980,\"height\":500},{\"@type\":\"BreadcrumbList\",\"@id\":\"https:\/\/www.penichette.com\/en\/departure-base\/france\/scey-sur-saone\/#breadcrumb\",\"itemListElement\":[{\"@type\":\"ListItem\",\"position\":1,\"name\":\"Home\",\"item\":\"https:\/\/www.penichette.com\/en\/\"},{\"@type\":\"ListItem\",\"position\":2,\"name\":\"Departure base\",\"item\":\"https:\/\/www.penichette.com\/en\/departure-base\/\"},{\"@type\":\"ListItem\",\"position\":3,\"name\":\"France\",\"item\":\"https:\/\/www.penichette.com\/en\/departure-base\/france\/\"},{\"@type\":\"ListItem\",\"position\":4,\"name\":\"Scey-sur-Sa\u00f4ne\"}]},{\"@type\":\"WebSite\",\"@id\":\"https:\/\/www.penichette.com\/#website\",\"url\":\"https:\/\/www.penichette.com\/\",\"name\":\"Penichette.com\",\"description\":\"\",\"potentialAction\":[{\"@type\":\"SearchAction\",\"target\":{\"@type\":\"EntryPoint\",\"urlTemplate\":\"https:\/\/www.penichette.com\/?s={search_term_string}\"},\"query-input\":{\"@type\":\"PropertyValueSpecification\",\"valueRequired\":true,\"valueName\":\"search_term_string\"}}],\"inLanguage\":\"en-US\"}]}<\/script>\n<!-- \/ Yoast SEO plugin. -->","yoast_head_json":{"title":"Scey-sur-Sa\u00f4ne -","robots":{"index":"index","follow":"follow","max-snippet":"max-snippet:-1","max-image-preview":"max-image-preview:large","max-video-preview":"max-video-preview:-1"},"canonical":"https:\/\/www.penichette.com\/en\/departure-base\/france\/scey-sur-saone\/","og_locale":"en_US","og_type":"article","og_title":"Scey-sur-Sa\u00f4ne -","og_description":"[vc_row][vc_column][vc_column_text css=&#8221;.vc_custom_1615986886677{margin-bottom: 0px !important;}&#8221;] Departure Base Discover all the useful information and advice related to your departure base.[\/vc_column_text][\/vc_column][\/vc_row][vc_row fullwidth=&#8221;true&#8221; fullwidth_content=&#8221;false&#8221;][vc_column][pen_departure_filter][\/vc_column][\/vc_row][vc_section el_id=&#8221;direction-formalities&#8221; css=&#8221;.vc_custom_1601285129565{border-radius: 2px !important;}&#8221;][vc_row css=&#8221;.vc_custom_1601283567019{border-radius: 2px !important;}&#8221;][vc_column][mk_fancy_title font_family=&#8221;none&#8221; el_class=&#8221;base_content_title&#8221;]Starting out formalities &amp; boarding[\/mk_fancy_title][\/vc_column][\/vc_row][vc_row][vc_column][vc_row_inner][vc_column_inner width=&#8221;1\/2&#8243;][vc_column_text css=&#8221;.vc_custom_1601282488530{margin-bottom: 0px !important;}&#8221;][\/vc_column_text][\/vc_column_inner][vc_column_inner width=&#8221;1\/2&#8243;][vc_column_text css=&#8221;.vc_custom_1700580941605{margin-bottom: 0px !important;}&#8221;]Locaboat Holidays Port de Plaisance de Scey-sur-Sa\u00f4ne Chassey les Scey, FR 70360\u00a0 \u2709:\u00a0\u00a0scey-sur-saone@locaboat.com T: + [&hellip;]","og_url":"https:\/\/www.penichette.com\/en\/departure-base\/france\/scey-sur-saone\/","og_site_name":"Penichette.com","article_modified_time":"2025-01-16T10:45:51+00:00","og_image":[{"width":980,"height":500,"url":"https:\/\/www.penichette.com\/wp-content\/uploads\/2014\/12\/photo-base-de-depart1.jpg","type":"image\/jpeg"}],"twitter_card":"summary_large_image","twitter_misc":{"Est. reading time":"4 minutes"},"schema":{"@context":"https:\/\/schema.org","@graph":[{"@type":"WebPage","@id":"https:\/\/www.penichette.com\/en\/departure-base\/france\/scey-sur-saone\/","url":"https:\/\/www.penichette.com\/en\/departure-base\/france\/scey-sur-saone\/","name":"Scey-sur-Sa\u00f4ne -","isPartOf":{"@id":"https:\/\/www.penichette.com\/#website"},"primaryImageOfPage":{"@id":"https:\/\/www.penichette.com\/en\/departure-base\/france\/scey-sur-saone\/#primaryimage"},"image":{"@id":"https:\/\/www.penichette.com\/en\/departure-base\/france\/scey-sur-saone\/#primaryimage"},"thumbnailUrl":"https:\/\/www.penichette.com\/wp-content\/uploads\/2014\/12\/photo-base-de-depart1.jpg","datePublished":"2015-01-11T20:32:45+00:00","dateModified":"2025-01-16T10:45:51+00:00","breadcrumb":{"@id":"https:\/\/www.penichette.com\/en\/departure-base\/france\/scey-sur-saone\/#breadcrumb"},"inLanguage":"en-US","potentialAction":[{"@type":"ReadAction","target":["https:\/\/www.penichette.com\/en\/departure-base\/france\/scey-sur-saone\/"]}]},{"@type":"ImageObject","inLanguage":"en-US","@id":"https:\/\/www.penichette.com\/en\/departure-base\/france\/scey-sur-saone\/#primaryimage","url":"https:\/\/www.penichette.com\/wp-content\/uploads\/2014\/12\/photo-base-de-depart1.jpg","contentUrl":"https:\/\/www.penichette.com\/wp-content\/uploads\/2014\/12\/photo-base-de-depart1.jpg","width":980,"height":500},{"@type":"BreadcrumbList","@id":"https:\/\/www.penichette.com\/en\/departure-base\/france\/scey-sur-saone\/#breadcrumb","itemListElement":[{"@type":"ListItem","position":1,"name":"Home","item":"https:\/\/www.penichette.com\/en\/"},{"@type":"ListItem","position":2,"name":"Departure base","item":"https:\/\/www.penichette.com\/en\/departure-base\/"},{"@type":"ListItem","position":3,"name":"France","item":"https:\/\/www.penichette.com\/en\/departure-base\/france\/"},{"@type":"ListItem","position":4,"name":"Scey-sur-Sa\u00f4ne"}]},{"@type":"WebSite","@id":"https:\/\/www.penichette.com\/#website","url":"https:\/\/www.penichette.com\/","name":"Penichette.com","description":"","potentialAction":[{"@type":"SearchAction","target":{"@type":"EntryPoint","urlTemplate":"https:\/\/www.penichette.com\/?s={search_term_string}"},"query-input":{"@type":"PropertyValueSpecification","valueRequired":true,"valueName":"search_term_string"}}],"inLanguage":"en-US"}]}},"_links":{"self":[{"href":"https:\/\/www.penichette.com\/en\/wp-json\/wp\/v2\/pages\/607","targetHints":{"allow":["GET"]}}],"collection":[{"href":"https:\/\/www.penichette.com\/en\/wp-json\/wp\/v2\/pages"}],"about":[{"href":"https:\/\/www.penichette.com\/en\/wp-json\/wp\/v2\/types\/page"}],"author":[{"embeddable":true,"href":"https:\/\/www.penichette.com\/en\/wp-json\/wp\/v2\/users\/4"}],"replies":[{"embeddable":true,"href":"https:\/\/www.penichette.com\/en\/wp-json\/wp\/v2\/comments?post=607"}],"version-history":[{"count":18,"href":"https:\/\/www.penichette.com\/en\/wp-json\/wp\/v2\/pages\/607\/revisions"}],"predecessor-version":[{"id":7067,"href":"https:\/\/www.penichette.com\/en\/wp-json\/wp\/v2\/pages\/607\/revisions\/7067"}],"up":[{"embeddable":true,"href":"https:\/\/www.penichette.com\/en\/wp-json\/wp\/v2\/pages\/346"}],"wp:featuredmedia":[{"embeddable":true,"href":"https:\/\/www.penichette.com\/en\/wp-json\/wp\/v2\/media\/178"}],"wp:attachment":[{"href":"https:\/\/www.penichette.com\/en\/wp-json\/wp\/v2\/media?parent=607"}],"curies":[{"name":"wp","href":"https:\/\/api.w.org\/{rel}","templated":true}]}}